{"id":5070,"date":"2023-04-22T20:31:02","date_gmt":"2023-04-22T19:31:02","guid":{"rendered":"http:\/\/www.univ-oeb.dz\/fsesnv\/?page_id=5070"},"modified":"2023-04-27T09:44:32","modified_gmt":"2023-04-27T08:44:32","slug":"curriculum-vitae-ahlem-nasri","status":"publish","type":"page","link":"https:\/\/www.univ-oeb.dz\/fsesnv\/curriculum-vitae-ahlem-nasri\/","title":{"rendered":"Curriculum Vitae AHLEM NASRI"},"content":{"rendered":"\n<div class=\"wp-block-media-text is-stacked-on-mobile\" style=\"grid-template-columns:24% auto\"><figure class=\"wp-block-media-text__media\"><img fetchpriority=\"high\" decoding=\"async\" width=\"219\" height=\"230\" src=\"https:\/\/www.univ-oeb.dz\/fsesnv\/wp-content\/uploads\/2023\/03\/images.png\" alt=\"\" class=\"wp-image-4237 size-full\"\/><\/figure><div class=\"wp-block-media-text__content\">\n<p class=\"has-text-align-left\">Prof. AHLEM NASRI<\/p>\n\n\n\n<p class=\"has-text-align-left\">Professor,&nbsp; University of Oum El Bouaghi, Algeria.<\/p>\n\n\n\n<p class=\"has-text-align-left\">E-mail: <a href=\"mailto:nasri.ahlem@univ-oeb.dz\">nasri.ahlem@univ-oeb.dz<\/a><\/p>\n\n\n\n<p class=\"has-text-align-left\">Mobile: (+213)783 801682<\/p>\n\n\n\n<p class=\"has-text-align-left\">grade<\/p>\n<\/div><\/div>\n\n\n\n<p class=\"has-text-align-center has-very-light-gray-to-cyan-bluish-gray-gradient-background has-background\"><strong>Researcher identity<\/strong><\/p>\n\n\n\n<p class=\"has-text-align-left\">Google Scholar: <a href=\"https:\/\/scholar.google.com\/citations?hl=fr&amp;user=ga-PgL8AAAAJ&amp;view_op=list_works&amp;gmla=AJsNF6gJAIDRCPUTyP3caMrTCwZ6lXNJas67FvzJgFI7rZAm0JyxldgDAs6eeimjG_L88wO0ZRM6JUPYxTOtvJIOka5G29_nG6bBRNyhpQfsVEaqQGmtpv1fUjfUDUw1kWGZqeIxdu8\" data-type=\"URL\" data-id=\"https:\/\/scholar.google.com\/citations?hl=fr&amp;user=ga-PgL8AAAAJ&amp;view_op=list_works&amp;gmla=AJsNF6gJAIDRCPUTyP3caMrTCwZ6lXNJas67FvzJgFI7rZAm0JyxldgDAs6eeimjG_L88wO0ZRM6JUPYxTOtvJIOka5G29_nG6bBRNyhpQfsVEaqQGmtpv1fUjfUDUw1kWGZqeIxdu8\">link<\/a><\/p>\n\n\n\n<p class=\"has-text-align-left\">ReaserchGate: <a href=\"https:\/\/www.researchgate.net\/profile\/Ahlem-Nasri-2\" data-type=\"URL\" data-id=\"https:\/\/www.researchgate.net\/profile\/Ahlem-Nasri-2\">link<\/a><\/p>\n\n\n\n<p class=\"has-text-align-center has-very-light-gray-to-cyan-bluish-gray-gradient-background has-background\">Education<\/p>\n\n\n\n<p class=\"has-text-align-left\"><strong>Ph.D.&rsquo;s degree<\/strong> in &nbsp;University of Oum El Bouaghi, 2018<\/p>\n\n\n\n<p class=\"has-text-align-left\">&nbsp;<strong>Master&rsquo;s degree<\/strong> in University of Oum El Bouaghi,2011<\/p>\n\n\n\n<p class=\"has-text-align-left\"><strong>License&rsquo;s degree<\/strong> in University of Oum El Bouaghi,2009<\/p>\n\n\n\n<p class=\"has-text-align-left has-very-light-gray-to-cyan-bluish-gray-gradient-background has-background\">Functions and Affiliations<\/p>\n\n\n\n<p class=\"has-text-align-left\"><strong>Professor, <\/strong>University of Larbi Ben M\u2019Hidi Oum El Bouaghui , Algeria , Since Nov 2022.<\/p>\n\n\n\n<p class=\"has-text-align-left\"><strong>Research Scientist<\/strong>, Research Laboratory on Computer Science\u2019s Complex Systems, 2022.<strong><\/strong><\/p>\n\n\n\n<p class=\"has-text-align-left\"><strong>Professor, <\/strong>University of Saad Dahlab Blida 1, Algeria, From 2018 to Nov 2022<\/p>\n\n\n\n<p class=\"has-text-align-left\"><strong>Assistant professor,<\/strong> University of Saad Dahlab Blida 1,&nbsp; 2018.<\/p>\n\n\n\n<p class=\"has-text-align-center has-very-light-gray-to-cyan-bluish-gray-gradient-background has-background\">Teaching modules<\/p>\n\n\n\n<p class=\"has-text-align-left\">&#8211; Syst\u00e8me d\u2019information ( in University of Blida)<\/p>\n\n\n\n<p class=\"has-text-align-left\">&#8211; Syst\u00e8me d\u2019exploitation 1 ( in University of Blida)<\/p>\n\n\n\n<p class=\"has-text-align-left\">&#8211; Structure des donn\u00e9es et algorithme ( in University of Blida)<\/p>\n\n\n\n<p class=\"has-text-align-left\">&#8211; R\u00e9seaux ( L2) ( in University of Blida)<\/p>\n\n\n\n<p class=\"has-text-align-left\">&#8211; R\u00e9seaux ( M1) ( in University of Blida)<\/p>\n\n\n\n<p class=\"has-text-align-left\">&#8211; Administration des syst\u00e8mes d\u2019information ( in University of Blida)<\/p>\n\n\n\n<p class=\"has-text-align-left\">&#8211; Base des donn\u00e9es ( in University of Oum El Bouaghui)<\/p>\n\n\n\n<p class=\"has-text-align-center has-very-light-gray-to-cyan-bluish-gray-gradient-background has-background\">International publications<\/p>\n\n\n\n<p class=\"has-text-align-left\"><strong>Nasri, Ahlem&nbsp;and Abdelhabib Bourouis<br><\/strong>A Model Driven Engineering Approach to Reduce Large Queueing Networks<br>Journal of Information Technology Research (JITR) 10 (2017): 2, accessed (March 09, 2017),<br>DOI:10.4018\/JITR.2017040101<br>ISSN: 1938-7857<br>EISSN: 1938-7865<br>Publisher:&nbsp;<a href=\"http:\/\/www.igi-global.com\/affiliate\/informationresources-managementassociation\/196958\" target=\"_blank\" rel=\"noreferrer noopener\">IGIGlobal, Information Resources Management Association (IRMA).<\/a><br>URL:&nbsp;<a href=\"http:\/\/www.igi-global.com\/article\/a-model-driven-engineering-approach-to-reduce-large-queueing-networks\/178571\" target=\"_blank\" rel=\"noreferrer noopener\">http:\/\/www.igi-global.com\/article\/a-model-driven-engineering-approach-to-reduce-large-queueing-networks\/178571<\/a><\/p>\n\n\n\n<p class=\"has-text-align-left\"><strong>Ahlem Nasri, Abdelhabib Bourouis&nbsp;and&nbsp;Brahim Belattar<br><\/strong>Mastering large queueing networks models by reduction approach.<br>The first International Conference on Computer Science&rsquo;s Complex Systems and their Applications (ICCSA&rsquo;2016), pp:&#8230;-&#8230;.<br>April 12-14, 2016, Oum El Bouaghi, Algeria.<br>URL:&nbsp;<a href=\"http:\/\/www.univ-oeb.dz\/relacs\/abstractsICCSA16.html#5\" target=\"_blank\" rel=\"noreferrer noopener\">http:\/\/www.univ-oeb.dz\/relacs\/abstractsICCSA16.html#5<\/a><\/p>\n\n\n\n<p class=\"has-text-align-left\"><strong>Ahlem Nasri, Abdelhabib Bourouis&nbsp;and&nbsp;Brahim Belattar<br><\/strong>Applying the reduction approach to EQNM2L large models.<br>2016 International Conference on Information Technology for Organizations Development (IT4OD), pp:1-6.<br>March 30 2016-April 1 2016, Fez, Morocco.<br>DOI: 10.1109\/IT4OD.2016.7479303.<br>Publisher: IEEE.<br>URL:&nbsp;<a href=\"http:\/\/ieeexplore.ieee.org\/xpl\/login.jsp?tp=&amp;arnumber=7479303&amp;url=http%3A%2F%2Fieeexplore.ieee.org%2Fxpls%2Fabs_all.jsp%3Farnumber%3D7479303\" target=\"_blank\" rel=\"noreferrer noopener\">http:\/\/ieeexplore.ieee.org\/xpl\/login.jsp?tp=&amp;arnumber=7479303&amp;url=http%3A%2F%2Fieeexplore.ieee.org%2Fxpls%2Fabs_all.jsp%3Farnumber%3D7479303<\/a><\/p>\n\n\n\n<p class=\"has-text-align-left\"><strong>Ahlem Nasri, Brahim Belattar and Abdelhabib Bourouis<\/strong>&nbsp;&nbsp; &nbsp;&nbsp; &nbsp;&nbsp; &nbsp;&nbsp; &nbsp;&nbsp; &nbsp;&nbsp; &nbsp;&nbsp; &nbsp;&nbsp; &nbsp;&nbsp;&nbsp;&nbsp;&nbsp;(Poster)<br>La d\u00e9tection de la phase d\u2019\u00e9quilibre dans une simulation \u00e0 \u00e9v\u00e9nements discrets : Mise en \u0153uvre utilisant la biblioth\u00e8que JAPROSIM<br>International Conference on Advanced Communication and Information Systems (ICACIS 2012), December 12-13, 2012,&nbsp;&nbsp; Batna, Algeria<br>URL:&nbsp;<a href=\"http:\/\/www2.univ-oeb.dz\/relacs\/ICACIS12Poster.pdf\" target=\"_blank\" rel=\"noreferrer noopener\">t\u00e9l\u00e9charger<\/a><br>URL:&nbsp;<a href=\"http:\/\/wikicfp.com\/cfp\/servlet\/event.showcfp?eventid=25383&amp;copyownerid=41801\" target=\"_blank\" rel=\"noreferrer noopener\">http:\/\/wikicfp.com\/cfp\/servlet\/event.showcfp?eventid=25383&amp;copyownerid=41801<\/a><br>URL:&nbsp;<a href=\"http:\/\/fac-sciences.univ-batna.dz\/cs\/icacis12\/images\/icacis2012%20program.pdf\" target=\"_blank\" rel=\"noreferrer noopener\">http:\/\/fac-sciences.univ-batna.dz\/cs\/icacis12\/images\/icacis2012%20program.pdf<\/a><\/p>\n\n\n\n<p class=\"has-text-align-center has-very-light-gray-to-cyan-bluish-gray-gradient-background has-background\">Interests and Qualifications<\/p>\n\n\n\n<p class=\"has-text-align-left\"><strong>Interests: <\/strong>Modelling\/Simulating, Cyber-security, Artificial Intelligence, Deep learning.<\/p>\n\n\n\n<p class=\"has-text-align-left\"><strong>Qualifications: <\/strong><strong><\/strong><\/p>\n\n\n\n<p class=\"has-text-align-left\">Strong teaching, research, and leadership skills<\/p>\n\n\n\n<p class=\"has-text-align-left\">Excellent written and oral communication skills<\/p>\n\n\n\n<p class=\"has-text-align-left\">Knowledge of programming languages such as Java, Python, and C++<\/p>\n\n\n\n<p class=\"has-text-align-left\">Experience with software engineering methodologies and tools<\/p>\n\n\n\n<p class=\"has-text-align-left\">Strong problem-solving and analytical skills<\/p>\n\n\n\n<figure class=\"wp-block-pullquote has-white-color has-text-color\"><blockquote><p>pdf version: <a href=\"https:\/\/www.univ-oeb.dz\/fsesnv\/wp-content\/uploads\/2023\/04\/Ahlem-Nasri.pdf\">Ahlem Nasri<\/a><br>Scopus: <a href=\"https:\/\/www.scopus.com\/authid\/detail.uri?authorId=57190164000\" data-type=\"URL\" data-id=\"https:\/\/www.scopus.com\/authid\/detail.uri?authorId=57190164000\">ahlem nasri<\/a><\/p><\/blockquote><\/figure>\n","protected":false},"excerpt":{"rendered":"<p>Prof. AHLEM NASRI Professor,&nbsp; University of Oum El Bouaghi, Algeria. E-mail: nasri.ahlem@univ-oeb.dz Mobile: (+213)783 801682 grade Researcher identity Google Scholar: link ReaserchGate: link Education Ph.D.&rsquo;s degree in &nbsp;University of Oum El Bouaghi, 2018 &nbsp;Master&rsquo;s degree in University of Oum El Bouaghi,2011 License&rsquo;s degree in University of Oum El Bouaghi,2009 Functions and Affiliations Professor, University of &hellip;<\/p>\n","protected":false},"author":1,"featured_media":0,"parent":0,"menu_order":0,"comment_status":"closed","ping_status":"closed","template":"","meta":{"footnotes":""},"class_list":["post-5070","page","type-page","status-publish","hentry"],"_links":{"self":[{"href":"https:\/\/www.univ-oeb.dz\/fsesnv\/wp-json\/wp\/v2\/pages\/5070","targetHints":{"allow":["GET"]}}],"collection":[{"href":"https:\/\/www.univ-oeb.dz\/fsesnv\/wp-json\/wp\/v2\/pages"}],"about":[{"href":"https:\/\/www.univ-oeb.dz\/fsesnv\/wp-json\/wp\/v2\/types\/page"}],"author":[{"embeddable":true,"href":"https:\/\/www.univ-oeb.dz\/fsesnv\/wp-json\/wp\/v2\/users\/1"}],"replies":[{"embeddable":true,"href":"https:\/\/www.univ-oeb.dz\/fsesnv\/wp-json\/wp\/v2\/comments?post=5070"}],"version-history":[{"count":0,"href":"https:\/\/www.univ-oeb.dz\/fsesnv\/wp-json\/wp\/v2\/pages\/5070\/revisions"}],"wp:attachment":[{"href":"https:\/\/www.univ-oeb.dz\/fsesnv\/wp-json\/wp\/v2\/media?parent=5070"}],"curies":[{"name":"wp","href":"https:\/\/api.w.org\/{rel}","templated":true}]}}