{"id":4967,"date":"2023-04-21T20:35:37","date_gmt":"2023-04-21T19:35:37","guid":{"rendered":"http:\/\/www.univ-oeb.dz\/fsesnv\/?page_id=4967"},"modified":"2023-04-21T20:35:37","modified_gmt":"2023-04-21T19:35:37","slug":"curriculum-vitae-khennouchi-nour-chems-el-houda","status":"publish","type":"page","link":"https:\/\/www.univ-oeb.dz\/fsesnv\/curriculum-vitae-khennouchi-nour-chems-el-houda\/","title":{"rendered":"Curriculum Vitae KHENNOUCHI Nour Chems EL Houda"},"content":{"rendered":"\n<div class=\"wp-block-media-text is-stacked-on-mobile\" style=\"grid-template-columns:24% auto\"><figure class=\"wp-block-media-text__media\"><img fetchpriority=\"high\" decoding=\"async\" width=\"219\" height=\"230\" src=\"https:\/\/www.univ-oeb.dz\/fsesnv\/wp-content\/uploads\/2023\/03\/images.png\" alt=\"\" class=\"wp-image-4237 size-full\"\/><\/figure><div class=\"wp-block-media-text__content\">\n<p class=\"has-text-align-left\">Prof. &nbsp;KHENNOUCHI sp BOULEBTATECHE Nour Chems EL Houda.<\/p>\n\n\n\n<p class=\"has-text-align-left\">Professor, Department of Biology (NLS), University of Oum El Bouaghi, Algeria.<\/p>\n\n\n\n<p class=\"has-text-align-left\">E-mail: <a href=\"mailto:khe.nour@yahoo.com\">khe.nour@yahoo.com<\/a><\/p>\n\n\n\n<p class=\"has-text-align-left\">Mobile: 06.58.89.17.29<\/p>\n\n\n\n<p class=\"has-text-align-left\">Grade<\/p>\n<\/div><\/div>\n\n\n\n<p class=\"has-text-align-center has-very-light-gray-to-cyan-bluish-gray-gradient-background has-background\"><strong>Researcher identity<\/strong><\/p>\n\n\n\n<p class=\"has-text-align-left\">Google Scholar: <a href=\"https:\/\/scholar.google.com\/citations?hl=fr&amp;user=Cunn0s8AAAAJ\" data-type=\"URL\" data-id=\"https:\/\/scholar.google.com\/citations?hl=fr&amp;user=Cunn0s8AAAAJ\">link<\/a><\/p>\n\n\n\n<p class=\"has-text-align-left\">ReaserchGate: <a href=\"https:\/\/www.researchgate.net\/profile\/Nour-Chems-El-Houda-Khennouchi\" data-type=\"URL\" data-id=\"https:\/\/www.researchgate.net\/profile\/Nour-Chems-El-Houda-Khennouchi\">link<\/a><\/p>\n\n\n\n<p class=\"has-text-align-left\">ORCID: <a href=\"http:\/\/orcid.org\/0000-0003-2603-333X\" data-type=\"URL\" data-id=\"http:\/\/orcid.org\/0000-0003-2603-333X\">link<\/a><\/p>\n\n\n\n<p class=\"has-text-align-center has-very-light-gray-to-cyan-bluish-gray-gradient-background has-background\">Education<\/p>\n\n\n\n<p class=\"has-text-align-left\"><strong>Ph.D.&rsquo;s degree<\/strong> in Applied Microbiology.<\/p>\n\n\n\n<p class=\"has-text-align-left\"><strong>Master&rsquo;s degree<\/strong> in Molecular and Cellular Biology (Medical Microbiology).<\/p>\n\n\n\n<p class=\"has-text-align-left\"><strong>License&rsquo;s degree<\/strong> in Microbiology.<\/p>\n\n\n\n<p class=\"has-text-align-center has-very-light-gray-to-cyan-bluish-gray-gradient-background has-background\">Functions and Affiliations<\/p>\n\n\n\n<p class=\"has-text-align-left\">Laboratory of Biotechnology of natural substances and applications, University of Oum El Bouaghi, Algeria.<\/p>\n\n\n\n<p class=\"has-text-align-center has-very-light-gray-to-cyan-bluish-gray-gradient-background has-background\">Teaching modules<\/p>\n\n\n\n<p class=\"has-text-align-left\">Lecture des TP microbiologiques (Cours).<\/p>\n\n\n\n<p class=\"has-text-align-left\">Techniques de microbiologie g\u00e9n\u00e9rale (Cours).<\/p>\n\n\n\n<p class=\"has-text-align-left\">Biologie mol\u00e9culaire et g\u00e9ni-g\u00e9n\u00e9tique&nbsp; (TD).<\/p>\n\n\n\n<p class=\"has-text-align-left\">Microbiologie (TD).<\/p>\n\n\n\n<p class=\"has-text-align-left\">Microbiologie industrielle (TP).<\/p>\n\n\n\n<p class=\"has-text-align-left\">Microbiologie alimentaire(TP).<\/p>\n\n\n\n<p class=\"has-text-align-left\">Interactions microbiennes(TP).<\/p>\n\n\n\n<p class=\"has-text-align-left\">Techniques de microbiologie g\u00e9n\u00e9rale(TP).<\/p>\n\n\n\n<p class=\"has-text-align-left\">Syst\u00e9matique bact\u00e9rienne(TP).<\/p>\n\n\n\n<p class=\"has-text-align-left\">Plasticit\u00e9 du g\u00e9nome microbien(TP).<\/p>\n\n\n\n<p class=\"has-text-align-left\">G\u00e9ni-g\u00e9n\u00e9tique(TP).<\/p>\n\n\n\n<p class=\"has-text-align-center has-very-light-gray-to-cyan-bluish-gray-gradient-background has-background\">International publications<\/p>\n\n\n\n<p class=\"has-text-align-left\"><strong>Khennouchi NCH<\/strong>, Loucif L, Boutefnouchet N, Allag H, Rolain JM. MALDI-TOF MS as a Tool To Detect a Nosocomial Outbreak of Extended-Spectrum-\u03b2-Lactamase- and ArmA Methyltransferase-Producing Enterobacter cloacae Clinical Isolates in Algeria. Antimicrob Agents Chemother. 2015 Oct;59(10):6477-83. doi: 10.1128\/AAC.00615-15. Epub 2015 Aug 3. PMID: 26239991; PMCID: PMC4576089.<\/p>\n\n\n\n<p class=\"has-text-align-left\">Boudjemaa H, Allem R, Mbogning Fonkou MD, Zouagui S, <strong>Khennouchi NCH<\/strong>, Kerkoud M. Molecular drivers of emerging multidrug resistance n <em>Proteus<\/em> <em>mirabilis<\/em> clinical isolates from Algeria. (Feb 2019). Global Antimicrobial Resisistance. 2019 Sep;18:249-256. doi:&nbsp;<a href=\"https:\/\/doi.org\/10.1016\/j.jgar.2019.01.030\" target=\"_blank\" rel=\"noreferrer noopener\">10.1016\/j.jgar.2019.01.030<\/a>. Epub 2019 Feb 21.PMID:&nbsp;<a href=\"https:\/\/pubmed.ncbi.nlm.nih.gov\/30797091\" target=\"_blank\" rel=\"noreferrer noopener\">30797091<\/a><\/p>\n\n\n\n<p class=\"has-text-align-left\">Rahmani&nbsp;A, Meradi&nbsp;L, <strong>Khennouchi NCH<\/strong>. Antimicrobial drug resistance of Escherichia coli strains isolated from urinary tract infection and raw beef meat in Oum El Bouaghi city of Algeria. South Asian Journal of Experimental Biology. 2021 Apr; 11(2): doi:&nbsp;<a href=\"https:\/\/doi.org\/10.38150\/sajeb.11(2).p145-153\" target=\"_blank\" rel=\"noreferrer noopener\">10.38150\/sajeb.11(2).p145-153<\/a>. <em>Part of<\/em>&nbsp;ISSN:&nbsp;<a href=\"https:\/\/portal.issn.org\/resource\/ISSN\/2230-9799\" target=\"_blank\" rel=\"noreferrer noopener\">2230-9799<\/a><\/p>\n\n\n\n<p class=\"has-text-align-center has-very-light-gray-to-cyan-bluish-gray-gradient-background has-background\">Interests and Qualifications<\/p>\n\n\n\n<p class=\"has-text-align-left\"><strong>Interests: <\/strong>Medical Microbiology, Antibiotic resistance,<\/p>\n\n\n\n<p class=\"has-text-align-left\"><strong>Qualifications: <\/strong>Molecular Biology, (ABI sequencing, PCR\u2026..), Viral cell-culture, Bioinformatics software\u2019s<\/p>\n\n\n\n<p class=\"has-text-align-left\"><strong>Other: <\/strong>Literary and scientific reading<\/p>\n\n\n\n\n\n<figure class=\"wp-block-pullquote has-white-color has-text-color\"><blockquote><p>PDF version: <a href=\"https:\/\/www.univ-oeb.dz\/fsesnv\/wp-content\/uploads\/2023\/04\/Short-CV-Khennouchi.pdf\">Short CV Khennouchi<\/a><br>Scopus: <a href=\"https:\/\/www.scopus.com\/authid\/detail.uri?authorId=57194643098\" data-type=\"URL\" data-id=\"https:\/\/www.scopus.com\/authid\/detail.uri?authorId=57194643098\">khennouchi NCH<\/a><\/p><\/blockquote><\/figure>\n","protected":false},"excerpt":{"rendered":"<p>Prof. &nbsp;KHENNOUCHI sp BOULEBTATECHE Nour Chems EL Houda. Professor, Department of Biology (NLS), University of Oum El Bouaghi, Algeria. E-mail: khe.nour@yahoo.com Mobile: 06.58.89.17.29 Grade Researcher identity Google Scholar: link ReaserchGate: link ORCID: link Education Ph.D.&rsquo;s degree in Applied Microbiology. Master&rsquo;s degree in Molecular and Cellular Biology (Medical Microbiology). License&rsquo;s degree in Microbiology. Functions and Affiliations &hellip;<\/p>\n","protected":false},"author":1,"featured_media":0,"parent":0,"menu_order":0,"comment_status":"closed","ping_status":"closed","template":"","meta":{"footnotes":""},"class_list":["post-4967","page","type-page","status-publish","hentry"],"_links":{"self":[{"href":"https:\/\/www.univ-oeb.dz\/fsesnv\/wp-json\/wp\/v2\/pages\/4967","targetHints":{"allow":["GET"]}}],"collection":[{"href":"https:\/\/www.univ-oeb.dz\/fsesnv\/wp-json\/wp\/v2\/pages"}],"about":[{"href":"https:\/\/www.univ-oeb.dz\/fsesnv\/wp-json\/wp\/v2\/types\/page"}],"author":[{"embeddable":true,"href":"https:\/\/www.univ-oeb.dz\/fsesnv\/wp-json\/wp\/v2\/users\/1"}],"replies":[{"embeddable":true,"href":"https:\/\/www.univ-oeb.dz\/fsesnv\/wp-json\/wp\/v2\/comments?post=4967"}],"version-history":[{"count":0,"href":"https:\/\/www.univ-oeb.dz\/fsesnv\/wp-json\/wp\/v2\/pages\/4967\/revisions"}],"wp:attachment":[{"href":"https:\/\/www.univ-oeb.dz\/fsesnv\/wp-json\/wp\/v2\/media?parent=4967"}],"curies":[{"name":"wp","href":"https:\/\/api.w.org\/{rel}","templated":true}]}}