{"id":4906,"date":"2023-04-21T18:39:45","date_gmt":"2023-04-21T17:39:45","guid":{"rendered":"http:\/\/www.univ-oeb.dz\/fsesnv\/?page_id=4906"},"modified":"2023-04-21T18:39:46","modified_gmt":"2023-04-21T17:39:46","slug":"curriculum-vitae-senoussi-mohamed-mourad","status":"publish","type":"page","link":"https:\/\/www.univ-oeb.dz\/fsesnv\/curriculum-vitae-senoussi-mohamed-mourad\/","title":{"rendered":"Curriculum Vitae Senoussi Mohamed Mourad"},"content":{"rendered":"\n<div class=\"wp-block-media-text is-stacked-on-mobile\" style=\"grid-template-columns:24% auto\"><figure class=\"wp-block-media-text__media\"><img decoding=\"async\" width=\"94\" height=\"139\" src=\"https:\/\/www.univ-oeb.dz\/fsesnv\/wp-content\/uploads\/2023\/04\/Image1-1.jpg\" alt=\"\" class=\"wp-image-4907 size-full\"\/><\/figure><div class=\"wp-block-media-text__content\">\n<p class=\"has-text-align-left\">Prof. Senoussi Mohamed Mourad<\/p>\n\n\n\n<p class=\"has-text-align-left\">Professor: &nbsp;University of Oum El Bouaghi, Algeria.<\/p>\n\n\n\n<p class=\"has-text-align-left\">E-mail: senoussi1@yahoo.fr<\/p>\n\n\n\n<p class=\"has-text-align-left\">Mobile: 0771988577<\/p>\n\n\n\n<p class=\"has-text-align-left\">Grade<\/p>\n<\/div><\/div>\n\n\n\n<p class=\"has-text-align-center has-very-light-gray-to-cyan-bluish-gray-gradient-background has-background\"><strong>Researcher identity<\/strong><\/p>\n\n\n\n<p class=\"has-text-align-left\">Google Scholar: <a href=\"https:\/\/scholar.google.com\/citations?user=ISEKNBEAAAAJ&amp;hl=fr\" data-type=\"URL\" data-id=\"https:\/\/scholar.google.com\/citations?user=ISEKNBEAAAAJ&amp;hl=fr\">Link<\/a><\/p>\n\n\n\n<p class=\"has-text-align-left\">ReaserchGate: <a href=\"https:\/\/www.researchgate.net\/scientific-contributions\/Senoussi-Mohammed-Mourad-2239370030\" data-type=\"URL\" data-id=\"https:\/\/www.researchgate.net\/scientific-contributions\/Senoussi-Mohammed-Mourad-2239370030\">Link<\/a><\/p>\n\n\n\n<p class=\"has-text-align-left\">ORCID: <a href=\"https:\/\/orcid.org\/0000-0003-2011-1384\" data-type=\"URL\" data-id=\"https:\/\/orcid.org\/0000-0003-2011-1384\">Link<\/a><\/p>\n\n\n\n<p class=\"has-text-align-left\">webofscience: <a href=\"https:\/\/www.webofscience.com\/wos\/author\/record\/HIU-0219-2022\" data-type=\"URL\" data-id=\"https:\/\/www.webofscience.com\/wos\/author\/record\/HIU-0219-2022\">Link<\/a><\/p>\n\n\n\n<p class=\"has-text-align-center has-very-light-gray-to-cyan-bluish-gray-gradient-background has-background\">Education<\/p>\n\n\n\n<p class=\"has-text-align-left\"><strong>Ph.D.&rsquo;s degree<\/strong> in: Plant physiology and Biotechnology<\/p>\n\n\n\n<p class=\"has-text-align-left\">&nbsp;<strong>Master&rsquo;s degree<\/strong> in; Plant physiology<\/p>\n\n\n\n<p class=\"has-text-align-left\"><strong>License&rsquo;s degree<\/strong> in: Natural science<\/p>\n\n\n\n<p class=\"has-text-align-center has-very-light-gray-to-cyan-bluish-gray-gradient-background has-background\">Functions and Affiliations<\/p>\n\n\n\n<p class=\"has-text-align-left\"><strong>Professor, Professor<\/strong><\/p>\n\n\n\n<p class=\"has-text-align-center has-very-light-gray-to-cyan-bluish-gray-gradient-background has-background\">Teaching modules<\/p>\n\n\n\n<p class=\"has-text-align-left\">Plant physiology- Plant Biotechnology- Plant physiology- Botanic<\/p>\n\n\n\n<p class=\"has-text-align-center has-very-light-gray-to-cyan-bluish-gray-gradient-background has-background\">International publications<\/p>\n\n\n\n<p class=\"has-text-align-left\">Soumia Boutarfa , <strong>Mohammed Mourad Senoussi<\/strong>, Daniel Gonzalez-Silvera, Jos\u00e9 \u00c1ngel L\u00f3pez-Jim\u00e9nez and Marina Aboal, (2022) Fatty acids profile of Mastigocladus laminosus Cohn ex Kichner isolated from Algerian hot springs as a biofuel \u00a0feed stock Biocatalysis and Agricultural Biotechnology, 42<\/p>\n\n\n\n<p class=\"has-text-align-left\">Soumia Boutarfa , <strong>Mohammed Mourad Senoussi<\/strong>, Daniel Gonzalez-Silvera, Jos\u00e9 \u00c1ngel L\u00f3pez-Jim\u00e9nez and Marina Aboal, (2022) The Green Microalga Coelastrella thermophila var. globulina (Scenedesmaceae, Chlorophyta) Isolated from an Algerian Hot Spring as a Potential Source of Fatty Acids\u00a0\u00a0Life, 12(4):560:2-10\u00a0\u00a0\u00a0<\/p>\n\n\n\n<p class=\"has-text-align-left\">Bassa Nora<strong>, <\/strong>Boulechfar Safia, Boutellaa Saber, <strong>Senoussi Mohamed Mourad<\/strong> and Zellagui Amar (Post Doctorat)\u00a0Essential Oils of <em>Hertia Cheirifolia <\/em>Leaves in Fructification Stage with High Anti Bacterial Activity, Annals of R.S.C.B, 2022, 26(1). 3784 \u2013 3791: <strong><em>ISSN: 1583-6258<\/em><\/strong><\/p>\n\n\n\n<p class=\"has-text-align-left\">Nora Basa , Hind Djebaili , Meryem Mokrani , <strong>Mohamed Mourad Senoussi<\/strong> , Souad Boulehbal\u00a0 and Amar Zellagui,(2022) Essential Oil Composition and Antibacterial Activity of <em>Juniperus oxycedrus <\/em>ssp. <em>macrocarpa <\/em>(S. et Sm.) BalI. Growing in Oum El Bouaghi (Semi- arid area), Algeria Journal of Pharmaceutical Research International 34(20A): 1-7<\/p>\n\n\n\n<p class=\"has-text-align-center has-very-light-gray-to-cyan-bluish-gray-gradient-background has-background\">Interests and Qualifications<\/p>\n\n\n\n<p class=\"has-text-align-left\"><strong>Interests:<\/strong> &#8211; Command of computer tools (Word, Excel, Power Point, Internet.)<\/p>\n\n\n\n<p class=\"has-text-align-left\">&#8211; Languages: Arabic (fluent), French (fluent), English<\/p>\n\n\n\n<figure class=\"wp-block-pullquote has-white-color has-text-color\"><blockquote><p>PDF version: <a href=\"https:\/\/www.univ-oeb.dz\/fsesnv\/wp-content\/uploads\/2023\/04\/Short-CV-Senoussi.pdf\">Short CV Senoussi<\/a><br>Scopus: <a href=\"https:\/\/www.scopus.com\/authid\/detail.uri?authorId=6507735270\" data-type=\"URL\" data-id=\"https:\/\/www.scopus.com\/authid\/detail.uri?authorId=6507735270\">Snoussi mouhamed mourad<\/a><\/p><\/blockquote><\/figure>\n","protected":false},"excerpt":{"rendered":"<p>Prof. Senoussi Mohamed Mourad Professor: &nbsp;University of Oum El Bouaghi, Algeria. E-mail: senoussi1@yahoo.fr Mobile: 0771988577 Grade Researcher identity Google Scholar: Link ReaserchGate: Link ORCID: Link webofscience: Link Education Ph.D.&rsquo;s degree in: Plant physiology and Biotechnology &nbsp;Master&rsquo;s degree in; Plant physiology License&rsquo;s degree in: Natural science Functions and Affiliations Professor, Professor Teaching modules Plant physiology- Plant &hellip;<\/p>\n","protected":false},"author":1,"featured_media":0,"parent":0,"menu_order":0,"comment_status":"closed","ping_status":"closed","template":"","meta":{"footnotes":""},"class_list":["post-4906","page","type-page","status-publish","hentry"],"_links":{"self":[{"href":"https:\/\/www.univ-oeb.dz\/fsesnv\/wp-json\/wp\/v2\/pages\/4906","targetHints":{"allow":["GET"]}}],"collection":[{"href":"https:\/\/www.univ-oeb.dz\/fsesnv\/wp-json\/wp\/v2\/pages"}],"about":[{"href":"https:\/\/www.univ-oeb.dz\/fsesnv\/wp-json\/wp\/v2\/types\/page"}],"author":[{"embeddable":true,"href":"https:\/\/www.univ-oeb.dz\/fsesnv\/wp-json\/wp\/v2\/users\/1"}],"replies":[{"embeddable":true,"href":"https:\/\/www.univ-oeb.dz\/fsesnv\/wp-json\/wp\/v2\/comments?post=4906"}],"version-history":[{"count":0,"href":"https:\/\/www.univ-oeb.dz\/fsesnv\/wp-json\/wp\/v2\/pages\/4906\/revisions"}],"wp:attachment":[{"href":"https:\/\/www.univ-oeb.dz\/fsesnv\/wp-json\/wp\/v2\/media?parent=4906"}],"curies":[{"name":"wp","href":"https:\/\/api.w.org\/{rel}","templated":true}]}}