{"id":4206,"date":"2023-03-28T12:38:26","date_gmt":"2023-03-28T11:38:26","guid":{"rendered":"http:\/\/www.univ-oeb.dz\/fsesnv\/?page_id=4206"},"modified":"2023-04-18T12:17:09","modified_gmt":"2023-04-18T11:17:09","slug":"curriculum-vitae-allaoua-sofia-amel","status":"publish","type":"page","link":"https:\/\/www.univ-oeb.dz\/fsesnv\/curriculum-vitae-allaoua-sofia-amel\/","title":{"rendered":"Curriculum Vitae Allaoua Sofia Amel"},"content":{"rendered":"\n<div class=\"wp-block-media-text is-stacked-on-mobile\" style=\"grid-template-columns:24% auto\"><figure class=\"wp-block-media-text__media\"><img fetchpriority=\"high\" decoding=\"async\" width=\"219\" height=\"230\" src=\"https:\/\/www.univ-oeb.dz\/fsesnv\/wp-content\/uploads\/2023\/03\/images.png\" alt=\"\" class=\"wp-image-4237 size-full\"\/><\/figure><div class=\"wp-block-media-text__content\">\n<p class=\"has-text-align-left\">Prof. Allaoua Sofia&nbsp; Amel<\/p>\n\n\n\n<p class=\"has-text-align-left\">Professor, Life Science department, University of Oum El Bouaghi, Algeria<\/p>\n\n\n\n<p class=\"has-text-align-left\">E-mail: sofia75amel@gmail.com<\/p>\n\n\n\n<p class=\"has-text-align-left\">Mobile:0561540237<\/p>\n\n\n\n<p class=\"has-text-align-left\">Grade<\/p>\n<\/div><\/div>\n\n\n\n<p class=\"has-text-align-center has-very-light-gray-to-cyan-bluish-gray-gradient-background has-background has-medium-font-size\"><strong><em>Researcher identity<\/em><\/strong><\/p>\n\n\n\n<p class=\"has-text-align-left\">Google Scholar: <a href=\"https:\/\/scholar.google.com\/scholar?start=0&amp;q=sofia+amel+allaoua&amp;hl=fr&amp;as_sdt=0,5\" data-type=\"URL\" data-id=\"https:\/\/scholar.google.com\/scholar?start=0&amp;q=sofia+amel+allaoua&amp;hl=fr&amp;as_sdt=0,5\">Link<\/a><\/p>\n\n\n\n<p class=\"has-text-align-left\">ReaserchGate: <a href=\"https:\/\/www.researchgate.net\/profile\/Sofia_Amel_Allaoua\/stats\/report\/weekly\/2023-03-19\" data-type=\"URL\" data-id=\"https:\/\/www.researchgate.net\/profile\/Sofia_Amel_Allaoua\/stats\/report\/weekly\/2023-03-19\">Link<\/a><\/p>\n\n\n\n<p class=\"has-text-align-left\">ORCID: <a href=\"https:\/\/orcid.org\/0000-0001-8608-6201\" data-type=\"URL\" data-id=\"https:\/\/orcid.org\/0000-0001-8608-6201\">Link<\/a><\/p>\n\n\n\n<p class=\"has-text-align-center has-very-light-gray-to-cyan-bluish-gray-gradient-background has-background has-medium-font-size\"><strong>Education<\/strong><\/p>\n\n\n\n<p class=\"has-text-align-left\"><strong>Ph.D.&rsquo;s degree<\/strong> in 12\/06\/2019<\/p>\n\n\n\n<p class=\"has-text-align-left\"><strong>Master&rsquo;s degree<\/strong> in June 2004<\/p>\n\n\n\n<p class=\"has-text-align-left\"><strong>Doctor Veterinary&rsquo;s degree<\/strong> in 1998<\/p>\n\n\n\n<p class=\"has-text-align-center has-very-light-gray-to-cyan-bluish-gray-gradient-background has-background has-medium-font-size\"><strong>Functions and Affiliations<\/strong><\/p>\n\n\n\n<p class=\"has-text-align-left\">Life Science department<\/p>\n\n\n\n<p class=\"has-text-align-center has-very-light-gray-to-cyan-bluish-gray-gradient-background has-background has-medium-font-size\"><strong>Teaching modules<\/strong><\/p>\n\n\n\n<p class=\"has-text-align-left\">Reproductive Pathophysiology, Animal Biology, Major \u00a0functions Physiology, Reproductive Physiology, Reproductive Pathology, Immunology, Animal husbandry techniques, parasitic zoonoses, zoology, helminthology<\/p>\n\n\n\n<p class=\"has-text-align-center has-very-light-gray-to-cyan-bluish-gray-gradient-background has-background has-medium-font-size\"><strong>International publications<\/strong><\/p>\n\n\n\n<p class=\"has-text-align-left\"><strong>Allaoua, Sofia. Amel et al.&nbsp;<\/strong><strong>(2021).<\/strong> (<strong>Class B)<\/strong>.Establishment of blood chemistry reference intervals for Arbia goats, including values in phasesofreproduction.&nbsp;CompClinPathol&nbsp;<strong>30<\/strong>,&nbsp;493\u2013502 <a href=\"https:\/\/doi.org\/10.1007\/s00580-021-03243-y\">https:\/\/doi.org\/10.1007\/s00580-021-03243-y<\/a><\/p>\n\n\n\n<p class=\"has-text-align-left\">Zerari, Aicha., Mahdi, Djahida., <strong>Allaoua, Sofia Amel., <\/strong>&amp;Rouar, Salim<strong>.(2021).<\/strong> (<strong>Class B)<\/strong>.Effect of gender on hematological parameters in growing Ouled Djellal sheep of semi arid zones of Northeastern Algeria.&nbsp;South Asian Journal of Experimental Biology,&nbsp;11(4),407-417.DOI:&nbsp;<a href=\"https:\/\/doi.org\/10.38150\/sajeb.11(4).p407-417\">https:\/\/doi.org\/10.38150\/sajeb.11(4).p407-417<\/a><\/p>\n\n\n\n<p class=\"has-text-align-left\"><strong>Allaoua, S. A., <\/strong>D. Mahdi <strong>(Class A) <\/strong>Plasma biochemical and minerals parameters in Arbia goats of a semi-arid region of North-Eastern Algeria during different stages of production. Vet. arhiv 88, 643-660, <strong>2018<\/strong>.<a href=\"https:\/\/doi.org\/10.24099\/vet.arhiv.0068\">https:\/\/doi.org\/10.24099\/vet.arhiv.0068<\/a><\/p>\n\n\n\n<p class=\"has-text-align-left\"><strong>sofia Amel Allaoua, <\/strong>Djahida Mahdi, <strong>(2018)<\/strong> (<strong>Class B)<\/strong>.Minero-Biochemical Profiles of Arbia Goats Reared Traditionally Under the Semi-Arid Environment of North\u2013Eastern Algeria During Peri-Parturient Period. World Journal of Environmental Biosciences. 7 (2). 95-101. <a href=\"https:\/\/environmentaljournals.org\/article\/minero-biochemical-profiles-of-arbia-goats-reared-traditionally-under-the-semi-arid-environment-of-northeastern-algeria-during-peri-parturient-period\">https:\/\/environmentaljournals.org\/article\/minero-biochemical-profiles-of-arbia-goats-reared-traditionally-under-the-semi-arid-environment-of-northeastern-algeria-during-peri-parturient-period<\/a>.<\/p>\n\n\n\n<p class=\"has-text-align-left\"><strong>Allaoua S.A<\/strong>.,MAHDI D. <strong>D\u00e9cembre 2016. Actes \u00e9dit\u00e9&nbsp;<\/strong><\/p>\n\n\n\n<p class=\"has-text-align-left\">Variations de param\u00e8tres biochimiques et min\u00e9raux durant le pr\u00e9-partum, le post-partum et la p\u00e9riode s\u00e8che chez la ch\u00e8vre de race locale (Arbia) des zones semi-arides de l\u2019Est Alg\u00e9rie.&nbsp; Actes \u00e9dit\u00e9&nbsp;: <strong>Actes des&nbsp; 23<sup>\u00e8me<\/sup> Rencontres Recherches Ruminants 2016<\/strong>, INRA, \u00e9dition Institut de l\u2019\u00e9levage,&nbsp; p 23.&nbsp; N\u00b0 ISBN : 978-2-36343-779-2 9782363437792 &nbsp;<a href=\"http:\/\/www.journees3r.fr\/spip.php?article4313\">http:\/\/www.journees3r.fr\/spip.php?article4313<\/a> <a href=\"http:\/\/idele.fr\/reseaux-et-partenariats\/pirinnovi\/publication\/idelesolr\/recommends\/3r-23e-rencontres-recherches-ruminants-actes-du-colloque-2016.html\">idele.fr\/&#8230;et&#8230;\/3r-23e-rencontres-recherches-ruminants-actes-du-colloque-2016.html<\/a><\/p>\n\n\n\n<p class=\"has-text-align-left\">Asma Berkani, Djahida Mahdi, <strong>Sofia Amel Allaoua<\/strong>, Amel Benbott. <strong>Dec 2018<\/strong> (<strong>Class B<\/strong>).Changes in Blood Biochemical and Mineral Parameters of Ouled Djellal Ewes under the Semi-Arid Environment of North\u2013Eastern Algeria during Late Pregnancy and Early Post-Partum. World Journal of Environmental Biosciences.&nbsp; 2018, 7, 4:71-76.<a href=\"https:\/\/environmentaljournals.org\/en\/issue\/volume_7_2018_issue_4\">https:\/\/environmentaljournals.org\/en\/issue\/volume_7_2018_issue_4<\/a><\/p>\n\n\n\n<p class=\"has-text-align-center has-very-light-gray-to-cyan-bluish-gray-gradient-background has-background has-medium-font-size\"><strong>Interests and Qualifications<\/strong><\/p>\n\n\n\n<p class=\"has-text-align-left\"><strong>Interests: <\/strong>Animal biology and physiology, histology and public health<\/p>\n\n\n\n<figure class=\"wp-block-pullquote has-white-color has-text-color\"><blockquote><p>PDF version: <a href=\"https:\/\/www.univ-oeb.dz\/fsesnv\/wp-content\/uploads\/2023\/03\/Short-cv-allaoua-sofia-amel.pdf\">Short cv allaoua sofia amel<\/a><br>Scopus: <a href=\"https:\/\/www.scopus.com\/authid\/detail.uri?authorId=57204560784\" data-type=\"URL\" data-id=\"https:\/\/www.scopus.com\/authid\/detail.uri?authorId=57204560784\">allaoua sofia amel<\/a><\/p><\/blockquote><\/figure>\n","protected":false},"excerpt":{"rendered":"<p>Prof. Allaoua Sofia&nbsp; Amel Professor, Life Science department, University of Oum El Bouaghi, Algeria E-mail: sofia75amel@gmail.com Mobile:0561540237 Grade Researcher identity Google Scholar: Link ReaserchGate: Link ORCID: Link Education Ph.D.&rsquo;s degree in 12\/06\/2019 Master&rsquo;s degree in June 2004 Doctor Veterinary&rsquo;s degree in 1998 Functions and Affiliations Life Science department Teaching modules Reproductive Pathophysiology, Animal Biology, Major &hellip;<\/p>\n","protected":false},"author":1,"featured_media":0,"parent":0,"menu_order":0,"comment_status":"closed","ping_status":"closed","template":"","meta":{"footnotes":""},"class_list":["post-4206","page","type-page","status-publish","hentry"],"_links":{"self":[{"href":"https:\/\/www.univ-oeb.dz\/fsesnv\/wp-json\/wp\/v2\/pages\/4206","targetHints":{"allow":["GET"]}}],"collection":[{"href":"https:\/\/www.univ-oeb.dz\/fsesnv\/wp-json\/wp\/v2\/pages"}],"about":[{"href":"https:\/\/www.univ-oeb.dz\/fsesnv\/wp-json\/wp\/v2\/types\/page"}],"author":[{"embeddable":true,"href":"https:\/\/www.univ-oeb.dz\/fsesnv\/wp-json\/wp\/v2\/users\/1"}],"replies":[{"embeddable":true,"href":"https:\/\/www.univ-oeb.dz\/fsesnv\/wp-json\/wp\/v2\/comments?post=4206"}],"version-history":[{"count":0,"href":"https:\/\/www.univ-oeb.dz\/fsesnv\/wp-json\/wp\/v2\/pages\/4206\/revisions"}],"wp:attachment":[{"href":"https:\/\/www.univ-oeb.dz\/fsesnv\/wp-json\/wp\/v2\/media?parent=4206"}],"curies":[{"name":"wp","href":"https:\/\/api.w.org\/{rel}","templated":true}]}}