{"id":4189,"date":"2023-03-28T12:15:11","date_gmt":"2023-03-28T11:15:11","guid":{"rendered":"http:\/\/www.univ-oeb.dz\/fsesnv\/?page_id=4189"},"modified":"2023-04-18T11:56:16","modified_gmt":"2023-04-18T10:56:16","slug":"curriculum-vitae-amel-benbott","status":"publish","type":"page","link":"https:\/\/www.univ-oeb.dz\/fsesnv\/curriculum-vitae-amel-benbott\/","title":{"rendered":"Curriculum Vitae AMEL BENBOTT"},"content":{"rendered":"\n<div class=\"wp-block-media-text is-stacked-on-mobile\" style=\"grid-template-columns:24% auto\"><figure class=\"wp-block-media-text__media\"><img decoding=\"async\" width=\"186\" height=\"213\" src=\"https:\/\/www.univ-oeb.dz\/fsesnv\/wp-content\/uploads\/2023\/03\/image-26.png\" alt=\"\" class=\"wp-image-4190 size-full\"\/><\/figure><div class=\"wp-block-media-text__content\">\n<p class=\"has-text-align-left\">Prof. AMEL BENBOTT<\/p>\n\n\n\n<p class=\"has-text-align-left\">Professor, Biology department, University of Oum El Bouaghi, Algeria<\/p>\n\n\n\n<p class=\"has-text-align-left\">E-mail: Malika1959@yahoo.fr<\/p>\n\n\n\n<p class=\"has-text-align-left\">Mobile: 0661270294<\/p>\n\n\n\n<p class=\"has-text-align-left\">Grade<\/p>\n<\/div><\/div>\n\n\n\n<p class=\"has-text-align-center has-very-light-gray-to-cyan-bluish-gray-gradient-background has-background has-medium-font-size\"><strong>Researcher identity<\/strong><\/p>\n\n\n\n<p class=\"has-text-align-left\">Google Scholar: <a href=\"https:\/\/scholar.google.com\/citations?user=MbBjM4QAAAAJ&amp;hl=fr\" data-type=\"URL\" data-id=\"https:\/\/scholar.google.com\/citations?user=MbBjM4QAAAAJ&amp;hl=fr\">Link<\/a><\/p>\n\n\n\n<p class=\"has-text-align-left\">ReaserchGate: <a href=\"https:\/\/www.researchgate.net\/scientificcontributions\/A-Benbott-2178265109\" data-type=\"URL\" data-id=\"https:\/\/www.researchgate.net\/scientificcontributions\/A-Benbott-2178265109\">Link<\/a><\/p>\n\n\n\n<p class=\"has-text-align-left\">ORCID: <a href=\"https:\/\/orcid.org\/0000-0003-2430-7771\" data-type=\"URL\" data-id=\"https:\/\/orcid.org\/0000-0003-2430-7771\">Link<\/a><\/p>\n\n\n\n<p class=\"has-text-align-center has-very-light-gray-to-cyan-bluish-gray-gradient-background has-background has-medium-font-size\"><strong>Education<\/strong><\/p>\n\n\n\n<p class=\"has-text-align-left\"><strong>2014:\u00a0 Ph.D.&rsquo;s degree<\/strong> \u00a0in Natural Sciences. Option: Bioactive materials. Larbi Ben M&rsquo;hidi University &#8211; Oum El Bouaghi &#8211; Title:\u00ab Effect of some secondary metabolism compounds of <em>Peganum harmala<\/em> L. on\u00a0 some\u00a0 bacterial\u00a0 strains\u00a0 and\u00a0 some\u00a0 physiological,\u00a0 histological\u00a0 and\u00a0 behavioral\u00a0 aspects\u00a0 in laboratory mice.\u00a0 \u00bb<\/p>\n\n\n\n<p class=\"has-text-align-left\"><strong>2005<\/strong>: \u00a0<strong>Master&rsquo;s degree<\/strong> in Plant biology, specializing in bioactive substances, Larbi Ben M&rsquo;hidi University &#8211; Title: \u00ab A contribution to the study of the biological activity of extracts of the active substance in the plant<em> Peganum harmala L<\/em><\/p>\n\n\n\n<p class=\"has-text-align-left\"><strong>2002 : Postgraduate degree<\/strong> in Biochemistry, University of Larbi Ben M&rsquo;hidi &#8211; Oum El Bouaghi<\/p>\n\n\n\n<p class=\"has-text-align-center has-very-light-gray-to-cyan-bluish-gray-gradient-background has-background has-medium-font-size\"><strong>Functions and Affiliations<\/strong><\/p>\n\n\n\n<p class=\"has-text-align-left\"><strong>Associate professor- A<\/strong> <\/p>\n\n\n\n<p class=\"has-text-align-left\"><em>Laboratory of natural substances, biomolecules and biotechnological applications, Department of Natural and Life Sciences, Larbi Ben M\u2019Hidi University, Oum El Bouaghi, Algeria;<\/em><\/p>\n\n\n\n<p class=\"has-text-align-left\"><strong>Scientific rank<\/strong>: Research Professor<\/p>\n\n\n\n<p class=\"has-text-align-left\"><strong>Member of the Scientific Council of the Institute<\/strong><\/p>\n\n\n\n<p class=\"has-text-align-left\"><strong>Member of the Disciplinary Board<\/strong><\/p>\n\n\n\n<p class=\"has-text-align-center has-very-light-gray-to-cyan-bluish-gray-gradient-background has-background has-medium-font-size\"><strong>Teaching modules<\/strong><\/p>\n\n\n\n<p class=\"has-text-align-left\">Metabolic regulation, biochemistry, extraction techniques, plant biology, cellular biology<\/p>\n\n\n\n<p class=\"has-text-align-center has-very-light-gray-to-cyan-bluish-gray-gradient-background has-background has-medium-font-size\"><strong>International publications<\/strong><\/p>\n\n\n\n<p class=\"has-text-align-left\">A BENBOTT, C MOSBEH, S KAROUCHE, N HAMADOUCHE, D MAHDI. 2022 <a href=\"https:\/\/scholar.google.com\/citations?view_op=view_citation&amp;hl=fr&amp;user=MbBjM4QAAAAJ&amp;citation_for_view=MbBjM4QAAAAJ:IWHjjKOFINEC\">Subacute hepatotoxicity of alkaloids extracts of Peganum harmala L. seeds in Wistar albino rats.<\/a><strong><em> Notulae Scientia Biologicae 14 (2)<\/em><\/strong><\/p>\n\n\n\n<p class=\"has-text-align-left\">HAKIMA BELDI, LYNDA GALI&nbsp; , AMEL BENBOTT&nbsp; , AMEL BOUDECHICHA&nbsp; , CHAWKI BENSOUICI&nbsp; , ABDELOUAHAB YAHIA&nbsp; , NADIA BENZIDANE . Variation of Phenolic Content and Bioactivity between the Different Organs of the Algerian Capparis Spinosa L.&nbsp; <em>Indian Journal of Novel Drug Delivery<\/em> &nbsp;<strong>( 2022) <\/strong>14(3), Jul-Sep, 2022, 164-173<\/p>\n\n\n\n<p class=\"has-text-align-left\">Karouche Saida, Benbott Amel, Rouar Salim Djouad Marwa, Hafiane Chaima.&nbsp; EPIDEMIOLOGICAL AND CLINICAL CHARACTERISTICS OF COVID-19 IN EASTERN ALGERIA. <em>PRZEGL EPIDEMIOL<\/em> <strong>2022<\/strong>;76(2): 149-154https:\/\/doi.org\/10.32394\/pe.76.14<\/p>\n\n\n\n<p class=\"has-text-align-left\">H NADIRA, O BENSLAMA, A BENBOTT, C MOSBAH, H DAOUI,&nbsp; .Study of the antioxidant and antidiabetic effect of ethanol and aqueous extracts of Anacyclus pyrethrum L. roots. South Asian Journal of Experimental Biology <strong>( 2022)<\/strong> 12 (5), 735-744<\/p>\n\n\n\n<p class=\"has-text-align-left\">Hakima Beldi, Amel Benbott, Abdelouahab Yahia, Sofiane Geuttaf, Chawki Bensouici Contribution to the pharmacological valorization of the roots of Capparis spinosa L. from Mila region. Inter. J<em>. Nat. Resour. Env.<\/em>: Vol. 4, No. 1,pp. 1-9 <strong>(2022)<\/strong><\/p>\n\n\n\n<p class=\"has-text-align-left\"><strong>Amel Benbott<\/strong>, Saida Karouche, Camelia Mosbah, Sabah Boukeria, Abdlouahab Yahia. Phytochemical,&nbsp; Free&nbsp; Radical&nbsp; Scavenging&nbsp; and &nbsp;Antimicrobial&nbsp; Activities&nbsp; of <em>Glycyrrhiza glabra<\/em> L. rhizomes Collected from Algeria. <em>&nbsp;J Biochem Technol<\/em><strong>(2021) <\/strong>12(4): 78-83 <a href=\"https:\/\/doi.org\/10.51847\/0ShxsdgtLC\">https:\/\/doi.org\/10.51847\/0ShxsdgtLC<\/a><\/p>\n\n\n\n<p class=\"has-text-align-left\">Saida Karouche\u00a0 , Sarra Henouda\u00a0 , <strong>Amel Benbott<\/strong>\u00a0 , Kaouther Mihrab Contribution to the study of bioactive substances and biological activities of the species Rosmarinus officinalis-L . Inter. J. Nat. Resour Env. : <strong>(2021)<\/strong>. 3( 1): 53-60. https:\/\/ijnre.univ-adrar.dz<\/p>\n\n\n\n<p class=\"has-text-align-left\">M. KADRI , N. SALHI, A. <strong>BENBOTT, A.<\/strong> YAHIA. Evaluation of antioxidant activities of the methanolic extract of cymbopogon schoenanthus l. (spreng) of algeria Revue des Bio Ressources <strong>2021<\/strong> ;11(1) : 23-32 <a href=\"https:\/\/revues.univ-ouargla.dz\/index.php\/\"><strong>https:\/\/revues.univ-ouargla.dz\/index.php\/<\/strong><\/a><\/p>\n\n\n\n<p class=\"has-text-align-left\">Sabah BOUKERIA, Hassiba BOUGUERIA,<strong> Amel BENBOTT. <\/strong>Comparative study of the antioxidant activity of Curcuma longa L. and an azo dye dye. International Journal of Human Settlements&nbsp; Vol. 5&nbsp;&nbsp; Nr. 2 <strong>2021.&nbsp; <\/strong><a href=\"https:\/\/www.aneau.org\/ijhs\/\">https:\/\/www.aneau.org\/ijhs\/<\/a><strong>&nbsp;&nbsp;&nbsp;&nbsp;&nbsp;&nbsp;&nbsp;<\/strong><\/p>\n\n\n\n<p class=\"has-text-align-left\">Karouche Saida, Henouda Sara, <strong>Benbott Amel<\/strong>, Malki Samira. Free radical scavenging and biological activity of leaves and roots of Thymelaeahirsuta, collected from Algeria. J&nbsp; Adv&nbsp; Pharm&nbsp; Edu&nbsp; Res 2020;10(4):15-20<strong>. \/www.japer.in<\/strong><\/p>\n\n\n\n<p class=\"has-text-align-left\">Mosbah Cam\u00e9lia, <strong>Benbott&nbsp; Amel,<\/strong> Mosbah Asma, Hamdouche Nadera. HPLC-PDA analysis and anti oxidant acti vity of Algerian&nbsp; Lycium leaves.&nbsp; <em>South Asian J Exp Biol; 2020; 10 (4): 205-214. <\/em><a href=\"http:\/\/www.sajeb.org\"><em>www.sajeb.org<\/em><\/a><em><\/em><\/p>\n\n\n\n<p class=\"has-text-align-left\">Moumen Yasmina , Abdennour Cherif , <strong>Benbott Amel<\/strong> , Djemil Randa , Khiel Saida , Hamadouche Nadira . Influence&nbsp; of Raphanussativus seeds&nbsp; on&nbsp; sperm&nbsp; parameters&nbsp; of domestic&nbsp; rabbit Oryctolaguscuniculus)&nbsp; in cadmium-induced toxicity<em>. J Adv Pharm Educ Res <strong>2020<\/strong>;10(1):19-25&nbsp;<\/em><\/p>\n\n\n\n<p class=\"has-text-align-left\">S. Karouche , A. Benbott, S. Henouda, S. Malki, I. Boudchicha. Evaluation of phenolic content and biological activities of <em>Bunium mauritanicumtuberss. <\/em>J Fundam Appl Sci. 2020, 12(2), 916-930<a href=\"https:\/\/www.jfas.info\/index.php\/JFAS\">https:\/\/www.jfas.info\/index.php\/JFAS<\/a><\/p>\n\n\n\n<p class=\"has-text-align-left\">BOUKERIA S., <strong>BENBOTT A<\/strong>., KADI K., DEBBACHE K. et GUENICHE A. .Etude phytochimique et \u00e9valuation de l\u2019activit\u00e9 anticoagulante des compos\u00e9s ph\u00e9noliques du curcuma longal. Revue des Bio Ressources <strong>2019<\/strong>;10(9) : 45-55https:\/\/revues.univ-ouargla.dz\/index.php\/<\/p>\n\n\n\n<p class=\"has-text-align-left\"><strong>A. Benbott<\/strong>, D. Mahdi, , A. Zellagui, Y. Moumen and C. Mosbah.&nbsp; Effect of alkaloids extract of peganum harmala seeds on histo- function of rat\u2019s testes. Journal of New Technology and Materials (JNTM)&nbsp; 2019, 8 (2): 70-76 www. J. New Technol. Mater. com <a href=\"http:\/\/www.environmentaljournals.org\">www.environmentaljournals.org<\/a><\/p>\n\n\n\n<p class=\"has-text-align-left\"><strong>A. Benbott,<\/strong> C. Mosbah, K.Derouiche, Y. Moumen, S. Boukeria, A.Yahia. Anti-diabetic Activity of Aqueous Extract of <em>Peganum Harmala<\/em> Roots Streptozotocin-induced Diabetic Rats. Journal of Chemical and Pharmaceutical Research ( 2018) 10(6): 104-109. www.jocpr.com&nbsp;&nbsp;&nbsp;&nbsp;&nbsp;&nbsp;<\/p>\n\n\n\n<p class=\"has-text-align-left\"><strong>A. Benbott<\/strong>, K.Derouiche, C. Mosbah, , Y. Moumen. Acute toxicity of alkaloids extracted inthe wistar albino. The North African Journal of Food and Nutrition Research 02(01): A1 A27.ISSN:2588-1582 .www.najfnr.org<\/p>\n\n\n\n<p class=\"has-text-align-left\">A. Berkani\u00a0 , D. Mahdi\u00a0 , S Allaoua , <strong>A. Benbott<\/strong>. Changes in Blood Biochemical and Mineral Parameters of Ouled Djellal Ewes under\u00a0 the Semi-Arid Environment of North\u2013Eastern Algeria during Late Pregnancy a Early Post-Partum. World Journal of Environmental Biosciences.( 2018);\u00a0 (7) 4: 71-76 .www.environmentaljournals.org<\/p>\n\n\n\n<p class=\"has-text-align-left\">HAKIMA BELDI, LYNDA GALI&nbsp; , <strong>AMEL BENBOTT<\/strong>&nbsp; , AMEL BOUDECHICHA&nbsp; , CHAWKI BENSOUICI&nbsp; , ABDELOUAHAB YAHIA&nbsp; , NADIA BENZIDANE . Variation of Phenolic Content and Bioactivity between the Different Organs of the Algerian Capparis Spinosa L.&nbsp; Indian Journal of Novel Drug Delivery&nbsp; ( 2022) 14(3), Jul-Sep, 2022, 164-173<\/p>\n\n\n\n<p class=\"has-text-align-left\">Karouche Saida, <strong>Benbott Amel<\/strong>, Rouar Salim Djouad Marwa, Hafiane Chaima.&nbsp; EPIDEMIOLOGICAL AND CLINICAL CHARACTERISTICS OF COVID-19 IN EASTERN ALGERIA. PRZEGL EPIDEMIOL 2022;76(2): 149-154https:\/\/doi.org\/10.32394\/pe.76.14<\/p>\n\n\n\n<p class=\"has-text-align-left\">H NADIRA, O BENSLAMA, <strong>A BENBOTT<\/strong>, C MOSBAH, H DAOUI,&nbsp; .Study of the antioxidant and antidiabetic effect of ethanol and aqueous extracts of Anacyclus pyrethrum L. roots. South Asian Journal of Experimental Biology ( 2022) 12 (5), 735-744<\/p>\n\n\n\n<p class=\"has-text-align-left\">Hakima Beldi, <strong>Amel Benbott<\/strong>, Abdelouahab Yahia, Sofiane Geuttaf, Chawki Bensouici Contribution to the pharmacological valorization of the roots of Capparis spinosa L. from Mila region. Inter. J. Nat. Resour. Env. : Vol. 4, No. 1,pp. 1-9 (2022)<\/p>\n\n\n\n<p class=\"has-text-align-left\"><strong>Amel Benbott<\/strong>, Saida Karouche, Camelia Mosbah, Sabah Boukeria, Abdlouahab Yahia. Phytochemical,&nbsp; Free&nbsp; Radical&nbsp; Scavenging&nbsp; and&nbsp; Antimicrobial&nbsp; Activities&nbsp; of Glycyrrhiza glabra L. rhizomes Collected from Algeria.&nbsp; J Biochem Technol (2021) 12(4): 78-83 https:\/\/doi.org\/10.51847\/0ShxsdgtLC<\/p>\n\n\n\n<p class=\"has-text-align-left\">Saida Karouche\u00a0 , Sarra Henouda\u00a0 , <strong>Amel Benbott<\/strong>\u00a0 , Kaouther Mihrab Contribution to the study of bioactive substances and biological activities of the species Rosmarinus officinalis-L . Inter. J. Nat. Resour Env. : (2021). 3( 1): 53-60. https:\/\/ijnre.univ-adrar.dz<\/p>\n\n\n\n<p class=\"has-text-align-left\">&#8211; M. KADRI , N. SALHI, <strong>A. BENBOTT<\/strong>, A. YAHIA. Evaluation of antioxidant activities of the methanolic extract of cymbopogon schoenanthus l. (spreng) of algeria Revue des Bio Ressources 2021 ;11(1) : 23-32 https:\/\/revues.univ-ouargla.dz\/index.php\/<\/p>\n\n\n\n<p class=\"has-text-align-left\">Sabah BOUKERIA, Hassiba BOUGUERIA, <strong>Amel BENBOTT<\/strong>. Comparative study of the antioxidant activity of Curcuma longa L. and an azo dye dye. International Journal of Human Settlements&nbsp; Vol. 5&nbsp;&nbsp; Nr. 2 2021.&nbsp; https:\/\/www.aneau.org\/ijhs\/&nbsp;&nbsp;&nbsp;&nbsp;&nbsp;&nbsp;&nbsp;<\/p>\n\n\n\n<p class=\"has-text-align-left\">Karouche Saida, Henouda Sara, <strong>Benbott Amel,<\/strong> Malki Samira. Free radical scavenging and biological activity of leaves and roots of Thymelaeahirsuta, collected from Algeria. J&nbsp; Adv&nbsp; Pharm&nbsp; Edu&nbsp; Res 2020;10(4):15-20. \/www.japer.in<\/p>\n\n\n\n<p class=\"has-text-align-left\">Mosbah Cam\u00e9lia, Benbott&nbsp; Amel, Mosbah Asma, Hamdouche Nadera. HPLC-PDA analysis and anti oxidant acti vity of Algerian&nbsp; Lycium leaves.&nbsp; South Asian J Exp Biol; 2020; 10 (4): 205-214. www.sajeb.org<\/p>\n\n\n\n<p class=\"has-text-align-left\">Moumen Yasmina , Abdennour Cherif , <strong>Benbott Amel<\/strong> , Djemil Randa , Khiel Saida , Hamadouche Nadira . Influence&nbsp; of Raphanussativus seeds&nbsp; on&nbsp; sperm&nbsp; parameters&nbsp; of domestic&nbsp; rabbit Oryctolaguscuniculus)&nbsp; in cadmium-induced toxicity. J Adv Pharm Educ Res 2020;10(1):19-25&nbsp;<\/p>\n\n\n\n<p class=\"has-text-align-left\">S. Karouche , A. Benbott, S. Henouda, S. Malki, I. Boudchicha. Evaluation of phenolic content and biological activities of Bunium mauritanicumtuberss. J Fundam Appl Sci. 2020, 12(2), 916-930 https:\/\/www.jfas.info\/index.php\/JFAS<\/p>\n\n\n\n<p class=\"has-text-align-left\">BOUKERIA S., BENBOTT A., KADI K., DEBBACHE K. et GUENICHE A. .Etude phytochimique et \u00e9valuation de l\u2019activit\u00e9 anticoagulante des compos\u00e9s ph\u00e9noliques du curcuma longal. Revue des Bio Ressources 2019;10(9) : 45-55https:\/\/revues.univ-ouargla.dz\/index.php\/<\/p>\n\n\n\n<p class=\"has-text-align-left\">A. Benbott, D. Mahdi, , A. Zellagui, Y. Moumen and C. Mosbah.\u00a0 Effect of alkaloids extract of peganum harmala seeds on histo- function of rat\u2019s testes. Journal of New Technology and Materials (JNTM)\u00a0 2019, 8 (2): 70-76 www. J. New Technol. Mater. com www.environmentaljournals.org<\/p>\n\n\n\n<p class=\"has-text-align-left\">A. Benbott, C. Mosbah, K.Derouiche, Y. Moumen, S. Boukeria, A.Yahia. Anti-diabetic Activity of Aqueous Extract of Peganum Harmala Roots Streptozotocin-induced Diabetic Rats. Journal of Chemical and Pharmaceutical Research( 2018) 10(6): 104-109. www.jocpr.com\u00a0\u00a0\u00a0<\/p>\n\n\n\n<p class=\"has-text-align-left\">A. Benbott, K.Derouiche, C. Mosbah, , Y. Moumen. Acute toxicity of alkaloids extracted inthe wistar albino. The North African Journal of Food and Nutrition Research 02(01): A1-A27.ISSN:2588-1582 .www.najfnr.org<\/p>\n\n\n\n<p class=\"has-text-align-left\">A. Berkani\u00a0 , D. Mahdi\u00a0 , S Allaoua , A. Benbott. Changes in Blood Biochemical and Mineral Parameters of Ouled Djellal Ewes under\u00a0 the Semi-Arid Environment of North\u2013Eastern Algeria during Late Pregnancy a Early Post-Partum. World Journal of Environmental Biosciences.( 2018);\u00a0 (7) 4: 71-76 .www.environmentaljournals.org<\/p>\n\n\n\n<p class=\"has-text-align-center has-very-light-gray-to-cyan-bluish-gray-gradient-background has-background has-medium-font-size\"><strong>Interests and Qualifications<\/strong><\/p>\n\n\n\n<p class=\"has-text-align-left\"><strong>Interests<\/strong><\/p>\n\n\n\n<p class=\"has-text-align-left\">Exploitation of plant wealth in the food and pharmaceutical industries<\/p>\n\n\n\n<p class=\"has-text-align-left\">Issuing books in the field of specialization<\/p>\n\n\n\n<p class=\"has-text-align-left\"><strong>Qualifications: <\/strong>Postgraduate degrees in higher education<\/p>\n\n\n\n<figure class=\"wp-block-pullquote has-white-color has-text-color\"><blockquote><p>PDF version: <a href=\"https:\/\/www.univ-oeb.dz\/fsesnv\/wp-content\/uploads\/2023\/03\/Short-CV-benbott-amel.pdf\">Short CV benbott amel<\/a><br>Scopus: <a href=\"https:\/\/www.scopus.com\/authid\/detail.uri?authorId=55792711900\" data-type=\"URL\" data-id=\"https:\/\/www.scopus.com\/authid\/detail.uri?authorId=55792711900\">Benbott, Amel <\/a><\/p><\/blockquote><\/figure>\n","protected":false},"excerpt":{"rendered":"<p>Prof. AMEL BENBOTT Professor, Biology department, University of Oum El Bouaghi, Algeria E-mail: Malika1959@yahoo.fr Mobile: 0661270294 Grade Researcher identity Google Scholar: Link ReaserchGate: Link ORCID: Link Education 2014:\u00a0 Ph.D.&rsquo;s degree \u00a0in Natural Sciences. Option: Bioactive materials. Larbi Ben M&rsquo;hidi University &#8211; Oum El Bouaghi &#8211; Title:\u00ab Effect of some secondary metabolism compounds of Peganum harmala &hellip;<\/p>\n","protected":false},"author":1,"featured_media":0,"parent":0,"menu_order":0,"comment_status":"closed","ping_status":"closed","template":"","meta":{"footnotes":""},"class_list":["post-4189","page","type-page","status-publish","hentry"],"_links":{"self":[{"href":"https:\/\/www.univ-oeb.dz\/fsesnv\/wp-json\/wp\/v2\/pages\/4189","targetHints":{"allow":["GET"]}}],"collection":[{"href":"https:\/\/www.univ-oeb.dz\/fsesnv\/wp-json\/wp\/v2\/pages"}],"about":[{"href":"https:\/\/www.univ-oeb.dz\/fsesnv\/wp-json\/wp\/v2\/types\/page"}],"author":[{"embeddable":true,"href":"https:\/\/www.univ-oeb.dz\/fsesnv\/wp-json\/wp\/v2\/users\/1"}],"replies":[{"embeddable":true,"href":"https:\/\/www.univ-oeb.dz\/fsesnv\/wp-json\/wp\/v2\/comments?post=4189"}],"version-history":[{"count":0,"href":"https:\/\/www.univ-oeb.dz\/fsesnv\/wp-json\/wp\/v2\/pages\/4189\/revisions"}],"wp:attachment":[{"href":"https:\/\/www.univ-oeb.dz\/fsesnv\/wp-json\/wp\/v2\/media?parent=4189"}],"curies":[{"name":"wp","href":"https:\/\/api.w.org\/{rel}","templated":true}]}}