{"id":4153,"date":"2023-03-26T20:17:03","date_gmt":"2023-03-26T19:17:03","guid":{"rendered":"http:\/\/www.univ-oeb.dz\/fsesnv\/?page_id=4153"},"modified":"2023-04-18T11:49:03","modified_gmt":"2023-04-18T10:49:03","slug":"curriculum-vitae-mohamed-fethi-hadjadj","status":"publish","type":"page","link":"https:\/\/www.univ-oeb.dz\/fsesnv\/curriculum-vitae-mohamed-fethi-hadjadj\/","title":{"rendered":"Curriculum Vitae Mohamed-Fethi Hadjadj"},"content":{"rendered":"\n<div class=\"wp-block-media-text is-stacked-on-mobile\" style=\"grid-template-columns:24% auto\"><figure class=\"wp-block-media-text__media\"><img fetchpriority=\"high\" decoding=\"async\" width=\"512\" height=\"512\" src=\"https:\/\/www.univ-oeb.dz\/fsesnv\/wp-content\/uploads\/2023\/03\/666201.png\" alt=\"\" class=\"wp-image-4279 size-full\" srcset=\"https:\/\/www.univ-oeb.dz\/fsesnv\/wp-content\/uploads\/2023\/03\/666201.png 512w, https:\/\/www.univ-oeb.dz\/fsesnv\/wp-content\/uploads\/2023\/03\/666201-300x300.png 300w, https:\/\/www.univ-oeb.dz\/fsesnv\/wp-content\/uploads\/2023\/03\/666201-150x150.png 150w\" sizes=\"(max-width: 512px) 100vw, 512px\" \/><\/figure><div class=\"wp-block-media-text__content\">\n<p class=\"has-text-align-left\">Assistant Prof. Mohamed-Fethi Hadjadj<\/p>\n\n\n\n<p class=\"has-text-align-left\">Assistant Professor, University of Oum El Bouaghi, Algeria<\/p>\n\n\n\n<p class=\"has-text-align-left\">E-mail: hadjadj.mohamed.fethi@sciences<\/p>\n\n\n\n<p class=\"has-text-align-left\">Grade<\/p>\n<\/div><\/div>\n\n\n\n<p class=\"has-text-align-center has-very-light-gray-to-cyan-bluish-gray-gradient-background has-background has-medium-font-size\"><strong>Researcher identity<\/strong><\/p>\n\n\n\n<p class=\"has-text-align-left\">Google Scholar: <a href=\"https:\/\/scholar.google.com\/citations?user=tyPXblEAAAAJ&amp;hl=fr\" data-type=\"URL\" data-id=\"https:\/\/scholar.google.com\/citations?user=tyPXblEAAAAJ&amp;hl=fr\" target=\"_blank\" rel=\"noreferrer noopener\">Link<\/a><\/p>\n\n\n\n<p class=\"has-text-align-left\">ReaserchGate: <a href=\"https:\/\/www.researchgate.net\/profile\/Mohamed-Fethi-Hadjadj\" data-type=\"URL\" data-id=\"https:\/\/www.researchgate.net\/profile\/Mohamed-Fethi-Hadjadj\" target=\"_blank\" rel=\"noreferrer noopener\">Link<\/a><\/p>\n\n\n\n<p class=\"has-text-align-left\">ORCID: <a href=\"https:\/\/orcid.org\/0000-0002-1580-3995\" data-type=\"URL\" data-id=\"https:\/\/orcid.org\/0000-0002-1580-3995\" target=\"_blank\" rel=\"noreferrer noopener\">Link<\/a><\/p>\n\n\n\n<p class=\"has-text-align-center has-very-light-gray-to-cyan-bluish-gray-gradient-background has-background has-medium-font-size\"><strong>Education<\/strong><\/p>\n\n\n\n<p class=\"has-text-align-left\"><strong>Ph.D.&rsquo;s degree in agronomic sciences<\/strong> in progress<\/p>\n\n\n\n<p class=\"has-text-align-left\"><strong>Magister&rsquo;s degree<\/strong> <strong>in agronomic sciences forestry specialty<\/strong><\/p>\n\n\n\n<p class=\"has-text-align-left\"><strong>Engineering\u2019s degree<\/strong> <strong>in agronomic sciences forestry specialty<\/strong><\/p>\n\n\n\n<p class=\"has-text-align-center has-very-light-gray-to-cyan-bluish-gray-gradient-background has-background has-medium-font-size\"><strong>Functions and Affiliations<\/strong><\/p>\n\n\n\n<p class=\"has-text-align-left\"><strong>Associate professor,<\/strong> Feb 2013 to Aug 2019 in University of Chadli Bendjedid \u2013 El Tarf. Algeria<\/p>\n\n\n\n<p class=\"has-text-align-left\"><strong>Associate professor,<\/strong>Sept 2019 to this moment in University of Larbi Ben M\u2019Hidi\u2013 Oum El Bouaghi. Algeria<\/p>\n\n\n\n<p class=\"has-text-align-center has-very-light-gray-to-cyan-bluish-gray-gradient-background has-background has-medium-font-size\"><strong>Teaching modules<\/strong><\/p>\n\n\n\n<p class=\"has-text-align-left\">Pedology (Course and tutorials)<\/p>\n\n\n\n<p class=\"has-text-align-left\">Biodiversity and global change (Course)<\/p>\n\n\n\n<p class=\"has-text-align-left\">GIS and remote sensing (Course and Practical work)<\/p>\n\n\n\n<p class=\"has-text-align-left\">Ethics and university deontology (Course)<\/p>\n\n\n\n<p class=\"has-text-align-left\">Cell biology (tutorials)<\/p>\n\n\n\n<p class=\"has-text-align-left\">Dendrometry (Course and tutorials)<\/p>\n\n\n\n<p class=\"has-text-align-left\">Forest Inventory and Growth Estimation Module (Course and tutorials)<\/p>\n\n\n\n<p class=\"has-text-align-left\">Cartography (Course and tutorials)<\/p>\n\n\n\n<p class=\"has-text-align-left\">GIS (geographic information system) (Course and Practical work)<\/p>\n\n\n\n<p class=\"has-text-align-left\">Forest Management (Course and tutorials)<\/p>\n\n\n\n<p class=\"has-text-align-left\">Soil Conservation and Soil Defense and Restoration (Course and tutorials)<\/p>\n\n\n\n<p class=\"has-text-align-center has-very-light-gray-to-cyan-bluish-gray-gradient-background has-background has-medium-font-size\"><strong>International publications<\/strong><\/p>\n\n\n\n<p class=\"has-text-align-left\">ZAHAL A., SAMAR M. F. et HADJADJ M. F., Analyse spatio-temporelle de la dynamique d\u2019eutrophisation dans un lac peu profond (cas du lac Oubeira nord est alg\u00e9rien) par l\u2019utilisation de la t\u00e9l\u00e9d\u00e9tection. Journal International Sciences et Technique de l\u2019Eau et de l\u2019Environnement, ISSN (electronic): 1737-9350 ; ISSN (printed): 1737-6688; Volume III, Num\u00e9ro 2 &#8211; Ao\u00fbt 2018. Proceeding Book. Pages 184 \u2013 189<\/p>\n\n\n\n<p class=\"has-text-align-left\">DEKHINAT S., HADJADJ M.F. &amp; CHAOUI A., Comparing the NDVI of the north and south hillsides of the Natural Reserve of Mounts BELEZMA by decision tree. International conference of GIS-Users, TAZA GIS days, May 23-24, 2012, Proceeding Book. Pages 139 \u2013 141<\/p>\n\n\n\n<p class=\"has-text-align-center has-very-light-gray-to-cyan-bluish-gray-gradient-background has-background has-medium-font-size\"><strong>Interests and Qualifications<\/strong><\/p>\n\n\n\n<p class=\"has-text-align-left\"><strong>Interests:<\/strong> Forestry, GIS, Remote sensing, Cartography, Water quality, Environment and Ecology, Landcover and Landscape change, Drought, Climate change<\/p>\n\n\n\n<p class=\"has-text-align-left\"><strong>Qualifications<\/strong><\/p>\n\n\n\n<p class=\"has-text-align-left\">Magister in Forest sciences.<\/p>\n\n\n\n<p class=\"has-text-align-left\">Graduate Diploma (Engineering) in Forest Science<\/p>\n\n\n\n<p class=\"has-text-align-left\">Baccalaureate in Natural Sciences, Passable Mention<\/p>\n\n\n\n<figure class=\"wp-block-pullquote has-white-color has-text-color\"><blockquote><p>PDF version: <a href=\"https:\/\/www.univ-oeb.dz\/fsesnv\/wp-content\/uploads\/2023\/03\/Hadjadj-Short-CV.pdf\">Hadjadj Short CV<\/a><\/p><\/blockquote><\/figure>\n","protected":false},"excerpt":{"rendered":"<p>Assistant Prof. Mohamed-Fethi Hadjadj Assistant Professor, University of Oum El Bouaghi, Algeria E-mail: hadjadj.mohamed.fethi@sciences Grade Researcher identity Google Scholar: Link ReaserchGate: Link ORCID: Link Education Ph.D.&rsquo;s degree in agronomic sciences in progress Magister&rsquo;s degree in agronomic sciences forestry specialty Engineering\u2019s degree in agronomic sciences forestry specialty Functions and Affiliations Associate professor, Feb 2013 to Aug &hellip;<\/p>\n","protected":false},"author":1,"featured_media":0,"parent":0,"menu_order":0,"comment_status":"closed","ping_status":"closed","template":"","meta":{"footnotes":""},"class_list":["post-4153","page","type-page","status-publish","hentry"],"_links":{"self":[{"href":"https:\/\/www.univ-oeb.dz\/fsesnv\/wp-json\/wp\/v2\/pages\/4153","targetHints":{"allow":["GET"]}}],"collection":[{"href":"https:\/\/www.univ-oeb.dz\/fsesnv\/wp-json\/wp\/v2\/pages"}],"about":[{"href":"https:\/\/www.univ-oeb.dz\/fsesnv\/wp-json\/wp\/v2\/types\/page"}],"author":[{"embeddable":true,"href":"https:\/\/www.univ-oeb.dz\/fsesnv\/wp-json\/wp\/v2\/users\/1"}],"replies":[{"embeddable":true,"href":"https:\/\/www.univ-oeb.dz\/fsesnv\/wp-json\/wp\/v2\/comments?post=4153"}],"version-history":[{"count":0,"href":"https:\/\/www.univ-oeb.dz\/fsesnv\/wp-json\/wp\/v2\/pages\/4153\/revisions"}],"wp:attachment":[{"href":"https:\/\/www.univ-oeb.dz\/fsesnv\/wp-json\/wp\/v2\/media?parent=4153"}],"curies":[{"name":"wp","href":"https:\/\/api.w.org\/{rel}","templated":true}]}}