{"id":4141,"date":"2023-03-26T20:01:24","date_gmt":"2023-03-26T19:01:24","guid":{"rendered":"http:\/\/www.univ-oeb.dz\/fsesnv\/?page_id=4141"},"modified":"2023-04-27T13:11:36","modified_gmt":"2023-04-27T12:11:36","slug":"curriculum-vitae-lefrada-leila","status":"publish","type":"page","link":"https:\/\/www.univ-oeb.dz\/fsesnv\/curriculum-vitae-lefrada-leila\/","title":{"rendered":"Curriculum Vitae Lefrada Leila"},"content":{"rendered":"\n<div class=\"wp-block-media-text is-stacked-on-mobile\" style=\"grid-template-columns:24% auto\"><figure class=\"wp-block-media-text__media\"><img fetchpriority=\"high\" decoding=\"async\" width=\"219\" height=\"230\" src=\"https:\/\/www.univ-oeb.dz\/fsesnv\/wp-content\/uploads\/2023\/03\/images.png\" alt=\"\" class=\"wp-image-4237 size-full\"\/><\/figure><div class=\"wp-block-media-text__content\">\n<p class=\"has-text-align-left\">Prof: Lefrada Leila<\/p>\n\n\n\n<p class=\"has-text-align-left\">M. C. A, Chemistry &nbsp;Department, University of Oum El Bouaghi, Algeria<\/p>\n\n\n\n<p class=\"has-text-align-left\">E-mail: lefrada.leila@univ-oeb.dz<\/p>\n\n\n\n<p class=\"has-text-align-left\">Mobile: 0665029493<\/p>\n\n\n\n<p class=\"has-text-align-left\">Grade<\/p>\n<\/div><\/div>\n\n\n\n<p class=\"has-text-align-center has-very-light-gray-to-cyan-bluish-gray-gradient-background has-background has-medium-font-size\"><strong>Researcher identity<\/strong><\/p>\n\n\n\n<p class=\"has-text-align-left\">google scholar: <a href=\"https:\/\/scholar.google.com\/citations?hl=fr&amp;user=n8ffST8AAAAJ\" data-type=\"URL\" data-id=\"https:\/\/scholar.google.com\/citations?hl=fr&amp;user=n8ffST8AAAAJ\">Link<\/a><\/p>\n\n\n\n<p class=\"has-text-align-left\">ReaserchGate: &nbsp;<a href=\"https:\/\/www.researchgate.net\/profile\/Leila-Lefrada-2\" data-type=\"URL\" data-id=\"https:\/\/www.researchgate.net\/profile\/Leila-Lefrada-2\">Link<\/a><\/p>\n\n\n\n<p class=\"has-text-align-left\">ORCID : <a href=\"https:\/\/orcid.org\/0000-0002-7810-530X\" data-type=\"URL\" data-id=\"https:\/\/orcid.org\/0000-0002-7810-530X\">Link<\/a><\/p>\n\n\n\n<p class=\"has-text-align-center has-very-light-gray-to-cyan-bluish-gray-gradient-background has-background has-medium-font-size\"><strong>Education<\/strong><\/p>\n\n\n\n<p class=\"has-text-align-left\"><strong>Ph.D.&rsquo;s degree<\/strong> in Chemistry<\/p>\n\n\n\n<p class=\"has-text-align-left\"><strong>Master&rsquo;s degree<\/strong> in Chemistry<\/p>\n\n\n\n<p class=\"has-text-align-left\"><strong>License&rsquo;s degree<\/strong> in Chemistry<\/p>\n\n\n\n<p class=\"has-text-align-center has-very-light-gray-to-cyan-bluish-gray-gradient-background has-background has-medium-font-size\"><strong>Functions and Affiliations<\/strong><\/p>\n\n\n\n<p class=\"has-text-align-left\"><strong>MCA<\/strong><\/p>\n\n\n\n<p class=\"has-text-align-left\">Membre en Laboratoire des Sciences Analytiques, Mat\u00e9riaux et Environnement&nbsp; (SAME)<\/p>\n\n\n\n<p class=\"has-text-align-center has-very-light-gray-to-cyan-bluish-gray-gradient-background has-background has-medium-font-size\"><strong>Teaching modules<\/strong><\/p>\n\n\n\n<p class=\"has-text-align-left\">Cours and TD <a href=\"http:\/\/tele-ens.univ-oeb.dz\/moodle\/course\/view.php?id=3551\">M\u00e9thodes chromatographiques I<\/a><\/p>\n\n\n\n<p class=\"has-text-align-left\">Cours and TD&nbsp; St\u00e9r\u00e9ochimie et synth\u00e8se asym\u00e9trique<\/p>\n\n\n\n<p class=\"has-text-align-left\">Cours and TD chimie organique approfondie 1<\/p>\n\n\n\n<p class=\"has-text-align-left\">Cours and TD chimie organique approfondie 2<\/p>\n\n\n\n<p class=\"has-text-align-left\">Cours and TD chimie g\u00e9n\u00e9rale<\/p>\n\n\n\n<p class=\"has-text-align-left\">TP Chimie Analytique <a href=\"http:\/\/tele-ens.univ-oeb.dz\/moodle\/course\/view.php?id=1667\"><br><\/a><\/p>\n\n\n\n<p class=\"has-text-align-center has-very-light-gray-to-cyan-bluish-gray-gradient-background has-background has-medium-font-size\"><strong>International publications<\/strong><\/p>\n\n\n\n<p class=\"has-text-align-left\"><strong><u>Leila Lefrada<\/u>,<\/strong> Randolf K\u00f6hn, Ahcene Bouchemma, Frank Schaper,&nbsp; Malki Souhila.  Synthesis and Characterization<strong> <\/strong>of new asymmetric triazacyclohexanes compounds International Journal of Innovation and Applied Studies. ISSN 2028-9324 Vol. 25 No.3.&nbsp; <strong>2019<\/strong><\/p>\n\n\n\n<p class=\"has-text-align-left\">Malki Souhila, <strong><u>Leila Lefrada<\/u>,<\/strong> Wissam Mazouz,&nbsp; Frank Schaper,&nbsp; Ahcene Bouchemma,&nbsp; meriem hadjem,&nbsp; and Mustapha Bouhenguel. Synthesis , spectral studies and antimicrobial activity of new hexahydrotriazine compound Journal of New Technology and Materials (JNTM) Vol. 07, N 02 <strong>(2017)<\/strong> 113-116 University of Oum El Bouaghi, Algeria<\/p>\n\n\n\n<figure class=\"wp-block-pullquote has-white-color has-text-color\"><blockquote><p>PDF version: <a href=\"https:\/\/www.univ-oeb.dz\/fsesnv\/wp-content\/uploads\/2023\/03\/Short-CVlefrada-leila.pdf\">Short CVlefrada leila<\/a><br>Scopus: <a href=\"https:\/\/www.scopus.com\/authid\/detail.uri?authorId=55758817500\" data-type=\"URL\" data-id=\"https:\/\/www.scopus.com\/authid\/detail.uri?authorId=55758817500\">Lefrada, Leila<\/a><\/p><\/blockquote><\/figure>\n","protected":false},"excerpt":{"rendered":"<p>Prof: Lefrada Leila M. C. A, Chemistry &nbsp;Department, University of Oum El Bouaghi, Algeria E-mail: lefrada.leila@univ-oeb.dz Mobile: 0665029493 Grade Researcher identity google scholar: Link ReaserchGate: &nbsp;Link ORCID : Link Education Ph.D.&rsquo;s degree in Chemistry Master&rsquo;s degree in Chemistry License&rsquo;s degree in Chemistry Functions and Affiliations MCA Membre en Laboratoire des Sciences Analytiques, Mat\u00e9riaux et Environnement&nbsp; &hellip;<\/p>\n","protected":false},"author":1,"featured_media":0,"parent":0,"menu_order":0,"comment_status":"closed","ping_status":"closed","template":"","meta":{"footnotes":""},"class_list":["post-4141","page","type-page","status-publish","hentry"],"_links":{"self":[{"href":"https:\/\/www.univ-oeb.dz\/fsesnv\/wp-json\/wp\/v2\/pages\/4141","targetHints":{"allow":["GET"]}}],"collection":[{"href":"https:\/\/www.univ-oeb.dz\/fsesnv\/wp-json\/wp\/v2\/pages"}],"about":[{"href":"https:\/\/www.univ-oeb.dz\/fsesnv\/wp-json\/wp\/v2\/types\/page"}],"author":[{"embeddable":true,"href":"https:\/\/www.univ-oeb.dz\/fsesnv\/wp-json\/wp\/v2\/users\/1"}],"replies":[{"embeddable":true,"href":"https:\/\/www.univ-oeb.dz\/fsesnv\/wp-json\/wp\/v2\/comments?post=4141"}],"version-history":[{"count":0,"href":"https:\/\/www.univ-oeb.dz\/fsesnv\/wp-json\/wp\/v2\/pages\/4141\/revisions"}],"wp:attachment":[{"href":"https:\/\/www.univ-oeb.dz\/fsesnv\/wp-json\/wp\/v2\/media?parent=4141"}],"curies":[{"name":"wp","href":"https:\/\/api.w.org\/{rel}","templated":true}]}}