{"id":4137,"date":"2023-03-26T19:55:49","date_gmt":"2023-03-26T18:55:49","guid":{"rendered":"http:\/\/www.univ-oeb.dz\/fsesnv\/?page_id=4137"},"modified":"2023-04-27T12:03:44","modified_gmt":"2023-04-27T11:03:44","slug":"curriculum-vitae-goumeidane-faycal","status":"publish","type":"page","link":"https:\/\/www.univ-oeb.dz\/fsesnv\/curriculum-vitae-goumeidane-faycal\/","title":{"rendered":"Curriculum Vitae Goumeidane Fay\u00e7al"},"content":{"rendered":"\n<div class=\"wp-block-media-text is-stacked-on-mobile\" style=\"grid-template-columns:24% auto\"><figure class=\"wp-block-media-text__media\"><img fetchpriority=\"high\" decoding=\"async\" width=\"512\" height=\"512\" src=\"https:\/\/www.univ-oeb.dz\/fsesnv\/wp-content\/uploads\/2023\/03\/666201.png\" alt=\"\" class=\"wp-image-4279 size-full\" srcset=\"https:\/\/www.univ-oeb.dz\/fsesnv\/wp-content\/uploads\/2023\/03\/666201.png 512w, https:\/\/www.univ-oeb.dz\/fsesnv\/wp-content\/uploads\/2023\/03\/666201-300x300.png 300w, https:\/\/www.univ-oeb.dz\/fsesnv\/wp-content\/uploads\/2023\/03\/666201-150x150.png 150w\" sizes=\"(max-width: 512px) 100vw, 512px\" \/><\/figure><div class=\"wp-block-media-text__content\">\n<p class=\"has-text-align-left\">Prof. Goumeidane Fay\u00e7al<\/p>\n\n\n\n<p class=\"has-text-align-left\">Professor, Sciences of Matter &nbsp;Department, University of Oum El Bouaghi, Algeria<\/p>\n\n\n\n<p class=\"has-text-align-left\">E-mail: faycal.goumeidane@univ-oeb.dz.<\/p>\n\n\n\n<p class=\"has-text-align-left\">Grade<\/p>\n<\/div><\/div>\n\n\n\n<p class=\"has-text-align-center has-very-light-gray-to-cyan-bluish-gray-gradient-background has-background has-medium-font-size\"><strong>Researcher identity<\/strong><\/p>\n\n\n\n<p class=\"has-text-align-left\">Google Scholar: &nbsp;<a href=\"https:\/\/scholar.google.fr\/citations?hl=fr&amp;user=EagrzXcAAAAJ&amp;view_op=list_works&amp;authuser=1\" data-type=\"URL\" data-id=\"https:\/\/scholar.google.fr\/citations?hl=fr&amp;user=EagrzXcAAAAJ&amp;view_op=list_works&amp;authuser=1\">Link<\/a><\/p>\n\n\n\n<p class=\"has-text-align-left\">ReaserchGate: <a href=\"https:\/\/www.researchgate.net\/profile\/Goumeidane-Faycal\" data-type=\"URL\" data-id=\"https:\/\/www.researchgate.net\/profile\/Goumeidane-Faycal\">Link<\/a><\/p>\n\n\n\n<p class=\"has-text-align-left\">ORCID: 0000-0001-9027-8599<\/p>\n\n\n\n<p class=\"has-text-align-center has-very-light-gray-to-cyan-bluish-gray-gradient-background has-background has-medium-font-size\"><strong>Education<\/strong><\/p>\n\n\n\n<p class=\"has-text-align-left\">Ph.D.&rsquo;s degree in materials science, &nbsp;Biskra university, Algeria.<\/p>\n\n\n\n<p class=\"has-text-align-left\">Ph.D.&rsquo;s degree in materials chemistry, Rennes 1 university, Frence<\/p>\n\n\n\n<p class=\"has-text-align-center has-very-light-gray-to-cyan-bluish-gray-gradient-background has-background has-medium-font-size\"><strong>Functions and Affiliations<\/strong><\/p>\n\n\n\n<p class=\"has-text-align-left\">Professor, in the Department of the Sciences of Matter<\/p>\n\n\n\n<p class=\"has-text-align-left\">Head of Departmentof the Sciences of Matter<\/p>\n\n\n\n<p class=\"has-text-align-center has-very-light-gray-to-cyan-bluish-gray-gradient-background has-background has-medium-font-size\"><strong>Teaching modules<\/strong><\/p>\n\n\n\n<div class=\"wp-block-group\"><div class=\"wp-block-group__inner-container is-layout-constrained wp-block-group-is-layout-constrained\">\n<figure class=\"wp-block-table\"><table><tbody><tr><td class=\"has-text-align-left\" data-align=\"left\"><strong>Module ou mati\u00e8re enseign\u00e9s<\/strong><\/td><td><strong>Ann\u00e9e d&rsquo;enseignement<\/strong><\/td><td><strong>Licence<\/strong><strong><\/strong><\/td><td><strong>Master<\/strong><\/td><\/tr><tr><td class=\"has-text-align-left\" data-align=\"left\">Travaux Pratique Cristallographie<\/td><td>2017\/2018<\/td><td>X<\/td><td>&nbsp;<\/td><\/tr><tr><td class=\"has-text-align-left\" data-align=\"left\">Vibration, Onde et Optique<\/td><td>X<\/td><td>&nbsp;<\/td><\/tr><tr><td class=\"has-text-align-left\" data-align=\"left\">M\u00e9thode d\u2019analyse et de&nbsp; Caract\u00e9risation<\/td><td>&nbsp;<\/td><td>X<\/td><\/tr><tr><td class=\"has-text-align-left\" data-align=\"left\">Analyse et caract\u00e9risation des mat\u00e9riaux<\/td><td>X<\/td><td>&nbsp;<\/td><\/tr><tr><td class=\"has-text-align-left\" data-align=\"left\">Vibrations, Ondes et Optique<\/td><td>&nbsp; 2018\/2019<\/td><td>X<\/td><td><\/td><\/tr><tr><td class=\"has-text-align-left\" data-align=\"left\">Analyse et caract\u00e9risation des mat\u00e9riaux<\/td><td>X<\/td><td>&nbsp;<\/td><\/tr><tr><td class=\"has-text-align-left\" data-align=\"left\">Vibrations, Ondes et Optique<\/td><td>&nbsp; 2019\/2020<\/td><td>X<\/td><td>&nbsp;<\/td><\/tr><tr><td class=\"has-text-align-left\" data-align=\"left\">Analyse et caract\u00e9risation des mat\u00e9riaux<\/td><td>X<\/td><td>&nbsp;<\/td><\/tr><tr><td class=\"has-text-align-left\" data-align=\"left\">Nanotechnologie<\/td><td>X<\/td><td>&nbsp;<\/td><\/tr><tr><td class=\"has-text-align-left\" data-align=\"left\">TRAVAUX PRATIQUE 2<\/td><td>&nbsp;<\/td><td>X<\/td><\/tr><tr><td class=\"has-text-align-left\" data-align=\"left\">Vibration, Onde et Optique<\/td><td>&nbsp; 2020\/2021<\/td><td>X<\/td><td>&nbsp;<\/td><\/tr><tr><td class=\"has-text-align-left\" data-align=\"left\">Informatique 2<\/td><td>&nbsp;<\/td><td>X<\/td><\/tr><tr><td class=\"has-text-align-left\" data-align=\"left\">TRAVAUX PRATIQUE 2<\/td><td>&nbsp;<\/td><td>X<\/td><\/tr><tr><td class=\"has-text-align-left\" data-align=\"left\">Analyse et caract\u00e9risation des mat\u00e9riaux<\/td><td>X<\/td><td>&nbsp;<\/td><\/tr><tr><td class=\"has-text-align-left\" data-align=\"left\">Vibration, Onde et Optique<\/td><td>&nbsp; 2021\/2022<\/td><td>X<\/td><td>&nbsp;<\/td><\/tr><tr><td class=\"has-text-align-left\" data-align=\"left\">Informatique 2<\/td><td>&nbsp;<\/td><td>X<\/td><\/tr><tr><td class=\"has-text-align-left\" data-align=\"left\">TRAVAUX PRATIQUE 2<\/td><td>&nbsp;<\/td><td>X<\/td><\/tr><\/tbody><\/table><\/figure>\n<\/div><\/div>\n\n\n\n<p class=\"has-text-align-center has-very-light-gray-to-cyan-bluish-gray-gradient-background has-background has-medium-font-size\"><strong>International publications<\/strong><\/p>\n\n\n\n<p class=\"has-text-align-left\">M. Iezid, F. Goumeidane, A. Abidi, M. Poulain, M. Legouera, Judd-Ofelt analysis &nbsp;and luminescence studies of Er3+ doped halogeno-antimonate glasses, Optical Materials, <strong>2021<\/strong><\/p>\n\n\n\n<p class=\"has-text-align-left\">M. Iezid, F. Goumeidane, A. Abidi, M. Poulain, M. Legouera, G. Lakshminarayana, P. Syam Prasad, P. Venkateswara Rao, Optical and devitrification kinetic studies of chloro-antimonate glasses, Optical Materials, <strong>2020<\/strong><\/p>\n\n\n\n<p class=\"has-text-align-left\">M. Iezid, F. Goumeidane, A. Abidi, N. Gherraf, M. Legouera, M. Poulain, T. Satyanarayana,, P. Syam Prasad, P. Venkateswara Rao,&nbsp; Spectroscopic analysis of up conversion luminescence in doped halogenoantimonite glass, Ceramics International, <strong>2018<\/strong>, www.elsevier.com\/ locate\/ceramint<\/p>\n\n\n\n<p class=\"has-text-align-left\"><strong>F. Goumeidane<\/strong>, M. Iezid, B. Melik, K. Ouannes, M. Legouera, M. Poulain, T. Satyanarayana, P. Syam Prasad, P. Venkateswara Rao, Influence of molybdenum oxide on structural, optical and physical properties of oxychloride glasses for nonlinear optical devices, Ceramics International, <strong>2017<\/strong>, www.elsevier.com\/ locate\/ceramint<\/p>\n\n\n\n<p class=\"has-text-align-left\">Baya Melik, Mostapha Iezid, <strong>Fay\u00e7al Goumeidane<\/strong>, Messaoud Legouera, Structure and mechanical properties of steels for thermochemical treatment, Mathematical Modelling of Engineering Problems, vol 4, N\u00b01, <strong>Mars 2017<\/strong>, 23-25<\/p>\n\n\n\n<p class=\"has-text-align-left\">Vladim\u00edr Laba\u0161, Marcel Poulain, Marian Kubliha, Viera Trnovcov\u00e1, <strong>Fay\u00e7al Goumeidane<\/strong> , Electrical, dielectric and optical properties of Sb2O3\u2013PbCl2\u2013MoO3 glasses, Journal of&nbsp; Non Crystalline Solids, <strong>Janvier 2013<\/strong>. journal homepage, www.elsevier.com\/ locate\/ jnoncrysol<\/p>\n\n\n\n<p class=\"has-text-align-left\"><strong>F. Goumeidane<\/strong> , M. Legouera , M. Iezid , M. Poulain , V. Nazabal , R. Lebullenger, \u2018\u2018 Synthesis and physical properties of glasses in the Sb2O3\u2013PbCl2\u2013MoO3 system \u2018\u2018 , Journal of Non-Crystalline Solids 357 (<strong>2011<\/strong>) 3572\u20133577 &#8211;&nbsp; journal homepage, www.elsevier.com\/ locate\/ jnoncrysol<\/p>\n\n\n\n<p class=\"has-text-align-left\">M. Iezid , M. Legouera , <strong>F. Goumeidane<\/strong> , M. Poulain , V. Nazabal , R. Lebullenger, \u2018\u2018Glass formation in the Sb2O3\u2013CdCl2\u2013SrCl2 ternary syste \u2018\u2018 , Journal of Non-Crystalline Solids 357 (<strong>2011<\/strong>) 2984\u20132988- journal homepage, www.elsevier.com\/ locate\/ jnoncrysol<\/p>\n\n\n\n<p class=\"has-text-align-left\">F Rahal, S Saidi, <strong>F Goumeidane<\/strong>, M Iezid, R Lakhdari, M Legouera, \u201dNouveaux verrex oxybromes \u00e0 base d\u2019oxyde d\u2019antimoine\u201d, Algerian Journal of Advanced Materials 5, 69 (<strong>2008<\/strong>)<\/p>\n\n\n\n<p class=\"has-text-align-center has-very-light-gray-to-cyan-bluish-gray-gradient-background has-background has-medium-font-size\"><strong>Interests and Qualifications<\/strong><\/p>\n\n\n\n<p class=\"has-text-align-left\"><strong>Interests: <\/strong>materials&nbsp; caracterization.<\/p>\n\n\n\n<p class=\"has-text-align-left\"><strong>Qualifications: glasses, steel, cast iron<\/strong><strong><\/strong><\/p>\n\n\n\n<figure class=\"wp-block-pullquote has-white-color has-text-color\"><blockquote><p>PDF version: <a href=\"https:\/\/www.univ-oeb.dz\/fsesnv\/wp-content\/uploads\/2023\/03\/goumeidane-CV-.pdf\">goumeidane CV<\/a><br>Scopus: <a href=\"https:\/\/www.scopus.com\/authid\/detail.uri?authorId=42061577900\" data-type=\"URL\" data-id=\"https:\/\/www.scopus.com\/authid\/detail.uri?authorId=42061577900\">Goumeidane, F.<\/a><\/p><\/blockquote><\/figure>\n","protected":false},"excerpt":{"rendered":"<p>Prof. Goumeidane Fay\u00e7al Professor, Sciences of Matter &nbsp;Department, University of Oum El Bouaghi, Algeria E-mail: faycal.goumeidane@univ-oeb.dz. Grade Researcher identity Google Scholar: &nbsp;Link ReaserchGate: Link ORCID: 0000-0001-9027-8599 Education Ph.D.&rsquo;s degree in materials science, &nbsp;Biskra university, Algeria. Ph.D.&rsquo;s degree in materials chemistry, Rennes 1 university, Frence Functions and Affiliations Professor, in the Department of the Sciences of &hellip;<\/p>\n","protected":false},"author":1,"featured_media":0,"parent":0,"menu_order":0,"comment_status":"closed","ping_status":"closed","template":"","meta":{"footnotes":""},"class_list":["post-4137","page","type-page","status-publish","hentry"],"_links":{"self":[{"href":"https:\/\/www.univ-oeb.dz\/fsesnv\/wp-json\/wp\/v2\/pages\/4137","targetHints":{"allow":["GET"]}}],"collection":[{"href":"https:\/\/www.univ-oeb.dz\/fsesnv\/wp-json\/wp\/v2\/pages"}],"about":[{"href":"https:\/\/www.univ-oeb.dz\/fsesnv\/wp-json\/wp\/v2\/types\/page"}],"author":[{"embeddable":true,"href":"https:\/\/www.univ-oeb.dz\/fsesnv\/wp-json\/wp\/v2\/users\/1"}],"replies":[{"embeddable":true,"href":"https:\/\/www.univ-oeb.dz\/fsesnv\/wp-json\/wp\/v2\/comments?post=4137"}],"version-history":[{"count":0,"href":"https:\/\/www.univ-oeb.dz\/fsesnv\/wp-json\/wp\/v2\/pages\/4137\/revisions"}],"wp:attachment":[{"href":"https:\/\/www.univ-oeb.dz\/fsesnv\/wp-json\/wp\/v2\/media?parent=4137"}],"curies":[{"name":"wp","href":"https:\/\/api.w.org\/{rel}","templated":true}]}}