{"id":4107,"date":"2023-03-26T11:33:21","date_gmt":"2023-03-26T10:33:21","guid":{"rendered":"http:\/\/www.univ-oeb.dz\/fsesnv\/?page_id=4107"},"modified":"2023-04-18T11:40:05","modified_gmt":"2023-04-18T10:40:05","slug":"curriculum-vitae-saihia-asma","status":"publish","type":"page","link":"https:\/\/www.univ-oeb.dz\/fsesnv\/curriculum-vitae-saihia-asma\/","title":{"rendered":"Curriculum Vitae SAIHIA Asma"},"content":{"rendered":"\n<div class=\"wp-block-media-text is-stacked-on-mobile\" style=\"grid-template-columns:24% auto\"><figure class=\"wp-block-media-text__media\"><img fetchpriority=\"high\" decoding=\"async\" width=\"219\" height=\"230\" src=\"https:\/\/www.univ-oeb.dz\/fsesnv\/wp-content\/uploads\/2023\/03\/images.png\" alt=\"\" class=\"wp-image-4237 size-full\"\/><\/figure><div class=\"wp-block-media-text__content\">\n<p class=\"has-text-align-left\"><strong>Prof.<\/strong> SAIHIA Asma<\/p>\n\n\n\n<p class=\"has-text-align-left\"><strong>Department<\/strong> of nature and life sciences, University of Larbi Ben Mhidi Oum El Bouaghi, Algeria.<\/p>\n\n\n\n<p class=\"has-text-align-left\"><strong>E-mail :<\/strong> asma_bio23@hotmail.fr<\/p>\n\n\n\n<p class=\"has-text-align-left\"><strong>Mobile :<\/strong> 0664846854<\/p>\n\n\n\n<p class=\"has-text-align-left\">Grade<\/p>\n<\/div><\/div>\n\n\n\n<p class=\"has-text-align-center has-very-light-gray-to-cyan-bluish-gray-gradient-background has-background has-medium-font-size\"><strong>Researcher identity<\/strong><\/p>\n\n\n\n<p class=\"has-text-align-left\"><strong>Google Scholar:<\/strong>\u00a0 <a href=\"https:\/\/scholar.google.com\/citations?hl=fr&amp;user=YSpALr8AAAAJ\" data-type=\"URL\" data-id=\"https:\/\/scholar.google.com\/citations?hl=fr&amp;user=YSpALr8AAAAJ\">Link<\/a><\/p>\n\n\n\n<p class=\"has-text-align-left\"><strong>ReaserchGate:<\/strong> <a href=\"https:\/\/www.researchgate.net\/profile\/Asma-Saihia\" data-type=\"URL\" data-id=\"https:\/\/www.researchgate.net\/profile\/Asma-Saihia\">Link<\/a><\/p>\n\n\n\n<p class=\"has-text-align-left\"><strong>ORCID:<\/strong> <a href=\"https:\/\/orcid.org\/my-orcid?orcid=0000-0003-0830-5274\" data-type=\"URL\" data-id=\"https:\/\/orcid.org\/my-orcid?orcid=0000-0003-0830-5274\">Link<\/a><\/p>\n\n\n\n<p class=\"has-text-align-center has-very-light-gray-to-cyan-bluish-gray-gradient-background has-background has-medium-font-size\"><strong>Education<\/strong><\/p>\n\n\n\n<p class=\"has-text-align-left\"><strong>Ph.D.&rsquo;s degree<\/strong> in Animal and environmental biology option reproduction and development<\/p>\n\n\n\n<p class=\"has-text-align-left\"><strong>Master&rsquo;s degree<\/strong> in Ecophysiology of animal reproduction<\/p>\n\n\n\n<p class=\"has-text-align-left\"><strong>License&rsquo;s degree<\/strong> in Behavior and adaptation<\/p>\n\n\n\n<p class=\"has-text-align-center has-very-light-gray-to-cyan-bluish-gray-gradient-background has-background has-medium-font-size\"><strong>Functions and Affiliations<\/strong><\/p>\n\n\n\n<p class=\"has-text-align-left\"><a><strong>Associate professor, <\/strong><\/a>Associate professor A<\/p>\n\n\n\n<p class=\"has-text-align-left\"><em>Department of Nature and Life Sciences, Faculty of Exact Sciences and Nature and Life Sciences, University of Larbi Ben M\u2019hidi, Oum Elbouaghi, Algeria<\/em><\/p>\n\n\n\n<p class=\"has-text-align-center has-very-light-gray-to-cyan-bluish-gray-gradient-background has-background has-medium-font-size\"><strong>Teaching modules<\/strong><\/p>\n\n\n\n<p class=\"has-text-align-left\">Embryonic development (license in biology and animal physiology)<\/p>\n\n\n\n<p class=\"has-text-align-left\">animal biology (1<sup>st<\/sup> license)<\/p>\n\n\n\n<p class=\"has-text-align-left\">Immunology (2<sup>nd<\/sup> license)<\/p>\n\n\n\n<p class=\"has-text-align-left\">zoology (2<sup>nd<\/sup> license)<\/p>\n\n\n\n<p class=\"has-text-align-center has-very-light-gray-to-cyan-bluish-gray-gradient-background has-background has-medium-font-size\"><strong>International publications<\/strong><\/p>\n\n\n\n<p class=\"has-text-align-left\"><strong>Asma Saihia, Khiel Saida and Lounis Moufida<\/strong> , Amelioration of ethanol reprotoxicity by aqueous <em>Spinacia oleracea<\/em> extract in male rabbits <em>Oryctolagus cuniculus, <\/em>South African journal of experimental biology, 2021, 11(6): 746-750<\/p>\n\n\n\n<p class=\"has-text-align-left\"><strong>Khiel Saida, Allaoua Noua and Saihia Asma<\/strong>, influence of <em>Punica Granatum<\/em> peel on sperm parameters of domestic rabbits (<em>Oryctolagus cuniculus<\/em>) in zinc chloride induced toxicity, South African journal of experimental biology, 2020, 10(5): 277-284<\/p>\n\n\n\n<p class=\"has-text-align-left\"><strong>Asma Saihia, Kamel Khelili and Med Saleh Boulakoud<\/strong>, Effets d\u2019\u00e9thanol sur la fertilit\u00e9 du lapin m\u00e2le adulte Oryctolagus cuniculus, International journal of Biological and Chemical Sciences, 2015, 9(4): 1910-1917<\/p>\n\n\n\n<p class=\"has-text-align-left\"><strong>Asma Saihia, Kamel Khelili and Med Saleh Boulakoud<\/strong>, Ethanol exposure induces liver and kidney injury in adult male rabbits,\u00a0 Annals of Biological Research, 2014, 5 (4):23-26<\/p>\n\n\n\n<figure class=\"wp-block-pullquote has-white-color has-text-color\"><blockquote><p>PDF version: <a href=\"https:\/\/www.univ-oeb.dz\/fsesnv\/wp-content\/uploads\/2023\/03\/Short-CV-Asma-Saihia.pdf\">Short CV Asma Saihia<\/a><\/p><\/blockquote><\/figure>\n","protected":false},"excerpt":{"rendered":"<p>Prof. SAIHIA Asma Department of nature and life sciences, University of Larbi Ben Mhidi Oum El Bouaghi, Algeria. E-mail : asma_bio23@hotmail.fr Mobile : 0664846854 Grade Researcher identity Google Scholar:\u00a0 Link ReaserchGate: Link ORCID: Link Education Ph.D.&rsquo;s degree in Animal and environmental biology option reproduction and development Master&rsquo;s degree in Ecophysiology of animal reproduction License&rsquo;s degree &hellip;<\/p>\n","protected":false},"author":1,"featured_media":0,"parent":0,"menu_order":0,"comment_status":"closed","ping_status":"closed","template":"","meta":{"footnotes":""},"class_list":["post-4107","page","type-page","status-publish","hentry"],"_links":{"self":[{"href":"https:\/\/www.univ-oeb.dz\/fsesnv\/wp-json\/wp\/v2\/pages\/4107","targetHints":{"allow":["GET"]}}],"collection":[{"href":"https:\/\/www.univ-oeb.dz\/fsesnv\/wp-json\/wp\/v2\/pages"}],"about":[{"href":"https:\/\/www.univ-oeb.dz\/fsesnv\/wp-json\/wp\/v2\/types\/page"}],"author":[{"embeddable":true,"href":"https:\/\/www.univ-oeb.dz\/fsesnv\/wp-json\/wp\/v2\/users\/1"}],"replies":[{"embeddable":true,"href":"https:\/\/www.univ-oeb.dz\/fsesnv\/wp-json\/wp\/v2\/comments?post=4107"}],"version-history":[{"count":0,"href":"https:\/\/www.univ-oeb.dz\/fsesnv\/wp-json\/wp\/v2\/pages\/4107\/revisions"}],"wp:attachment":[{"href":"https:\/\/www.univ-oeb.dz\/fsesnv\/wp-json\/wp\/v2\/media?parent=4107"}],"curies":[{"name":"wp","href":"https:\/\/api.w.org\/{rel}","templated":true}]}}