{"id":4062,"date":"2023-03-26T10:14:30","date_gmt":"2023-03-26T09:14:30","guid":{"rendered":"http:\/\/www.univ-oeb.dz\/fsesnv\/?page_id=4062"},"modified":"2023-04-18T09:46:48","modified_gmt":"2023-04-18T08:46:48","slug":"curriculum-vitae-meradi-laarem","status":"publish","type":"page","link":"https:\/\/www.univ-oeb.dz\/fsesnv\/curriculum-vitae-meradi-laarem\/","title":{"rendered":"Curriculum Vitae Meradi laarem"},"content":{"rendered":"\n<div class=\"wp-block-media-text is-stacked-on-mobile\" style=\"grid-template-columns:24% auto\"><figure class=\"wp-block-media-text__media\"><img fetchpriority=\"high\" decoding=\"async\" width=\"512\" height=\"512\" src=\"https:\/\/www.univ-oeb.dz\/fsesnv\/wp-content\/uploads\/2023\/03\/666201.png\" alt=\"\" class=\"wp-image-4279 size-full\" srcset=\"https:\/\/www.univ-oeb.dz\/fsesnv\/wp-content\/uploads\/2023\/03\/666201.png 512w, https:\/\/www.univ-oeb.dz\/fsesnv\/wp-content\/uploads\/2023\/03\/666201-300x300.png 300w, https:\/\/www.univ-oeb.dz\/fsesnv\/wp-content\/uploads\/2023\/03\/666201-150x150.png 150w\" sizes=\"(max-width: 512px) 100vw, 512px\" \/><\/figure><div class=\"wp-block-media-text__content\">\n<p class=\"has-text-align-left\">Prof: merdi laarem<\/p>\n\n\n\n<p class=\"has-text-align-left\">Prof. natural and life sciences department, University of Oum El Bouaghi, Algeria<\/p>\n\n\n\n<p class=\"has-text-align-left\">Mobile: 0669832095<\/p>\n\n\n\n<p class=\"has-text-align-left\">Grade<\/p>\n<\/div><\/div>\n\n\n\n<p class=\"has-text-align-center has-very-light-gray-to-cyan-bluish-gray-gradient-background has-background has-medium-font-size\"><strong>Researcher identity<\/strong><\/p>\n\n\n\n<p class=\"has-text-align-left\">Google Scholar: Meradi laarem<\/p>\n\n\n\n<p class=\"has-text-align-left\">ReaserchGate:&nbsp;&nbsp;&nbsp; Meradi laarem<\/p>\n\n\n\n<p class=\"has-text-align-left\">ORCID:0000-0002-0017-8082<\/p>\n\n\n\n<p class=\"has-text-align-center has-very-light-gray-to-cyan-bluish-gray-gradient-background has-background has-medium-font-size\"><strong>Education<\/strong><\/p>\n\n\n\n<p class=\"has-text-align-left\"><strong>Ph.D.&rsquo;s degree<\/strong> in applied microbiology<\/p>\n\n\n\n<p class=\"has-text-align-left\"><strong>Master&rsquo;s degree<\/strong> in applied microbiology<\/p>\n\n\n\n<p class=\"has-text-align-left\"><strong>License&rsquo;s degree<\/strong> in applied microbiology<\/p>\n\n\n\n<p class=\"has-text-align-center has-very-light-gray-to-cyan-bluish-gray-gradient-background has-background has-medium-font-size\"><strong>Functions and Affiliations<\/strong><\/p>\n\n\n\n<p class=\"has-text-align-left\"><strong>Professor, <\/strong>in applied microbiology<\/p>\n\n\n\n<p class=\"has-text-align-center has-very-light-gray-to-cyan-bluish-gray-gradient-background has-background has-medium-font-size\"><strong>Teaching modules<\/strong><\/p>\n\n\n\n<p class=\"has-text-align-left\">Molecular biology<\/p>\n\n\n\n<p class=\"has-text-align-left\">Microbial interactions<\/p>\n\n\n\n<p class=\"has-text-align-left\">Industrial microbiology<\/p>\n\n\n\n<p class=\"has-text-align-left\">Food microbiology<\/p>\n\n\n\n<p class=\"has-text-align-center has-very-light-gray-to-cyan-bluish-gray-gradient-background has-background has-medium-font-size\"><strong>International publications<\/strong><\/p>\n\n\n\n<p class=\"has-text-align-left\"><a href=\"https:\/\/jidc.org\/index.php\/journal\/article\/view\/17168\">Molecular characterization of the whole genome in clinical multidrug-resistant strains of Klebsiella pneumoniae<\/a> The Journal of Infection in Developing\u00a0countries, 2023 &#8211; jidc.org<\/p>\n\n\n\n<p class=\"has-text-align-left\">Occurrence of plasmid-mediated quinolone resistance and virulence genes in avian escherichia coli isolates from Algeria. Journal of Infection in Developing Countries, Volume 11, Issue 2, February 2017, Pages 143-151<\/p>\n\n\n\n<p class=\"has-text-align-left\">R\u00e9sistance aux quinolones de types qnr, aac (6\u2032)-Ib-cr chez les ent\u00e9robact\u00e9ries isol\u00e9es \u00e0 Annaba en Alg\u00e9rie. <a href=\"https:\/\/www.sciencedirect.com\/science\/journal\/03698114\">Pathologie Biologie<\/a>, <a href=\"https:\/\/www.sciencedirect.com\/science\/journal\/03698114\/59\/4\">Volume 59, Issue 4<\/a>,&nbsp;August 2011, Pages e73-e78<strong>&nbsp; <\/strong><a href=\"http:\/\/www.elsevier.com\">http:\/\/www.elsevier.com<\/a><\/p>\n\n\n\n<p class=\"has-text-align-left\">Phenotypic characterization of antimicrobial drug resistance of <em>Staphylococcus aureus <\/em>and<em> S. epidermidis<\/em> strains isolated from various community infections in Oum El Bouaghi city, Algeria.&nbsp;&nbsp;&nbsp;&nbsp;&nbsp;&nbsp;&nbsp;&nbsp;&nbsp;&nbsp;&nbsp;&nbsp;&nbsp;&nbsp;&nbsp;&nbsp;&nbsp;&nbsp;&nbsp;&nbsp;&nbsp;&nbsp;&nbsp;&nbsp;&nbsp;&nbsp;&nbsp;&nbsp;&nbsp;&nbsp;&nbsp;&nbsp;&nbsp;&nbsp;&nbsp;&nbsp;&nbsp;&nbsp;&nbsp;&nbsp;&nbsp;&nbsp;&nbsp;&nbsp;&nbsp;&nbsp;&nbsp;&nbsp;&nbsp;&nbsp;&nbsp;&nbsp;&nbsp;&nbsp;&nbsp;&nbsp;&nbsp;&nbsp;&nbsp;&nbsp;&nbsp;&nbsp;&nbsp;&nbsp;&nbsp;&nbsp;&nbsp;&nbsp;&nbsp;&nbsp;&nbsp;&nbsp;&nbsp;&nbsp;&nbsp;&nbsp;&nbsp;&nbsp;&nbsp;&nbsp;&nbsp;&nbsp;&nbsp;&nbsp;&nbsp;&nbsp;&nbsp;&nbsp;&nbsp;&nbsp;&nbsp;&nbsp;&nbsp;&nbsp;&nbsp;&nbsp;&nbsp;&nbsp;&nbsp;&nbsp;&nbsp;&nbsp;&nbsp;&nbsp;&nbsp;&nbsp;&nbsp;&nbsp;&nbsp;&nbsp;&nbsp;&nbsp;&nbsp;&nbsp;&nbsp;&nbsp;&nbsp;&nbsp;&nbsp; Biodiversitas Journal of Biological Diversity, <a href=\"https:\/\/smujo.id\/biodiv\/issue\/view\/303\">Vol. 22 No. 5 (2021)<\/a> <strong>Online<\/strong>&nbsp;biodiversitas.mipa.uns.ac.id,&nbsp;<a href=\"https:\/\/smujo.id\/biodiv\/\">smujo.id\/biodiv<\/a>, <strong>ISSN<\/strong>: 1412-033X,&nbsp;<strong>E-ISSN<\/strong>: 2085-4722<\/p>\n\n\n\n<p class=\"has-text-align-left\">Antimicrobial drug resistance of <em>Escherichia coli<\/em> strains isolated from urinary tract infection and raw beef meat in Oum El Bouaghi city of Algeria South Asian Journal of Experimental Biology, <a href=\"https:\/\/sajeb.org\/index.php\/sajeb\/issue\/view\/62\">Vol. 11 No. 2 (2021)<\/a>. SAJEB; eISSN: 2230-9799<\/p>\n\n\n\n<p class=\"has-text-align-center has-very-light-gray-to-cyan-bluish-gray-gradient-background has-background has-medium-font-size\"><strong>Interests and Qualifications<\/strong><\/p>\n\n\n\n<p class=\"has-text-align-left\"><strong>Interests: <\/strong>resistance to antibiotics<\/p>\n\n\n\n<p class=\"has-text-align-left\"><strong>Qualifications: molecular bacteriology, drug resistance, food microbiology, clinical microbiology<\/strong><strong><\/strong><\/p>\n\n\n\n<figure class=\"wp-block-pullquote has-white-color has-text-color\"><blockquote><p>PDF version: <a href=\"https:\/\/www.univ-oeb.dz\/fsesnv\/wp-content\/uploads\/2023\/03\/Short-CV-meradi-laarem.pdf\">Short CV meradi laarem<\/a><br>Scopus: <a href=\"https:\/\/www.scopus.com\/authid\/detail.uri?authorId=49861836300\">Meradi, Laarem &#8211; Author details &#8211; Scopus Preview<\/a><\/p><\/blockquote><\/figure>\n","protected":false},"excerpt":{"rendered":"<p>Prof: merdi laarem Prof. natural and life sciences department, University of Oum El Bouaghi, Algeria Mobile: 0669832095 Grade Researcher identity Google Scholar: Meradi laarem ReaserchGate:&nbsp;&nbsp;&nbsp; Meradi laarem ORCID:0000-0002-0017-8082 Education Ph.D.&rsquo;s degree in applied microbiology Master&rsquo;s degree in applied microbiology License&rsquo;s degree in applied microbiology Functions and Affiliations Professor, in applied microbiology Teaching modules Molecular biology &hellip;<\/p>\n","protected":false},"author":1,"featured_media":0,"parent":0,"menu_order":0,"comment_status":"closed","ping_status":"closed","template":"","meta":{"footnotes":""},"class_list":["post-4062","page","type-page","status-publish","hentry"],"_links":{"self":[{"href":"https:\/\/www.univ-oeb.dz\/fsesnv\/wp-json\/wp\/v2\/pages\/4062","targetHints":{"allow":["GET"]}}],"collection":[{"href":"https:\/\/www.univ-oeb.dz\/fsesnv\/wp-json\/wp\/v2\/pages"}],"about":[{"href":"https:\/\/www.univ-oeb.dz\/fsesnv\/wp-json\/wp\/v2\/types\/page"}],"author":[{"embeddable":true,"href":"https:\/\/www.univ-oeb.dz\/fsesnv\/wp-json\/wp\/v2\/users\/1"}],"replies":[{"embeddable":true,"href":"https:\/\/www.univ-oeb.dz\/fsesnv\/wp-json\/wp\/v2\/comments?post=4062"}],"version-history":[{"count":0,"href":"https:\/\/www.univ-oeb.dz\/fsesnv\/wp-json\/wp\/v2\/pages\/4062\/revisions"}],"wp:attachment":[{"href":"https:\/\/www.univ-oeb.dz\/fsesnv\/wp-json\/wp\/v2\/media?parent=4062"}],"curies":[{"name":"wp","href":"https:\/\/api.w.org\/{rel}","templated":true}]}}