{"id":4011,"date":"2023-03-24T11:29:58","date_gmt":"2023-03-24T10:29:58","guid":{"rendered":"http:\/\/www.univ-oeb.dz\/fsesnv\/?page_id=4011"},"modified":"2023-04-27T12:05:08","modified_gmt":"2023-04-27T11:05:08","slug":"curriculum-vitae-nabil-labed","status":"publish","type":"page","link":"https:\/\/www.univ-oeb.dz\/fsesnv\/curriculum-vitae-nabil-labed\/","title":{"rendered":"Curriculum Vitae Nabil LABED"},"content":{"rendered":"\n<div class=\"wp-block-media-text is-stacked-on-mobile\" style=\"grid-template-columns:24% auto\"><figure class=\"wp-block-media-text__media\"><img fetchpriority=\"high\" decoding=\"async\" width=\"512\" height=\"512\" src=\"https:\/\/www.univ-oeb.dz\/fsesnv\/wp-content\/uploads\/2023\/03\/666201.png\" alt=\"\" class=\"wp-image-4279 size-full\" srcset=\"https:\/\/www.univ-oeb.dz\/fsesnv\/wp-content\/uploads\/2023\/03\/666201.png 512w, https:\/\/www.univ-oeb.dz\/fsesnv\/wp-content\/uploads\/2023\/03\/666201-300x300.png 300w, https:\/\/www.univ-oeb.dz\/fsesnv\/wp-content\/uploads\/2023\/03\/666201-150x150.png 150w\" sizes=\"(max-width: 512px) 100vw, 512px\" \/><\/figure><div class=\"wp-block-media-text__content\">\n<p class=\"has-text-align-left\">Prof : Nabil LABED<\/p>\n\n\n\n<p class=\"has-text-align-left\">Professor, <em>Material science<\/em> department, University of Oum El Bouaghi, Algeria<\/p>\n\n\n\n<p class=\"has-text-align-left\">E-mail: nabil_lab@yahoo.fr<\/p>\n\n\n\n<p class=\"has-text-align-left\">Mobile: 0663025310<\/p>\n\n\n\n<p class=\"has-text-align-left\">Grade<\/p>\n<\/div><\/div>\n\n\n\n<p class=\"has-very-light-gray-to-cyan-bluish-gray-gradient-background has-background has-medium-font-size\"><strong>Researcher identity<\/strong><\/p>\n\n\n\n<p class=\"has-text-align-left\">Google Scholar: <a href=\"https:\/\/scholar.google.com.my\/citations?user=yHx4V4YAAAAJ&amp;hl=fr\" data-type=\"URL\" data-id=\"https:\/\/scholar.google.com.my\/citations?user=yHx4V4YAAAAJ&amp;hl=fr\">Link<\/a><\/p>\n\n\n\n<p><\/p>\n\n\n\n<p class=\"has-text-align-center has-very-light-gray-to-cyan-bluish-gray-gradient-background has-background has-medium-font-size\"><strong>Education<\/strong><\/p>\n\n\n\n<p class=\"has-text-align-left\"><strong>Ph.D.&rsquo;s degree<\/strong> in &nbsp;&nbsp;&nbsp;&nbsp; : Thermique, Universit\u00e9 de Poitiers- France<\/p>\n\n\n\n<p class=\"has-text-align-left\"><strong>Master&rsquo;s degree<\/strong> in : in Thermique, Universit\u00e9 de Poitiers- France<\/p>\n\n\n\n<p class=\"has-text-align-left\"><strong>License&rsquo;s degree<\/strong> in : &nbsp;G\u00e9nie climatique, Universit\u00e9 de Constantine<\/p>\n\n\n\n<p class=\"has-text-align-center has-very-light-gray-to-cyan-bluish-gray-gradient-background has-background has-medium-font-size\"><strong>Functions and Affiliations<\/strong><\/p>\n\n\n\n<p class=\"has-text-align-left\"><strong>Professor&nbsp; : MCA<\/strong><\/p>\n\n\n\n<p class=\"has-text-align-center has-very-light-gray-to-cyan-bluish-gray-gradient-background has-background has-medium-font-size\"><strong>Teaching modules<\/strong><\/p>\n\n\n\n<p class=\"has-text-align-left\">M\u00e9canique des fluides<\/p>\n\n\n\n<p class=\"has-text-align-left\">Thermodynamique<\/p>\n\n\n\n<p class=\"has-text-align-left\">Conversion d\u2019\u00e9nergie<\/p>\n\n\n\n<p class=\"has-text-align-left\">Transferts thermiques<\/p>\n\n\n\n<p class=\"has-text-align-left\">Simulation en science des mat\u00e9riaux<\/p>\n\n\n\n<p class=\"has-text-align-left\">Physique num\u00e9rique<\/p>\n\n\n\n<p class=\"has-text-align-left\">Machines hydrauliques et thermiques<\/p>\n\n\n\n<p class=\"has-text-align-center has-very-light-gray-to-cyan-bluish-gray-gradient-background has-background has-medium-font-size\"><strong>International publications<\/strong><\/p>\n\n\n\n<p class=\"has-text-align-left\"><a href=\"https:\/\/scholar.google.com.my\/citations?view_op=view_citation&amp;hl=fr&amp;user=yHx4V4YAAAAJ&amp;citation_for_view=yHx4V4YAAAAJ:9yKSN-GCB0IC\">Experimental study of two-phase flow in porous media with measurement of relative permeability<\/a> Nabil LABED, Lyes BENNAMOUN, Jean Paul Fohr Fluid Dynamics and Materials Processing 8 (4), 423-436<\/p>\n\n\n\n<p class=\"has-text-align-left\"><a href=\"https:\/\/scholar.google.com.my\/citations?view_op=view_citation&amp;hl=fr&amp;user=yHx4V4YAAAAJ&amp;citation_for_view=yHx4V4YAAAAJ:eQOLeE2rZwMC\">Sensitivity of air desiccant cooling system to climatic conditions: a comparative study on many systems<\/a> Mohammed ZEROUALI, Nabil LABED Energy Systems 13, 2020<\/p>\n\n\n\n<p class=\"has-text-align-left\"><a href=\"https:\/\/scholar.google.com.my\/citations?view_op=view_citation&amp;hl=fr&amp;user=yHx4V4YAAAAJ&amp;citation_for_view=yHx4V4YAAAAJ:W7OEmFMy1HYC\">Evaluation of the solar potential of northern Algeria for use in a desiccant air-handling unit. Comparative study between several models<\/a> Amir BARECHE, Nabil LABED Journal of New Technology and Materials 12 (02), 35-42, 2022<\/p>\n\n\n\n<p class=\"has-text-align-center has-very-light-gray-to-cyan-bluish-gray-gradient-background has-background has-medium-font-size\"><strong>Interests and Qualifications<\/strong><\/p>\n\n\n\n<p class=\"has-text-align-left\"><strong>Interests<\/strong> Heat transfer, solar energy, draying<\/p>\n\n\n\n<figure class=\"wp-block-pullquote has-white-color has-text-color\"><blockquote><p>PDF version: <a href=\"https:\/\/www.univ-oeb.dz\/fsesnv\/wp-content\/uploads\/2023\/03\/Short-CV-Nabil-LABED.pdf\">Short CV Nabil LABED<\/a><br>Scopus: <a href=\"https:\/\/www.scopus.com\/authid\/detail.uri?authorId=57189520379\" data-type=\"URL\" data-id=\"https:\/\/www.scopus.com\/authid\/detail.uri?authorId=57189520379\">Labed, Nabil <\/a><\/p><\/blockquote><\/figure>\n","protected":false},"excerpt":{"rendered":"<p>Prof : Nabil LABED Professor, Material science department, University of Oum El Bouaghi, Algeria E-mail: nabil_lab@yahoo.fr Mobile: 0663025310 Grade Researcher identity Google Scholar: Link Education Ph.D.&rsquo;s degree in &nbsp;&nbsp;&nbsp;&nbsp; : Thermique, Universit\u00e9 de Poitiers- France Master&rsquo;s degree in : in Thermique, Universit\u00e9 de Poitiers- France License&rsquo;s degree in : &nbsp;G\u00e9nie climatique, Universit\u00e9 de Constantine Functions &hellip;<\/p>\n","protected":false},"author":1,"featured_media":0,"parent":0,"menu_order":0,"comment_status":"closed","ping_status":"closed","template":"","meta":{"footnotes":""},"class_list":["post-4011","page","type-page","status-publish","hentry"],"_links":{"self":[{"href":"https:\/\/www.univ-oeb.dz\/fsesnv\/wp-json\/wp\/v2\/pages\/4011","targetHints":{"allow":["GET"]}}],"collection":[{"href":"https:\/\/www.univ-oeb.dz\/fsesnv\/wp-json\/wp\/v2\/pages"}],"about":[{"href":"https:\/\/www.univ-oeb.dz\/fsesnv\/wp-json\/wp\/v2\/types\/page"}],"author":[{"embeddable":true,"href":"https:\/\/www.univ-oeb.dz\/fsesnv\/wp-json\/wp\/v2\/users\/1"}],"replies":[{"embeddable":true,"href":"https:\/\/www.univ-oeb.dz\/fsesnv\/wp-json\/wp\/v2\/comments?post=4011"}],"version-history":[{"count":0,"href":"https:\/\/www.univ-oeb.dz\/fsesnv\/wp-json\/wp\/v2\/pages\/4011\/revisions"}],"wp:attachment":[{"href":"https:\/\/www.univ-oeb.dz\/fsesnv\/wp-json\/wp\/v2\/media?parent=4011"}],"curies":[{"name":"wp","href":"https:\/\/api.w.org\/{rel}","templated":true}]}}