{"id":3996,"date":"2023-03-24T11:14:30","date_gmt":"2023-03-24T10:14:30","guid":{"rendered":"http:\/\/www.univ-oeb.dz\/fsesnv\/?page_id=3996"},"modified":"2023-04-18T08:34:42","modified_gmt":"2023-04-18T07:34:42","slug":"curriculum-vitae-redjaimia-lilia","status":"publish","type":"page","link":"https:\/\/www.univ-oeb.dz\/fsesnv\/curriculum-vitae-redjaimia-lilia\/","title":{"rendered":"Curriculum Vitae REDJAIMIA\u00a0 Lilia"},"content":{"rendered":"\n<div class=\"wp-block-media-text is-stacked-on-mobile\" style=\"grid-template-columns:24% auto\"><figure class=\"wp-block-media-text__media\"><img fetchpriority=\"high\" decoding=\"async\" width=\"219\" height=\"230\" src=\"https:\/\/www.univ-oeb.dz\/fsesnv\/wp-content\/uploads\/2023\/03\/images.png\" alt=\"\" class=\"wp-image-4237 size-full\"\/><\/figure><div class=\"wp-block-media-text__content\">\n<p class=\"has-text-align-left\">Prof. REDJAIMIA&nbsp; Lilia<\/p>\n\n\n\n<p class=\"has-text-align-left\">Professor, Natural and Life Sciences department, University of Oum El Bouaghi, Algeria.<\/p>\n\n\n\n<p class=\"has-text-align-left\">E-mail: lyliaredjaimia@yahoo.fr<\/p>\n\n\n\n<p class=\"has-text-align-left\">Mobile: 06 76 87 34 16<\/p>\n\n\n\n<p class=\"has-text-align-left\">Grade<\/p>\n<\/div><\/div>\n\n\n\n<p class=\"has-text-align-center has-very-light-gray-to-cyan-bluish-gray-gradient-background has-background has-medium-font-size\"><strong>Researcher identity<\/strong><\/p>\n\n\n\n<p class=\"has-text-align-left\">ReaserchGate: <a href=\"https:\/\/www.researchgate.net\/profile\/Redjaimia-Lilia\" data-type=\"URL\" data-id=\"https:\/\/www.researchgate.net\/profile\/Redjaimia-Lilia\">Link<\/a><\/p>\n\n\n\n<p class=\"has-text-align-center has-very-light-gray-to-cyan-bluish-gray-gradient-background has-background has-medium-font-size\"><strong>Education<\/strong><\/p>\n\n\n\n<p class=\"has-text-align-left\"><strong>Ph.D.&rsquo;s degree<\/strong> in Plant Biology and Physiology<\/p>\n\n\n\n<p class=\"has-text-align-left\"><strong>Magisterium\u2019s degree<\/strong> in Plant Biology and Physiology<\/p>\n\n\n\n<p class=\"has-text-align-left\"><strong>License&rsquo;s degree<\/strong> in Plant Biology and Physiology<\/p>\n\n\n\n<p class=\"has-text-align-center has-very-light-gray-to-cyan-bluish-gray-gradient-background has-background has-medium-font-size\"><strong>Functions and Affiliations<\/strong><\/p>\n\n\n\n<p class=\"has-text-align-left\"><strong>Professor, &nbsp;Classe A Lecturer<\/strong><\/p>\n\n\n\n<p class=\"has-text-align-left\"><strong>functional ecology and environment laboratory<\/strong><\/p>\n\n\n\n<p class=\"has-text-align-center has-very-light-gray-to-cyan-bluish-gray-gradient-background has-background has-medium-font-size\"><strong>Teaching modules<\/strong><\/p>\n\n\n\n<p class=\"has-text-align-left\">Plant Physiology<\/p>\n\n\n\n<p class=\"has-text-align-left\">Plant\u2019s Biology<\/p>\n\n\n\n<p class=\"has-text-align-left\">Cellular Biology<\/p>\n\n\n\n<p class=\"has-text-align-left\">Means of Fight<\/p>\n\n\n\n<p class=\"has-text-align-left\">Botanical<\/p>\n\n\n\n<p class=\"has-text-align-left\">Ecoethology<\/p>\n\n\n\n<p class=\"has-text-align-left\">Ecopedology<\/p>\n\n\n\n<p class=\"has-text-align-left\">Introduction to Biotechnology<\/p>\n\n\n\n<p class=\"has-text-align-left\">Application of Biotechnology<\/p>\n\n\n\n<p class=\"has-text-align-center has-very-light-gray-to-cyan-bluish-gray-gradient-background has-background has-medium-font-size\"><strong>International publications<\/strong><\/p>\n\n\n\n<p class=\"has-text-align-left\"><strong>01.<\/strong><strong> Redjaimia L.<\/strong>, Nouidjem Y., Chabou S., Saheb M, Bougoudjil S. (2018). Diversity of Stream Vegetation in Oum El Bouaghi Region (East of Algeria). <em>World Journal of Environmental Biosciences <\/em>7(3): 9<strong>&#8211;<\/strong>13 <a href=\"https:\/\/environmentaljournals.org\/en\"><em>environmentaljournals.org<\/em><\/a><\/p>\n\n\n\n<p class=\"has-text-align-left\"><strong>02.<\/strong><strong> Redjaimia L.<\/strong>, Hadjab R., Khammar H., Merzoug D., Saheb M. (2020). Impact of Water Pollution on Biodiversity in Oum<strong>&#8211;<\/strong>El<strong>&#8211;<\/strong>Bouaghi, Algeria. <em>Bioresource of Management <\/em>7 (3): 16<strong>&#8211;<\/strong>34 <a href=\"https:\/\/corescholar.libraries.wright.edu\/jbm\">https:\/\/corescholar.libraries.wright.edu\/jbm<\/a><\/p>\n\n\n\n<p class=\"has-text-align-left\"><strong>03.<\/strong> Hadjab R., Khammar H., <strong>Redjaimia L.<\/strong>, Merzoug D., Saheb M. (2020). Impact of Anthropic Pressure on the Quality and Diversity of Groundwater in the Region of Sighus Oum<strong>&#8211;<\/strong>El<strong>&#8211;<\/strong>Bouaghi and El Rahmounia, Algeria. Algeria. <em>Bioresource of Management <\/em>7 (3): 84<strong>&#8211;<\/strong>105. <a href=\"https:\/\/corescholar.libraries.wright.edu\/jbm\">https:\/\/corescholar.libraries.wright.edu\/jbm<\/a><\/p>\n\n\n\n<p class=\"has-text-align-left\"><strong>04.<\/strong> Kadi Z., Rached Kanouni M., Khammar S., Chebout A., Khammar H., Hadjab R., <strong>Redja\u00efmia L.<\/strong>, Bouziane Z. (2020). Interactive effect of genotype and medium on microtuberization of potatoes (<em>Solanum tuberosum <\/em>L.) grown <em>in vitro. Acta Scientifica Naturalis <\/em>7(1)&nbsp;: 8<strong>&#8211;<\/strong>25. asn.shu.bg<\/p>\n\n\n\n<p class=\"has-text-align-left\"><strong>05.<\/strong><strong> <\/strong>Rached-Kanouni M., Bousba R., Khammar H., <strong>Redjaimia L.<\/strong>, Kadi Z., Ababsa L. (2020).Effect of seasonal variations on the content of some osmolytes of Aleppo pine and holm oak. <em>Acta Scientifica Naturalis <\/em>7(2)&nbsp;: 61<strong>&#8211;<\/strong>73. asn.shu.bg<\/p>\n\n\n\n<p class=\"has-text-align-left\"><strong>6. <\/strong>Kadi Zahia, <strong>Redjaimia Lilia<\/strong>, Rached Kanouni Malika, Bouzerzour Hammena, \u00e9volution de la tol\u00e9rance de l\u2019orge (<em>Hordeumvulgare<\/em>L.) au stress salin: \u00e9tude de la r\u00e9ponse <em>in vitro<\/em>, International congress valorisation of Bio Resources\u00a0: Application and Impact on sustainbledevelopment, 26-27 novembre 2019, universit\u00e9 M\u2019Hamed Bougara, Boumerdes<\/p>\n\n\n\n<p class=\"has-text-align-left\"><strong>7. <\/strong>ZERROUKI A., RACHED-KANOUNI M.<strong><em>,<\/em> REDJAIMIA L.<\/strong>, KARA K., TOUAFCHIA B.,<\/p>\n\n\n\n<p class=\"has-text-align-left\">&nbsp;ABABSA L<strong>.(2022).<\/strong> Evaluation de l\u2019etat sanitaire de la chene vert (<em>QUERCUS ILEX<\/em>L., 1753) de la foret de CHETTABA (CONSTANTINE)<\/p>\n\n\n\n<p class=\"has-text-align-left\"><strong>8<\/strong><strong><u>. Proceeding<\/u><\/strong><\/p>\n\n\n\n<p class=\"has-text-align-left\">&nbsp;<strong>Redja\u0131m\u0131aL\u0131l\u0131a<\/strong> , Malika Rached-Kanouni, Alia Zerrouk\u0131, Touafch\u0131aBoutheyna<\/p>\n\n\n\n<p class=\"has-text-align-left\">&nbsp;IV. INTERNATIONAL AGRICULTURAL, BIOLOGICAL<\/p>\n\n\n\n<p class=\"has-text-align-left\">&amp;LIFE SCIENCECONFERENCE<\/p>\n\n\n\n<p class=\"has-text-align-left\">29-31August, <strong>2022<\/strong>,Edirne, Turkey<\/p>\n\n\n\n<p class=\"has-text-align-left\">CHOUITER Norhane, RACHED-KANOUNI Malika, LAALA<em>, <\/em><strong>REDJAIMIA Lilia<\/strong><em><\/em><\/p>\n\n\n\n<p class=\"has-text-align-left\"><strong>FLORISTIC COMPOSITION AND STRUCTURE OF THE ZOUAGHA FOREST<\/strong><\/p>\n\n\n\n<p class=\"has-text-align-left\"><strong>(EASTERN ALGERIA) <\/strong>&nbsp;IV. International Agricultural, Biological &amp; Life Science Conference, Edirne, <strong>Turkey, 29-31 August 2022<\/strong><\/p>\n\n\n\n<p class=\"has-text-align-left\">ZERROUKI Alia, RACHED-KANOUNI Malika, Boutheyna TOUAFCHIA , KARA Karima, Nadhim CHETOUH <strong>THE EFFECT REDJAIMIALilia<\/strong>,<\/p>\n\n\n\n<p class=\"has-text-align-left\"><strong>OF PERICARPS ON GERMINATION OF HOLM OAK (<em>QUERCUSILEX<\/em>)<\/strong><\/p>\n\n\n\n<p class=\"has-text-align-left\">IV. International Agricultural, Biological &amp; Life Science Conference, Edirne, Turkey, <strong>29-31 August 2022<\/strong><strong><\/strong><\/p>\n\n\n\n<p class=\"has-text-align-left\">&nbsp;<strong>Redjaimia Lilia<\/strong><strong>, <\/strong>Malika Rached-Kanouni Effect of high temperatures on the adaptation Cedrusatlantica III. INTERNATIONAL AGRICULTURAL, BIOLOGICAL<\/p>\n\n\n\n<p class=\"has-text-align-left\">&amp;LIFE SCIENCECONFERENCE 1-3September,<strong>2021<\/strong>,Edirne, Turkey<\/p>\n\n\n\n<p class=\"has-text-align-left\">KADI Zahia, <strong>REDJA\u00cfMIA Lilia<\/strong>, RACHED KANOUNI Malika, BOUZERZOUR Hammena, <strong>\u00e9valuation de la tolerance de l\u2019orge (<em>hordeum vulgare <\/em>l.) Au stress salin: \u00e9tude de la reponse <em>in vitro,<\/em> <em>Abstract Book<\/em> <\/strong><a href=\"https:\/\/doi.org\/10.5281\/zenodo.3661344\">https:\/\/doi.org\/10.5281\/zenodo.3661344<\/a>, <strong>Congr\u00e8s International sur la valorisation des Bioressources : Application et Impact sur le D\u00e9veloppement Durable <\/strong><a href=\"http:\/\/civbaidd.univ-boumerdes.dz\">http:\/\/civbaidd.univ-boumerdes.dz<\/a>, <strong>Special Issue <\/strong>The North African Journal of Food and Nutrition Research: (2019) 03; (06): A1-A127 <strong>A-2 <\/strong><a href=\"https:\/\/doi.org\/10.5281\/zenodo.3661344\">https:\/\/doi.org\/10.5281\/zenodo.3661344<\/a>, Issn 2588-1582, Volume 03 : Issue 06 Jul-Dec 2019<\/p>\n\n\n\n<figure class=\"wp-block-pullquote has-white-color has-text-color\"><blockquote><p>PDF version: <a href=\"https:\/\/www.univ-oeb.dz\/fsesnv\/wp-content\/uploads\/2023\/03\/Short-CV-lilia-redjaimia.pdf\">Short CV lilia redjaimia<\/a><\/p><\/blockquote><\/figure>\n","protected":false},"excerpt":{"rendered":"<p>Prof. REDJAIMIA&nbsp; Lilia Professor, Natural and Life Sciences department, University of Oum El Bouaghi, Algeria. E-mail: lyliaredjaimia@yahoo.fr Mobile: 06 76 87 34 16 Grade Researcher identity ReaserchGate: Link Education Ph.D.&rsquo;s degree in Plant Biology and Physiology Magisterium\u2019s degree in Plant Biology and Physiology License&rsquo;s degree in Plant Biology and Physiology Functions and Affiliations Professor, &nbsp;Classe &hellip;<\/p>\n","protected":false},"author":1,"featured_media":0,"parent":0,"menu_order":0,"comment_status":"closed","ping_status":"closed","template":"","meta":{"footnotes":""},"class_list":["post-3996","page","type-page","status-publish","hentry"],"_links":{"self":[{"href":"https:\/\/www.univ-oeb.dz\/fsesnv\/wp-json\/wp\/v2\/pages\/3996","targetHints":{"allow":["GET"]}}],"collection":[{"href":"https:\/\/www.univ-oeb.dz\/fsesnv\/wp-json\/wp\/v2\/pages"}],"about":[{"href":"https:\/\/www.univ-oeb.dz\/fsesnv\/wp-json\/wp\/v2\/types\/page"}],"author":[{"embeddable":true,"href":"https:\/\/www.univ-oeb.dz\/fsesnv\/wp-json\/wp\/v2\/users\/1"}],"replies":[{"embeddable":true,"href":"https:\/\/www.univ-oeb.dz\/fsesnv\/wp-json\/wp\/v2\/comments?post=3996"}],"version-history":[{"count":0,"href":"https:\/\/www.univ-oeb.dz\/fsesnv\/wp-json\/wp\/v2\/pages\/3996\/revisions"}],"wp:attachment":[{"href":"https:\/\/www.univ-oeb.dz\/fsesnv\/wp-json\/wp\/v2\/media?parent=3996"}],"curies":[{"name":"wp","href":"https:\/\/api.w.org\/{rel}","templated":true}]}}