{"id":3971,"date":"2023-03-24T10:44:09","date_gmt":"2023-03-24T09:44:09","guid":{"rendered":"http:\/\/www.univ-oeb.dz\/fsesnv\/?page_id=3971"},"modified":"2023-04-27T11:27:46","modified_gmt":"2023-04-27T10:27:46","slug":"curriculum-vitae-mecif-abla","status":"publish","type":"page","link":"https:\/\/www.univ-oeb.dz\/fsesnv\/curriculum-vitae-mecif-abla\/","title":{"rendered":"Curriculum Vitae Mecif Abla"},"content":{"rendered":"\n<div class=\"wp-block-media-text is-stacked-on-mobile\" style=\"grid-template-columns:24% auto\"><figure class=\"wp-block-media-text__media\"><img decoding=\"async\" width=\"192\" height=\"172\" src=\"https:\/\/www.univ-oeb.dz\/fsesnv\/wp-content\/uploads\/2023\/03\/image-10.png\" alt=\"\" class=\"wp-image-3973 size-full\"\/><\/figure><div class=\"wp-block-media-text__content\">\n<p class=\"has-text-align-left\">Prof. <strong>&nbsp;MECIF Abla<\/strong><\/p>\n\n\n\n<p class=\"has-text-align-left\">Professor, Science of matter department, University of Oum El Bouaghi, Algeria<\/p>\n\n\n\n<p class=\"has-text-align-left\">E-mail: mecifabla@yahoo.fr<\/p>\n\n\n\n<p class=\"has-text-align-left\">Mobile: 0542187639<\/p>\n\n\n\n<p class=\"has-text-align-left\">Grade<\/p>\n<\/div><\/div>\n\n\n\n<p class=\"has-text-align-center has-very-light-gray-to-cyan-bluish-gray-gradient-background has-background has-medium-font-size\"><strong>Researcher identity<\/strong><\/p>\n\n\n\n<p class=\"has-text-align-left\">Google Scholar: <a href=\"https:\/\/scholar.google.com\/citations?user=xeEWl_4AAAAJ&amp;hl=fr\" data-type=\"URL\" data-id=\"https:\/\/scholar.google.com\/citations?user=xeEWl_4AAAAJ&amp;hl=fr\">link<\/a><\/p>\n\n\n\n<p class=\"has-text-align-left\">ReaserchGate: <a href=\"https:\/\/www.researchgate.net\/scientific-contributions\/A-Mecif-2134191479\" data-type=\"URL\" data-id=\"https:\/\/www.researchgate.net\/scientific-contributions\/A-Mecif-2134191479\">link<\/a><\/p>\n\n\n\n<p class=\"has-text-align-left\">ORCID: <a href=\"https:\/\/orcid.org\/0000-0003-3865-3683\" data-type=\"URL\" data-id=\"https:\/\/orcid.org\/0000-0003-3865-3683\">link<\/a><\/p>\n\n\n\n<p class=\"has-text-align-center has-very-light-gray-to-cyan-bluish-gray-gradient-background has-background has-medium-font-size\"><strong>Education<\/strong><\/p>\n\n\n\n<p class=\"has-text-align-left\"><strong>Ph.D.&rsquo;s degree<\/strong> in physics of materials \/ &nbsp;Ceramics<\/p>\n\n\n\n<p class=\"has-text-align-left\"><strong>Majister degree<\/strong> in physics of materials\/ Ceramics<\/p>\n\n\n\n<p class=\"has-text-align-center has-very-light-gray-to-cyan-bluish-gray-gradient-background has-background has-medium-font-size\"><strong>Functions and Affiliations<\/strong><\/p>\n\n\n\n<p class=\"has-text-align-left\"><strong>Professor, Departement of Materials Science University Of Larbi Ben Mhidi Oum El Bouaghi Algeria.<\/strong><\/p>\n\n\n\n<p class=\"has-text-align-center has-very-light-gray-to-cyan-bluish-gray-gradient-background has-background has-medium-font-size\"><strong>Teaching modules<\/strong><\/p>\n\n\n\n<figure class=\"wp-block-table aligncenter is-style-regular\"><table><tbody><tr><td class=\"has-text-align-left\" data-align=\"left\"><strong>Niveau<\/strong><\/td><td><strong>Modules enseign\u00e9<\/strong><\/td><td><strong>Ann\u00e9e<\/strong><\/td><\/tr><tr><td class=\"has-text-align-left\" data-align=\"left\">1<sup>\u00e8re<\/sup> ann\u00e9e tronc commun Biologie<\/td><td>Physique g\u00e9n\u00e9rale (Cours +TD )<\/td><td>1998-2009 2010-2013<\/td><\/tr><tr><td class=\"has-text-align-left\" data-align=\"left\">2<sup>\u00e8me<\/sup>ann\u00e9e tronc commun Biologie<\/td><td>Biophysique (TD)<\/td><td>1999-2001, 2009-2012<\/td><\/tr><tr><td class=\"has-text-align-left\" data-align=\"left\">4<sup>\u00e8me<\/sup> ann\u00e9e physique DES<\/td><td>SEP04 (Cours +TD)<\/td><td>2001- 2006<\/td><\/tr><tr><td class=\"has-text-align-left\" data-align=\"left\">3<sup>\u00e8me<\/sup> ann\u00e9e physique des mat\u00e9riaux LMD (SM)<\/td><td>Physique des mat\u00e9riaux m\u00e9tallique (Cours + TD)<\/td><td>2006-2013<\/td><\/tr><tr><td class=\"has-text-align-left\" data-align=\"left\">3<sup>\u00e8me<\/sup> ann\u00e9e physique des mat\u00e9riaux LMD (SM)<\/td><td>Propri\u00e9t\u00e9s des mat\u00e9riaux (Cours + TD)<\/td><td>2006-2014<\/td><\/tr><tr><td class=\"has-text-align-left\" data-align=\"left\">2<sup>\u00e8me<\/sup> ann\u00e9e physique LMD<\/td><td>M\u00e9canique des fluides (C TD TP)<\/td><td>2012-2016<\/td><\/tr><tr><td class=\"has-text-align-left\" data-align=\"left\">3<sup>\u00e8me<\/sup> ann\u00e9e physique des mat\u00e9riaux LMD (SM)<\/td><td>Technologie des mat\u00e9riaux 1 (Cours+TD)<\/td><td>2012-2016-<\/td><\/tr><tr><td class=\"has-text-align-left\" data-align=\"left\">3<sup>\u00e8me<\/sup> ann\u00e9e physique des mat\u00e9riaux LMD (SM)<\/td><td>Propri\u00e9t\u00e9s des d\u00e9fauts (Cours + TD)<\/td><td>2015-2016 \u00e0 ce jour<\/td><\/tr><tr><td class=\"has-text-align-left\" data-align=\"left\">1<sup>\u00e8re <\/sup>ann\u00e9e Master physique des mat\u00e9riaux (SM)<\/td><td>Transformations des phases (TD)<\/td><td>2013-2014<\/td><\/tr><tr><td class=\"has-text-align-left\" data-align=\"left\">1<sup>\u00e8re <\/sup>ann\u00e9e Master physique des mat\u00e9riaux (SM)<\/td><td>Propri\u00e9t\u00e9s des mat\u00e9riaux (Cours + TD)<\/td><td>2014-1015 \u00e0 ce jour<\/td><\/tr><tr><td class=\"has-text-align-left\" data-align=\"left\">2<sup>\u00e8me <\/sup>ann\u00e9e Master physique des mat\u00e9riaux (SM)<\/td><td>Physiques des d\u00e9fauts (Cours 6 TD)<\/td><td>2010-2011 \u00e0 ce jour<\/td><\/tr><tr><td class=\"has-text-align-left\" data-align=\"left\">1<sup>\u00e8re <\/sup>ann\u00e9e Master physique des mat\u00e9riaux (SM)<\/td><td>Technologie des mat\u00e9riaux 2 (Cours +TD)<\/td><td>2014-2015 \u00e0 ce jour<\/td><\/tr><\/tbody><\/table><\/figure>\n\n\n\n<p class=\"has-text-align-center has-very-light-gray-to-cyan-bluish-gray-gradient-background has-background has-medium-font-size\"><strong>International publications<\/strong><\/p>\n\n\n\n<p class=\"has-text-align-left\">A Harabi, <strong>A<\/strong> <strong>Mecif<\/strong>, S ACHOUR, SE Barama Effect of chemical composition on sintering and mechanical properties of local kaolin Progr\u00e8s de la science et de la technologie, B871-B878&nbsp; <a href=\"https:\/\/pascal-francis.inist.fr\/vibad\/index.php?action=search&amp;lang=fr&amp;terms=%22Ceramics+%3A+getting+into+the+2000%27s+%28Florence%2C+14-19+June+1998%29%22&amp;index=ti\">Ceramics : getting into the 2000&rsquo;s (Florence, 14-19 June 1998)<\/a><\/p>\n\n\n\n<p class=\"has-text-align-left\"><strong>A. Mecif,<\/strong> J. Soro, A. Harabi, J.P. Bonnet \u201cPreparation of Mullite- and Zircon-Based Ceramics Using Kaolinite and Zirconium Oxide: A Sintering Study\u201d; J. Am. Ceram. Soc., 93 [5] 1306\u20131312 (2010).<\/p>\n\n\n\n<p class=\"has-text-align-left\">D. Bouras, <strong>A. Mecif<\/strong>, A. Mahdjoub, A. Harabi, M. Zaabat, S. Benzitouni, B. Regis, Photocatalytic degradation of Orange II by active layers of Cu-doped ZnO deposited on porous ceramic substrates &nbsp;Journal of Ovonic Research&nbsp; 13 (2017) 271.<\/p>\n\n\n\n<p class=\"has-text-align-left\">D. Bouras<strong>, A. Mecif, <\/strong>R. Barill\u00e9, A. Harabi, M. Rasheed, A. Mahdjoub, M. Zaabat, Cu:ZnO deposited on porous ceramic substrates by a simple thermal method for photocatalytic application&nbsp; Journal of Ceramics International&nbsp; 44 (2018) p 21546-21555.<\/p>\n\n\n\n<p class=\"has-text-align-left\">D. Bouras<strong>, A. Mecif, <\/strong>R. Barill\u00e9, A. Harabi, M. Zaabat, Porosity properties of porous ceramic substrates added with zinc and magnesium material&nbsp; Journal of Ceramics International&nbsp; 46 (2020) p 20838-20846.<\/p>\n\n\n\n<p class=\"has-text-align-left\">D. Bouras, <strong>A. Mecif<\/strong>, A. Harabi, R, Barill\u00e9, A. Mahdjou, M. Zaabat, M. Economic and Ultrafast Photocatalytic Degradation of Orange II Using Ceramic Powders. <em>Catalysts 11 ( <\/em>2021<strong>)<\/strong> 733.<\/p>\n\n\n\n<p class=\"has-text-align-left\">Dikra Bouras, Regis Barill\u00e9 and <strong>Abla Mecif<\/strong>. \u201cDifferent Methods, Sol-Gel and Autoclave, Applied on the Ceramic Material to Obtain Better Photocatalysis.\u201d J Environ Anal Chem 8(2021). 325.<\/p>\n\n\n\n<p class=\"has-text-align-left\">Bouras, D., Fellah, M., <strong>A. Mecif<\/strong>,.&nbsp;<em>et al.&nbsp;<\/em><em>High<\/em>photocatalytic capacity of porous ceramic\u2011based powder doped with MgO.&nbsp;<em>J. Cor\u00e9en Ceram.&nbsp;<\/em><em>Soc.&nbsp;<\/em>60&nbsp;, 155-168 (2023).<\/p>\n\n\n\n<p class=\"has-text-align-left\">Kh. Chehhat, A. Mecif, A.&nbsp; Mahdjoub, &nbsp;R. Nazir, M. A. Pandit, F.Salhi and A. Noua Sol-gel synthesis of porous cobalt-doped ZnO thin films leading to rapid and large scale Orange-II photocatalysis Journal of Sol-Gel Science and Technology https:\/\/doi.org\/10.1007\/s10971-023-06060-<strong><u><\/u><\/strong><\/p>\n\n\n\n<p class=\"has-text-align-center has-very-light-gray-to-cyan-bluish-gray-gradient-background has-background has-medium-font-size\"><strong>Interests and Qualifications<\/strong><\/p>\n\n\n\n<p class=\"has-text-align-left\"><strong>Interests:<\/strong> Ceramics; Thin films;&nbsp; photocatalysis<\/p>\n\n\n\n<figure class=\"wp-block-pullquote has-white-color has-text-color\"><blockquote><p>PDF version: <a href=\"https:\/\/www.univ-oeb.dz\/fsesnv\/wp-content\/uploads\/2023\/03\/Short-CV-mecif-abla.pdf\">Short CV mecif abla<\/a><br>Scopus: <a href=\"https:\/\/www.scopus.com\/authid\/detail.uri?authorId=55309863500\" data-type=\"URL\" data-id=\"https:\/\/www.scopus.com\/authid\/detail.uri?authorId=55309863500\">Mecif, Abla <\/a><\/p><\/blockquote><\/figure>\n","protected":false},"excerpt":{"rendered":"<p>Prof. &nbsp;MECIF Abla Professor, Science of matter department, University of Oum El Bouaghi, Algeria E-mail: mecifabla@yahoo.fr Mobile: 0542187639 Grade Researcher identity Google Scholar: link ReaserchGate: link ORCID: link Education Ph.D.&rsquo;s degree in physics of materials \/ &nbsp;Ceramics Majister degree in physics of materials\/ Ceramics Functions and Affiliations Professor, Departement of Materials Science University Of Larbi &hellip;<\/p>\n","protected":false},"author":1,"featured_media":0,"parent":0,"menu_order":0,"comment_status":"closed","ping_status":"closed","template":"","meta":{"footnotes":""},"class_list":["post-3971","page","type-page","status-publish","hentry"],"_links":{"self":[{"href":"https:\/\/www.univ-oeb.dz\/fsesnv\/wp-json\/wp\/v2\/pages\/3971","targetHints":{"allow":["GET"]}}],"collection":[{"href":"https:\/\/www.univ-oeb.dz\/fsesnv\/wp-json\/wp\/v2\/pages"}],"about":[{"href":"https:\/\/www.univ-oeb.dz\/fsesnv\/wp-json\/wp\/v2\/types\/page"}],"author":[{"embeddable":true,"href":"https:\/\/www.univ-oeb.dz\/fsesnv\/wp-json\/wp\/v2\/users\/1"}],"replies":[{"embeddable":true,"href":"https:\/\/www.univ-oeb.dz\/fsesnv\/wp-json\/wp\/v2\/comments?post=3971"}],"version-history":[{"count":0,"href":"https:\/\/www.univ-oeb.dz\/fsesnv\/wp-json\/wp\/v2\/pages\/3971\/revisions"}],"wp:attachment":[{"href":"https:\/\/www.univ-oeb.dz\/fsesnv\/wp-json\/wp\/v2\/media?parent=3971"}],"curies":[{"name":"wp","href":"https:\/\/api.w.org\/{rel}","templated":true}]}}