{"id":3935,"date":"2023-03-21T10:20:50","date_gmt":"2023-03-21T09:20:50","guid":{"rendered":"http:\/\/www.univ-oeb.dz\/fsesnv\/?page_id=3935"},"modified":"2023-04-27T13:29:43","modified_gmt":"2023-04-27T12:29:43","slug":"curriculum-vitae-hamada-hakim","status":"publish","type":"page","link":"https:\/\/www.univ-oeb.dz\/fsesnv\/curriculum-vitae-hamada-hakim\/","title":{"rendered":"Curriculum Vitae HAMADA Hakim"},"content":{"rendered":"\n<div class=\"wp-block-media-text is-stacked-on-mobile\" style=\"grid-template-columns:24% auto\"><figure class=\"wp-block-media-text__media\"><img decoding=\"async\" width=\"201\" height=\"198\" src=\"https:\/\/www.univ-oeb.dz\/fsesnv\/wp-content\/uploads\/2023\/03\/image-8.png\" alt=\"\" class=\"wp-image-3936 size-full\"\/><\/figure><div class=\"wp-block-media-text__content\">\n<p class=\"has-text-align-left\">Prof. HAMADA Hakim<\/p>\n\n\n\n<p class=\"has-text-align-left\">Professor, Department of sciences of matter, University of Oum El Bouaghi, Algeria<\/p>\n\n\n\n<p class=\"has-text-align-left\">E-mail hakim.hamada@univ-oeb.dz<\/p>\n\n\n\n<p class=\"has-text-align-left\">Mobile: 0663964661<\/p>\n\n\n\n<p class=\"has-text-align-left\">Grade<\/p>\n<\/div><\/div>\n\n\n\n<p class=\"has-text-align-center has-very-light-gray-to-cyan-bluish-gray-gradient-background has-background has-medium-font-size\"><strong>Researcher identity<\/strong><\/p>\n\n\n\n<p class=\"has-text-align-left\">Google Scholar: <a href=\"https:\/\/scholar.google.com\/citations?hl=fr&amp;user=8eoKkoIAAAAJ\" data-type=\"URL\" data-id=\"https:\/\/scholar.google.com\/citations?hl=fr&amp;user=8eoKkoIAAAAJ\">link<\/a><\/p>\n\n\n\n<p class=\"has-text-align-left\">ReaserchGate: <a href=\"https:\/\/www.researchgate.net\/profile\/Hakim-Hamada\" data-type=\"URL\" data-id=\"https:\/\/www.researchgate.net\/profile\/Hakim-Hamada\">link<\/a><\/p>\n\n\n\n<p class=\"has-text-align-left\">ORCID: <a href=\"https:\/\/orcid.org\/0000-0002-6653-0018?lang=ar\" data-type=\"URL\" data-id=\"https:\/\/orcid.org\/0000-0002-6653-0018?lang=ar\" target=\"_blank\" rel=\"noreferrer noopener\">link<\/a><\/p>\n\n\n\n<p class=\"has-text-align-center has-very-light-gray-to-cyan-bluish-gray-gradient-background has-background has-medium-font-size\"><strong>Education<\/strong><\/p>\n\n\n\n<p class=\"has-text-align-left\"><strong>Ph.D.&rsquo;s degree<\/strong> in SCIENCES ( chemistry and environment )<\/p>\n\n\n\n<p class=\"has-text-align-center has-very-light-gray-to-cyan-bluish-gray-gradient-background has-background has-medium-font-size\"><strong>Teaching modules<\/strong><\/p>\n\n\n\n<p class=\"has-text-align-left\"><a href=\"http:\/\/tele-ens.univ-oeb.dz\/moodle\/course\/view.php?id=3555\">M\u00e9thodes de caract\u00e9risation des mat\u00e9riaux&nbsp;<\/a>Master 01 chimie analytique (cours ; td)<\/p>\n\n\n\n<p class=\"has-text-align-left\"><a href=\"http:\/\/tele-ens.univ-oeb.dz\/moodle\/course\/view.php?id=3549\">Instrumentation Chromatographique<\/a> Master 01 chimie analytique (cours ; td)<\/p>\n\n\n\n<p class=\"has-text-align-left\">Pr\u00e9paration d\u2019\u00e9chantillons Master 01 chimie analytique(cours ; td)<\/p>\n\n\n\n<p class=\"has-text-align-left\">Instrumentations spectroscopique et d\u2019imagerie I Master 01 chimie analytique(cours ;t td)<\/p>\n\n\n\n<p class=\"has-text-align-center has-very-light-gray-to-cyan-bluish-gray-gradient-background has-background has-medium-font-size\"><strong>International publications<\/strong><\/p>\n\n\n\n<p class=\"has-text-align-left\"><a href=\"https:\/\/scholar.google.com\/citations?view_op=view_citation&amp;hl=fr&amp;user=8eoKkoIAAAAJ&amp;citation_for_view=8eoKkoIAAAAJ:u5HHmVD_uO8C\">Synthesis Of 1, 10-Dichlorobenzo [C] Cinnoline, And Its N-Oxide With Some Strained Molecules Related To Biphenylene<\/a> &nbsp;Auteurs H Hamada, A Larkem, H Larkem&nbsp; &nbsp;RESEARCH JOURNAL OF PHARMACEUTICAL&nbsp;\u2026, 2018<\/p>\n\n\n\n<p class=\"has-text-align-left\"><a href=\"https:\/\/scholar.google.com\/citations?view_op=view_citation&amp;hl=fr&amp;user=8eoKkoIAAAAJ&amp;citation_for_view=8eoKkoIAAAAJ:u-x6o8ySG0sC\">Predictive QSAR models for the toxicity of Phenols<\/a> &nbsp;2022 Asian Journal of Research in Chemistry 15 (6), 433-438 Auteurs Hamada Hakim<\/p>\n\n\n\n<p class=\"has-text-align-left\"><a href=\"https:\/\/eqa.unibo.it\/article\/view\/15686\">QSAR model for pka prediction of phenols<\/a> Auteurs Hakim Hamada EQA-InternationalJournalofEnvironmentalQuality &nbsp;2022<\/p>\n\n\n\n<figure class=\"wp-block-pullquote has-white-color has-text-color\"><blockquote><p>PDF version: <a href=\"https:\/\/www.univ-oeb.dz\/fsesnv\/wp-content\/uploads\/2023\/03\/Short-CV-HAMADA-Hakim.pdf\">Short CV HAMADA Hakim<\/a><\/p><\/blockquote><\/figure>\n","protected":false},"excerpt":{"rendered":"<p>Prof. HAMADA Hakim Professor, Department of sciences of matter, University of Oum El Bouaghi, Algeria E-mail hakim.hamada@univ-oeb.dz Mobile: 0663964661 Grade Researcher identity Google Scholar: link ReaserchGate: link ORCID: link Education Ph.D.&rsquo;s degree in SCIENCES ( chemistry and environment ) Teaching modules M\u00e9thodes de caract\u00e9risation des mat\u00e9riaux&nbsp;Master 01 chimie analytique (cours ; td) Instrumentation Chromatographique Master &hellip;<\/p>\n","protected":false},"author":1,"featured_media":0,"parent":0,"menu_order":0,"comment_status":"closed","ping_status":"closed","template":"","meta":{"footnotes":""},"class_list":["post-3935","page","type-page","status-publish","hentry"],"_links":{"self":[{"href":"https:\/\/www.univ-oeb.dz\/fsesnv\/wp-json\/wp\/v2\/pages\/3935","targetHints":{"allow":["GET"]}}],"collection":[{"href":"https:\/\/www.univ-oeb.dz\/fsesnv\/wp-json\/wp\/v2\/pages"}],"about":[{"href":"https:\/\/www.univ-oeb.dz\/fsesnv\/wp-json\/wp\/v2\/types\/page"}],"author":[{"embeddable":true,"href":"https:\/\/www.univ-oeb.dz\/fsesnv\/wp-json\/wp\/v2\/users\/1"}],"replies":[{"embeddable":true,"href":"https:\/\/www.univ-oeb.dz\/fsesnv\/wp-json\/wp\/v2\/comments?post=3935"}],"version-history":[{"count":0,"href":"https:\/\/www.univ-oeb.dz\/fsesnv\/wp-json\/wp\/v2\/pages\/3935\/revisions"}],"wp:attachment":[{"href":"https:\/\/www.univ-oeb.dz\/fsesnv\/wp-json\/wp\/v2\/media?parent=3935"}],"curies":[{"name":"wp","href":"https:\/\/api.w.org\/{rel}","templated":true}]}}