{"id":3773,"date":"2023-03-19T13:16:00","date_gmt":"2023-03-19T12:16:00","guid":{"rendered":"http:\/\/www.univ-oeb.dz\/fsesnv\/?page_id=3773"},"modified":"2023-04-27T13:10:27","modified_gmt":"2023-04-27T12:10:27","slug":"curriculum-vitae-hazourli-abdelkrim","status":"publish","type":"page","link":"https:\/\/www.univ-oeb.dz\/fsesnv\/curriculum-vitae-hazourli-abdelkrim\/","title":{"rendered":"Curriculum Vitae HAZOURLI Abdelkrim"},"content":{"rendered":"\n<div class=\"wp-block-media-text is-stacked-on-mobile\" style=\"grid-template-columns:24% auto\"><figure class=\"wp-block-media-text__media\"><img fetchpriority=\"high\" decoding=\"async\" width=\"512\" height=\"512\" src=\"https:\/\/www.univ-oeb.dz\/fsesnv\/wp-content\/uploads\/2023\/03\/666201.png\" alt=\"\" class=\"wp-image-4279 size-full\" srcset=\"https:\/\/www.univ-oeb.dz\/fsesnv\/wp-content\/uploads\/2023\/03\/666201.png 512w, https:\/\/www.univ-oeb.dz\/fsesnv\/wp-content\/uploads\/2023\/03\/666201-300x300.png 300w, https:\/\/www.univ-oeb.dz\/fsesnv\/wp-content\/uploads\/2023\/03\/666201-150x150.png 150w\" sizes=\"(max-width: 512px) 100vw, 512px\" \/><\/figure><div class=\"wp-block-media-text__content\">\n<p class=\"has-text-align-left\">Dr. HAZOURLI Abdelkrim&nbsp;<\/p>\n\n\n\n<p class=\"has-text-align-left\">Matter Sciences Department, University of Oum El Bouaghi, Algeria<\/p>\n\n\n\n<p class=\"has-text-align-left\">E-mail: hazourli2001 @yahoo.fr<\/p>\n\n\n\n<p class=\"has-text-align-left\">Mobile: 0665732869<\/p>\n\n\n\n<p class=\"has-text-align-left\">Grade<\/p>\n<\/div><\/div>\n\n\n\n<p class=\"has-text-align-center has-very-light-gray-to-cyan-bluish-gray-gradient-background has-background has-medium-font-size\"><strong>Researcher identity<\/strong><\/p>\n\n\n\n<p class=\"has-text-align-left\">Google Scholar: <a href=\"https:\/\/scholar.google.com\/citations?user=qVHn9RwAAAAJ&amp;hl=fr\">https:\/\/scholar.google.com\/citations?user=qVHn9RwAAAAJ&amp;hl=fr<\/a><\/p>\n\n\n\n<p class=\"has-text-align-left\">ORCID: 0000-0001-9181-7419<\/p>\n\n\n\n<p class=\"has-text-align-center has-very-light-gray-to-cyan-bluish-gray-gradient-background has-background has-medium-font-size\"><strong>Education<\/strong><\/p>\n\n\n\n<p class=\"has-text-align-left\"><strong>Ph.D.&rsquo;s degree<\/strong> in Physical Chemistry<\/p>\n\n\n\n<p class=\"has-text-align-left\"><strong>Magister&rsquo;s degree<\/strong> in Chemistry and Environment<\/p>\n\n\n\n<p class=\"has-text-align-left\"><strong>Ingineer &lsquo;s degree<\/strong> in Chemistry<\/p>\n\n\n\n<p class=\"has-text-align-center has-very-light-gray-to-cyan-bluish-gray-gradient-background has-background has-medium-font-size\"><strong>Functions and Affiliations<\/strong><\/p>\n\n\n\n<p class=\"has-text-align-left\">in Chemistry Matter Sciences Department, University of Oum El Bouaghi, Algeria<\/p>\n\n\n\n<p class=\"has-text-align-center has-very-light-gray-to-cyan-bluish-gray-gradient-background has-background has-medium-font-size\"><strong>Teaching modules<\/strong><\/p>\n\n\n\n<p class=\"has-text-align-left\">Thermodynamique et cin\u00e9tique chimique&nbsp;; Structure de la mati\u00e8re (TD)&nbsp;; Chimie des surfaces&nbsp;; M\u00e9thodes physico-chimiques d\u2019analyses&nbsp;; Chimie organique&nbsp;; M\u00e9thodes d\u2019analyses des compos\u00e9s organiques&nbsp;;Chimie des eaux&nbsp;; Hygi\u00e8ne et s\u00e9curit\u00e9&nbsp;; Chimie organique TP<\/p>\n\n\n\n<p class=\"has-text-align-center has-very-light-gray-to-cyan-bluish-gray-gradient-background has-background has-medium-font-size\"><strong>International publications<\/strong><\/p>\n\n\n\n<p class=\"has-text-align-left\">Asma Nour El Houda Sid, Benalia Kouini, Abdelkrim hazourli, Rabah Djafar, Noureddine Gherraf, Mohamed Bououdina (2022): The Synergistic Effect of Algerian Na-Bentonite\/Potato Starch\/Grass Powder on the Enhancement of AgedWater-based Drilling Fluids, Arabian Journal for Science and Engineering, <a href=\"https:\/\/doi.org\/10.1007\/s13369-021-06519-1\">https:\/\/doi.org\/10.1007\/s13369-021-06519-1<\/a> Abdelkrim HAZOURLI, Noureddine GHERRAF, Amira TAHRI, Wiam ROUABAH (2021)&nbsp;: Assessment of iodine concentrations of cooking salt commercialized in some municipalities in eastern Algeria. Nutrition Sant\u00e9, DOI:10.30952\/ns.10.2.1<\/p>\n\n\n\n<figure class=\"wp-block-pullquote has-white-color has-text-color\"><blockquote><p>PDF version: <a href=\"https:\/\/www.univ-oeb.dz\/fsesnv\/wp-content\/uploads\/2023\/03\/Short-CV-HAZOURLI-Abdelkrim.pdf\">Short CV-HAZOURLI Abdelkrim<\/a><br>Scopus: <a href=\"https:\/\/www.scopus.com\/authid\/detail.uri?authorId=36143001900\" data-type=\"URL\" data-id=\"https:\/\/www.scopus.com\/authid\/detail.uri?authorId=36143001900\">Hazourli, Abdelkrim<\/a><\/p><\/blockquote><\/figure>\n","protected":false},"excerpt":{"rendered":"<p>Dr. HAZOURLI Abdelkrim&nbsp; Matter Sciences Department, University of Oum El Bouaghi, Algeria E-mail: hazourli2001 @yahoo.fr Mobile: 0665732869 Grade Researcher identity Google Scholar: https:\/\/scholar.google.com\/citations?user=qVHn9RwAAAAJ&amp;hl=fr ORCID: 0000-0001-9181-7419 Education Ph.D.&rsquo;s degree in Physical Chemistry Magister&rsquo;s degree in Chemistry and Environment Ingineer &lsquo;s degree in Chemistry Functions and Affiliations in Chemistry Matter Sciences Department, University of Oum El Bouaghi, &hellip;<\/p>\n","protected":false},"author":1,"featured_media":0,"parent":0,"menu_order":0,"comment_status":"closed","ping_status":"closed","template":"","meta":{"footnotes":""},"class_list":["post-3773","page","type-page","status-publish","hentry"],"_links":{"self":[{"href":"https:\/\/www.univ-oeb.dz\/fsesnv\/wp-json\/wp\/v2\/pages\/3773","targetHints":{"allow":["GET"]}}],"collection":[{"href":"https:\/\/www.univ-oeb.dz\/fsesnv\/wp-json\/wp\/v2\/pages"}],"about":[{"href":"https:\/\/www.univ-oeb.dz\/fsesnv\/wp-json\/wp\/v2\/types\/page"}],"author":[{"embeddable":true,"href":"https:\/\/www.univ-oeb.dz\/fsesnv\/wp-json\/wp\/v2\/users\/1"}],"replies":[{"embeddable":true,"href":"https:\/\/www.univ-oeb.dz\/fsesnv\/wp-json\/wp\/v2\/comments?post=3773"}],"version-history":[{"count":0,"href":"https:\/\/www.univ-oeb.dz\/fsesnv\/wp-json\/wp\/v2\/pages\/3773\/revisions"}],"wp:attachment":[{"href":"https:\/\/www.univ-oeb.dz\/fsesnv\/wp-json\/wp\/v2\/media?parent=3773"}],"curies":[{"name":"wp","href":"https:\/\/api.w.org\/{rel}","templated":true}]}}