{"id":3754,"date":"2023-03-19T10:58:29","date_gmt":"2023-03-19T09:58:29","guid":{"rendered":"http:\/\/www.univ-oeb.dz\/fsesnv\/?page_id=3754"},"modified":"2023-04-27T13:12:09","modified_gmt":"2023-04-27T12:12:09","slug":"curriculum-vitae-hanene-zater","status":"publish","type":"page","link":"https:\/\/www.univ-oeb.dz\/fsesnv\/curriculum-vitae-hanene-zater\/","title":{"rendered":"Curriculum Vitae Han\u00e8ne\u00a0 ZATER"},"content":{"rendered":"\n<div class=\"wp-block-media-text is-stacked-on-mobile\" style=\"grid-template-columns:24% auto\"><figure class=\"wp-block-media-text__media\"><img decoding=\"async\" width=\"213\" height=\"179\" src=\"https:\/\/www.univ-oeb.dz\/fsesnv\/wp-content\/uploads\/2023\/03\/image-3.png\" alt=\"\" class=\"wp-image-3755 size-full\"\/><\/figure><div class=\"wp-block-media-text__content\">\n<p class=\"has-text-align-left\" style=\"font-size:16px\">Prof. Han\u00e8ne&nbsp; ZATER<\/p>\n\n\n\n<p class=\"has-text-align-left\" style=\"font-size:16px\">Professor, Department of Materials Science, University of Oum El Bouaghi, Algeria<\/p>\n\n\n\n<p class=\"has-text-align-left\" style=\"font-size:16px\">E-mail: <a href=\"mailto:h.zater@yahoo.fr\/\">h.zater@yahoo.fr\/<\/a> zater.hanene@univ-oeb.dz<\/p>\n\n\n\n<p class=\"has-text-align-left\" style=\"font-size:16px\">Mobile: 0557125019\/ 0778600034\/ 0698695655<\/p>\n\n\n\n<p class=\"has-text-align-left\" style=\"font-size:16px\">Grade<\/p>\n<\/div><\/div>\n\n\n\n<p class=\"has-text-align-center has-very-light-gray-to-cyan-bluish-gray-gradient-background has-background has-medium-font-size\"><strong>Researcher identity<\/strong><\/p>\n\n\n\n<p class=\"has-text-align-left\" style=\"font-size:16px\">Google Scholar: <a href=\"https:\/\/scholar.google.com\/citations?user=zDdNPwUAAAAJ&amp;hl=fr\" data-type=\"URL\" data-id=\"https:\/\/scholar.google.com\/citations?user=zDdNPwUAAAAJ&amp;hl=fr\">link<\/a><\/p>\n\n\n\n<p class=\"has-text-align-left\" style=\"font-size:16px\">ReaserchGate: <a href=\"https:\/\/www.researchgate.net\/profile\/Hanene-Zater\" data-type=\"URL\" data-id=\"https:\/\/www.researchgate.net\/profile\/Hanene-Zater\">link<\/a><\/p>\n\n\n\n<p class=\"has-text-align-left\" style=\"font-size:16px\">ORCID: <a href=\"https:\/\/orcid.org\/0000-0003-0265-2179\" data-type=\"URL\" data-id=\"https:\/\/orcid.org\/0000-0003-0265-2179\">link<\/a><\/p>\n\n\n\n<p class=\"has-text-align-center has-very-light-gray-to-cyan-bluish-gray-gradient-background has-background has-medium-font-size\"><strong>Education<\/strong><\/p>\n\n\n\n<p class=\"has-text-align-left\" style=\"font-size:16px\"><strong>Ph.D.&rsquo;s degree<\/strong> in 15\/07\/2017 ; <strong>HDR Chemistry<\/strong> in 02\/12\/2021<\/p>\n\n\n\n<p class=\"has-text-align-left\" style=\"font-size:16px\"><strong>Master&rsquo;s degree<\/strong> in 10\/11\/2004<\/p>\n\n\n\n<p class=\"has-text-align-left\" style=\"font-size:16px\"><strong>Higher education diploma degree<\/strong> <strong>(in Chemistry)<\/strong> in 2000<\/p>\n\n\n\n<p class=\"has-text-align-center has-very-light-gray-to-cyan-bluish-gray-gradient-background has-background has-medium-font-size\"><strong>Functions and Affiliations<\/strong><\/p>\n\n\n\n<p class=\"has-text-align-left\" style=\"font-size:16px\">in Organic Chemistry \u00abPhytochemistry\u00bb<\/p>\n\n\n\n<p class=\"has-text-align-center has-very-light-gray-to-cyan-bluish-gray-gradient-background has-background has-medium-font-size\"><strong>Teaching modules<\/strong><\/p>\n\n\n\n<p class=\"has-text-align-left\" style=\"font-size:16px\">Atomistics \u00abChemistry-1\u00bb; Thermodynamics &amp; Chemical Kinetics \u00abChemistry-2\u00bb; Spectral analysis<\/p>\n\n\n\n<p class=\"has-text-align-left\" style=\"font-size:16px\">Technics of Physical-Chemical Analysis I (TAPCI); MPS (Purification &amp; Separation Method); Natural substances; Analytical Chemistry; Practical Work TP of Organic Chemistry; TP Chemistry-1 &amp;TP Chemistry-2; TP Analytical Chemistry; TP Surface Chemistry; TP Pharmaceutical Chemistry<\/p>\n\n\n\n<p class=\"has-text-align-center has-very-light-gray-to-cyan-bluish-gray-gradient-background has-background has-medium-font-size\"><strong>International publications<\/strong><\/p>\n\n\n\n<p class=\"has-text-align-left\" style=\"font-size:16px\">Lamia Aliouche, <strong>Han\u00e8ne Zater<\/strong>, Djamila Zama, Ali Bentamene, R Ramdane Seghiri, Ratiba Mekkiou,&nbsp;Samir Benayache, and Fadila Benayache. Flavonoids of <em>Serratula cichoracea <\/em>and their antioxidant activity. <strong>Chemistry of Natural Compounds 2007<\/strong>; 43(5)618-619.DOI: 10.1007\/s10600-007-0208-9<\/p>\n\n\n\n<p class=\"has-text-align-left\" style=\"font-size:16px\">Azzedine Boudjerda, <strong>Hanene Zater<\/strong>, Samir Benayache, Jean-Claude Chalchat,Javier Gonz_alez-Platas, Francisco Leo&rsquo;n, Ignacio Brouard, Jaime Bermejo,&nbsp;Fadila Benayache, A new guaianolide and other constituents from <em>Achillea ligustica. <\/em><strong>Biochemical Systematics and Ecology<\/strong> <strong>2008<\/strong>; 36: 461-466. Doi:10.1016\/j.bse.2007.11.006<\/p>\n\n\n\n<p class=\"has-text-align-left\" style=\"font-size:16px\">Mat\u00edas L\u00f3pez-Rodr\u00edguez, Victor P Garc\u00eda, <strong>Han\u00eane Zater<\/strong>, Samir Benayache, Fadila Benayache).&nbsp; Cynaratriol, a sesquiterpene lactone from <em>Centaurea musimomum. <\/em><strong>Acta Crystallographica Section E<\/strong> <strong>2009<\/strong>; E65: o1867-o1868. doi: 10.1107\/S1600536809026701<\/p>\n\n\n\n<p class=\"has-text-align-left\" style=\"font-size:16px\"><strong>Hanene <\/strong><strong>Zater, <\/strong>Azzedine <strong>Boudjerda, <\/strong>Jo\u00eblle <strong>Huet, Sofia Oliveira Ribeiro, <\/strong>Samir <strong>Benayache, <\/strong>V\u00e9ronique <strong>Fontaine, <\/strong>Caroline <strong>St\u00e9vigny, <\/strong>Pierre <strong>Duez, <\/strong>Fadila <strong>Benayache.<\/strong> Antimicrobial effects of aerial parts from Algerian centaury. <strong>Planta Medica<\/strong> <strong>2014<\/strong>; 80 &#8211; P1L96nSponsor(s): Soc Med Plant &amp; Nat Prod Res PLANTA MEDICA <strong>2014<\/strong>; 80(16) : 1442.&nbsp;&nbsp; Meeting Abstract: P1L96 Published: NOV; Doi:10.1055\/s-0034-1394753. (<strong>proceding edited)<\/strong><\/p>\n\n\n\n<p class=\"has-text-align-left\" style=\"font-size:16px\"><strong>Han\u00e8ne Zater<\/strong>, Jo\u00eblle Huet, V\u00e9ronique Fontaine, Samir Benayache, Caroline St\u00e9vigny, Pierre Duez, Fadila Benayache. Chemical constituents, cytotoxic, antifungal and antimicrobial properties of <em>Centaurea diluta <\/em>Ait. subsp. <em>algeriensis <\/em>(Coss. &amp; Dur.) Maire. <strong>Asian Pacific Journal of Tropical Medicine 2016<\/strong>; 9(6): 554 -561. <a href=\"http:\/\/dx.doi.org\/10.1016\/j.apjtm.2016.04.016\">http:\/\/dx.doi.org\/10.1016\/j.apjtm.2016.04.016<\/a><\/p>\n\n\n\n<p class=\"has-text-align-left\" style=\"font-size:16px\"><strong>Han\u00e8ne Zater<\/strong>, Khellaf Rebbas, Sabrina Bicha, Sara Ouissem Bensaid. Discovery of <em>Centaurea hyalolepis <\/em>Boiss. (Asteraceae) in the region of Djelfa. <strong>Acta Botanica Malacitana<\/strong> <strong>2019<\/strong>; 44 (67-69).&nbsp; DOI: http:\/\/dx.doi.org\/10.24310\/abm.v44i0. 5334<\/p>\n\n\n\n<p class=\"has-text-align-left\" style=\"font-size:16px\"><strong>Han\u00e8ne Zater<\/strong>, Khellaf Rebbas, Sabrina Bicha, Sara Ouissem Bensaid. The discovery of the species <em>Centaurea hyalolepis <\/em>Boiss. (Asteraceae) has been added in the site <strong>Cabi<\/strong> <a href=\"https:\/\/www.cabi.org\/isc\/datasheet\/113063.\">https:\/\/www.cabi.org\/isc\/datasheet\/113063.<\/a><\/p>\n\n\n\n<p class=\"has-text-align-left\" style=\"font-size:16px\"><strong>Han\u00e8ne Zater<\/strong>, Lamia Aliouche, Samir Benayache, Jean-Claude Chalchat, Pierre Chalard, Gilles Figueredo, Fadila Benayache. Chemical composition &amp; <em>in vitro <\/em>evaluation of the antibacterial activity of the essential oil of the aerial parts of <em>Centaurea <\/em>(Asteraceae) from the North-East region of Algeria. <strong>Advances in Bioresearch<\/strong> <strong>2021<\/strong>; 21(6):1-9. . Doi: 10.15515\/abr.0976-4585.12.6.109<\/p>\n\n\n\n<p class=\"has-text-align-left\" style=\"font-size:16px\">Lamia Aliouche, <strong>Han\u00e8ne Zater<\/strong>, Sabrina Bicha, Samir Benayache, Chawki Bensouici, Seghiri Ramdane, Fadila Benayache. <em>In Vitro <\/em>Antioxidant, Anti-Alzheimer and Antidiabetic Activities, Phenolic and Flavonoid Contents of Different Polarity Extracts from <em>Serratula cichoracea <\/em>(DC.) (Asteraceae) Aerial Parts. <strong>Advances in Bioresearch<\/strong> <strong>2022<\/strong>; 13 (2): 25-35. Doi: 10.15515\/abr.0976-4585.13.2.2535<\/p>\n\n\n\n<p class=\"has-text-align-center has-very-light-gray-to-cyan-bluish-gray-gradient-background has-background has-medium-font-size\"><strong>Interests and Qualifications<\/strong><\/p>\n\n\n\n<p class=\"has-text-align-left\" style=\"font-size:16px\">Organic chemistry and its methods of physical-chemical analysis of natural substances<\/p>\n\n\n\n<p class=\"has-text-align-left\" style=\"font-size:16px\">Phytochemical &amp; pharmacological study of the medicinal plants specific to Algeria invoked and selected, known for their use in traditional medicine in the treatment of various diseases<\/p>\n\n\n\n<p class=\"has-text-align-left\" style=\"font-size:16px\">Exhaustive bibliographic research and scientific validation of the ethnopharmacological properties of the selected species and possible extension of the action spectrum of these effects<\/p>\n\n\n\n<p class=\"has-text-align-left\" style=\"font-size:16px\">Research the biological activities of their extracts with a view to isolating their secondary metabolites<\/p>\n\n\n\n<p class=\"has-text-align-left\" style=\"font-size:16px\">Pharmacognosy &amp; valorisation of medicinal plants (Extraction, Separation, Purification and structure determination of active principles and molecules with new structures<\/p>\n\n\n\n<p class=\"has-text-align-left\" style=\"font-size:16px\">Study of the chemical composition and biological activities in vitro &amp; in vivo of their extracts and essential oils<\/p>\n\n\n\n<p class=\"has-text-align-left\" style=\"font-size:16px\">Research the biological activities of their extracts with a view to isolating their secondary metabolites<\/p>\n\n\n\n<p class=\"has-text-align-left\" style=\"font-size:16px\">Search for particular secondary metabolites: (Sesquiterpene lactones, Flavonoids, Triterpenes, Lignans&#8230;..)<\/p>\n\n\n\n<p class=\"has-text-align-left\" style=\"font-size:16px\">The valorization of species with a high content of bioactive products in the socio-economic sectors<\/p>\n\n\n\n<p class=\"has-text-align-left\" style=\"font-size:16px\">Tests of standardization of the active fractions of the crude extracts<\/p>\n\n\n\n<p class=\"has-text-align-left\" style=\"font-size:16px\">The study of the structure-activity correlation for a better understanding of the mechanism of action of active ingredients<\/p>\n\n\n\n<p class=\"has-text-align-left\" style=\"font-size:16px\">Mastery of new extraction, purification and analysis techniques<\/p>\n\n\n\n<p class=\"has-text-align-left\" style=\"font-size:16px\">The research and isolation of active principles from fractions with biological activity, which remains to be defined<\/p>\n\n\n\n<p class=\"has-text-align-left\" style=\"font-size:16px\">Determination of structures of active ingredients and molecules with new structures<\/p>\n\n\n\n<p class=\"has-text-align-left\" style=\"font-size:16px\">Tests of standardization of the active fractions of the crude extracts<\/p>\n\n\n\n<p class=\"has-text-align-left\" style=\"font-size:16px\">The study of the structure-activity correlation for a better understanding of the mechanism of action of active ingredients<\/p>\n\n\n\n<p class=\"has-text-align-left\" style=\"font-size:16px\">Mastery of new extraction, purification and analysis techniques<\/p>\n\n\n\n<p class=\"has-text-align-left\" style=\"font-size:16px\"><strong>Other: <\/strong>General Chair\/ Chairman of the 1<sup>st<\/sup> International Congress on Innovations in Chemistry For Therapeutic Aims October 23 &amp; 24 2022; University of Oum El Bouaghi, Algeria<\/p>\n\n\n\n<figure class=\"wp-block-pullquote has-white-color has-text-color\"><blockquote><p>PDF version: <a href=\"https:\/\/www.univ-oeb.dz\/fsesnv\/wp-content\/uploads\/2023\/03\/Short-CV-HDR-Hanene-ZATER.pdf\">Short CV HDR Han\u00e8ne ZATER<\/a><br>Scopus: <a href=\"https:\/\/www.scopus.com\/authid\/detail.uri?authorId=23098728700\" data-type=\"URL\" data-id=\"https:\/\/www.scopus.com\/authid\/detail.uri?authorId=23098728700\">Zater, Han\u00e8ne <\/a><\/p><\/blockquote><\/figure>\n","protected":false},"excerpt":{"rendered":"<p>Prof. Han\u00e8ne&nbsp; ZATER Professor, Department of Materials Science, University of Oum El Bouaghi, Algeria E-mail: h.zater@yahoo.fr\/ zater.hanene@univ-oeb.dz Mobile: 0557125019\/ 0778600034\/ 0698695655 Grade Researcher identity Google Scholar: link ReaserchGate: link ORCID: link Education Ph.D.&rsquo;s degree in 15\/07\/2017 ; HDR Chemistry in 02\/12\/2021 Master&rsquo;s degree in 10\/11\/2004 Higher education diploma degree (in Chemistry) in 2000 Functions and &hellip;<\/p>\n","protected":false},"author":1,"featured_media":0,"parent":0,"menu_order":0,"comment_status":"closed","ping_status":"closed","template":"","meta":{"footnotes":""},"class_list":["post-3754","page","type-page","status-publish","hentry"],"_links":{"self":[{"href":"https:\/\/www.univ-oeb.dz\/fsesnv\/wp-json\/wp\/v2\/pages\/3754","targetHints":{"allow":["GET"]}}],"collection":[{"href":"https:\/\/www.univ-oeb.dz\/fsesnv\/wp-json\/wp\/v2\/pages"}],"about":[{"href":"https:\/\/www.univ-oeb.dz\/fsesnv\/wp-json\/wp\/v2\/types\/page"}],"author":[{"embeddable":true,"href":"https:\/\/www.univ-oeb.dz\/fsesnv\/wp-json\/wp\/v2\/users\/1"}],"replies":[{"embeddable":true,"href":"https:\/\/www.univ-oeb.dz\/fsesnv\/wp-json\/wp\/v2\/comments?post=3754"}],"version-history":[{"count":0,"href":"https:\/\/www.univ-oeb.dz\/fsesnv\/wp-json\/wp\/v2\/pages\/3754\/revisions"}],"wp:attachment":[{"href":"https:\/\/www.univ-oeb.dz\/fsesnv\/wp-json\/wp\/v2\/media?parent=3754"}],"curies":[{"name":"wp","href":"https:\/\/api.w.org\/{rel}","templated":true}]}}