{"id":2152,"date":"2023-01-24T20:49:32","date_gmt":"2023-01-24T19:49:32","guid":{"rendered":"http:\/\/www.univ-oeb.dz\/fsesnv\/?page_id=2152"},"modified":"2023-05-27T14:02:33","modified_gmt":"2023-05-27T13:02:33","slug":"%d8%b9%d9%84%d9%88%d9%85-%d8%a7%d9%84%d9%85%d8%a7%d8%af%d8%a9-%d9%86%d9%82%d8%a7%d8%b7-%d8%ab%d8%a7%d9%84%d8%ab%d8%a9-%d9%84%d9%8a%d8%b3%d8%a7%d9%86%d8%b3","status":"publish","type":"page","link":"https:\/\/www.univ-oeb.dz\/fsesnv\/%d8%b9%d9%84%d9%88%d9%85-%d8%a7%d9%84%d9%85%d8%a7%d8%af%d8%a9-%d9%86%d9%82%d8%a7%d8%b7-%d8%ab%d8%a7%d9%84%d8%ab%d8%a9-%d9%84%d9%8a%d8%b3%d8%a7%d9%86%d8%b3\/","title":{"rendered":"\u0639\u0644\u0648\u0645 \u0627\u0644\u0645\u0627\u062f\u0629 -\u0646\u0642\u0627\u0637 \u062b\u0627\u0644\u062b\u0629 \u0644\u064a\u0633\u0627\u0646\u0633-"},"content":{"rendered":"\n<p class=\"has-text-align-center\">Chimie Fondamentale<\/p>\n\n\n\n<figure class=\"wp-block-table\"><table class=\"has-fixed-layout\"><tbody><tr><td>\u0627\u0644\u0645\u0642\u064a\u0627\u0633<\/td><td>\u0627\u0644\u0639\u0644\u0627\u0645\u0629<\/td><td>\u0627\u0644\u062a\u0635\u062d\u064a\u062d \u0627\u0644\u0646\u0645\u0648\u0630\u062c\u064a<\/td><\/tr><tr><td>TP Synth\u00e8se Organique<\/td><td> <a href=\"https:\/\/www.univ-oeb.dz\/fsesnv\/wp-content\/uploads\/2023\/02\/TP-Synthese-Organique-5-\u0627\u0644\u0641\u0648\u062c-1-2.xlsx\">TP Synth\u00e8se Organique 5( \u0627\u0644\u0641\u0648\u062c 1) (2)<\/a><\/td><td><\/td><\/tr><tr><td>Cristallographie<\/td><td><a href=\"https:\/\/www.univ-oeb.dz\/fsesnv\/wp-content\/uploads\/2023\/01\/Cristallographie5-\u0627\u0644\u0641\u0648\u062c-1.xlsx\">Cristallographie5( \u0627\u0644\u0641\u0648\u062c 1<\/a><br>l&rsquo;\u00e9tudiante Abrkane Amel n&rsquo;est pas sur la liste 0.5 (contr\u00f4le) 5 (TD)<\/td><td><\/td><\/tr><tr><td>TP Mod\u00e9lisation mol\u00e9culaire<\/td><td><\/td><td><\/td><\/tr><tr><td>Chimie Organique III<\/td><td><a href=\"https:\/\/www.univ-oeb.dz\/fsesnv\/wp-content\/uploads\/2023\/02\/Chimie-Organique-III-\u0627\u0644\u0641\u0648\u062c-1-1.xlsx\">Chimie Organique III( \u0627\u0644\u0641\u0648\u062c 1) (1)<\/a><br><a href=\"https:\/\/www.univ-oeb.dz\/fsesnv\/wp-content\/uploads\/2023\/02\/Chimie-Organique-III-%D8%A7%D9%84%D9%81%D9%88%D8%AC-1-1-1.xlsx\">Chimie Organique III( \u0627\u0644\u0641\u0648\u062c 1) (1)<\/a><\/td><td><\/td><\/tr><tr><td>Chimie Analytique II<\/td><td><\/td><td><\/td><\/tr><tr><td>Chimie Quantique II<\/td><td><\/td><td><\/td><\/tr><tr><td>Anglais<\/td><td><\/td><td><\/td><\/tr><tr><td>Chimie des mat\u00e9riaux<\/td><td><\/td><td><\/td><\/tr><\/tbody><\/table><\/figure>\n\n\n\n<p class=\"has-text-align-center\">Chimie Pharmaceutique<\/p>\n\n\n\n<figure class=\"wp-block-table\"><table class=\"has-fixed-layout\"><tbody><tr><td>\u0627\u0644\u0645\u0642\u064a\u0627\u0633<\/td><td>\u0627\u0644\u0639\u0644\u0627\u0645\u0629<\/td><td>\u0627\u0644\u062a\u0635\u062d\u064a\u062d \u0627\u0644\u0646\u0645\u0648\u0630\u062c\u064a<\/td><\/tr><tr><td>Initiation \u00e0 la connaissance du m\u00e9dicament<\/td><td><a href=\"https:\/\/www.univ-oeb.dz\/fsesnv\/wp-content\/uploads\/2023\/02\/Pv-de-notes-Initiation-a-la-connaissance-du-Medicament.xlsx\">Pv de notes Initiation \u00e0 la connaissance du M\u00e9dicament<\/a> <br><\/td><td><a href=\"https:\/\/www.univ-oeb.dz\/fsesnv\/wp-content\/uploads\/2023\/01\/annonce-de-consultation-L3-CHIM-PHARM.docx\">annonce de consultation L3 CHIM PHARM<\/a><br><a href=\"https:\/\/www.univ-oeb.dz\/fsesnv\/wp-content\/uploads\/2023\/02\/corrige-type-avec-bareme-examen-initiation-2023.docx\">corrig\u00e9 type avec bareme examen initiation 2023<\/a><\/td><\/tr><tr><td>Pharmacologie &#8211; Toxicologie<\/td><td><a href=\"https:\/\/www.univ-oeb.dz\/fsesnv\/wp-content\/uploads\/2023\/01\/Copie-de-Pharmacologie-Toxicologie-\u0627\u0644\u0641\u0648\u062c-11429.xlsx\">Copie de Pharmacologie Toxicologie( \u0627\u0644\u0641\u0648\u062c 1)(1429)<\/a><br>Consultation des copies&nbsp; le 29\/01\/2023 &nbsp;\u00e0 11&nbsp;:00 bloc D<br><\/td><td><a href=\"https:\/\/www.univ-oeb.dz\/fsesnv\/wp-content\/uploads\/2023\/01\/CORRIGE-TYPE-3L-CHIM.PHAR_.2023.pdf\">CORRIGE TYPE 3L CHIM.PHAR.2023<\/a><\/td><\/tr><tr><td>TP Synth\u00e8se d\u2019interm\u00e9diaires organiques<br>pour les mol\u00e9cules bioactives<\/td><td><a href=\"https:\/\/www.univ-oeb.dz\/fsesnv\/wp-content\/uploads\/2023\/02\/TP-synthese-d-Intermediaire-Organique-\u0627\u0644\u0641\u0648\u062c-1.xlsx-note-examen-tp.xlsx\">TP synthese d Intermediaire Organique ( \u0627\u0644\u0641\u0648\u062c 1).xlsx note examen tp<\/a><\/td><td><\/td><\/tr><tr><td>Chimie organique pharmaceutique<\/td><td><\/td><td><\/td><\/tr><tr><td>Anglais<\/td><td><\/td><td><\/td><\/tr><tr><td>Chimie organique approfondie I<\/td><td> <a href=\"https:\/\/www.univ-oeb.dz\/fsesnv\/wp-content\/uploads\/2023\/02\/Copie-de-Chimie-Organique-Approfondie-1-\u0627\u0644\u0641\u0648\u062c-1.xlsx\">Copie de Chimie Organique Approfondie 1( \u0627\u0644\u0641\u0648\u062c 1)<\/a><\/td><td><a href=\"https:\/\/www.univ-oeb.dz\/fsesnv\/wp-content\/uploads\/2023\/02\/%D8%AA%D8%B5%D8%AD%D9%8A%D8%AD-%D8%A7%D9%84%D8%B3%D9%86%D8%A9-%D8%A7%D9%84%D8%AB%D8%A7%D9%84%D8%AB%D8%A9-2023.docx\">\u062a\u0635\u062d\u064a\u062d \u0627\u0644\u0633\u0646\u0629 \u0627\u0644\u062b\u0627\u0644\u062b\u0629 2023<\/a><br> <a href=\"https:\/\/www.univ-oeb.dz\/fsesnv\/wp-content\/uploads\/2023\/02\/%D8%A7%D9%85%D8%AA%D8%AD%D8%A7%D9%86-%D8%A7%D9%84%D8%B3%D9%86%D8%A9-%D8%A7%D9%84%D8%AB%D8%A7%D9%84%D8%AB%D8%A9-2023.docx\">\u0627\u0645\u062a\u062d\u0627\u0646 \u0627\u0644\u0633\u0646\u0629 \u0627\u0644\u062b\u0627\u0644\u062b\u0629 2023<\/a><\/td><\/tr><tr><td>M\u00e9thodes d\u2019analyses \u00e9lectrochimiques<\/td><td><a href=\"https:\/\/www.univ-oeb.dz\/fsesnv\/wp-content\/uploads\/2023\/01\/Methode-d-Analyse-Electrochimique-\u0627\u0644\u0641\u0648\u062c-1.xlsx\">M\u00e9thode d Analyse Electrochimique ( \u0627\u0644\u0641\u0648\u062c 1)<\/a> <br>La consultation sera programm\u00e9e en concertation avec l\u2019emploi du temps de cette sp\u00e9cialit\u00e9<\/td><td><a href=\"https:\/\/www.univ-oeb.dz\/fsesnv\/wp-content\/uploads\/2023\/01\/Corrige-type-MEA-L3-Chimie-Pharmac-2023.pdf\">Corrig\u00e9 type-MEA-L3-Chimie Pharmac-2023<\/a><\/td><\/tr><tr><td>M\u00e9thode spectroscopiques d&rsquo;analyses<\/td><td><\/td><td><\/td><\/tr><\/tbody><\/table><\/figure>\n\n\n\n<p class=\"has-text-align-center\">Physique des Mat\u00e9riaux<\/p>\n\n\n\n<figure class=\"wp-block-table\"><table class=\"has-fixed-layout\"><tbody><tr><td>\u0627\u0644\u0645\u0642\u064a\u0627\u0633<\/td><td>\u0627\u0644\u0639\u0644\u0627\u0645\u0629<\/td><td>\u0627\u0644\u062a\u0635\u062d\u064a\u062d \u0627\u0644\u0646\u0645\u0648\u0630\u062c\u064a<\/td><\/tr><tr><td>Electronique des<br>composants<\/td><td><\/td><td><\/td><\/tr><tr><td>Math\u00e9matique pour la<br>Physique<\/td><td><a href=\"https:\/\/www.univ-oeb.dz\/fsesnv\/wp-content\/uploads\/2023\/01\/Mathematique-pour-la-physique-\u0627\u0644\u0641\u0648\u062c-1.xlsx\">Math\u00e9matique pour la physique( \u0627\u0644\u0641\u0648\u062c 1)<\/a><\/td><td><\/td><\/tr><tr><td>Physique du solide<\/td><td> <a href=\"https:\/\/www.univ-oeb.dz\/fsesnv\/wp-content\/uploads\/2023\/01\/Physique-de-Solide-1-\u0627\u0644\u0641\u0648\u062c-12023.xlsx\">Physique de Solide 1( \u0627\u0644\u0641\u0648\u062c 1)2023<\/a><\/td><td><a href=\"https:\/\/www.univ-oeb.dz\/fsesnv\/wp-content\/uploads\/2023\/01\/IMG_20230130_0003.pdf\">IMG_20230130_0003<\/a> <a href=\"https:\/\/www.univ-oeb.dz\/fsesnv\/wp-content\/uploads\/2023\/01\/IMG_20230130_0002.pdf\">IMG_20230130_0002<\/a> <a href=\"https:\/\/www.univ-oeb.dz\/fsesnv\/wp-content\/uploads\/2023\/01\/IMG_20230130_0001.pdf\">IMG_20230130_0001<\/a><\/td><\/tr><tr><td>TP Physique du solide<\/td><td> <a href=\"https:\/\/www.univ-oeb.dz\/fsesnv\/wp-content\/uploads\/2023\/01\/TP-Physique-du-Solide1-\u0627\u0644\u0641\u0648\u062c-12023.xlsx\">TP Physique du Solide1( \u0627\u0644\u0641\u0648\u062c 1)2023<\/a><\/td><td><a href=\"https:\/\/www.univ-oeb.dz\/fsesnv\/wp-content\/uploads\/2023\/01\/IMG_20230130_0005.pdf\">IMG_20230130_0005<\/a> <a href=\"https:\/\/www.univ-oeb.dz\/fsesnv\/wp-content\/uploads\/2023\/01\/IMG_20230130_0004.pdf\">IMG_20230130_0004<\/a><\/td><\/tr><tr><td>Logiciel<\/td><td><a href=\"https:\/\/www.univ-oeb.dz\/fsesnv\/wp-content\/uploads\/2023\/01\/Logiciel-\u0627\u0644\u0641\u0648\u062c-1.xlsx\">Logiciel( \u0627\u0644\u0641\u0648\u062c 1)<\/a><br>Consultation 29-1-2023 \u00e0 15;00<\/td><td><\/td><\/tr><tr><td>Acoustique<\/td><td><\/td><td><\/td><\/tr><tr><td>Analyse num\u00e9rique<\/td><td><\/td><td><\/td><\/tr><tr><td>Physique Statistique<\/td><td><a href=\"https:\/\/www.univ-oeb.dz\/fsesnv\/wp-content\/uploads\/2023\/01\/NOTES-L3PhysMateriaux-PS-Janvier2023.pdf\">NOTES L3PhysMat\u00e9riaux PS Janvier2023<\/a><br><a href=\"https:\/\/www.univ-oeb.dz\/fsesnv\/wp-content\/uploads\/2023\/01\/Physique-Statistique-\u0627\u0644\u0641\u0648\u062c-1.xlsx\">Physique Statistique ( \u0627\u0644\u0641\u0648\u062c 1)<\/a><\/td><td><a href=\"https:\/\/www.univ-oeb.dz\/fsesnv\/wp-content\/uploads\/2023\/01\/Corrige-EXAMEN-L3PhysMat-PhysStatistique.pdf\">Corrig\u00e9 EXAMEN-L3PhysMat-PhysStatistique<\/a><\/td><\/tr><tr><td>M\u00e9canique Quantique II<\/td><td><a href=\"https:\/\/www.univ-oeb.dz\/fsesnv\/wp-content\/uploads\/2023\/02\/pv-note-TD-L3-Phy-Mat-MQ2.xls\">pv note TD L3 Phy Mat-MQ2<\/a> <br><a href=\"https:\/\/www.univ-oeb.dz\/fsesnv\/wp-content\/uploads\/2023\/02\/Mecanique-Quantique-2-\u0627\u0644\u0641\u0648\u062c-1.xlsx\">M\u00e9canique Quantique 2( \u0627\u0644\u0641\u0648\u062c 1)<\/a><\/td><td><\/td><\/tr><tr><td>Anglais<\/td><td><a href=\"https:\/\/www.univ-oeb.dz\/fsesnv\/wp-content\/uploads\/2023\/02\/Anglais-Scientifique-3-\u0627\u0644\u0641\u0648\u062c-1-3eme-materiaux.xlsx\">Anglais Scientifique 3( \u0627\u0644\u0641\u0648\u062c 1)-3eme materiaux<\/a><\/td><td><\/td><\/tr><\/tbody><\/table><\/figure>\n\n\n\n<p class=\"has-text-align-center\"><strong>Physique Fondamentale<\/strong><\/p>\n\n\n\n<figure class=\"wp-block-table\"><table class=\"has-fixed-layout\"><tbody><tr><td>\u0627\u0644\u0645\u0642\u064a\u0627\u0633<\/td><td>\u0627\u0644\u0639\u0644\u0627\u0645\u0629<\/td><td>\u0627\u0644\u062a\u0635\u062d\u064a\u062d \u0627\u0644\u0646\u0645\u0648\u0630\u062c\u064a<\/td><\/tr><tr><td>Relativit\u00e9 Restreinte<\/td><td><a href=\"https:\/\/www.univ-oeb.dz\/fsesnv\/wp-content\/uploads\/2023\/01\/Reletivite-Resteiente-\u0627\u0644\u0641\u0648\u062c-1.xlsx\">Reletivit\u00e9 Resteiente( \u0627\u0644\u0641\u0648\u062c 1)<\/a><\/td><td><a href=\"https:\/\/www.univ-oeb.dz\/fsesnv\/wp-content\/uploads\/2023\/01\/relativite-2023.docx\">relativit\u00e9 2023<\/a><\/td><\/tr><tr><td>M\u00e9canique Quantique II<\/td><td><a href=\"https:\/\/www.univ-oeb.dz\/fsesnv\/wp-content\/uploads\/2023\/01\/Mecanique-Quantique-II-\u0627\u0644\u0641\u0648\u062c-1.xlsx\">M\u00e9canique Quantique II( \u0627\u0644\u0641\u0648\u062c 1)<\/a><\/td><td><a href=\"https:\/\/www.univ-oeb.dz\/fsesnv\/wp-content\/uploads\/2023\/01\/mecanique-quantique2023.docx\">m\u00e9canique quantique2023<\/a><\/td><\/tr><tr><td>Anglais<\/td><td><\/td><td><\/td><\/tr><tr><td>Electromagn\u00e9tisme<\/td><td><a href=\"https:\/\/www.univ-oeb.dz\/fsesnv\/wp-content\/uploads\/2023\/02\/PV-EXAM-TD-EM-II-2023-B.pdf\">PV EXAM &amp; TD EM II 2023 B<\/a><\/td><td><\/td><\/tr><tr><td>Physique des semi-conducteurs<\/td><td><a href=\"https:\/\/www.univ-oeb.dz\/fsesnv\/wp-content\/uploads\/2023\/01\/Physique-des-semi-conducteurs-\u0627\u0644\u0641\u0648\u062c-1-1.pdf\">Physique des semi-conducteurs ( \u0627\u0644\u0641\u0648\u062c 1)<\/a><br><a href=\"https:\/\/www.univ-oeb.dz\/fsesnv\/wp-content\/uploads\/2023\/01\/Physique-des-semi-Conducteurs-\u0627\u0644\u0641\u0648\u062c-1.pdf\">Physique des semi Conducteurs( \u0627\u0644\u0641\u0648\u062c 1)<\/a><br>\u0644\u064a\u0643\u0646 \u0641\u064a \u0639\u0644\u0645 \u0637\u0644\u0628\u0629 \u0627\u0644\u0633\u0646\u0629 \u0627\u0644\u062b\u0627\u0644\u062b\u0629 \u0641\u064a\u0632\u064a\u0627\u0621 \u0627\u0633\u0627\u0633\u064a\u0629 \u0623\u0646 \u0645\u0639\u0627\u064a\u0646\u0629 \u0623\u0648\u0631\u0627\u0642 \u0625\u0645\u062a\u062d\u0627\u0646 \u0641\u064a\u0632\u064a\u0627\u0621 \u0627\u0646\u0635\u0627\u0641 \u0627\u0644\u0646\u0648\u0627\u0642\u0644 \u0633\u064a\u0643\u0648\u0646 \u064a\u0648\u0645 \u0627\u0627\u0644\u062e\u0645\u064a\u0633 26 \u062c\u0627\u0646\u0641\u064a 2023 \u0645\u0646 \u0627\u0644\u0633\u0627\u0639\u0629&nbsp; 9h 30 \u0627\u0644\u0649 10 \u0628\u0627\u0644\u0642\u0627\u0639\u0629 D02<\/td><td><\/td><\/tr><tr><td>M\u00e9thodes math\u00e9matiques pour<br>la physique<\/td><td><\/td><td><\/td><\/tr><tr><td>Physique Num\u00e9rique<\/td><td><a href=\"https:\/\/www.univ-oeb.dz\/fsesnv\/wp-content\/uploads\/2023\/01\/3-PHYSIQUE-NUMERIQUE.xls\">3 PHYSIQUE NUMERIQUE<\/a><\/td><td><a href=\"https:\/\/www.univ-oeb.dz\/fsesnv\/wp-content\/uploads\/2023\/01\/Corrnotes-Phy-Num.pdf\">Corr+notes Phy-Num<\/a><\/td><\/tr><tr><td>Physique Statistique<\/td><td><\/td><td><\/td><\/tr><\/tbody><\/table><\/figure>\n\n\n\n<p><\/p>\n","protected":false},"excerpt":{"rendered":"<p>Chimie Fondamentale \u0627\u0644\u0645\u0642\u064a\u0627\u0633\u0627\u0644\u0639\u0644\u0627\u0645\u0629\u0627\u0644\u062a\u0635\u062d\u064a\u062d \u0627\u0644\u0646\u0645\u0648\u0630\u062c\u064aTP Synth\u00e8se Organique TP Synth\u00e8se Organique 5( \u0627\u0644\u0641\u0648\u062c 1) (2)CristallographieCristallographie5( \u0627\u0644\u0641\u0648\u062c 1l&rsquo;\u00e9tudiante Abrkane Amel n&rsquo;est pas sur la liste 0.5 (contr\u00f4le) 5 (TD)TP Mod\u00e9lisation mol\u00e9culaireChimie Organique IIIChimie Organique III( \u0627\u0644\u0641\u0648\u062c 1) (1)Chimie Organique III( \u0627\u0644\u0641\u0648\u062c 1) (1)Chimie Analytique IIChimie Quantique IIAnglaisChimie des mat\u00e9riaux Chimie Pharmaceutique \u0627\u0644\u0645\u0642\u064a\u0627\u0633\u0627\u0644\u0639\u0644\u0627\u0645\u0629\u0627\u0644\u062a\u0635\u062d\u064a\u062d \u0627\u0644\u0646\u0645\u0648\u0630\u062c\u064aInitiation \u00e0 la connaissance du m\u00e9dicamentPv &hellip;<\/p>\n","protected":false},"author":1,"featured_media":0,"parent":0,"menu_order":0,"comment_status":"closed","ping_status":"closed","template":"","meta":{"footnotes":""},"class_list":["post-2152","page","type-page","status-publish","hentry"],"_links":{"self":[{"href":"https:\/\/www.univ-oeb.dz\/fsesnv\/wp-json\/wp\/v2\/pages\/2152","targetHints":{"allow":["GET"]}}],"collection":[{"href":"https:\/\/www.univ-oeb.dz\/fsesnv\/wp-json\/wp\/v2\/pages"}],"about":[{"href":"https:\/\/www.univ-oeb.dz\/fsesnv\/wp-json\/wp\/v2\/types\/page"}],"author":[{"embeddable":true,"href":"https:\/\/www.univ-oeb.dz\/fsesnv\/wp-json\/wp\/v2\/users\/1"}],"replies":[{"embeddable":true,"href":"https:\/\/www.univ-oeb.dz\/fsesnv\/wp-json\/wp\/v2\/comments?post=2152"}],"version-history":[{"count":0,"href":"https:\/\/www.univ-oeb.dz\/fsesnv\/wp-json\/wp\/v2\/pages\/2152\/revisions"}],"wp:attachment":[{"href":"https:\/\/www.univ-oeb.dz\/fsesnv\/wp-json\/wp\/v2\/media?parent=2152"}],"curies":[{"name":"wp","href":"https:\/\/api.w.org\/{rel}","templated":true}]}}