{"id":14664,"date":"2023-12-28T10:09:29","date_gmt":"2023-12-28T09:09:29","guid":{"rendered":"http:\/\/www.univ-oeb.dz\/fsesnv\/?page_id=14664"},"modified":"2023-12-28T12:15:00","modified_gmt":"2023-12-28T11:15:00","slug":"curriculum-vitae-soulef-azizi","status":"publish","type":"page","link":"https:\/\/www.univ-oeb.dz\/fsesnv\/curriculum-vitae-soulef-azizi\/","title":{"rendered":"Curriculum Vitae Soulef AZIZI"},"content":{"rendered":"\n<div class=\"wp-block-media-text is-stacked-on-mobile\" style=\"grid-template-columns:24% auto\"><figure class=\"wp-block-media-text__media\"><img fetchpriority=\"high\" decoding=\"async\" width=\"512\" height=\"512\" src=\"https:\/\/www.univ-oeb.dz\/fsesnv\/wp-content\/uploads\/2023\/03\/666201.png\" alt=\"\" class=\"wp-image-4279 size-full\" srcset=\"https:\/\/www.univ-oeb.dz\/fsesnv\/wp-content\/uploads\/2023\/03\/666201.png 512w, https:\/\/www.univ-oeb.dz\/fsesnv\/wp-content\/uploads\/2023\/03\/666201-300x300.png 300w, https:\/\/www.univ-oeb.dz\/fsesnv\/wp-content\/uploads\/2023\/03\/666201-150x150.png 150w\" sizes=\"(max-width: 512px) 100vw, 512px\" \/><\/figure><div class=\"wp-block-media-text__content\">\n<ul class=\"wp-block-list\">\n<li><strong><em>Personal<\/em><\/strong><\/li>\n\n\n\n<li>Dr. Soulef AZIZI<\/li>\n\n\n\n<li>Doctor, Analytical and Physical Chemistry, Science of the Matter department, University of Oum El Bouaghi, Algeria.<\/li>\n\n\n\n<li>E-mail: azizi_soulef@yahoo.fr<\/li>\n\n\n\n<li>Mobile: 05 50 79 72 29<\/li>\n<\/ul>\n<\/div><\/div>\n\n\n\n<p class=\"has-text-align-center has-very-light-gray-to-cyan-bluish-gray-gradient-background has-background\"><strong>Researcher identity<\/strong><\/p>\n\n\n\n<ul class=\"wp-block-list\">\n<li>Google Scholar:&nbsp; <a href=\"https:\/\/scholar.google.com\/citations?view_op=new_articles&amp;hl=fr&amp;imq=Azizi+Soulef&amp;authuser\">https:\/\/scholar.google.com\/citations?view_op=new_articles&amp;hl=fr&amp;imq=Azizi+Soulef&amp;authuser<\/a><\/li>\n\n\n\n<li>ReaserchGate: <a href=\"https:\/\/www.researchgate.net\/profile\/Soulef-Azizi\">https:\/\/www.researchgate.net\/profile\/Soulef-Azizi<\/a><\/li>\n\n\n\n<li>ORCID: <a href=\"https:\/\/orcid.org\/0000-0001-6893-6858\">https:\/\/orcid.org\/0000-0001-6893-6858<\/a><\/li>\n<\/ul>\n\n\n\n<p class=\"has-text-align-center has-very-light-gray-to-cyan-bluish-gray-gradient-background has-background\">Education<\/p>\n\n\n\n<ul class=\"wp-block-list\">\n<li><strong>Ph.D.&rsquo;s degree<\/strong> in in Chemistry Physical Analytical Chemistry<\/li>\n\n\n\n<li>&nbsp;<strong>Master&rsquo;s degree<\/strong> in Magister in Pharmacochemistry<\/li>\n\n\n\n<li><strong>License&rsquo;s degree<\/strong> in Chemistry<\/li>\n<\/ul>\n\n\n\n<p class=\"has-text-align-center has-very-light-gray-to-cyan-bluish-gray-gradient-background has-background\">Functions and Affiliations<\/p>\n\n\n\n<ul class=\"wp-block-list\">\n<li><strong>Professor, <\/strong><strong>Physical Analytical Chemistry<\/strong><\/li>\n<\/ul>\n\n\n\n<p class=\"has-text-align-center has-very-light-gray-to-cyan-bluish-gray-gradient-background has-background\">Teaching modules<\/p>\n\n\n\n<ul class=\"wp-block-list\">\n<li>Analysis and control of drugs<\/li>\n\n\n\n<li>&nbsp;Drug Technology<\/li>\n\n\n\n<li>Notions of pharmacology<\/li>\n\n\n\n<li>General and organic chemistry<\/li>\n\n\n\n<li>&nbsp;Thermodynamic mineral chemistry and chemistry of solutions<\/li>\n\n\n\n<li>&nbsp;Knowledge of the drug<\/li>\n\n\n\n<li>Toxicology\u2013pharmacology<\/li>\n\n\n\n<li>&nbsp;Physicochemical analysis, instrumentation<\/li>\n\n\n\n<li>&nbsp;Standardization and metrology<\/li>\n\n\n\n<li>Spectroscopic methods<\/li>\n\n\n\n<li>Instrumentation of spectrometry and imaging II<\/li>\n\n\n\n<li>&nbsp;Analytical Chemistry: Electrochemical Methods and Methods of Extraction and Separation<\/li>\n<\/ul>\n\n\n\n<p class=\"has-text-align-center has-very-light-gray-to-cyan-bluish-gray-gradient-background has-background\">International publications<\/p>\n\n\n\n<figure class=\"wp-block-table\"><table><tbody><tr><td>&nbsp;&nbsp;&nbsp; S. AZIZI, S. BELAIDI and T. SEHILI; (2007); Oriental J. Of Chem.; Phototransformation of (3-4-isopropylphenyl)-1; 1dimethylurea) by different TiO<sub>2<\/sub> in aqueous solution; 23 (3), 837-844. &nbsp;&nbsp;&nbsp; S. AZIZI, T. SEHILI and K. DJEBBAR; (2008); Sc. &amp; Tec. A; D\u00e9gradation photocatalytique de l\u2019isoproturon en suspension aqueuses du bioxyde de titane irradi\u00e9e par UV: cin\u00e9tique de d\u00e9gradation, produits interm\u00e9diaires et &nbsp;m\u00e9canisme r\u00e9actionnel; B (27); 17-23.<\/td><\/tr><tr><td>&nbsp;&nbsp;&nbsp;&nbsp; S. AZIZI, T. SEHILI and K. DJEBBAR; (2013); J. of Envir. Eng. and Tec; 2; (1); Comparative Study of Phototransformation of&nbsp; Isoproturon Aqueous Solution&nbsp; by UV\/H<sub>2<\/sub>O<sub>2<\/sub> Treatment, Fenton\u2019s&nbsp; Reagent,&nbsp; Photo-Fenton &nbsp;and Photocatalytic Processes17-23.<\/td><\/tr><tr><td>&nbsp;&nbsp;&nbsp; S. AZIZI, T. SEHILI and K. DJEBBAR; (2014); Sc. &amp; Tec. A; Comparative Study Of Degradation Of Isoproturon (3-(4-Isopropylphenyl)-1,1dimethylurea) Photoinduced By Fe(III) And Fe(III)-Photoinduced Sonochemical In Aqueous Solution; (39); 31-39.&nbsp; &nbsp;&nbsp;&nbsp; S. AZIZI, T. SEHILI ; Am\u00e9lioration de la d\u00e9gradation photocatalytique de l\u2019isoproturon par addition d\u2019accepteur d\u2019\u00e9lectron en pr\u00e9sence d\u2019une petite quantit\u00e9 de bioxyde de titane en solution aqueuse, Journal International Sciences et Technique de l\u2019Eau et de l\u2019Environnement JISTEE : 65-69 ; Num\u00e9ro 2 &#8211; Octobre 2017. &nbsp;&nbsp;&nbsp; L. Herissi, L. Hadjeris, M.S. Aida, S. Azizi, A. Hafdallah and A. Ferdi&nbsp;; (2019)&nbsp;; Ni-Doped ZnO Thin Films &nbsp;Deposited by Pneumatic Spray Pyrolysis&nbsp;; Nano Hybrids and Composites&nbsp;; Vol. 27, pp 21-29. &nbsp;&nbsp;&nbsp; S. AZIZI, N. MESRI, T. SEHILI, L. HADJERIS1 and L. HERISSI&nbsp;; (2020); Degradation of methyl green by a &nbsp;supported photocatalyst: Economic technique for the depollution, International Journal of Chemical and Biochemical Sciences IJCBS :73-78, Num\u00e9ro 18.<\/td><\/tr><\/tbody><\/table><\/figure>\n\n\n\n<p class=\"has-text-align-center has-very-light-gray-to-cyan-bluish-gray-gradient-background has-background\">Interests and Qualifications<\/p>\n\n\n\n<ul class=\"wp-block-list\">\n<li><strong>Interests: <\/strong>my area of expertise is the development of experimental research methodology and analysis protocols, quality control, water treatment, photodegradation of pollutants (pesticides, industrial derivatives) in homogeneous and heterogeneous phases, depollution using advanced oxidation processes, renewable energies, and photocatalysis.<\/li>\n<\/ul>\n\n\n\n<ul class=\"wp-block-list\">\n<li><strong>Qualifications: <\/strong><strong><\/strong><\/li>\n<\/ul>\n\n\n\n<p><strong>&#8211; <\/strong>Higher education and supervision,<\/p>\n\n\n\n<p>&#8211; Water treatment, photodegradation, photocatalysis and renewable energies,<\/p>\n\n\n\n<p>&#8211; &nbsp;Quality control<\/p>\n\n\n\n\n\n<figure class=\"wp-block-pullquote has-white-color has-text-color\"><blockquote><p>pdf version: <a href=\"https:\/\/www.univ-oeb.dz\/fsesnv\/wp-content\/uploads\/2023\/12\/Short-CV-1-1.pdf\">Short CV (1)<\/a><\/p><\/blockquote><\/figure>\n","protected":false},"excerpt":{"rendered":"<p>Personal Dr. Soulef AZIZI Doctor, Analytical and Physical Chemistry, Science of the Matter department, University of Oum El Bouaghi, Algeria. E-mail: azizi_soulef@yahoo.fr Mobile: 05 50 79 72 29 Researcher identity Google Scholar:&nbsp; https:\/\/scholar.google.com\/citations?view_op=new_articles&amp;hl=fr&amp;imq=Azizi+Soulef&amp;authuser ReaserchGate: https:\/\/www.researchgate.net\/profile\/Soulef-Azizi ORCID: https:\/\/orcid.org\/0000-0001-6893-6858 Education Ph.D.&rsquo;s degree in in Chemistry Physical Analytical Chemistry &nbsp;Master&rsquo;s degree in Magister in Pharmacochemistry License&rsquo;s degree in &hellip;<\/p>\n","protected":false},"author":1,"featured_media":0,"parent":0,"menu_order":0,"comment_status":"closed","ping_status":"closed","template":"","meta":{"footnotes":""},"class_list":["post-14664","page","type-page","status-publish","hentry"],"_links":{"self":[{"href":"https:\/\/www.univ-oeb.dz\/fsesnv\/wp-json\/wp\/v2\/pages\/14664","targetHints":{"allow":["GET"]}}],"collection":[{"href":"https:\/\/www.univ-oeb.dz\/fsesnv\/wp-json\/wp\/v2\/pages"}],"about":[{"href":"https:\/\/www.univ-oeb.dz\/fsesnv\/wp-json\/wp\/v2\/types\/page"}],"author":[{"embeddable":true,"href":"https:\/\/www.univ-oeb.dz\/fsesnv\/wp-json\/wp\/v2\/users\/1"}],"replies":[{"embeddable":true,"href":"https:\/\/www.univ-oeb.dz\/fsesnv\/wp-json\/wp\/v2\/comments?post=14664"}],"version-history":[{"count":0,"href":"https:\/\/www.univ-oeb.dz\/fsesnv\/wp-json\/wp\/v2\/pages\/14664\/revisions"}],"wp:attachment":[{"href":"https:\/\/www.univ-oeb.dz\/fsesnv\/wp-json\/wp\/v2\/media?parent=14664"}],"curies":[{"name":"wp","href":"https:\/\/api.w.org\/{rel}","templated":true}]}}