{"id":1463,"date":"2023-01-19T09:41:00","date_gmt":"2023-01-19T08:41:00","guid":{"rendered":"http:\/\/www.univ-oeb.dz\/fsesnv\/?page_id=1463"},"modified":"2023-02-08T11:22:39","modified_gmt":"2023-02-08T10:22:39","slug":"%d8%b9%d9%84%d9%88%d9%85-%d8%a7%d9%84%d9%85%d8%a7%d8%af%d8%a9-%d9%86%d9%82%d8%a7%d8%b7-%d9%85%d8%a7%d8%b3%d8%aa%d8%b1-2","status":"publish","type":"page","link":"https:\/\/www.univ-oeb.dz\/fsesnv\/%d8%b9%d9%84%d9%88%d9%85-%d8%a7%d9%84%d9%85%d8%a7%d8%af%d8%a9-%d9%86%d9%82%d8%a7%d8%b7-%d9%85%d8%a7%d8%b3%d8%aa%d8%b1-2\/","title":{"rendered":"\u0639\u0644\u0648\u0645 \u0627\u0644\u0645\u0627\u062f\u0629 -\u0646\u0642\u0627\u0637 \u0645\u0627\u0633\u062a\u0631 2-"},"content":{"rendered":"\n<p class=\"has-text-align-center\"><strong>Chimie Analytiques<\/strong><\/p>\n\n\n\n<figure class=\"wp-block-table\"><table class=\"has-fixed-layout\"><tbody><tr><td>\u0627\u0644\u0645\u0642\u064a\u0627\u0633<\/td><td>\u0627\u0644\u0639\u0644\u0627\u0645\u0629<\/td><td>\u0627\u0644\u062a\u0635\u062d\u064a\u062d \u0627\u0644\u0646\u0645\u0648\u0630\u062c\u064a<\/td><\/tr><tr><td>SAE14\/ Analyses li\u00e9es \u00e0 l\u2019environnement II<\/td><td><a href=\"https:\/\/www.univ-oeb.dz\/fsesnv\/wp-content\/uploads\/2023\/02\/Analyses-liees-a-l-environement-2-\u0627\u0644\u0641\u0648\u062c-1-1.xlsx\">Analyses li\u00e9es a l environement 2 ( \u0627\u0644\u0641\u0648\u062c 1) (1)<\/a><\/td><td><a href=\"https:\/\/www.univ-oeb.dz\/fsesnv\/wp-content\/uploads\/2023\/02\/SAE14-S2-EMD-Corrige-2022-2023.pdf\">SAE14 S2 EMD Corrig\u00e9 2022 2023<\/a><\/td><\/tr><tr><td>M\u00e9thodes Num\u00e9riques Appliqu\u00e9es<\/td><td><a href=\"https:\/\/www.univ-oeb.dz\/fsesnv\/wp-content\/uploads\/2023\/02\/NOTES-MASTER-2-CHIMIE-ANALYTIQUE.pdf\">NOTES MASTER 2 CHIMIE ANALYTIQUE<\/a><\/td><td><\/td><\/tr><tr><td>SAE15\/ Les techniques d\u2019analyses en \u00e9lectrochimie<\/td><td><\/td><td><\/td><\/tr><tr><td>Aspects environnementaux<\/td><td><a href=\"https:\/\/www.univ-oeb.dz\/fsesnv\/wp-content\/uploads\/2023\/01\/CamScanner-01-27-2023-20.10.pdf\">CamScanner 01-27-2023 20.10<\/a> <br><a href=\"https:\/\/www.univ-oeb.dz\/fsesnv\/wp-content\/uploads\/2023\/01\/Aspeccts-environentaux-\u0627\u0644\u0641\u0648\u062c-1.xlsx\">Aspeccts environentaux( \u0627\u0644\u0641\u0648\u062c 1)<\/a><br>Veuillez programer une consultation des copies le dimanche 29\/01 inchallah \u00e0 11.00<\/td><td><\/td><\/tr><tr><td>Sant\u00e9 et s\u00e9curit\u00e9<\/td><td><a href=\"https:\/\/www.univ-oeb.dz\/fsesnv\/wp-content\/uploads\/2023\/01\/PV-de-notes-TD-Sante-et-Securite-Alimentaire.pdf\">PV de notes TD Sant\u00e9 et S\u00e9curit\u00e9 Alimentaire<\/a> <br><a href=\"https:\/\/www.univ-oeb.dz\/fsesnv\/wp-content\/uploads\/2023\/01\/PV-de-notes-Sante-et-Securite-Alimentaire.pdf\">PV de notes Sant\u00e9 et S\u00e9curit\u00e9 Alimentaire<\/a><\/td><td><a href=\"https:\/\/www.univ-oeb.dz\/fsesnv\/wp-content\/uploads\/2023\/01\/Consultation-des-copies-1-1.pdf\">Consultation des copies<\/a><\/td><\/tr><tr><td>Travail personnel de recherche documentaire<\/td><td><a href=\"https:\/\/www.univ-oeb.dz\/fsesnv\/wp-content\/uploads\/2023\/02\/Travail-personnel-de-recherche-documenta-examTD.xlsx\">Travail personnel de recherche documenta exam+TD<\/a><\/td><td><\/td><\/tr><tr><td>SAE16\/ Organisation et gestion des entreprises<\/td><td><\/td><td><\/td><\/tr><tr><td>SAE13\/ Instrumentations de spectrom\u00e9trie et d\u2019imagerie II<\/td><td><\/td><td><\/td><\/tr><\/tbody><\/table><\/figure>\n\n\n\n<p class=\"has-text-align-center\"><strong>Chimie Pharmaceutique<\/strong><\/p>\n\n\n\n<figure class=\"wp-block-table\"><table class=\"has-fixed-layout\"><tbody><tr><td>\u0627\u0644\u0645\u0642\u064a\u0627\u0633<\/td><td>\u0627\u0644\u0639\u0644\u0627\u0645\u0629<\/td><td>\u0627\u0644\u062a\u0635\u062d\u064a\u062d \u0627\u0644\u0646\u0645\u0648\u0630\u062c\u064a<\/td><\/tr><tr><td>MCHPH14 : Microbiologie<\/td><td><a href=\"https:\/\/www.univ-oeb.dz\/fsesnv\/wp-content\/uploads\/2023\/01\/MCHP14MICROBIOLOGIE-\u0627\u0644\u0641\u0648\u062c-1.pdf\">MCHP14MICROBIOLOGIE( \u0627\u0644\u0641\u0648\u062c 1)<\/a><br>Date de consultation: 26\/01\/2023 \u00e0 09h00 . Salle D17<\/td><td><a href=\"https:\/\/www.univ-oeb.dz\/fsesnv\/wp-content\/uploads\/2023\/01\/microbiologie-2023-1.pdf\">microbiologie 2023 (1)<\/a><\/td><\/tr><tr><td>MCHPH18 : Bio\u00e9thique<\/td><td><\/td><td><\/td><\/tr><tr><td>MCHPH16 : Chimie des produits naturels<\/td><td><a href=\"https:\/\/www.univ-oeb.dz\/fsesnv\/wp-content\/uploads\/2023\/01\/CHIMIE-DES-PRODUITS-NATURELS-\u0627\u0644\u0641\u0648\u062c-1.xlsx\">CHIMIE DES PRODUITS NATURELS( \u0627\u0644\u0641\u0648\u062c 1)<\/a><\/td><td><a href=\"https:\/\/www.univ-oeb.dz\/fsesnv\/wp-content\/uploads\/2023\/01\/Examen-de-master-2-2022-2023.pdf\">Examen de master 2 2022-2023<\/a><br><a href=\"https:\/\/www.univ-oeb.dz\/fsesnv\/wp-content\/uploads\/2023\/01\/Corrige-du-controle-de-Master-2-2022-2023.pdf\">Corrig\u00e9 du controle de Master 2 2022-2023<\/a><\/td><\/tr><tr><td>MCHPH19 : Economie et gestion de l\u2019entreprise<\/td><td><a href=\"https:\/\/www.univ-oeb.dz\/fsesnv\/wp-content\/uploads\/2023\/01\/MCHPH19-ECONOMIE-ET-GESTION-DE-LENTERPRI-\u0627\u0644\u0641\u0648\u062c-1.xlsx\">MCHPH19 ECONOMIE ET GESTION DE LENTERPRI( \u0627\u0644\u0641\u0648\u062c 1)<\/a><\/td><td>\u0627\u0644\u0645\u0639\u0627\u064a\u0646\u0629: \u064a\u0648\u0645 \u0627\u0644\u0627\u062b\u0646\u064a\u0646 30 \u062c\u0627\u0646\u0641\u064a \u0639\u0644\u0649 \u0627\u0644\u0633\u0627\u0639\u0629 11:00 \u0635\u0628\u0627\u062d\u0627 \u0628\u0645\u0648\u0642\u0639 \u0642\u0633\u0645 \u0639\u0644\u0648\u0645 \u0627\u0644\u0645\u0627\u062f\u0629<\/td><\/tr><tr><td>MCHPH20 : Hygi\u00e8ne et s\u00e9curit\u00e9 industrielle dans les sites pharmaceutiques<\/td><td><a href=\"https:\/\/www.univ-oeb.dz\/fsesnv\/wp-content\/uploads\/2023\/01\/MCHPH20-HYGIENE-ET-SECURITE-INDUSTRIELLE-\u0627\u0644\u0641\u0648\u062c-1.xlsx\">MCHPH20 HYGIENE ET SECURITE INDUSTRIELLE( \u0627\u0644\u0641\u0648\u062c 1)<\/a><\/td><td><\/td><\/tr><tr><td>MCHPH17 : Autorisation de mise sur le march\u00e9 (AMM)<\/td><td><a href=\"https:\/\/www.univ-oeb.dz\/fsesnv\/wp-content\/uploads\/2023\/01\/AUTORISATION-DE-MISE-SUR-LE-MARCHEAMM-\u0627\u0644\u0641\u0648\u062c-1.xlsx\">AUTORISATION DE MISE SUR LE MARCHE(AMM)( \u0627\u0644\u0641\u0648\u062c 1)<\/a><br>DATE DE CONSULTATION DES COPIES<br>29\/01\/2023 D3<\/td><td><a href=\"https:\/\/www.univ-oeb.dz\/fsesnv\/wp-content\/uploads\/2023\/01\/Corrige-type-2.pdf\">Corrig\u00e9 type<\/a><\/td><\/tr><tr><td>chimie des m\u00e9dicaments<\/td><td><a href=\"https:\/\/www.univ-oeb.dz\/fsesnv\/wp-content\/uploads\/2023\/01\/PV-de-notes-TD-Chimie-des-Medicaments.pdf\">PV de notes TD Chimie des M\u00e9dicaments<\/a><br><a href=\"https:\/\/www.univ-oeb.dz\/fsesnv\/wp-content\/uploads\/2023\/01\/PV-de-notes-CHIMIE-DES-MEDICAMENTS.pdf\">PV de notes CHIMIE DES MEDICAMENTS<\/a><\/td><td><a href=\"https:\/\/www.univ-oeb.dz\/fsesnv\/wp-content\/uploads\/2023\/01\/Consultation-des-copies-.pdf\">Consultation des copies<\/a><\/td><\/tr><tr><td>TP synth\u00e8se d Interm\u00e9diaire Organique<\/td><td><\/td><td><\/td><\/tr><\/tbody><\/table><\/figure>\n\n\n\n<p class=\"has-text-align-center\"> <strong>Chimie Des Mat\u00e9riaux<\/strong><\/p>\n\n\n\n<figure class=\"wp-block-table\"><table class=\"has-fixed-layout\"><tbody><tr><td>\u0627\u0644\u0645\u0642\u064a\u0627\u0633<\/td><td>\u0627\u0644\u0639\u0644\u0627\u0645\u0629<\/td><td>\u0627\u0644\u062a\u0635\u062d\u064a\u062d \u0627\u0644\u0646\u0645\u0648\u0630\u062c\u064a<\/td><\/tr><tr><td>M\u00e9thode de caract\u00e9risation des mat\u00e9riaux 2<br><\/td><td><a href=\"https:\/\/www.univ-oeb.dz\/fsesnv\/wp-content\/uploads\/2023\/01\/Methode-de-Caracterisation-d-materiaux-2-\u0627\u0644\u0641\u0648\u062c-1.xlsx\">M\u00e9thode de Caract\u00e9risation d materiaux 2( \u0627\u0644\u0641\u0648\u062c 1)<\/a><\/td><td><\/td><\/tr><tr><td>Anglais<\/td><td><a href=\"https:\/\/www.univ-oeb.dz\/fsesnv\/wp-content\/uploads\/2023\/01\/ANGLAIS-\u0627\u0644\u0641\u0648\u062c-1-3.xlsx\">ANGLAIS( \u0627\u0644\u0641\u0648\u062c 1)<\/a><\/td><td><\/td><\/tr><tr><td>M\u00e9thodes num\u00e9riques appliqu\u00e9es<\/td><td><a href=\"https:\/\/www.univ-oeb.dz\/fsesnv\/wp-content\/uploads\/2023\/02\/Notes-Master-2-chimie-des-materiaux.pdf\">Notes Master 2 chimie des mat\u00e9riaux<\/a><\/td><td><\/td><\/tr><tr><td>Droit Civil<\/td><td><\/td><td><\/td><\/tr><tr><td>Initiation \u00e0 la recherche<\/td><td><a href=\"https:\/\/www.univ-oeb.dz\/fsesnv\/wp-content\/uploads\/2023\/01\/Initiation-a-la-recherche-\u0627\u0644\u0641\u0648\u062c-1-1.xlsx\">Initiation a la recherche( \u0627\u0644\u0641\u0648\u062c 1) (1)<\/a><\/td><td><a href=\"https:\/\/www.univ-oeb.dz\/fsesnv\/wp-content\/uploads\/2023\/01\/Corrigie-type-Controle-de-M2-2022-2023.pdf\">Corrigie type Controle de M2 -2022-2023<\/a><\/td><\/tr><tr><td>Travail personnel de recherche bibliographique<\/td><td><a href=\"https:\/\/www.univ-oeb.dz\/fsesnv\/wp-content\/uploads\/2023\/01\/Trav-Pers-de-Rech-Biblio-\u0627\u0644\u0641\u0648\u062c-1-3.xlsx\">Trav Pers de Rech Biblio( \u0627\u0644\u0641\u0648\u062c 1) (3)<\/a><br>l&rsquo;\u00e9tudiante Abrkane Amel n&rsquo;est pas sur la liste 0.5 (contr\u00f4le) 5 (TD)<\/td><td><\/td><\/tr><\/tbody><\/table><\/figure>\n\n\n\n<p class=\"has-text-align-center\"><strong>Physique&nbsp; Appliqu\u00e9e<\/strong><\/p>\n\n\n\n<figure class=\"wp-block-table\"><table class=\"has-fixed-layout\"><tbody><tr><td>\u0627\u0644\u0645\u0642\u064a\u0627\u0633<\/td><td>\u0627\u0644\u0639\u0644\u0627\u0645\u0629<\/td><td>\u0627\u0644\u062a\u0635\u062d\u064a\u062d \u0627\u0644\u0646\u0645\u0648\u0630\u062c\u064a<\/td><\/tr><tr><td>Conversion PV<\/td><td><a href=\"https:\/\/www.univ-oeb.dz\/fsesnv\/wp-content\/uploads\/2023\/01\/Conversion-Photovoltaique-1-\u0627\u0644\u0641\u0648\u062c-1.xlsx\">Conversion Photovoltaique 1( \u0627\u0644\u0641\u0648\u062c 1)<\/a><\/td><td><a href=\"https:\/\/www.univ-oeb.dz\/fsesnv\/wp-content\/uploads\/2023\/01\/corrige-type-examen-CPV.pdf\">corrig\u00e9 type examen CPV<\/a><br><a href=\"https:\/\/www.univ-oeb.dz\/fsesnv\/wp-content\/uploads\/2023\/01\/La-date-de-la-consultation-CPV-.pdf\">La date de la consultation CPV<\/a><\/td><\/tr><tr><td>conception de circuits Analogiques<\/td><td><a href=\"https:\/\/www.univ-oeb.dz\/fsesnv\/wp-content\/uploads\/2023\/01\/notes_exam_janvier2023.xlsx\">notes_exam_janvier2023<\/a><\/td><td><a href=\"https:\/\/www.univ-oeb.dz\/fsesnv\/wp-content\/uploads\/2023\/01\/controle-et-corrige_janv2023.pdf\">contr\u00f4le et corrig\u00e9_janv2023<\/a><br><a href=\"https:\/\/www.univ-oeb.dz\/fsesnv\/wp-content\/uploads\/2023\/01\/PV_Exam_janv2023.pdf\">PV_Exam_janv2023<\/a><\/td><\/tr><tr><td>H\u00e9t\u00e9rojonctions et di\u00e9lectriques<\/td><td><a href=\"https:\/\/www.univ-oeb.dz\/fsesnv\/wp-content\/uploads\/2023\/01\/HETEROJONCTION-ET-DIELECTRIQUES-\u0627\u0644\u0641\u0648\u062c-1.xlsx\">HETEROJONCTION ET DIELECTRIQUES( \u0627\u0644\u0641\u0648\u062c 1)<\/a><br><strong>la note de bareche mohamed larbi est : examen 11.75&nbsp; &nbsp; &nbsp; ;;&nbsp; TD: 17<\/strong><\/td><td><a href=\"https:\/\/www.univ-oeb.dz\/fsesnv\/wp-content\/uploads\/2023\/01\/Consultation-Master-2.pdf\">Consultation Master 2<\/a><\/td><\/tr><tr><td>Recherche bibliographique<\/td><td><a href=\"https:\/\/www.univ-oeb.dz\/fsesnv\/wp-content\/uploads\/2023\/01\/Recherche-Bibliographique-\u0627\u0644\u0641\u0648\u062c-1.xlsx\">Recherche-Bibliographique ( \u0627\u0644\u0641\u0648\u062c 1)<\/a><\/td><td><a href=\"https:\/\/www.univ-oeb.dz\/fsesnv\/wp-content\/uploads\/2023\/01\/La-date-de-la-consultation-RB-.pdf\">La date de la consultation RB<\/a><\/td><\/tr><tr><td>dispositifs MOS Avanc\u00e9s<\/td><td><a href=\"https:\/\/www.univ-oeb.dz\/fsesnv\/wp-content\/uploads\/2023\/02\/pv-note-TD-M2-Phy-App.xls\">pv note TD M2 Phy App<\/a> <br><a href=\"https:\/\/www.univ-oeb.dz\/fsesnv\/wp-content\/uploads\/2023\/02\/Dispositif-MOS-Avances_Notes-Examan.xlsx\">Dispositif MOS Avanc\u00e9s_Notes Examan<\/a><\/td><td><a href=\"https:\/\/www.univ-oeb.dz\/fsesnv\/wp-content\/uploads\/2023\/02\/Controle_corrige-type_M2_Phys-App.pdf\">Contr\u00f4le_corrig\u00e9 type_M2_Phys App<\/a><\/td><\/tr><tr><td>Syst\u00e8mes de t\u00e9l\u00e9communications,<\/td><td><\/td><td><\/td><\/tr><tr><td>Mat\u00e9riaux et composants photoniques<\/td><td><\/td><td><\/td><\/tr><tr><td>Physique des composants et des nanostructures<\/td><td><a href=\"https:\/\/www.univ-oeb.dz\/fsesnv\/wp-content\/uploads\/2023\/01\/Phys-des-composants-et-des-nanostructure-\u0627\u0644\u0641\u0648\u062c-1.xlsx\">Phys des composants et des nanostructure( \u0627\u0644\u0641\u0648\u062c 1)<\/a><br><a href=\"https:\/\/www.univ-oeb.dz\/fsesnv\/wp-content\/uploads\/2023\/01\/pv-note-TD-M2-Phy-App.xls\">pv note TD M2 Phy App<\/a><\/td><td><\/td><\/tr><\/tbody><\/table><\/figure>\n\n\n\n<p class=\"has-text-align-center\"><strong>Physique des mat\u00e9riaux<\/strong><\/p>\n\n\n\n<figure class=\"wp-block-table\"><table class=\"has-fixed-layout\"><tbody><tr><td>\u0627\u0644\u0645\u0642\u064a\u0627\u0633<\/td><td>\u0627\u0644\u0639\u0644\u0627\u0645\u0629<\/td><td>\u0627\u0644\u062a\u0635\u062d\u064a\u062d \u0627\u0644\u0646\u0645\u0648\u0630\u062c\u064a<\/td><\/tr><tr><td>M\u00e9thodes d\u2019analyses et de caract\u00e9risation des mat\u00e9riaux<\/td><td><a href=\"https:\/\/www.univ-oeb.dz\/fsesnv\/wp-content\/uploads\/2023\/01\/NOTES-METHOD-ANALY-CAR-MAT-II.pdf\">NOTES-METHOD ANALY CAR MAT II<\/a><\/td><td><a href=\"https:\/\/www.univ-oeb.dz\/fsesnv\/wp-content\/uploads\/2023\/01\/Corrige-Meth-Analys-Caract-II-2023.pdf\">Corrig\u00e9-Meth-Analys-Caract II-2023<\/a><\/td><\/tr><tr><td>Nanotechnologie 2<\/td><td><a href=\"https:\/\/www.univ-oeb.dz\/fsesnv\/wp-content\/uploads\/2023\/01\/NANOTECHNOLOGIE2-\u0627\u0644\u0641\u0648\u062c-1.xlsx\">NANOTECHNOLOGIE2( \u0627\u0644\u0641\u0648\u062c 1)<\/a> <br>\u0645\u0639\u0627\u064a\u0646\u0629 \u0627\u0644\u0627\u0648\u0631\u0627\u0642 \u0633\u0648\u0641 \u062a\u0643\u0648\u0646 \u0627\u0644\u064a\u0648\u0645 \u0627\u0644\u0627\u062b\u0646\u064a\u0646 30 \u062c\u0627\u0646\u0641\u064a 2023&nbsp;\u0641\u064a E10\u0639\u0644\u0649 \u0633\u0627\u0639\u0629 10h00&nbsp;<\/td><td><a href=\"https:\/\/www.univ-oeb.dz\/fsesnv\/wp-content\/uploads\/2023\/01\/Corrige-type-de-nanotechnologie-2-2023.docx\">Corrig\u00e9 type de nanotechnologie 2 2023<\/a><\/td><\/tr><tr><td>M\u00e9thodes num\u00e9riques appliqu\u00e9es<\/td><td><\/td><td><\/td><\/tr><tr><td>Anglais<\/td><td><a href=\"https:\/\/www.univ-oeb.dz\/fsesnv\/wp-content\/uploads\/2023\/01\/ANGLAIS-3-\u0627\u0644\u0641\u0648\u062c-1-1.xlsx\">ANGLAIS 3( \u0627\u0644\u0641\u0648\u062c 1)<\/a><\/td><td><\/td><\/tr><tr><td>Physique des d\u00e9fauts<\/td><td><a href=\"https:\/\/www.univ-oeb.dz\/fsesnv\/wp-content\/uploads\/2023\/02\/PHYSIQUE-DES-DEFAUTS-\u0627\u0644\u0641\u0648\u062c-1.xlsx\">PHYSIQUE DES DEFAUTS( \u0627\u0644\u0641\u0648\u062c 1)<\/a><\/td><td><\/td><\/tr><tr><td>Proc\u00e9d\u00e9s scientifiques et didactiques<\/td><td><a href=\"https:\/\/www.univ-oeb.dz\/fsesnv\/wp-content\/uploads\/2023\/01\/NOTES-PROCEDES-SCIENTIFIC-DIDACTIQUE.pdf\">NOTES-PROCEDES SCIENTIFIC DIDACTIQUE<\/a><\/td><td><a href=\"https:\/\/www.univ-oeb.dz\/fsesnv\/wp-content\/uploads\/2023\/01\/Corrige-Proc-Sc-Didact2023.pdf\">Corrig\u00e9 Proc- Sc-Didact2023<\/a><\/td><\/tr><tr><td>Thermodynamique et physique statistique<\/td><td><a href=\"https:\/\/www.univ-oeb.dz\/fsesnv\/wp-content\/uploads\/2023\/01\/THERMODINAMIQUE-ET-PHYS-STAT-\u0627\u0644\u0641\u0648\u062c-1.xlsx\">THERMODINAMIQUE ET PHYS STAT ( \u0627\u0644\u0641\u0648\u062c 1)<\/a><br><a href=\"https:\/\/www.univ-oeb.dz\/fsesnv\/wp-content\/uploads\/2023\/01\/NOTES-M2PhysMateriaux-TPS-Janvier2023.pdf\">NOTES M2PhysMat\u00e9riaux TPS Janvier2023<\/a><\/td><td><a href=\"https:\/\/www.univ-oeb.dz\/fsesnv\/wp-content\/uploads\/2023\/01\/CORRIGE-M2PhysMateriauxTPS-2022-2023.pdf\">CORRIGE-M2PhysMat\u00e9riauxTPS 2022-2023<\/a><\/td><\/tr><\/tbody><\/table><\/figure>\n","protected":false},"excerpt":{"rendered":"<p>Chimie Analytiques \u0627\u0644\u0645\u0642\u064a\u0627\u0633\u0627\u0644\u0639\u0644\u0627\u0645\u0629\u0627\u0644\u062a\u0635\u062d\u064a\u062d \u0627\u0644\u0646\u0645\u0648\u0630\u062c\u064aSAE14\/ Analyses li\u00e9es \u00e0 l\u2019environnement IIAnalyses li\u00e9es a l environement 2 ( \u0627\u0644\u0641\u0648\u062c 1) (1)SAE14 S2 EMD Corrig\u00e9 2022 2023M\u00e9thodes Num\u00e9riques Appliqu\u00e9esNOTES MASTER 2 CHIMIE ANALYTIQUESAE15\/ Les techniques d\u2019analyses en \u00e9lectrochimieAspects environnementauxCamScanner 01-27-2023 20.10 Aspeccts environentaux( \u0627\u0644\u0641\u0648\u062c 1)Veuillez programer une consultation des copies le dimanche 29\/01 inchallah \u00e0 11.00Sant\u00e9 et s\u00e9curit\u00e9PV de &hellip;<\/p>\n","protected":false},"author":1,"featured_media":0,"parent":0,"menu_order":0,"comment_status":"closed","ping_status":"closed","template":"","meta":{"footnotes":""},"class_list":["post-1463","page","type-page","status-publish","hentry"],"_links":{"self":[{"href":"https:\/\/www.univ-oeb.dz\/fsesnv\/wp-json\/wp\/v2\/pages\/1463","targetHints":{"allow":["GET"]}}],"collection":[{"href":"https:\/\/www.univ-oeb.dz\/fsesnv\/wp-json\/wp\/v2\/pages"}],"about":[{"href":"https:\/\/www.univ-oeb.dz\/fsesnv\/wp-json\/wp\/v2\/types\/page"}],"author":[{"embeddable":true,"href":"https:\/\/www.univ-oeb.dz\/fsesnv\/wp-json\/wp\/v2\/users\/1"}],"replies":[{"embeddable":true,"href":"https:\/\/www.univ-oeb.dz\/fsesnv\/wp-json\/wp\/v2\/comments?post=1463"}],"version-history":[{"count":0,"href":"https:\/\/www.univ-oeb.dz\/fsesnv\/wp-json\/wp\/v2\/pages\/1463\/revisions"}],"wp:attachment":[{"href":"https:\/\/www.univ-oeb.dz\/fsesnv\/wp-json\/wp\/v2\/media?parent=1463"}],"curies":[{"name":"wp","href":"https:\/\/api.w.org\/{rel}","templated":true}]}}