{"id":1456,"date":"2023-01-19T09:08:45","date_gmt":"2023-01-19T08:08:45","guid":{"rendered":"http:\/\/www.univ-oeb.dz\/fsesnv\/?page_id=1456"},"modified":"2023-02-08T18:30:07","modified_gmt":"2023-02-08T17:30:07","slug":"%d8%b9%d9%84%d9%88%d9%85-%d8%a7%d9%84%d8%b7%d8%a8%d9%8a%d8%b9%d8%a9-%d9%88%d8%a7%d9%84%d8%ad%d9%8a%d8%a7%d8%a9-%d9%86%d9%82%d8%a7%d8%b7-%d9%85%d8%a7%d8%b3%d8%aa%d8%b1-1","status":"publish","type":"page","link":"https:\/\/www.univ-oeb.dz\/fsesnv\/%d8%b9%d9%84%d9%88%d9%85-%d8%a7%d9%84%d8%b7%d8%a8%d9%8a%d8%b9%d8%a9-%d9%88%d8%a7%d9%84%d8%ad%d9%8a%d8%a7%d8%a9-%d9%86%d9%82%d8%a7%d8%b7-%d9%85%d8%a7%d8%b3%d8%aa%d8%b1-1\/","title":{"rendered":"\u0639\u0644\u0648\u0645 \u0627\u0644\u0637\u0628\u064a\u0639\u0629 \u0648\u0627\u0644\u062d\u064a\u0627\u0629 -\u0646\u0642\u0627\u0637 \u0645\u0627\u0633\u062a\u0631 1-"},"content":{"rendered":"\n<p class=\"has-text-align-center\"><strong>BTV<\/strong><\/p>\n\n\n\n<figure class=\"wp-block-table is-style-regular\"><table class=\"has-fixed-layout\"><tbody><tr><td>\u0627\u0644\u0645\u0642\u064a\u0627\u0633<\/td><td>\u0627\u0644\u0639\u0644\u0627\u0645\u0629<\/td><td>\u0627\u0644\u062a\u0635\u062d\u064a\u062d \u0627\u0644\u0646\u0645\u0648\u0630\u062c\u064a<\/td><\/tr><tr><td>Biochimie appliqu\u00e9e<\/td><td><a href=\"https:\/\/www.univ-oeb.dz\/fsesnv\/wp-content\/uploads\/2023\/01\/BIOCHIMIE-APPLIQUEE-\u0627\u0644\u0641\u0648\u062c-1-3-ok2023.xlsx\">BIOCHIMIE APPLIQUEE( \u0627\u0644\u0641\u0648\u062c 1) (3) ok2023<\/a><\/td><td><\/td><\/tr><tr><td>Biotechnologie v\u00e9g\u00e9tale<\/td><td><a href=\"https:\/\/www.univ-oeb.dz\/fsesnv\/wp-content\/uploads\/2023\/01\/Biotechnologie-vegetale.xlsx\">Biotechnologie v\u00e9g\u00e9tale<\/a><\/td><td><\/td><\/tr><tr><td>Communication<\/td><td><a href=\"https:\/\/www.univ-oeb.dz\/fsesnv\/wp-content\/uploads\/2023\/01\/communication-BTV-1-\u0627\u0644\u0641\u0648\u062c-1.xlsx\">communication BTV 1( \u0627\u0644\u0641\u0648\u062c 1)<\/a><\/td><td><a href=\"https:\/\/www.univ-oeb.dz\/fsesnv\/wp-content\/uploads\/2023\/01\/corrige-type-de-communication-2023.pdf\">corrig\u00e9-type de communication 2023<\/a><\/td><\/tr><tr><td>Strat\u00e9gies exp\u00e9rimentales en biologie<\/td><td><a href=\"https:\/\/www.univ-oeb.dz\/fsesnv\/wp-content\/uploads\/2023\/01\/PV-de-lExamen-BTV-MASTER-I.xlsx\">PV de l&rsquo;Examen BTV MASTER I<\/a><\/td><td><a href=\"https:\/\/www.univ-oeb.dz\/fsesnv\/wp-content\/uploads\/2023\/01\/corrige-type-strategies-experimentales-2023.docx\">corrig\u00e9 type strat\u00e9gies exp\u00e9rimentales 2023<\/a><\/td><\/tr><tr><td>Analyses bibliographiques<\/td><td><a href=\"https:\/\/www.univ-oeb.dz\/fsesnv\/wp-content\/uploads\/2023\/01\/analyses-bibliographiques-\u0627\u0644\u0641\u0648\u062c-1.pdf\">analyses bibliographiques( \u0627\u0644\u0641\u0648\u062c 1)<\/a><\/td><td><a href=\"https:\/\/www.univ-oeb.dz\/fsesnv\/wp-content\/uploads\/2023\/01\/Examen-Analyses-bibliographiques.-1.pdf\">Examen Analyses bibliographiques. (1)<\/a><\/td><\/tr><tr><td>G\u00e9n\u00e9tique v\u00e9g\u00e9tale<\/td><td><a href=\"https:\/\/www.univ-oeb.dz\/fsesnv\/wp-content\/uploads\/2023\/01\/genetique-vegetale-\u0627\u0644\u0641\u0648\u062c-1.pdf\">g\u00e9n\u00e9tique v\u00e9g\u00e9tale( \u0627\u0644\u0641\u0648\u062c 1)<\/a><\/td><td><a href=\"https:\/\/www.univ-oeb.dz\/fsesnv\/wp-content\/uploads\/2023\/01\/1-ere-Annee-Master-BTV-corri-janvier-2023.pdf\">1 ere Ann\u00e9e Master BTV corri janvier 2023<\/a><\/td><\/tr><tr><td>Biologie mol\u00e9culaire<\/td><td><a href=\"https:\/\/www.univ-oeb.dz\/fsesnv\/wp-content\/uploads\/2023\/02\/Biologie-moleculaire-1-\u0627\u0644\u0641\u0648\u062c-1.xlsx\">Biologie moleculaire 1( \u0627\u0644\u0641\u0648\u062c 1)<\/a><\/td><td><\/td><\/tr><tr><td>Bioinformatique<\/td><td><a href=\"https:\/\/www.univ-oeb.dz\/fsesnv\/wp-content\/uploads\/2023\/01\/F-bioinformatique1-\u0627\u0644\u0641\u0648\u062c-1.xlsx\">F bioinformatique1( \u0627\u0644\u0641\u0648\u062c 1)<\/a><\/td><td><\/td><\/tr><\/tbody><\/table><\/figure>\n\n\n\n\n\n<p class=\"has-text-align-center\"><strong>Microbiologie appliqu\u00e9e<\/strong><\/p>\n\n\n\n<figure class=\"wp-block-table\"><table class=\"has-fixed-layout\"><tbody><tr><td>\u0627\u0644\u0645\u0642\u064a\u0627\u0633<\/td><td>\u0627\u0644\u0639\u0644\u0627\u0645\u0629<\/td><td>\u0627\u0644\u062a\u0635\u062d\u064a\u062d \u0627\u0644\u0646\u0645\u0648\u0630\u062c\u064a<\/td><td>\u0627\u0644\u0627\u0645\u062a\u062d\u0627\u0646 \u0627\u0644\u062a\u0639\u0648\u064a\u0636\u064a<\/td><\/tr><tr><td>Bact\u00e9riologie<\/td><td><a href=\"https:\/\/www.univ-oeb.dz\/fsesnv\/wp-content\/uploads\/2023\/01\/BACTERIOLOGIE-MEDICALE-\u0627\u0644\u0641\u0648\u062c-1.xlsx\">BACTERIOLOGIE MEDICALE( \u0627\u0644\u0641\u0648\u062c 1)<\/a><br>djouani wissal&nbsp; &nbsp;cours&nbsp; &nbsp;15,5<br>&nbsp; &nbsp; &nbsp; &nbsp; &nbsp; &nbsp; &nbsp; &nbsp; &nbsp; &nbsp; &nbsp; &nbsp; &nbsp; &nbsp;TP&nbsp; &nbsp; &nbsp; &nbsp; 15,75<\/td><td><\/td><td><a href=\"https:\/\/www.univ-oeb.dz\/fsesnv\/wp-content\/uploads\/2023\/02\/remp-de-BACTERIOLOGIE-MEDICALE-\u0627\u0644\u0641\u0648\u062c-1.xlsx\">remp de BACTERIOLOGIE MEDICALE( \u0627\u0644\u0641\u0648\u062c 1)<\/a><\/td><\/tr><tr><td>M.de Fermentation<\/td><td><a href=\"https:\/\/www.univ-oeb.dz\/fsesnv\/wp-content\/uploads\/2023\/01\/F-Mcrobiologie-des-fermentation-\u0627\u0644\u0641\u0648\u062c-1-2023.xlsx\">F Mcrobiologie des fermentation \u0627\u0644\u0641\u0648\u062c 1) 2023)<\/a><br><\/td><td><\/td><td><\/td><\/tr><tr><td>Technique de MB g\u00e9n\u00e9rale<\/td><td><a href=\"https:\/\/www.univ-oeb.dz\/fsesnv\/wp-content\/uploads\/2023\/01\/Techniques-de-microbiologie-generale-\u0627\u0644\u0641\u0648\u062c-1-3.xlsx\">Techniques de microbiologie g\u00e9n\u00e9rale( \u0627\u0644\u0641\u0648\u062c 1) (3)<\/a><br>Djoulmi&nbsp;Wissal qui a eu 19\/20&nbsp;TP<br>&nbsp; &nbsp; &nbsp; &nbsp; &nbsp; &nbsp; &nbsp; &nbsp; &nbsp; &nbsp; &nbsp; &nbsp; &nbsp; &nbsp; &nbsp; &nbsp; &nbsp; &nbsp; &nbsp; &nbsp; &nbsp; &nbsp; &nbsp; &nbsp; &nbsp;  &nbsp; &nbsp; &nbsp; &nbsp; &nbsp; &nbsp; &nbsp; &nbsp; &nbsp; &nbsp; &nbsp; &nbsp; 14,5\/20&nbsp; &nbsp; &nbsp; cours&nbsp;&nbsp;<\/td><td><\/td><td><a href=\"https:\/\/www.univ-oeb.dz\/fsesnv\/wp-content\/uploads\/2023\/02\/remp-tech.xlsx\">remp tech<\/a><\/td><\/tr><tr><td>Agro-alimentaire<\/td><td><a href=\"https:\/\/www.univ-oeb.dz\/fsesnv\/wp-content\/uploads\/2023\/01\/2023-agro-alim.xlsx\">2023 agro alim<\/a><\/td><td><\/td><td><\/td><\/tr><tr><td>Virologie<\/td><td><a href=\"https:\/\/www.univ-oeb.dz\/fsesnv\/wp-content\/uploads\/2023\/01\/VIROLOGIE-MEDICALE-M1-micobiologie-1.pdf\">VIROLOGIE MEDICALE-M1-micobiologie (1)<\/a><br>Djouani Wissal dont la note est 13.5<\/td><td><a href=\"https:\/\/www.univ-oeb.dz\/fsesnv\/wp-content\/uploads\/2023\/01\/controle-virologie-2023-corrige-type.pdf\">contr\u00f4le virologie-2023-corrig\u00e9 type<\/a><\/td><td><\/td><\/tr><tr><td>Communication<\/td><td><a href=\"https:\/\/www.univ-oeb.dz\/fsesnv\/wp-content\/uploads\/2023\/01\/communication-MICRO-\u0627\u0644\u0641\u0648\u062c-1.xlsx\">communication MICRO( \u0627\u0644\u0641\u0648\u062c 1)<\/a><\/td><td><a href=\"https:\/\/www.univ-oeb.dz\/fsesnv\/wp-content\/uploads\/2023\/01\/corrige-type-de-communication-2023.pdf\">corrig\u00e9-type de communication 2023<\/a><\/td><td><\/td><\/tr><tr><td>Lecture TP<\/td><td><\/td><td><\/td><td><\/td><\/tr><\/tbody><\/table><\/figure>\n\n\n\n<p class=\"has-text-align-center\"><strong>Ecologie des milieux naturels<\/strong><\/p>\n\n\n\n<figure class=\"wp-block-table\"><table class=\"has-fixed-layout\"><tbody><tr><td>\u0627\u0644\u0645\u0642\u064a\u0627\u0633<\/td><td>\u0627\u0644\u0639\u0644\u0627\u0645\u0629<\/td><td>\u0627\u0644\u062a\u0635\u062d\u064a\u062d \u0627\u0644\u0646\u0645\u0648\u0630\u062c\u064a<\/td><\/tr><tr><td>M. E. Inventaire d\u00e9peuplements<br><\/td><td><a href=\"https:\/\/www.univ-oeb.dz\/fsesnv\/wp-content\/uploads\/2023\/01\/Methodes-detudes-et-dinventaires-des-peu-\u0627\u0644\u0641\u0648\u062c-2023.xlsx\">Methodes detudes et dinventaires des peu( \u0627\u0644\u0641\u0648\u062c (2023<\/a><\/td><td><\/td><\/tr><tr><td>Origines et fonct. d\u2019Ecosyst\u00e8mes<\/td><td><a href=\"https:\/\/www.univ-oeb.dz\/fsesnv\/wp-content\/uploads\/2023\/01\/origine.pdf\">origine<\/a><\/td><td><\/td><\/tr><tr><td>Hydrochimie et qualit\u00e9 de l&rsquo;eau<\/td><td><a href=\"https:\/\/www.univ-oeb.dz\/fsesnv\/wp-content\/uploads\/2023\/01\/hydrochimie.pdf\">hydrochimie<\/a><\/td><td><\/td><\/tr><tr><td>Conservation et restauration des milieux<\/td><td><a href=\"https:\/\/www.univ-oeb.dz\/fsesnv\/wp-content\/uploads\/2023\/01\/Conservation-et-restauration-des-milieux-%D8%A7%D9%84%D9%81%D9%88%D8%AC-1.xlsx\">Conservation et restauration des milieux( \u0627\u0644\u0641\u0648\u062c 1)<\/a><\/td><td><a href=\"https:\/\/www.univ-oeb.dz\/fsesnv\/wp-content\/uploads\/2023\/01\/corrige-type-M1-EMN.docx\">corrige-type M1 EMN<\/a><\/td><\/tr><tr><td>d\u00e9veloppement durable<\/td><td><a href=\"https:\/\/www.univ-oeb.dz\/fsesnv\/wp-content\/uploads\/2023\/01\/Developpement-durable-\u0627\u0644\u0641\u0648\u062c-1.xlsx\">D\u00e9veloppement durable ( \u0627\u0644\u0641\u0648\u062c 1)<\/a><\/td><td><\/td><\/tr><tr><td>Communication&nbsp;<\/td><td><a href=\"https:\/\/www.univ-oeb.dz\/fsesnv\/wp-content\/uploads\/2023\/01\/communication-ECO-5-\u0627\u0644\u0641\u0648\u062c-1.xlsx\">communication ECO 5( \u0627\u0644\u0641\u0648\u062c 1)<\/a><\/td><td><a href=\"https:\/\/www.univ-oeb.dz\/fsesnv\/wp-content\/uploads\/2023\/01\/corrige-type-de-communication-2023.pdf\">corrig\u00e9-type de communication 2023<\/a><\/td><\/tr><tr><td>Biogeoraphie<\/td><td><a href=\"https:\/\/www.univ-oeb.dz\/fsesnv\/wp-content\/uploads\/2023\/01\/biogeographie-\u0627\u0644\u0641\u0648\u062c-1.xlsx\">biog\u00e9ographie( \u0627\u0644\u0641\u0648\u062c 1)<\/a><\/td><td><\/td><\/tr><\/tbody><\/table><\/figure>\n\n\n\n<p class=\"has-text-align-center\"><strong>Biologie et physiologie de la reproduction<\/strong><\/p>\n\n\n\n<figure class=\"wp-block-table\"><table class=\"has-fixed-layout\"><tbody><tr><td>\u0627\u0644\u0645\u0642\u064a\u0627\u0633<\/td><td>\u0627\u0644\u0639\u0644\u0627\u0645\u0629<\/td><td>\u0627\u0644\u062a\u0635\u062d\u064a\u062d \u0627\u0644\u0646\u0645\u0648\u0630\u062c\u064a<\/td><\/tr><tr><td>Immunologie<br><\/td><td><a href=\"https:\/\/www.univ-oeb.dz\/fsesnv\/wp-content\/uploads\/2023\/01\/IMMUNOLOGIE3-\u0627\u0644\u0641\u0648\u062c-1.xlsx\">IMMUNOLOGIE3( \u0627\u0644\u0641\u0648\u062c 1)<\/a><\/td><td><a href=\"https:\/\/www.univ-oeb.dz\/fsesnv\/wp-content\/uploads\/2023\/01\/Corrige-type-dexamen-S1-dimmunologie.docx\">Corrig\u00e9 type d\u2019examen S1 d\u2019immunologie<\/a><\/td><\/tr><tr><td>Biologie Mol\u00e9culaire<\/td><td><a href=\"https:\/\/www.univ-oeb.dz\/fsesnv\/wp-content\/uploads\/2023\/01\/PV-DE-NOTES-BIOLOGIE-MOLECULAIRE-M1-BPR-2023-pdf.pdf\">PV DE NOTES BIOLOGIE MOLECULAIRE( M1 BPR 2023) pdf<\/a><br><br><a href=\"https:\/\/www.univ-oeb.dz\/fsesnv\/wp-content\/uploads\/2023\/01\/PV-DE-NOTES-BIOLOGIE-MOLECULAIRE-M1-BPR-2023-pdf-1.pdf\">PV DE NOTES BIOLOGIE MOLECULAIRE( M1 BPR 2023) pdf<\/a><\/td><td><a href=\"https:\/\/www.univ-oeb.dz\/fsesnv\/wp-content\/uploads\/2023\/01\/Corrige-EXAMEN-BM-2023-pdf.pdf\">Corrig\u00e9 EXAMEN BM 2023 pdf<\/a><br><a href=\"https:\/\/www.univ-oeb.dz\/fsesnv\/wp-content\/uploads\/2023\/01\/Corrige-EXAMEN-BM-2023-pdf-1.pdf\">Corrig\u00e9 EXAMEN BM 2023 pdf<\/a><\/td><\/tr><tr><td>Toxicologie Fondamentale<\/td><td><a href=\"https:\/\/www.univ-oeb.dz\/fsesnv\/wp-content\/uploads\/2023\/01\/TOXICOLOGIE-F..xlsx\">TOXICOLOGIE F.<\/a><\/td><td><\/td><\/tr><tr><td>Histologie Sp\u00e9ciale<\/td><td><br><a href=\"https:\/\/www.univ-oeb.dz\/fsesnv\/wp-content\/uploads\/2023\/01\/HISTOLOGIE-SPETIALE-TP-\u0627\u0644\u0641\u0648\u062c-12.xlsx\">HISTOLOGIE SPETIALE TP( \u0627\u0644\u0641\u0648\u062c 1)(2)<\/a><br><a href=\"https:\/\/www.univ-oeb.dz\/fsesnv\/wp-content\/uploads\/2023\/01\/HISTOLOGIE-SPETIALE-TP-\u0627\u0644\u0641\u0648\u062c-12-1.xlsx\">HISTOLOGIE SPETIALE TP( \u0627\u0644\u0641\u0648\u062c 1)(2)<\/a><\/td><td><a href=\"https:\/\/www.univ-oeb.dz\/fsesnv\/wp-content\/uploads\/2023\/01\/%D8%A7%D9%85%D8%AA%D8%AD%D8%A7%D9%86-%D9%81%D9%8A-%D8%A7%D9%84%D8%A7%D9%86%D8%B3%D8%AC%D8%A9-2023-bb.doc\">\u0627\u0645\u062a\u062d\u0627\u0646 \u0641\u064a \u0627\u0644\u0627\u0646\u0633\u062c\u0629 2023<\/a><br><a href=\"https:\/\/www.univ-oeb.dz\/fsesnv\/wp-content\/uploads\/2023\/01\/\u0627\u0645\u062a\u062d\u0627\u0646-\u0641\u064a-\u0627\u0644\u0627\u0646\u0633\u062c\u0629-2023-bb-1.doc\">\u0627\u0645\u062a\u062d\u0627\u0646 \u0641\u064a \u0627\u0644\u0627\u0646\u0633\u062c\u0629 2023 bb<\/a><\/td><\/tr><tr><td>Communication<\/td><td><a href=\"https:\/\/www.univ-oeb.dz\/fsesnv\/wp-content\/uploads\/2023\/01\/COMMUNICATION-BPR-3-\u0627\u0644\u0641\u0648\u062c-1.xlsx\">COMMUNICATION BPR 3( \u0627\u0644\u0641\u0648\u062c 1)<\/a><\/td><td><a href=\"https:\/\/www.univ-oeb.dz\/fsesnv\/wp-content\/uploads\/2023\/01\/corrige-type-de-communication-2023.pdf\">corrig\u00e9-type de communication 2023<\/a><\/td><\/tr><tr><td>Agents Pathog\u00e8nes<\/td><td><a href=\"https:\/\/www.univ-oeb.dz\/fsesnv\/wp-content\/uploads\/2023\/01\/AGENTS-PATHOGENES-\u0627\u0644\u0641\u0648\u062c-1-1.xlsx\">AGENTS PATHOGENES( \u0627\u0644\u0641\u0648\u062c 1)-1<\/a><\/td><td><a href=\"https:\/\/www.univ-oeb.dz\/fsesnv\/wp-content\/uploads\/2023\/01\/Corrige-type-agent-pathgene.docx\">Corrig\u00e9 type agent pathg\u00e9ne<\/a><\/td><\/tr><tr><td>Informatique<\/td><td><a href=\"https:\/\/www.univ-oeb.dz\/fsesnv\/wp-content\/uploads\/2023\/01\/INFORMATIQUE-2-MASTER-1.xlsx-\u0645\u062d\u0636\u0631-\u0646\u0642\u0627\u0637-\u0627\u0644\u0627\u0645\u062a\u062d\u0627\u0646-1.pdf\">INFORMATIQUE 2 MASTER 1.xlsx &#8211; \u0645\u062d\u0636\u0631 \u0646\u0642\u0627\u0637 \u0627\u0644\u0627\u0645\u062a\u062d\u0627\u0646 (1)<\/a><\/td><td><a href=\"https:\/\/www.univ-oeb.dz\/fsesnv\/wp-content\/uploads\/2023\/01\/corrige-type-bio.pdf\">corrig\u00e9 type bio<\/a><\/td><\/tr><\/tbody><\/table><\/figure>\n\n\n\n<p class=\"has-text-align-center\"><strong>Biochimie Appliqu\u00e9e<\/strong><\/p>\n\n\n\n<figure class=\"wp-block-table\"><table class=\"has-fixed-layout\"><tbody><tr><td>\u0627\u0644\u0645\u0642\u064a\u0627\u0633<\/td><td>\u0627\u0644\u0639\u0644\u0627\u0645\u0629<\/td><td>\u0627\u0644\u062a\u0635\u062d\u064a\u062d \u0627\u0644\u0646\u0645\u0648\u0630\u062c\u064a<\/td><\/tr><tr><td>R\u00e9gulation et Communication Cellulaire<\/td><td><a href=\"https:\/\/www.univ-oeb.dz\/fsesnv\/wp-content\/uploads\/2023\/01\/Regulation-et-communication-cellulaire-\u0627\u0644\u0641\u0648\u062c-2.xlsx\">R\u00e9gulation et communication cellulaire( \u0627\u0644\u0641\u0648\u062c 2)<\/a><br> <a href=\"https:\/\/www.univ-oeb.dz\/fsesnv\/wp-content\/uploads\/2023\/01\/Regulation-et-communication-cellulaire-\u0627\u0644\u0641\u0648\u062c-1.xlsx\">R\u00e9gulation et communication cellulaire( \u0627\u0644\u0641\u0648\u062c 1)<\/a><\/td><td><\/td><\/tr><tr><td>Analyse des donn\u00e9es Exp<\/td><td><\/td><td><\/td><\/tr><tr><td>Communication<\/td><td><a href=\"https:\/\/www.univ-oeb.dz\/fsesnv\/wp-content\/uploads\/2023\/01\/communication2-BIOCH-\u0627\u0644\u0641\u0648\u062c-2.xlsx\">communication2 BIOCH ( \u0627\u0644\u0641\u0648\u062c 2)<\/a><br><a href=\"https:\/\/www.univ-oeb.dz\/fsesnv\/wp-content\/uploads\/2023\/01\/communication-BIOCH2-\u0627\u0644\u0641\u0648\u062c-1.xlsx\">communication BIOCH2( \u0627\u0644\u0641\u0648\u062c 1)<\/a><\/td><td><a href=\"https:\/\/www.univ-oeb.dz\/fsesnv\/wp-content\/uploads\/2023\/01\/corrige-type-de-communication-2023.pdf\">corrig\u00e9-type de communication 2023<\/a><\/td><\/tr><tr><td>Anglais<\/td><td><a href=\"https:\/\/www.univ-oeb.dz\/fsesnv\/wp-content\/uploads\/2023\/01\/Anglais-2-\u0627\u0644\u0641\u0648\u062c-2.xlsx\">Anglais 2( \u0627\u0644\u0641\u0648\u062c 2)<\/a><br><a href=\"https:\/\/www.univ-oeb.dz\/fsesnv\/wp-content\/uploads\/2023\/01\/Anglais-2-\u0627\u0644\u0641\u0648\u062c-1.xlsx\">Anglais 2( \u0627\u0644\u0641\u0648\u062c 1)<\/a><\/td><td><\/td><\/tr><tr><td>Culture Cellulaire et Application<\/td><td><a href=\"https:\/\/www.univ-oeb.dz\/fsesnv\/wp-content\/uploads\/2023\/01\/Culture-cellulaire-et-applications-\u0627\u0644\u0641\u0648\u062c-2.xlsx\">Culture cellulaire et applications( \u0627\u0644\u0641\u0648\u062c 2)<\/a><br><a href=\"https:\/\/www.univ-oeb.dz\/fsesnv\/wp-content\/uploads\/2023\/01\/Culture-cellulaire-et-applications-\u0627\u0644\u0641\u0648\u062c-1.xlsx\">Culture cellulaire et applications( \u0627\u0644\u0641\u0648\u062c 1)<\/a><\/td><td><\/td><\/tr><tr><td>Mol\u00e9cules Bio-actives d\u2019Origine Procaryotes<\/td><td><a href=\"https:\/\/www.univ-oeb.dz\/fsesnv\/wp-content\/uploads\/2023\/01\/MBOP-G2-2023-1.pdf\">MBOP-G2-2023 (1)<\/a><br> <a href=\"https:\/\/www.univ-oeb.dz\/fsesnv\/wp-content\/uploads\/2023\/01\/MBOP-G1-2023.pdf\">MBOP-G1-2023<\/a><\/td><td><a href=\"https:\/\/www.univ-oeb.dz\/fsesnv\/wp-content\/uploads\/2023\/01\/corrige-tye-du-controle-de-la-matiere-MBOP-2023.pdf\">corrig\u00e9 tye du contr\u00f4le de la mati\u00e8re MBOP-2023<\/a><\/td><\/tr><\/tbody><\/table><\/figure>\n\n\n\n<p class=\"has-text-align-center\"><strong>Biodiversit\u00e9 et Environnement<\/strong><\/p>\n\n\n\n<figure class=\"wp-block-table\"><table class=\"has-fixed-layout\"><tbody><tr><td>\u0627\u0644\u0645\u0642\u064a\u0627\u0633<\/td><td>\u0627\u0644\u0639\u0644\u0627\u0645\u0629<\/td><td>\u0627\u0644\u062a\u0635\u062d\u064a\u062d \u0627\u0644\u0646\u0645\u0648\u0630\u062c\u064a<\/td><\/tr><tr><td>Communication<\/td><td><a href=\"https:\/\/www.univ-oeb.dz\/fsesnv\/wp-content\/uploads\/2023\/01\/Communication-BIODVR-eco-%D8%A7%D9%84%D9%81%D9%88%D8%AC-1.xlsx\">Communication BIODVR eco( \u0627\u0644\u0641\u0648\u062c 1)<\/a><\/td><td><a href=\"https:\/\/www.univ-oeb.dz\/fsesnv\/wp-content\/uploads\/2023\/01\/corrige-type-de-communication-2023.pdf\">corrig\u00e9-type de communication 2023<\/a><\/td><\/tr><tr><td>SIG et T\u00e9l\u00e9d\u00e9tection<\/td><td><\/td><td><\/td><\/tr><tr><td>Bases g\u00e9n\u00e9tiques de la<br>Biodiversit\u00e9<\/td><td><a href=\"https:\/\/www.univ-oeb.dz\/fsesnv\/wp-content\/uploads\/2023\/01\/Bases-genetiques-de-la-biodiversite-\u0627\u0644\u0641\u0648\u062c-1.pdf\">Bases genetiques de la biodiversit\u00e9( \u0627\u0644\u0641\u0648\u062c 1)<\/a><br> <a href=\"https:\/\/www.univ-oeb.dz\/fsesnv\/wp-content\/uploads\/2023\/01\/Bases-genetiques-de-la-biodiversite-\u0627\u0644\u0641\u0648\u062c-1.xlsx\">Bases genetiques de la biodiversit\u00e9( \u0627\u0644\u0641\u0648\u062c 1)<\/a><\/td><td><a href=\"https:\/\/www.univ-oeb.dz\/fsesnv\/wp-content\/uploads\/2023\/01\/corrige-type-biodiversite.pdf\">corrig\u00e9 type biodiversit\u00e9<\/a><\/td><\/tr><tr><td>Ecologie Fonctionnelle<\/td><td><a href=\"https:\/\/www.univ-oeb.dz\/fsesnv\/wp-content\/uploads\/2023\/02\/ECOLOGIE-FONCTIONNELLE-\u0627\u0644\u0641\u0648\u062c-1-1.xlsx\">ECOLOGIE FONCTIONNELLE( \u0627\u0644\u0641\u0648\u062c 1) (1)<\/a><\/td><td><\/td><\/tr><tr><td>Toxicologie<\/td><td><\/td><td><\/td><\/tr><tr><td>Biologie du Sol<\/td><td><a href=\"https:\/\/www.univ-oeb.dz\/fsesnv\/wp-content\/uploads\/2023\/01\/Biologie-du-sol-%D8%A7%D9%84%D9%81%D9%88%D8%AC-1.xlsx\">Biologie du sol( \u0627\u0644\u0641\u0648\u062c 1)<\/a><\/td><td><\/td><\/tr><tr><td>Strat\u00e9gies d\u2019\u00e9chantillonnage<\/td><td><a href=\"https:\/\/www.univ-oeb.dz\/fsesnv\/wp-content\/uploads\/2023\/01\/Strategie-dechantillonnage-des-methodes-\u0627\u0644\u0641\u0648\u062c-1.xlsx\">Strat\u00e9gie dechantillonnage des methodes ( \u0627\u0644\u0641\u0648\u062c 1)<\/a><\/td><td><a href=\"https:\/\/www.univ-oeb.dz\/fsesnv\/wp-content\/uploads\/2023\/01\/Corrige-type-1.pdf\">Corrig\u00e9 type<\/a><\/td><\/tr><tr><td>Dynamique des Ecosyst\u00e8mes<\/td><td><a href=\"https:\/\/www.univ-oeb.dz\/fsesnv\/wp-content\/uploads\/2023\/01\/Dynamique-des-ecosystemes-\u0627\u0644\u0641\u0648\u062c-1.xlsx\">Dynamique des ecosyst\u00e9mes( \u0627\u0644\u0641\u0648\u062c 1)<\/a> <br><\/td><td><\/td><\/tr><\/tbody><\/table><\/figure>\n\n\n\n<p><\/p>\n","protected":false},"excerpt":{"rendered":"<p>BTV \u0627\u0644\u0645\u0642\u064a\u0627\u0633\u0627\u0644\u0639\u0644\u0627\u0645\u0629\u0627\u0644\u062a\u0635\u062d\u064a\u062d \u0627\u0644\u0646\u0645\u0648\u0630\u062c\u064aBiochimie appliqu\u00e9eBIOCHIMIE APPLIQUEE( \u0627\u0644\u0641\u0648\u062c 1) (3) ok2023Biotechnologie v\u00e9g\u00e9taleBiotechnologie v\u00e9g\u00e9taleCommunicationcommunication BTV 1( \u0627\u0644\u0641\u0648\u062c 1)corrig\u00e9-type de communication 2023Strat\u00e9gies exp\u00e9rimentales en biologiePV de l&rsquo;Examen BTV MASTER Icorrig\u00e9 type strat\u00e9gies exp\u00e9rimentales 2023Analyses bibliographiquesanalyses bibliographiques( \u0627\u0644\u0641\u0648\u062c 1)Examen Analyses bibliographiques. (1)G\u00e9n\u00e9tique v\u00e9g\u00e9taleg\u00e9n\u00e9tique v\u00e9g\u00e9tale( \u0627\u0644\u0641\u0648\u062c 1)1 ere Ann\u00e9e Master BTV corri janvier 2023Biologie mol\u00e9culaireBiologie moleculaire 1( \u0627\u0644\u0641\u0648\u062c 1)BioinformatiqueF bioinformatique1( \u0627\u0644\u0641\u0648\u062c &hellip;<\/p>\n","protected":false},"author":1,"featured_media":0,"parent":0,"menu_order":0,"comment_status":"closed","ping_status":"closed","template":"","meta":{"footnotes":""},"class_list":["post-1456","page","type-page","status-publish","hentry"],"_links":{"self":[{"href":"https:\/\/www.univ-oeb.dz\/fsesnv\/wp-json\/wp\/v2\/pages\/1456","targetHints":{"allow":["GET"]}}],"collection":[{"href":"https:\/\/www.univ-oeb.dz\/fsesnv\/wp-json\/wp\/v2\/pages"}],"about":[{"href":"https:\/\/www.univ-oeb.dz\/fsesnv\/wp-json\/wp\/v2\/types\/page"}],"author":[{"embeddable":true,"href":"https:\/\/www.univ-oeb.dz\/fsesnv\/wp-json\/wp\/v2\/users\/1"}],"replies":[{"embeddable":true,"href":"https:\/\/www.univ-oeb.dz\/fsesnv\/wp-json\/wp\/v2\/comments?post=1456"}],"version-history":[{"count":0,"href":"https:\/\/www.univ-oeb.dz\/fsesnv\/wp-json\/wp\/v2\/pages\/1456\/revisions"}],"wp:attachment":[{"href":"https:\/\/www.univ-oeb.dz\/fsesnv\/wp-json\/wp\/v2\/media?parent=1456"}],"curies":[{"name":"wp","href":"https:\/\/api.w.org\/{rel}","templated":true}]}}