{"id":1448,"date":"2023-01-19T09:09:23","date_gmt":"2023-01-19T08:09:23","guid":{"rendered":"http:\/\/www.univ-oeb.dz\/fsesnv\/?page_id=1448"},"modified":"2023-02-08T18:30:09","modified_gmt":"2023-02-08T17:30:09","slug":"%d8%b9%d9%84%d9%88%d9%85-%d8%a7%d9%84%d8%b7%d8%a8%d9%8a%d8%b9%d8%a9-%d9%88%d8%a7%d9%84%d8%ad%d9%8a%d8%a7%d8%a9-%d9%86%d9%82%d8%a7%d8%b7-%d9%85%d8%a7%d8%b3%d8%aa%d8%b1-2","status":"publish","type":"page","link":"https:\/\/www.univ-oeb.dz\/fsesnv\/%d8%b9%d9%84%d9%88%d9%85-%d8%a7%d9%84%d8%b7%d8%a8%d9%8a%d8%b9%d8%a9-%d9%88%d8%a7%d9%84%d8%ad%d9%8a%d8%a7%d8%a9-%d9%86%d9%82%d8%a7%d8%b7-%d9%85%d8%a7%d8%b3%d8%aa%d8%b1-2\/","title":{"rendered":"\u0639\u0644\u0648\u0645 \u0627\u0644\u0637\u0628\u064a\u0639\u0629 \u0648\u0627\u0644\u062d\u064a\u0627\u0629 -\u0646\u0642\u0627\u0637 \u0645\u0627\u0633\u062a\u0631 2-"},"content":{"rendered":"\n<p class=\"has-text-align-center\"><strong>BTV<\/strong><\/p>\n\n\n\n<figure class=\"wp-block-table is-style-regular\"><table class=\"has-fixed-layout\"><tbody><tr><td>\u0627\u0644\u0645\u0642\u064a\u0627\u0633<\/td><td>\u0627\u0644\u0639\u0644\u0627\u0645\u0629<\/td><td>\u0627\u0644\u062a\u0635\u062d\u064a\u062d \u0627\u0644\u0646\u0645\u0648\u0630\u062c\u064a<\/td><\/tr><tr><td><strong>M\u00e9thodes d&rsquo;am\u00e9lioration<\/strong><\/td><td><\/td><td><\/td><\/tr><tr><td><strong>Physiologie et biochimie v\u00e9g\u00e9tale<\/strong><\/td><td><\/td><td><\/td><\/tr><tr><td><strong>M\u00e9thodes de recherche<\/strong><\/td><td><a href=\"https:\/\/www.univ-oeb.dz\/fsesnv\/wp-content\/uploads\/2023\/01\/Methodologie-de-recherche-scientifique-\u0627\u0644\u0641\u0648\u062c-2.pdf\">Methodologie de recherche scientifique( \u0627\u0644\u0641\u0648\u062c 2)<\/a><br><a href=\"https:\/\/www.univ-oeb.dz\/fsesnv\/wp-content\/uploads\/2023\/01\/Methodologie-de-recherche-scientifique-\u0627\u0644\u0641\u0648\u062c-1-1.pdf\">Methodologie de recherche scientifique( \u0627\u0644\u0641\u0648\u062c 1) (1)<\/a><\/td><td><\/td><\/tr><tr><td><strong>Utilisation industrielles de la production v\u00e9g\u00e9tale<\/strong><\/td><td><\/td><td><\/td><\/tr><tr><td><strong>\u00c9valuation et gestion des ressources<\/strong><\/td><td><a href=\"https:\/\/www.univ-oeb.dz\/fsesnv\/wp-content\/uploads\/2023\/01\/Evaluation-et-gestion-des-ressources-gen-\u0627\u0644\u0641\u0648\u062c-2-2.pdf\">Evaluation et gestion des ressources g\u00e9n( \u0627\u0644\u0641\u0648\u062c 2) (2)<\/a><br><br><a href=\"https:\/\/www.univ-oeb.dz\/fsesnv\/wp-content\/uploads\/2023\/01\/Evaluation-et-gestion-des-ressources-gen-\u0627\u0644\u0641\u0648\u062c-1.pdf\">Evaluation et gestion des ressources g\u00e9n( \u0627\u0644\u0641\u0648\u062c 1)<\/a><\/td><td><\/td><\/tr><tr><td><strong>Technique de fermentation<\/strong><\/td><td><\/td><td><\/td><\/tr><tr><td><strong>Signalisation<\/strong><\/td><td><a href=\"https:\/\/www.univ-oeb.dz\/fsesnv\/wp-content\/uploads\/2023\/02\/Signalisation-cellulaireet-regulat-genes-\u0627\u0644\u0641\u0648\u062c-2.xlsx\">Signalisation cellulaireet r\u00e9gulat g\u00e9nes( \u0627\u0644\u0641\u0648\u062c 2)<\/a><br> <a href=\"https:\/\/www.univ-oeb.dz\/fsesnv\/wp-content\/uploads\/2023\/02\/Signalisation-cellulaireet-regulat-genes-\u0627\u0644\u0641\u0648\u062c-1.xlsx\">Signalisation cellulaireet r\u00e9gulat g\u00e9nes( \u0627\u0644\u0641\u0648\u062c 1)<\/a><\/td><td><\/td><\/tr><tr><td><strong>Entreprenariat<\/strong><\/td><td><a href=\"https:\/\/www.univ-oeb.dz\/fsesnv\/wp-content\/uploads\/2023\/01\/btv-m2-1.xls\">btv m2 1<\/a> <br><a href=\"https:\/\/www.univ-oeb.dz\/fsesnv\/wp-content\/uploads\/2023\/01\/btv-m2-2.xls\">btv m2 2<\/a><\/td><td><\/td><\/tr><\/tbody><\/table><\/figure>\n\n\n\n\n\n<p class=\"has-text-align-center\"><strong>Microbiologie appliqu\u00e9e<\/strong><\/p>\n\n\n\n<figure class=\"wp-block-table\"><table class=\"has-fixed-layout\"><tbody><tr><td>\u0627\u0644\u0645\u0642\u064a\u0627\u0633<\/td><td>\u0627\u0644\u0639\u0644\u0627\u0645\u0629<\/td><td>\u0627\u0644\u062a\u0635\u062d\u064a\u062d \u0627\u0644\u0646\u0645\u0648\u0630\u062c\u064a<\/td><\/tr><tr><td><strong>Contr\u00f4le des produits de la Micro industriel<\/strong><\/td><td><a href=\"https:\/\/www.univ-oeb.dz\/fsesnv\/wp-content\/uploads\/2023\/01\/PV-de-notes-de-la-matiere-Controle-des-produits-de-la-microbiologie-industrielle.pdf\">PV de notes de la mati\u00e8re Contr\u00f4le des produits de la microbiologie industrielle<\/a><\/td><td><a href=\"https:\/\/www.univ-oeb.dz\/fsesnv\/wp-content\/uploads\/2023\/01\/Corrige-type-Controle-des-produits-de-la-microbiologie-industrielle.pdf\">Corrig\u00e9-type Contr\u00f4le des produits de la microbiologie industrielle<\/a><\/td><\/tr><tr><td><strong>Anglais Scientifique<\/strong><\/td><td><a href=\"https:\/\/www.univ-oeb.dz\/fsesnv\/wp-content\/uploads\/2023\/01\/anglais-scientet-technique5-\u0627\u0644\u0641\u0648\u062c-2.xlsx\">anglais scientet technique5( \u0627\u0644\u0641\u0648\u062c 2)<\/a><br><a href=\"https:\/\/www.univ-oeb.dz\/fsesnv\/wp-content\/uploads\/2023\/01\/anglais-scientet-technique5-\u0627\u0644\u0641\u0648\u062c-1.xlsx\">anglais scientet technique5( \u0627\u0644\u0641\u0648\u062c 1)<\/a><\/td><td><a href=\"https:\/\/www.univ-oeb.dz\/fsesnv\/wp-content\/uploads\/2023\/01\/m2-microbio-correction.pdf\">m2 microbio correction<\/a><\/td><\/tr><tr><td><strong>Biotechnologie de l&rsquo;environnement<\/strong><\/td><td><a href=\"https:\/\/www.univ-oeb.dz\/fsesnv\/wp-content\/uploads\/2023\/01\/Biotechnologie-de-lenvironnement-5-\u0627\u0644\u0641\u0648\u062c-2.pdf\">Biotechnologie de lenvironnement 5( \u0627\u0644\u0641\u0648\u062c 2)<\/a><br><a href=\"https:\/\/www.univ-oeb.dz\/fsesnv\/wp-content\/uploads\/2023\/01\/Biotechnologie-de-lenvironnement-5-\u0627\u0644\u0641\u0648\u062c-1.pdf\">Biotechnologie de lenvironnement 5( \u0627\u0644\u0641\u0648\u062c 1)<\/a><\/td><td><\/td><\/tr><tr><td><strong>Analyse des donn\u00e9es exp\u00e9rimentale<\/strong><\/td><td><a href=\"https:\/\/www.univ-oeb.dz\/fsesnv\/wp-content\/uploads\/2023\/01\/Analyse-des-donnees-G.01.pdf\">Analyse des donn\u00e9es G.01<\/a><br><a href=\"https:\/\/www.univ-oeb.dz\/fsesnv\/wp-content\/uploads\/2023\/01\/Analyse-des-donnees-G.02.pdf\">Analyse des donn\u00e9es G.02<\/a><\/td><td><a href=\"https:\/\/www.univ-oeb.dz\/fsesnv\/wp-content\/uploads\/2023\/01\/Corrige-type.-M2.pdf\">Corrige -type. M2<\/a><\/td><\/tr><tr><td><strong>Plasticit\u00e9s du g\u00e9nome<\/strong><\/td><td><a href=\"https:\/\/www.univ-oeb.dz\/fsesnv\/wp-content\/uploads\/2023\/01\/Plasticite-du-genome-microbien-\u0627\u0644\u0641\u0648\u062c-2.xlsx\">Plasticit\u00e9 du g\u00e9nome microbien( \u0627\u0644\u0641\u0648\u062c 2)<\/a><br><a href=\"https:\/\/www.univ-oeb.dz\/fsesnv\/wp-content\/uploads\/2023\/01\/Plasticite-du-genome-microbien-\u0627\u0644\u0641\u0648\u062c-1.xlsx\">Plasticit\u00e9 du g\u00e9nome microbien( \u0627\u0644\u0641\u0648\u062c 1)<\/a><\/td><td><\/td><\/tr><tr><td><strong>Recherche bibliographique<\/strong><\/td><td><a href=\"https:\/\/www.univ-oeb.dz\/fsesnv\/wp-content\/uploads\/2023\/02\/Recherches-bibliographiques-et-anal-art-\u0627\u0644\u0641\u0648\u062c-2.xlsx\">Recherches bibliographiques et anal art( \u0627\u0644\u0641\u0648\u062c 2)<\/a> <br><a href=\"https:\/\/www.univ-oeb.dz\/fsesnv\/wp-content\/uploads\/2023\/02\/Recherches-bibliographiques-et-anal-art-\u0627\u0644\u0641\u0648\u062c-1.xlsx\">Recherches bibliographiques et anal art( \u0627\u0644\u0641\u0648\u062c 1)<\/a><\/td><td><\/td><\/tr><tr><td><strong>G\u00e9nie g\u00e9n\u00e9tique<\/strong><\/td><td><a href=\"https:\/\/www.univ-oeb.dz\/fsesnv\/wp-content\/uploads\/2023\/01\/Genie-genetique-applique-a-biotech-micro-\u0627\u0644\u0641\u0648\u062c-2-5.pdf\">G\u00e9nie genetique appliqu\u00e9 a biotech micro( \u0627\u0644\u0641\u0648\u062c 2) (5)<\/a><br><a href=\"https:\/\/www.univ-oeb.dz\/fsesnv\/wp-content\/uploads\/2023\/01\/Genie-genetique-applique-a-biotech-micro-\u0627\u0644\u0641\u0648\u062c-1-2.pdf\">G\u00e9nie genetique appliqu\u00e9 a biotech micro( \u0627\u0644\u0641\u0648\u062c 1) (2)<\/a><\/td><td><\/td><\/tr><tr><td><strong>Entreprenariat et gestion des projets<\/strong><\/td><td><a href=\"https:\/\/www.univ-oeb.dz\/fsesnv\/wp-content\/uploads\/2023\/01\/micro-m2-1.xls\">micro m2 1<\/a> <br><a href=\"https:\/\/www.univ-oeb.dz\/fsesnv\/wp-content\/uploads\/2023\/01\/micro-m2-2.xls\">micro m2 2<\/a><\/td><td><\/td><\/tr><\/tbody><\/table><\/figure>\n\n\n\n<p class=\"has-text-align-center\"><strong>Ecologie des milieux naturels<\/strong><\/p>\n\n\n\n<figure class=\"wp-block-table\"><table class=\"has-fixed-layout\"><tbody><tr><td>\u0627\u0644\u0645\u0642\u064a\u0627\u0633<\/td><td>\u0627\u0644\u0639\u0644\u0627\u0645\u0629<\/td><td>\u0627\u0644\u062a\u0635\u062d\u064a\u062d \u0627\u0644\u0646\u0645\u0648\u0630\u062c\u064a<\/td><\/tr><tr><td><strong>G\u00e9n\u00e9tique des populations<\/strong><\/td><td><a href=\"https:\/\/www.univ-oeb.dz\/fsesnv\/wp-content\/uploads\/2023\/01\/NOTES-GDP-EMN-RACHED.pdf\">NOTES GDP EMN RACHED<\/a><\/td><td><\/td><\/tr><tr><td><strong>Biodiversit\u00e9 des entit\u00e9s<\/strong><\/td><td><a href=\"https:\/\/www.univ-oeb.dz\/fsesnv\/wp-content\/uploads\/2023\/01\/Copie-de-Biodiversite-des-entites-biologiques-\u0627\u0644\u0641\u0648\u062c-23252.xlsx\">Copie de Biodiversit\u00e9 des entit\u00e9s biologiques( \u0627\u0644\u0641\u0648\u062c 2)(3252)<\/a> <br><a href=\"https:\/\/www.univ-oeb.dz\/fsesnv\/wp-content\/uploads\/2023\/01\/Copie-de-Biodiversite-des-entites-biologiques-\u0627\u0644\u0641\u0648\u062c-13251.xlsx\">Copie de Biodiversit\u00e9 des entit\u00e9s biologiques( \u0627\u0644\u0641\u0648\u062c 1)(3251)<\/a><\/td><td><\/td><\/tr><tr><td><strong>M\u00e9thodes d&rsquo;am\u00e9lioration g\u00e9n\u00e9tique des plantes<\/strong><\/td><td><\/td><td><\/td><\/tr><tr><td><strong>Eco-\u00e9thologie<\/strong><\/td><td><a href=\"https:\/\/www.univ-oeb.dz\/fsesnv\/wp-content\/uploads\/2023\/01\/ECO-ethologie-\u0627\u0644\u0641\u0648\u062c-1-4.pdf\">ECO-\u00e9thologie( \u0627\u0644\u0641\u0648\u062c 1) (4)<\/a><br> <a href=\"https:\/\/www.univ-oeb.dz\/fsesnv\/wp-content\/uploads\/2023\/01\/ECO-ethologie-\u0627\u0644\u0641\u0648\u062c-2-6.pdf\">ECO-\u00e9thologie( \u0627\u0644\u0641\u0648\u062c 2) (6)<\/a><\/td><td><a href=\"https:\/\/www.univ-oeb.dz\/fsesnv\/wp-content\/uploads\/2023\/01\/examen-ecolethologie-corrige-25-01-2023.pdf\">examen ecol\u00e9thologie corrig\u00e9 25-01-2023<\/a><\/td><\/tr><tr><td><strong>cartographie de la v\u00e9g\u00e9tation<\/strong><\/td><td><a href=\"https:\/\/www.univ-oeb.dz\/fsesnv\/wp-content\/uploads\/2023\/01\/NOTES-CARTO-EMN-RACHED.pdf\">NOTES CARTO EMN RACHED<\/a><\/td><td><\/td><\/tr><tr><td><strong>Plans de gestion des \u00e9cosyst\u00e8mes<\/strong><\/td><td><a href=\"https:\/\/www.univ-oeb.dz\/fsesnv\/wp-content\/uploads\/2023\/01\/PLANS-DE-GESTION-DES-ECOSYSTEMES-\u0627\u0644\u0641\u0648\u062c-1-senoussi-sana-M2.xlsx\">PLANS DE GESTION DES ECOSYSTEMES( \u0627\u0644\u0641\u0648\u062c 1) senoussi sana M2<\/a><br><a href=\"https:\/\/www.univ-oeb.dz\/fsesnv\/wp-content\/uploads\/2023\/01\/PLANS-DE-GESTION-DES-ECOSYSTEMES-\u0627\u0644\u0641\u0648\u062c-2-senoussi-sana-M2.xlsx\">PLANS DE GESTION DES ECOSYSTEMES( \u0627\u0644\u0641\u0648\u062c 2) senoussi sana M2<\/a><br><br><a href=\"https:\/\/www.univ-oeb.dz\/fsesnv\/wp-content\/uploads\/2023\/01\/PLANS-DE-GESTION-DES-ECOSYSTEMES-\u0627\u0644\u0641\u0648\u062c-2-senoussi-sana-M2-2.xlsx\">PLANS DE GESTION DES ECOSYSTEMES( \u0627\u0644\u0641\u0648\u062c 2) senoussi sana M2<\/a><br><a href=\"https:\/\/www.univ-oeb.dz\/fsesnv\/wp-content\/uploads\/2023\/01\/PLANS-DE-GESTION-DES-ECOSYSTEMES-\u0627\u0644\u0641\u0648\u062c-1-senoussi-sana-M2-2.xlsx\">PLANS DE GESTION DES ECOSYSTEMES( \u0627\u0644\u0641\u0648\u062c 1) senoussi sana M2<\/a><br>&nbsp;<\/td><td><a href=\"https:\/\/www.univ-oeb.dz\/fsesnv\/wp-content\/uploads\/2023\/01\/corrige-type-module-plan-de-gestion-des-ecosysteme-master-2-Dr-senoussi-sana-1.docx\">corrig\u00e9 type module plan de gestion des \u00e9cosyst\u00e8me master 2 Dr senoussi sana<\/a><\/td><\/tr><tr><td><strong>Syst\u00e8me&nbsp; information g\u00e9ographique<\/strong><\/td><td><a href=\"https:\/\/www.univ-oeb.dz\/fsesnv\/wp-content\/uploads\/2023\/01\/NOTES-SIG-EMN-RACHED.pdf\">NOTES SIG EMN RACHED<\/a><\/td><td><\/td><\/tr><tr><td><strong>Entreprenariat<\/strong><\/td><td><a href=\"https:\/\/www.univ-oeb.dz\/fsesnv\/wp-content\/uploads\/2023\/01\/eco-m2-1.xls\">eco m2 1<\/a><br> <a href=\"https:\/\/www.univ-oeb.dz\/fsesnv\/wp-content\/uploads\/2023\/01\/eco-m2-2.xls\">eco m2 2<\/a><\/td><td><\/td><\/tr><\/tbody><\/table><\/figure>\n\n\n\n<p class=\"has-text-align-center\"><strong>Biologie et physiologie de la reproduction<\/strong><\/p>\n\n\n\n<figure class=\"wp-block-table\"><table class=\"has-fixed-layout\"><tbody><tr><td class=\"has-text-align-right\" data-align=\"right\">\u0627\u0644\u0645\u0642\u064a\u0627\u0633<\/td><td class=\"has-text-align-right\" data-align=\"right\">\u0627\u0644\u0639\u0644\u0627\u0645\u0629<\/td><td class=\"has-text-align-center\" data-align=\"center\">\u0627\u0644\u062a\u0635\u062d\u064a\u062d \u0627\u0644\u0646\u0645\u0648\u0630\u062c\u064a<\/td><\/tr><tr><td class=\"has-text-align-right\" data-align=\"right\"><strong><strong>Physiopathologie<\/strong><\/strong><\/td><td class=\"has-text-align-right\" data-align=\"right\"><a href=\"https:\/\/www.univ-oeb.dz\/fsesnv\/wp-content\/uploads\/2023\/01\/Physiopathologie-de-la-reproduction-5-groupe2.xlsx\">Physiopathologie de la reproduction 5 (groupe2)<\/a><br> <a href=\"https:\/\/www.univ-oeb.dz\/fsesnv\/wp-content\/uploads\/2023\/01\/Physiopathologie-de-la-reproduction-5-groupe1.xlsx\">Physiopathologie de la reproduction 5 (groupe1)<\/a><\/td><td class=\"has-text-align-center\" data-align=\"center\"><\/td><\/tr><tr><td class=\"has-text-align-right\" data-align=\"right\"><strong>Bioclimatologie<\/strong><\/td><td class=\"has-text-align-right\" data-align=\"right\"><a href=\"https:\/\/www.univ-oeb.dz\/fsesnv\/wp-content\/uploads\/2023\/01\/BIOCLIMATOLOGIE5-\u0627\u0644\u0641\u0648\u062c-2.xlsx\">BIOCLIMATOLOGIE5( \u0627\u0644\u0641\u0648\u062c 2)<\/a> <br><a href=\"https:\/\/www.univ-oeb.dz\/fsesnv\/wp-content\/uploads\/2023\/01\/BIOCLIMATOLOGIE5-\u0627\u0644\u0641\u0648\u062c-1.xlsx\">BIOCLIMATOLOGIE5( \u0627\u0644\u0641\u0648\u062c 1)<\/a><\/td><td class=\"has-text-align-center\" data-align=\"center\"><a href=\"https:\/\/www.univ-oeb.dz\/fsesnv\/wp-content\/uploads\/2023\/01\/corrige-type-M2-B-P-A-Bioclimatologie.docx\">corrige-type M2 B P A Bioclimatologie<\/a><\/td><\/tr><tr><td class=\"has-text-align-right\" data-align=\"right\"><strong>Endocrinologie de la reproduction<\/strong><\/td><td class=\"has-text-align-right\" data-align=\"right\"><a href=\"https:\/\/www.univ-oeb.dz\/fsesnv\/wp-content\/uploads\/2023\/01\/Endocrinologie-de-la-reproduction-\u0627\u0644\u0641\u0648\u062c-2.xlsx\">Endocrinologie de la reproduction ( \u0627\u0644\u0641\u0648\u062c 2)<\/a><br><a href=\"https:\/\/www.univ-oeb.dz\/fsesnv\/wp-content\/uploads\/2023\/01\/Endocrinologie-de-la-reproduction-\u0627\u0644\u0641\u0648\u062c-1.xlsx\">Endocrinologie de la reproduction ( \u0627\u0644\u0641\u0648\u062c 1)<\/a><\/td><td class=\"has-text-align-center\" data-align=\"center\"><\/td><\/tr><tr><td class=\"has-text-align-right\" data-align=\"right\"><strong>Technique d&rsquo;\u00e9levage<\/strong><\/td><td class=\"has-text-align-right\" data-align=\"right\"><a href=\"https:\/\/www.univ-oeb.dz\/fsesnv\/wp-content\/uploads\/2023\/01\/TECHNIQUES-DELEVAGE-DES-ANIMAUX-\u0627\u0644\u0641\u0648\u062c-1.xlsx\">TECHNIQUES DELEVAGE DES ANIMAUX( \u0627\u0644\u0641\u0648\u062c 1)<\/a> <br><a href=\"https:\/\/www.univ-oeb.dz\/fsesnv\/wp-content\/uploads\/2023\/01\/TECHNIQUES-DELEVAGE-DES-ANIMAUX-\u0627\u0644\u0641\u0648\u062c-2.xlsx\">TECHNIQUES DELEVAGE DES ANIMAUX( \u0627\u0644\u0641\u0648\u062c 2)<\/a><\/td><td class=\"has-text-align-center\" data-align=\"center\"><\/td><\/tr><tr><td class=\"has-text-align-right\" data-align=\"right\"><strong>Analyse d&rsquo;Article<\/strong><\/td><td class=\"has-text-align-right\" data-align=\"right\"><a href=\"https:\/\/www.univ-oeb.dz\/fsesnv\/wp-content\/uploads\/2023\/01\/Analyse-darticle-\u0627\u0644\u0641\u0648\u062c-1.xlsx\">Analyse darticle ( \u0627\u0644\u0641\u0648\u062c 1)<\/a><br><a href=\"https:\/\/www.univ-oeb.dz\/fsesnv\/wp-content\/uploads\/2023\/01\/Analyse-darticle-\u0627\u0644\u0641\u0648\u062c-2.xlsx\">Analyse darticle ( \u0627\u0644\u0641\u0648\u062c 2)<\/a><\/td><td class=\"has-text-align-center\" data-align=\"center\"><\/td><\/tr><tr><td class=\"has-text-align-right\" data-align=\"right\"><strong>TOXICOPHARMACOLOGIE DE LA REPRODUCTION 5<\/strong><\/td><td class=\"has-text-align-right\" data-align=\"right\"><\/td><td class=\"has-text-align-center\" data-align=\"center\"><\/td><\/tr><tr><td class=\"has-text-align-right\" data-align=\"right\"><strong>Entreprenariat<\/strong><\/td><td class=\"has-text-align-right\" data-align=\"right\"><a href=\"https:\/\/www.univ-oeb.dz\/fsesnv\/wp-content\/uploads\/2023\/01\/bpr-m2-1.xls\">bpr m2 1<\/a> <br><a href=\"https:\/\/www.univ-oeb.dz\/fsesnv\/wp-content\/uploads\/2023\/01\/bpr-m2-2.xls\">bpr m2 2<\/a><\/td><td class=\"has-text-align-center\" data-align=\"center\"><\/td><\/tr><\/tbody><\/table><\/figure>\n\n\n\n<p class=\"has-text-align-center\"><strong>Biochimie Appliqu\u00e9e<\/strong><\/p>\n\n\n\n<figure class=\"wp-block-table\"><table class=\"has-fixed-layout\"><tbody><tr><td>\u0627\u0644\u0645\u0642\u064a\u0627\u0633<\/td><td>\u0627\u0644\u0639\u0644\u0627\u0645\u0629<\/td><td>\u0627\u0644\u062a\u0635\u062d\u064a\u062d \u0627\u0644\u0646\u0645\u0648\u0630\u062c\u064a<\/td><\/tr><tr><td><strong>G\u00e9nomique et bio-informatique<\/strong><\/td><td><a href=\"https:\/\/www.univ-oeb.dz\/fsesnv\/wp-content\/uploads\/2023\/01\/Genomique-et-bioinformatique-\u0627\u0644\u0641\u0648\u062c-2.xlsx\">G\u00e9nomique et bioinformatique( \u0627\u0644\u0641\u0648\u062c 2)<\/a><br><a href=\"https:\/\/www.univ-oeb.dz\/fsesnv\/wp-content\/uploads\/2023\/01\/Genomique-et-bioinformatique-\u0627\u0644\u0641\u0648\u062c-1.xlsx\">G\u00e9nomique et bioinformatique( \u0627\u0644\u0641\u0648\u062c 1)<\/a><\/td><td><\/td><\/tr><tr><td><strong>Technique d&rsquo;analyse en biologie mol\u00e9culaire<\/strong><\/td><td><a href=\"https:\/\/www.univ-oeb.dz\/fsesnv\/wp-content\/uploads\/2023\/01\/GROUPE-2-techniques-danalyse-en-biologie-moleculaire.pdf\">GROUPE 2 techniques d&rsquo;analyse en biologie mol\u00e9culaire<\/a><br><a href=\"https:\/\/www.univ-oeb.dz\/fsesnv\/wp-content\/uploads\/2023\/01\/GROUPE-1-techniques-danalyse-en-biologie-moleculaire-1.pdf\">GROUPE 1 techniques d&rsquo;analyse en biologie mol\u00e9culaire<\/a><\/td><td><\/td><\/tr><tr><td><strong>Gestion de laboratoire<\/strong><\/td><td>&nbsp;<br><a href=\"https:\/\/www.univ-oeb.dz\/fsesnv\/wp-content\/uploads\/2023\/01\/gestion-de-laboratoire14-01-\u0627\u0644\u0641\u0648\u062c-2-2023.pdf\">gestion de laboratoire14-01 \u0627\u0644\u0641\u0648\u062c (2) 2023<\/a><br><a href=\"https:\/\/www.univ-oeb.dz\/fsesnv\/wp-content\/uploads\/2023\/01\/gestion-de-laboratoire14-01-\u0627\u0644\u0641\u0648\u062c-1-2023.pdf\">gestion de laboratoire14-01-\u0627\u0644\u0641\u0648\u062c (1) 2023<\/a><\/td><td><a href=\"https:\/\/www.univ-oeb.dz\/fsesnv\/wp-content\/uploads\/2023\/01\/Corrige-type-dexamen-module-gestion-de-labo-le-14-01-2023.pdf\">Corrig\u00e9 type d&rsquo;examen module gestion de labo le 14-01-2023<\/a><\/td><\/tr><tr><td><strong>R\u00e9daction et Analyse d&rsquo;article<\/strong><\/td><td><a href=\"https:\/\/www.univ-oeb.dz\/fsesnv\/wp-content\/uploads\/2023\/01\/Redaction-et-analyse-darticle-\u0627\u0644\u0641\u0648\u062c-2-12023-ok-1.xlsx\">Redaction et analyse darticle( \u0627\u0644\u0641\u0648\u062c 2) (1)2023 ok<\/a><br><a href=\"https:\/\/www.univ-oeb.dz\/fsesnv\/wp-content\/uploads\/2023\/01\/Redaction-et-analyse-darticle-\u0627\u0644\u0641\u0648\u062c-1-12023-ok-1.xlsx\">Redaction et analyse darticle( \u0627\u0644\u0641\u0648\u062c 1) (1)2023 ok<\/a><\/td><td><\/td><\/tr><tr><td><strong>Assurance et qualit\u00e9<\/strong><\/td><td><a href=\"https:\/\/www.univ-oeb.dz\/fsesnv\/wp-content\/uploads\/2023\/01\/Assurance-et-qualite-\u0627\u0644\u0641\u0648\u062c-2.xlsx\">Assurance et qualit\u00e9( \u0627\u0644\u0641\u0648\u062c 2)<\/a><br><a href=\"https:\/\/www.univ-oeb.dz\/fsesnv\/wp-content\/uploads\/2023\/01\/Assurance-et-qualite-\u0627\u0644\u0641\u0648\u062c-1.xlsx\">Assurance et qualit\u00e9( \u0627\u0644\u0641\u0648\u062c 1)<\/a><\/td><td><\/td><\/tr><tr><td><strong>Aspects L\u00e9gislatifs de Contr\u00f4le de Qualit\u00e9<\/strong><\/td><td><a href=\"https:\/\/www.univ-oeb.dz\/fsesnv\/wp-content\/uploads\/2023\/01\/Aspects-legislatifs-de-controle-qualite-\u0627\u0644\u0641\u0648\u062c-2.xlsx\">Aspects l\u00e9gislatifs de controle qualit\u00e9( \u0627\u0644\u0641\u0648\u062c 2)<\/a><br><a href=\"https:\/\/www.univ-oeb.dz\/fsesnv\/wp-content\/uploads\/2023\/01\/Aspects-legislatifs-de-controle-qualite-\u0627\u0644\u0641\u0648\u062c-1.xlsx\">Aspects l\u00e9gislatifs de controle qualit\u00e9( \u0627\u0644\u0641\u0648\u062c 1)<\/a><\/td><td><\/td><\/tr><\/tbody><\/table><\/figure>\n","protected":false},"excerpt":{"rendered":"<p>BTV \u0627\u0644\u0645\u0642\u064a\u0627\u0633\u0627\u0644\u0639\u0644\u0627\u0645\u0629\u0627\u0644\u062a\u0635\u062d\u064a\u062d \u0627\u0644\u0646\u0645\u0648\u0630\u062c\u064aM\u00e9thodes d&rsquo;am\u00e9liorationPhysiologie et biochimie v\u00e9g\u00e9taleM\u00e9thodes de rechercheMethodologie de recherche scientifique( \u0627\u0644\u0641\u0648\u062c 2)Methodologie de recherche scientifique( \u0627\u0644\u0641\u0648\u062c 1) (1)Utilisation industrielles de la production v\u00e9g\u00e9tale\u00c9valuation et gestion des ressourcesEvaluation et gestion des ressources g\u00e9n( \u0627\u0644\u0641\u0648\u062c 2) (2)Evaluation et gestion des ressources g\u00e9n( \u0627\u0644\u0641\u0648\u062c 1)Technique de fermentationSignalisationSignalisation cellulaireet r\u00e9gulat g\u00e9nes( \u0627\u0644\u0641\u0648\u062c 2) Signalisation cellulaireet r\u00e9gulat g\u00e9nes( &hellip;<\/p>\n","protected":false},"author":1,"featured_media":0,"parent":0,"menu_order":0,"comment_status":"closed","ping_status":"closed","template":"","meta":{"footnotes":""},"class_list":["post-1448","page","type-page","status-publish","hentry"],"_links":{"self":[{"href":"https:\/\/www.univ-oeb.dz\/fsesnv\/wp-json\/wp\/v2\/pages\/1448","targetHints":{"allow":["GET"]}}],"collection":[{"href":"https:\/\/www.univ-oeb.dz\/fsesnv\/wp-json\/wp\/v2\/pages"}],"about":[{"href":"https:\/\/www.univ-oeb.dz\/fsesnv\/wp-json\/wp\/v2\/types\/page"}],"author":[{"embeddable":true,"href":"https:\/\/www.univ-oeb.dz\/fsesnv\/wp-json\/wp\/v2\/users\/1"}],"replies":[{"embeddable":true,"href":"https:\/\/www.univ-oeb.dz\/fsesnv\/wp-json\/wp\/v2\/comments?post=1448"}],"version-history":[{"count":0,"href":"https:\/\/www.univ-oeb.dz\/fsesnv\/wp-json\/wp\/v2\/pages\/1448\/revisions"}],"wp:attachment":[{"href":"https:\/\/www.univ-oeb.dz\/fsesnv\/wp-json\/wp\/v2\/media?parent=1448"}],"curies":[{"name":"wp","href":"https:\/\/api.w.org\/{rel}","templated":true}]}}