{"id":1447,"date":"2023-01-19T14:29:11","date_gmt":"2023-01-19T13:29:11","guid":{"rendered":"http:\/\/www.univ-oeb.dz\/fsesnv\/?page_id=1447"},"modified":"2023-02-08T11:21:54","modified_gmt":"2023-02-08T10:21:54","slug":"%d8%b1%d9%8a%d8%a7%d8%b6%d9%8a%d8%a7%d8%aa-%d9%88%d8%a5%d8%b9%d9%84%d8%a7%d9%85-%d8%a2%d9%84%d9%8a-%d9%86%d9%82%d8%a7%d8%b7-%d9%85%d8%a7%d8%b3%d8%aa%d8%b1-2","status":"publish","type":"page","link":"https:\/\/www.univ-oeb.dz\/fsesnv\/%d8%b1%d9%8a%d8%a7%d8%b6%d9%8a%d8%a7%d8%aa-%d9%88%d8%a5%d8%b9%d9%84%d8%a7%d9%85-%d8%a2%d9%84%d9%8a-%d9%86%d9%82%d8%a7%d8%b7-%d9%85%d8%a7%d8%b3%d8%aa%d8%b1-2\/","title":{"rendered":"\u0631\u064a\u0627\u0636\u064a\u0627\u062a \u0648\u0625\u0639\u0644\u0627\u0645 \u0622\u0644\u064a -\u0646\u0642\u0627\u0637 \u0645\u0627\u0633\u062a\u0631 2-"},"content":{"rendered":"\n<p class=\"has-text-align-center\"><strong>Architecture distribu\u00e9e<\/strong><\/p>\n\n\n\n<figure class=\"wp-block-table\"><table class=\"has-fixed-layout\"><tbody><tr><td>\u0627\u0644\u0645\u0642\u064a\u0627\u0633<\/td><td>\u0627\u0644\u0639\u0644\u0627\u0645\u0629<\/td><td>\u0627\u0644\u062a\u0635\u062d\u064a\u062d \u0627\u0644\u0646\u0645\u0648\u0630\u062c\u064a<\/td><\/tr><tr><td>Cloud Computing et vitalisation<\/td><td><a href=\"https:\/\/www.univ-oeb.dz\/fsesnv\/wp-content\/uploads\/2023\/01\/Cloud-computing-et-virtulisation-\u0627\u0644\u0641\u0648\u062c-2.pdf\">Cloud computing et virtulisation( \u0627\u0644\u0641\u0648\u062c 2)<\/a><br><br><a href=\"https:\/\/www.univ-oeb.dz\/fsesnv\/wp-content\/uploads\/2023\/01\/Cloud-computing-et-virtulisation-\u0627\u0644\u0641\u0648\u062c-1.pdf\">Cloud computing et virtulisation( \u0627\u0644\u0641\u0648\u062c 1)<\/a><br><\/td><td><a href=\"https:\/\/www.univ-oeb.dz\/fsesnv\/wp-content\/uploads\/2023\/01\/consultation.pdf\">consultation<\/a><\/td><\/tr><tr><td>L\u00e9gislation<\/td><td><a href=\"https:\/\/www.univ-oeb.dz\/fsesnv\/wp-content\/uploads\/2023\/01\/Legislation-ad-\u0627\u0644\u0641\u0648\u062c-2.pdf\">L\u00e9gislation ad( \u0627\u0644\u0641\u0648\u062c 2)<\/a><br><a href=\"https:\/\/www.univ-oeb.dz\/fsesnv\/wp-content\/uploads\/2023\/01\/Legislation-ad-\u0627\u0644\u0641\u0648\u062c-1.pdf\">L\u00e9gislation ad( \u0627\u0644\u0641\u0648\u062c 1)<\/a><\/td><td><a href=\"https:\/\/www.univ-oeb.dz\/fsesnv\/wp-content\/uploads\/2023\/01\/Legislation-CORRECTION.pdf\">L\u00e9gislation CORRECTION<\/a><\/td><\/tr><tr><td>S\u00e9curit\u00e9 avanc\u00e9e des syst\u00e8mes informatique<\/td><td><a href=\"https:\/\/www.univ-oeb.dz\/fsesnv\/wp-content\/uploads\/2023\/01\/Securite-avancee-des-systemes-info-\u0627\u0644\u0641\u0648\u062c-1-Anonyme-2.pdf\">S\u00e9curit\u00e9 avanc\u00e9e des syst\u00e9mes info( \u0627\u0644\u0641\u0648\u062c 1) Anonyme<\/a><br><a href=\"https:\/\/www.univ-oeb.dz\/fsesnv\/wp-content\/uploads\/2023\/01\/Securite-avancee-des-systemes-info-\u0627\u0644\u0641\u0648\u062c-2-Anonyme-2.pdf\">S\u00e9curit\u00e9 avanc\u00e9e des syst\u00e9mes info( \u0627\u0644\u0641\u0648\u062c 2) Anonyme<\/a><\/td><td><a href=\"https:\/\/www.univ-oeb.dz\/fsesnv\/wp-content\/uploads\/2023\/01\/Securite-avancee-des-systemes-infoCorrigeBareme-Examen-Normal-Secu-Inf-2022-2023-AD-2.pdf\">S\u00e9curit\u00e9 avanc\u00e9e des syst\u00e9mes infoCorrig\u00e9+Bar\u00e8me Examen Normal Secu-Inf 2022-2023 AD<\/a><br><br><a href=\"https:\/\/www.univ-oeb.dz\/fsesnv\/wp-content\/uploads\/2023\/01\/Securite-avancee-des-systemes-infoSujet-Examen-Normal-Secu-Inf-2022-2023-AD-2.pdf\">S\u00e9curit\u00e9 avanc\u00e9e des syst\u00e9mes infoSujet Examen Normal Secu-Inf 2022-2023 AD<\/a><\/td><\/tr><tr><td>Architectures distribu\u00e9e<\/td><td><a href=\"https:\/\/www.univ-oeb.dz\/fsesnv\/wp-content\/uploads\/2023\/01\/Architectures-distribuees-\u0627\u0644\u0641\u0648\u062c-1-1.pdf\">Architectures distribu\u00e9es( \u0627\u0644\u0641\u0648\u062c 1)<\/a><br><a href=\"https:\/\/www.univ-oeb.dz\/fsesnv\/wp-content\/uploads\/2023\/01\/Architectures-distribuees-\u0627\u0644\u0641\u0648\u062c-2-1.pdf\">Architectures distribu\u00e9es( \u0627\u0644\u0641\u0648\u062c 2)<\/a><\/td><td><a href=\"https:\/\/www.univ-oeb.dz\/fsesnv\/wp-content\/uploads\/2023\/01\/AD-Sujet-2023-Question-Correction-1-1.pdf\">AD &#8211; Sujet 2023 Question + Correction<\/a><\/td><\/tr><tr><td>Syst\u00e8mes multi-agents<\/td><td><a href=\"https:\/\/www.univ-oeb.dz\/fsesnv\/wp-content\/uploads\/2023\/01\/Notes-SMA-G1-2.pdf\">Notes SMA G1<\/a><br><a href=\"https:\/\/www.univ-oeb.dz\/fsesnv\/wp-content\/uploads\/2023\/01\/Notes-SMA-G2-2.pdf\">Notes SMA G2<\/a><\/td><td><\/td><\/tr><tr><td>Architectures orient\u00e9es services<\/td><td><\/td><td><\/td><\/tr><tr><td>Anglais<\/td><td><a href=\"https:\/\/www.univ-oeb.dz\/fsesnv\/wp-content\/uploads\/2023\/01\/Anglais-AD-\u0627\u0644\u0641\u0648\u062c-1.pdf\">Anglais AD ( \u0627\u0644\u0641\u0648\u062c 1)<\/a><br><a href=\"https:\/\/www.univ-oeb.dz\/fsesnv\/wp-content\/uploads\/2023\/01\/Anglais-AD-\u0627\u0644\u0641\u0648\u062c-2-1.pdf\">Anglais AD( \u0627\u0644\u0641\u0648\u062c 2)<\/a><\/td><td><a href=\"https:\/\/www.univ-oeb.dz\/fsesnv\/wp-content\/uploads\/2023\/01\/Anglais-AD-exam.pdf\">Anglais AD exam<\/a><br><a href=\"https:\/\/www.univ-oeb.dz\/fsesnv\/wp-content\/uploads\/2023\/01\/Anglais-AD-correction.pdf\">Anglais AD correction<\/a><\/td><\/tr><\/tbody><\/table><\/figure>\n\n\n\n<p class=\"has-text-align-center\"><strong>Vision artificielle<\/strong><\/p>\n\n\n\n<figure class=\"wp-block-table\"><table class=\"has-fixed-layout\"><tbody><tr><td>\u0627\u0644\u0645\u0642\u064a\u0627\u0633<\/td><td>\u0627\u0644\u0639\u0644\u0627\u0645\u0629<\/td><td>\u0627\u0644\u062a\u0635\u062d\u064a\u062d \u0627\u0644\u0646\u0645\u0648\u0630\u062c\u064a<\/td><\/tr><tr><td>Reconnaissance de forme<\/td><td><a href=\"https:\/\/www.univ-oeb.dz\/fsesnv\/wp-content\/uploads\/2023\/01\/Reconnaissance-de-formes-\u0627\u0644\u0641\u0648\u062c-1.xlsx-\u0645\u062d\u0636\u0631-\u0646\u0642\u0627\u0637-\u0627\u0644\u0627\u0645\u062a\u062d\u0627\u0646-1.pdf\">Reconnaissance de formes( \u0627\u0644\u0641\u0648\u062c 1).xlsx &#8211; \u0645\u062d\u0636\u0631 \u0646\u0642\u0627\u0637 \u0627\u0644\u0627\u0645\u062a\u062d\u0627\u0646 (1)<\/a><\/td><td><a href=\"https:\/\/www.univ-oeb.dz\/fsesnv\/wp-content\/uploads\/2023\/01\/Reconnaissance-de-formes-Corrige.pdf\">Reconnaissance de formes Corrige<\/a><\/td><\/tr><tr><td>Imagerie du vivant ( IV )<\/td><td><a href=\"https:\/\/www.univ-oeb.dz\/fsesnv\/wp-content\/uploads\/2023\/01\/Imagerie-du-vivant-\u0627\u0644\u0641\u0648\u062c-1.pdf\">Imagerie du vivant( \u0627\u0644\u0641\u0648\u062c 1)<\/a><\/td><td><a href=\"https:\/\/www.univ-oeb.dz\/fsesnv\/wp-content\/uploads\/2023\/01\/Imagerie-du-vivant_Corrige-Type.pdf\">Imagerie du vivant_Corrig\u00e9 Type<\/a><\/td><\/tr><tr><td>Entreprenariat et gestion des projets<\/td><td><\/td><td><\/td><\/tr><tr><td>Imagerie industrielle<\/td><td><a href=\"https:\/\/www.univ-oeb.dz\/fsesnv\/wp-content\/uploads\/2023\/01\/Imagerie-industrielle-\u0627\u0644\u0641\u0648\u062c-1.pdf\">Imagerie industrielle( \u0627\u0644\u0641\u0648\u062c 1)<\/a><\/td><td><a href=\"https:\/\/www.univ-oeb.dz\/fsesnv\/wp-content\/uploads\/2023\/01\/Imagerie-industrielle_correction.pdf\">Imagerie industrielle_correction<\/a><\/td><\/tr><tr><td>r\u00e9alit\u00e9 augment\u00e9<\/td><td><\/td><td><\/td><\/tr><tr><td>Anglais<\/td><td><a href=\"https:\/\/www.univ-oeb.dz\/fsesnv\/wp-content\/uploads\/2023\/01\/Anglais.-VA-\u0627\u0644\u0641\u0648\u062c-1-VA.pdf\">Anglais. VA( \u0627\u0644\u0641\u0648\u062c 1) VA<\/a><br>&nbsp;<\/td><td><a href=\"https:\/\/www.univ-oeb.dz\/fsesnv\/wp-content\/uploads\/2023\/01\/Anglais.-VA-exam.pdf\">Anglais. VA exam<\/a><br><a href=\"https:\/\/www.univ-oeb.dz\/fsesnv\/wp-content\/uploads\/2023\/01\/Anglais.-VA-correction.pdf\">Anglais. VA correction<\/a><\/td><\/tr><tr><td>D\u00e9tection et estimation du mouvement<\/td><td><a href=\"https:\/\/www.univ-oeb.dz\/fsesnv\/wp-content\/uploads\/2023\/01\/Detection-et-estimation-de-mouvement-\u0627\u0644\u0641\u0648\u062c-1.pdf\">D\u00e9tection et estimation de mouvement ( \u0627\u0644\u0641\u0648\u062c 1)<\/a><\/td><td><a href=\"https:\/\/www.univ-oeb.dz\/fsesnv\/wp-content\/uploads\/2023\/01\/Detection-et-estimation-de-mouvementCT.pdf\">D\u00e9tection et estimation de mouvementCT<\/a><\/td><\/tr><\/tbody><\/table><\/figure>\n\n\n\n<p class=\"has-text-align-center\"><strong>Math\u00e9matiques appliqu\u00e9es<\/strong><\/p>\n\n\n\n<figure class=\"wp-block-table\"><table class=\"has-fixed-layout\"><tbody><tr><td>\u0627\u0644\u0645\u0642\u064a\u0627\u0633<\/td><td>\u0627\u0644\u0639\u0644\u0627\u0645\u0629<\/td><td>\u0627\u0644\u062a\u0635\u062d\u064a\u062d \u0627\u0644\u0646\u0645\u0648\u0630\u062c\u064a<\/td><\/tr><tr><td>Th\u00e9orie variationnelle des \u00e9quations elliptique<\/td><td><a href=\"https:\/\/www.univ-oeb.dz\/fsesnv\/wp-content\/uploads\/2023\/01\/Theorie-variationnelle-ds-equation-ellip-%D8%A7%D9%84%D9%81%D9%88%D8%AC-1.pdf\">Theorie-variationnelle-ds-equation-ellip-\u0627\u0644\u0641\u0648\u062c-1<\/a><\/td><td><a href=\"https:\/\/www.univ-oeb.dz\/fsesnv\/wp-content\/uploads\/2023\/01\/Examen-Corrige-_T.V.E.E_2022-2023.pdf\">Examen-Corrige-_T.V.E.E_2022-2023<\/a><\/td><\/tr><tr><td>Syst\u00e8mes dynamiques et introduction au chaos<\/td><td><\/td><td><a href=\"https:\/\/www.univ-oeb.dz\/fsesnv\/wp-content\/uploads\/2023\/01\/sd-1-1.jpg\">sd-1-1<\/a><br><a href=\"https:\/\/www.univ-oeb.dz\/fsesnv\/wp-content\/uploads\/2023\/01\/sd-2-1.jpg\">sd-2-1<\/a><br><a href=\"https:\/\/www.univ-oeb.dz\/fsesnv\/wp-content\/uploads\/2023\/01\/sd-3-1.jpg\">sd-3-1<\/a><br><a href=\"https:\/\/www.univ-oeb.dz\/fsesnv\/wp-content\/uploads\/2023\/01\/sd-4-1.jpg\">sd-4-1<\/a><\/td><\/tr><tr><td>Distribution 2<\/td><td><a href=\"https:\/\/www.univ-oeb.dz\/fsesnv\/wp-content\/uploads\/2023\/01\/Distribution2-\u0627\u0644\u0641\u0648\u062c-1.xlsx\">Distribution2( \u0627\u0644\u0641\u0648\u062c 1)<\/a><\/td><td><a href=\"https:\/\/www.univ-oeb.dz\/fsesnv\/wp-content\/uploads\/2023\/01\/\u0627\u0644\u0625\u0645\u062a\u062d\u0627\u0646_\u0627\u0644\u0623\u0648\u0644.pdf\">\u0627\u0644\u0625\u0645\u062a\u062d\u0627\u0646_\u0627\u0644\u0623\u0648\u0644<\/a><\/td><\/tr><tr><td>R\u00e9daction Scientifique<\/td><td><\/td><td><\/td><\/tr><tr><td>Th\u00e9orie du contr\u00f4le<\/td><td><a href=\"https:\/\/www.univ-oeb.dz\/fsesnv\/wp-content\/uploads\/2023\/01\/PV-de-notes-du-matiere-theorie-du-controle.pdf\">PV de notes du mati\u00e8re th\u00e9orie du controle<\/a><\/td><td><a href=\"https:\/\/www.univ-oeb.dz\/fsesnv\/wp-content\/uploads\/2023\/01\/Examen-corrige-type-et-le-bareme-Mster-2-Maths-2022-2023.pdf\">Examen, corrig\u00e9 type et le bar\u00e8me Mster 2 Maths 2022-2023<\/a><\/td><\/tr><tr><td>Processus al\u00e9atoires et fiabilit\u00e9 des syst\u00e8mes<\/td><td><\/td><td><\/td><\/tr><tr><td>S\u00e9minaire<\/td><td><a href=\"https:\/\/www.univ-oeb.dz\/fsesnv\/wp-content\/uploads\/2023\/01\/PV-du-notes-Seminaires.pdf\">PV du notes S\u00e9minaires<\/a><\/td><td><\/td><\/tr><tr><td> Compl\u00e9ment int\u00e9grations et espaces de Lebesgu<\/td><td><a href=\"https:\/\/www.univ-oeb.dz\/fsesnv\/wp-content\/uploads\/2023\/01\/complement-mesure-grroupe-1.pdf\">complement-mesure-grroupe-1<\/a><\/td><td><a href=\"https:\/\/www.univ-oeb.dz\/fsesnv\/wp-content\/uploads\/2023\/01\/exam_22-23.pdf\">exam_22-23<\/a><\/td><\/tr><\/tbody><\/table><\/figure>\n\n\n<p><\/p>","protected":false},"excerpt":{"rendered":"<p>Architecture distribu\u00e9e \u0627\u0644\u0645\u0642\u064a\u0627\u0633\u0627\u0644\u0639\u0644\u0627\u0645\u0629\u0627\u0644\u062a\u0635\u062d\u064a\u062d \u0627\u0644\u0646\u0645\u0648\u0630\u062c\u064aCloud Computing et vitalisationCloud computing et virtulisation( \u0627\u0644\u0641\u0648\u062c 2)Cloud computing et virtulisation( \u0627\u0644\u0641\u0648\u062c 1)consultationL\u00e9gislationL\u00e9gislation ad( \u0627\u0644\u0641\u0648\u062c 2)L\u00e9gislation ad( \u0627\u0644\u0641\u0648\u062c 1)L\u00e9gislation CORRECTIONS\u00e9curit\u00e9 avanc\u00e9e des syst\u00e8mes informatiqueS\u00e9curit\u00e9 avanc\u00e9e des syst\u00e9mes info( \u0627\u0644\u0641\u0648\u062c 1) AnonymeS\u00e9curit\u00e9 avanc\u00e9e des syst\u00e9mes info( \u0627\u0644\u0641\u0648\u062c 2) AnonymeS\u00e9curit\u00e9 avanc\u00e9e des syst\u00e9mes infoCorrig\u00e9+Bar\u00e8me Examen Normal Secu-Inf 2022-2023 ADS\u00e9curit\u00e9 avanc\u00e9e des syst\u00e9mes infoSujet &hellip;<\/p>\n","protected":false},"author":1,"featured_media":0,"parent":0,"menu_order":0,"comment_status":"closed","ping_status":"closed","template":"","meta":{"footnotes":""},"class_list":["post-1447","page","type-page","status-publish","hentry"],"_links":{"self":[{"href":"https:\/\/www.univ-oeb.dz\/fsesnv\/wp-json\/wp\/v2\/pages\/1447","targetHints":{"allow":["GET"]}}],"collection":[{"href":"https:\/\/www.univ-oeb.dz\/fsesnv\/wp-json\/wp\/v2\/pages"}],"about":[{"href":"https:\/\/www.univ-oeb.dz\/fsesnv\/wp-json\/wp\/v2\/types\/page"}],"author":[{"embeddable":true,"href":"https:\/\/www.univ-oeb.dz\/fsesnv\/wp-json\/wp\/v2\/users\/1"}],"replies":[{"embeddable":true,"href":"https:\/\/www.univ-oeb.dz\/fsesnv\/wp-json\/wp\/v2\/comments?post=1447"}],"version-history":[{"count":0,"href":"https:\/\/www.univ-oeb.dz\/fsesnv\/wp-json\/wp\/v2\/pages\/1447\/revisions"}],"wp:attachment":[{"href":"https:\/\/www.univ-oeb.dz\/fsesnv\/wp-json\/wp\/v2\/media?parent=1447"}],"curies":[{"name":"wp","href":"https:\/\/api.w.org\/{rel}","templated":true}]}}