{"id":1446,"date":"2023-01-19T08:49:08","date_gmt":"2023-01-19T07:49:08","guid":{"rendered":"http:\/\/www.univ-oeb.dz\/fsesnv\/?page_id=1446"},"modified":"2023-02-08T11:21:49","modified_gmt":"2023-02-08T10:21:49","slug":"%d8%b1%d9%8a%d8%a7%d8%b6%d9%8a%d8%a7%d8%aa-%d9%88%d8%a5%d8%b9%d9%84%d8%a7%d9%85-%d8%a2%d9%84%d9%8a-%d9%86%d9%82%d8%a7%d8%b7-%d9%85%d8%a7%d8%b3%d8%aa%d8%b1-1","status":"publish","type":"page","link":"https:\/\/www.univ-oeb.dz\/fsesnv\/%d8%b1%d9%8a%d8%a7%d8%b6%d9%8a%d8%a7%d8%aa-%d9%88%d8%a5%d8%b9%d9%84%d8%a7%d9%85-%d8%a2%d9%84%d9%8a-%d9%86%d9%82%d8%a7%d8%b7-%d9%85%d8%a7%d8%b3%d8%aa%d8%b1-1\/","title":{"rendered":"\u0631\u064a\u0627\u0636\u064a\u0627\u062a \u0648\u0625\u0639\u0644\u0627\u0645 \u0622\u0644\u064a -\u0646\u0642\u0627\u0637 \u0645\u0627\u0633\u062a\u0631 1-"},"content":{"rendered":"\n<p class=\"has-text-align-center\"><strong>Architecture distribu\u00e9e<\/strong><\/p>\n\n\n\n<figure class=\"wp-block-table\"><table class=\"has-fixed-layout\"><tbody><tr><td>\u0627\u0644\u0645\u0642\u064a\u0627\u0633<\/td><td>\u0627\u0644\u0639\u0644\u0627\u0645\u0629<\/td><td>\u0627\u0644\u062a\u0635\u062d\u064a\u062d \u0627\u0644\u0646\u0645\u0648\u0630\u062c\u064a<\/td><\/tr><tr><td>Intelligence artificielle<\/td><td><a href=\"https:\/\/www.univ-oeb.dz\/fsesnv\/wp-content\/uploads\/2023\/01\/INTELLIGENCE-ARTIFICIELLE-\u0627\u0644\u0641\u0648\u062c-2.pdf\">INTELLIGENCE ARTIFICIELLE( \u0627\u0644\u0641\u0648\u062c 2)<\/a><br><a href=\"https:\/\/www.univ-oeb.dz\/fsesnv\/wp-content\/uploads\/2023\/01\/INTELLIGENCE-ARTIFICIELLE-\u0627\u0644\u0641\u0648\u062c-1.pdf\">INTELLIGENCE ARTIFICIELLE( \u0627\u0644\u0641\u0648\u062c 1)<\/a><br>&nbsp;<\/td><td><a href=\"https:\/\/www.univ-oeb.dz\/fsesnv\/wp-content\/uploads\/2023\/01\/INTELLIGENCE-ARTIFICIELLE-Sujet-Corrige-2022-2023.pdf\">INTELLIGENCE ARTIFICIELLE Sujet Corrig\u00e9 2022-2023<\/a><\/td><\/tr><tr><td>Anglais<\/td><td><a href=\"https:\/\/www.univ-oeb.dz\/fsesnv\/wp-content\/uploads\/2023\/01\/ANGLAIS-\u0627\u0644\u0641\u0648\u062c-1.pdf\">ANGLAIS( \u0627\u0644\u0641\u0648\u062c 1)<\/a><br><a href=\"https:\/\/www.univ-oeb.dz\/fsesnv\/wp-content\/uploads\/2023\/01\/ANGLAIS-\u0627\u0644\u0641\u0648\u062c-2.pdf\">ANGLAIS( \u0627\u0644\u0641\u0648\u062c 2)<\/a><\/td><td><a href=\"https:\/\/www.univ-oeb.dz\/fsesnv\/wp-content\/uploads\/2023\/01\/Anglais-CORRECTION.pdf\">Anglais CORRECTION<\/a><br><a href=\"https:\/\/www.univ-oeb.dz\/fsesnv\/wp-content\/uploads\/2023\/01\/ANGLAIS-EXAMEN.pdf\">ANGLAIS EXAMEN<\/a><\/td><\/tr><tr><td>M\u00e9thodes Algorithmiques<\/td><td><\/td><td><\/td><\/tr><tr><td>Outils Formels<\/td><td><a href=\"https:\/\/www.univ-oeb.dz\/fsesnv\/wp-content\/uploads\/2023\/01\/OUTILLS-FORMELS-\u0627\u0644\u0641\u0648\u062c-1.pdf\">OUTILLS FORMELS( \u0627\u0644\u0641\u0648\u062c 1)<\/a><br><a href=\"https:\/\/www.univ-oeb.dz\/fsesnv\/wp-content\/uploads\/2023\/01\/OUTILLS-FORMELS-\u0627\u0644\u0641\u0648\u062c-2.pdf\">OUTILLS FORMELS( \u0627\u0644\u0641\u0648\u062c 2)<\/a><\/td><td><a href=\"https:\/\/www.univ-oeb.dz\/fsesnv\/wp-content\/uploads\/2023\/01\/OUTILLS-FORMELSexamenOF2023.pdf\">OUTILLS FORMELSexamenOF2023<\/a><br><br><a href=\"https:\/\/www.univ-oeb.dz\/fsesnv\/wp-content\/uploads\/2023\/01\/OUTILLS-FORMELSsolutions-examen-OF-2023.pdf\">OUTILLS FORMELSsolutions examen OF 2023<\/a><\/td><\/tr><tr><td>MINI-PROJET<\/td><td><\/td><td><\/td><\/tr><tr><td>Ing\u00e9nierie des logiciels distribues<\/td><td><\/td><td><\/td><\/tr><tr><td>communication<\/td><td><\/td><td><\/td><\/tr><\/tbody><\/table><\/figure>\n\n\n\n<p class=\"has-text-align-center\"><strong>Vision artificielle<\/strong><\/p>\n\n\n\n<figure class=\"wp-block-table\"><table class=\"has-fixed-layout\"><tbody><tr><td>\u0627\u0644\u0645\u0642\u064a\u0627\u0633<\/td><td>\u0627\u0644\u0639\u0644\u0627\u0645\u0629<\/td><td>\u0627\u0644\u062a\u0635\u062d\u064a\u062d \u0627\u0644\u0646\u0645\u0648\u0630\u062c\u064a<\/td><\/tr><tr><td>Traitement Statistique des donn\u00e9es<\/td><td><a href=\"https:\/\/www.univ-oeb.dz\/fsesnv\/wp-content\/uploads\/2023\/01\/TRAITEMENT-STATISTIQUE-DES-DONNEES-\u0627\u0644\u0641\u0648\u062c-1.pdf\">TRAITEMENT STATISTIQUE DES DONNEES( \u0627\u0644\u0641\u0648\u062c 1)<\/a> <br><a href=\"https:\/\/www.univ-oeb.dz\/fsesnv\/wp-content\/uploads\/2023\/01\/TRAITEMENT-STATISTIQUE-DES-DONNEES-\u0627\u0644\u0641\u0648\u062c-2.pdf\">TRAITEMENT STATISTIQUE DES DONNEES( \u0627\u0644\u0641\u0648\u062c 2)<\/a><\/td><td><a href=\"https:\/\/www.univ-oeb.dz\/fsesnv\/wp-content\/uploads\/2023\/01\/TRAITEMENT-STATISTIQUE-DES-DONNEES-corrige-type-std-2023.pdf\">TRAITEMENT STATISTIQUE DES DONNEES corrig\u00e9 type std 2023<\/a><\/td><\/tr><tr><td>Communication<\/td><td><\/td><td><\/td><\/tr><tr><td>Imagerie num\u00e9rique<\/td><td><a href=\"https:\/\/www.univ-oeb.dz\/fsesnv\/wp-content\/uploads\/2023\/01\/IMAGERIE-NUMERIQUE-Notes-Groupe-1.pdf\">IMAGERIE NUMERIQUE Notes Groupe 1<\/a><br><a href=\"https:\/\/www.univ-oeb.dz\/fsesnv\/wp-content\/uploads\/2023\/01\/IMAGERIE-NUMERIQUE-Notes-Groupe-2.pdf\">IMAGERIE NUMERIQUE Notes Groupe 2<\/a><\/td><td><a href=\"https:\/\/www.univ-oeb.dz\/fsesnv\/wp-content\/uploads\/2023\/01\/IMAGERIE-NUMERIQUE_corrige-T.pdf\">IMAGERIE NUMERIQUE_corrig\u00e9 T<\/a><\/td><\/tr><tr><td>Outils d&rsquo;Intelligence Artificielle<\/td><td><a href=\"https:\/\/www.univ-oeb.dz\/fsesnv\/wp-content\/uploads\/2023\/01\/OUTIL-D-INTELLIGENCE-ARTIFICIELLE-\u0627\u0644\u0641\u0648\u062c-1.pdf\">OUTIL D INTELLIGENCE ARTIFICIELLE( \u0627\u0644\u0641\u0648\u062c 1)<\/a><br><a href=\"https:\/\/www.univ-oeb.dz\/fsesnv\/wp-content\/uploads\/2023\/01\/OUTIL-D-INTELLIGENCE-ARTIFICIELLE-\u0627\u0644\u0641\u0648\u062c-2.pdf\">OUTIL D INTELLIGENCE ARTIFICIELLE( \u0627\u0644\u0641\u0648\u062c 2)<\/a><\/td><td><a href=\"https:\/\/www.univ-oeb.dz\/fsesnv\/wp-content\/uploads\/2023\/01\/OUTIL-D-INTELLIGENCE-ARTIFICIELLE-corrige-type-examen-_va_22-23.pdf\">OUTIL D INTELLIGENCE ARTIFICIELLE corrige-type examen _va_22-23<\/a><\/td><\/tr><tr><td>S\u00e9curit\u00e9 Informatique<\/td><td><a href=\"https:\/\/www.univ-oeb.dz\/fsesnv\/wp-content\/uploads\/2023\/01\/SECURITE-INFORMATIQUE.-\u0627\u0644\u0641\u0648\u062c-1-Anonyme.pdf\">SECURITE INFORMATIQUE.( \u0627\u0644\u0641\u0648\u062c 1) Anonyme<\/a><br><a href=\"https:\/\/www.univ-oeb.dz\/fsesnv\/wp-content\/uploads\/2023\/01\/SECURITE-INFORMATIQUE.-\u0627\u0644\u0641\u0648\u062c-2-Anonyme.pdf\">SECURITE INFORMATIQUE.( \u0627\u0644\u0641\u0648\u062c 2) Anonyme<\/a><\/td><td><a href=\"https:\/\/www.univ-oeb.dz\/fsesnv\/wp-content\/uploads\/2023\/01\/SECURITE-INFORMATIQUE.-Corrige-.pdf\">SECURITE INFORMATIQUE. Corrig\u00e9<\/a><\/td><\/tr><tr><td>Anglais<\/td><td><\/td><td><\/td><\/tr><tr><td>Mod\u00e9lisation g\u00e9om\u00e9trique<\/td><td><\/td><td><\/td><\/tr><\/tbody><\/table><\/figure>\n\n\n\n<p class=\"has-text-align-center\"><strong>Math\u00e9matiques appliqu\u00e9es<\/strong><\/p>\n\n\n\n<figure class=\"wp-block-table\"><table class=\"has-fixed-layout\"><tbody><tr><td>\u0627\u0644\u0645\u0642\u064a\u0627\u0633<\/td><td>\u0627\u0644\u0639\u0644\u0627\u0645\u0629<\/td><td>\u0627\u0644\u062a\u0635\u062d\u064a\u062d \u0627\u0644\u0646\u0645\u0648\u0630\u062c\u064a<\/td><\/tr><tr><td>M\u00e9thodes num\u00e9riques<\/td><td><a href=\"https:\/\/www.univ-oeb.dz\/fsesnv\/wp-content\/uploads\/2023\/01\/PV-du-notes-Master-1-maths-2022-2023.pdf\">PV du notes Master 1 maths 2022-2023<\/a><\/td><td><a href=\"https:\/\/www.univ-oeb.dz\/fsesnv\/wp-content\/uploads\/2023\/01\/Examen-corrige-type-et-le-bareme-Mster-1-Maths-2022-2023.pdf\">Examen, corrig\u00e9 type et le bar\u00e8me Mster 1 Maths 2022-2023<\/a><\/td><\/tr><tr><td>Anglais<\/td><td><\/td><td><\/td><\/tr><tr><td>programmation lin\u00e9aire<\/td><td><\/td><td><\/td><\/tr><tr><td>Compl\u00e9ment de la th\u00e9orie des probabilit\u00e9s<\/td><td><a href=\"https:\/\/www.univ-oeb.dz\/fsesnv\/wp-content\/uploads\/2023\/01\/Notes-G1G2.pdf\">Notes G1+G2<\/a><br><a href=\"https:\/\/www.univ-oeb.dz\/fsesnv\/wp-content\/uploads\/2023\/01\/Probabilites-2023-Examencorrige.pdf\">Probabilit\u00e9s 2023 <\/a><\/td><td><a href=\"https:\/\/www.univ-oeb.dz\/fsesnv\/wp-content\/uploads\/2023\/01\/Probabilites-2023-Examencorrige.pdf\">Examen+corrig\u00e9<\/a><\/td><\/tr><tr><td>Compl\u00e9ments sur l&rsquo;int\u00e9gration et les espacesde Lebesgue<\/td><td><br><a href=\"https:\/\/www.univ-oeb.dz\/fsesnv\/wp-content\/uploads\/2023\/01\/complement-mesure-grroupe-1-1-1.pdf\">compl\u00e9ment mesure grroupe 1 (1)<\/a> <a href=\"https:\/\/www.univ-oeb.dz\/fsesnv\/wp-content\/uploads\/2023\/01\/complement-mesure-grroupe-2-1.pdf\">compl\u00e9ment<\/a><a href=\"https:\/\/www.univ-oeb.dz\/fsesnv\/wp-content\/uploads\/2023\/01\/complement-mesure-grroupe-2-1.pdf\"> mesure grroupe 2 (1)<\/a><\/td><td><a href=\"https:\/\/www.univ-oeb.dz\/fsesnv\/wp-content\/uploads\/2023\/01\/exam_22-23-1-1.pdf\">exam_22-23 (1)<\/a><\/td><\/tr><tr><td>Ethique et d\u00e9ontologie du travail<\/td><td><a href=\"https:\/\/www.univ-oeb.dz\/fsesnv\/wp-content\/uploads\/2023\/01\/PV-de-notes-du-matiere-Ethique-et-deontologie-du-travail.pdf\">PV de notes du mati\u00e8re Ethique et d\u00e9ontologie du travail<\/a><\/td><td><\/td><\/tr><tr><td>Analyse fonctionnelle 1<\/td><td><\/td><td><\/td><\/tr><\/tbody><\/table><\/figure>\n\n\n\n<p><\/p>\n","protected":false},"excerpt":{"rendered":"<p>Architecture distribu\u00e9e \u0627\u0644\u0645\u0642\u064a\u0627\u0633\u0627\u0644\u0639\u0644\u0627\u0645\u0629\u0627\u0644\u062a\u0635\u062d\u064a\u062d \u0627\u0644\u0646\u0645\u0648\u0630\u062c\u064aIntelligence artificielleINTELLIGENCE ARTIFICIELLE( \u0627\u0644\u0641\u0648\u062c 2)INTELLIGENCE ARTIFICIELLE( \u0627\u0644\u0641\u0648\u062c 1)&nbsp;INTELLIGENCE ARTIFICIELLE Sujet Corrig\u00e9 2022-2023AnglaisANGLAIS( \u0627\u0644\u0641\u0648\u062c 1)ANGLAIS( \u0627\u0644\u0641\u0648\u062c 2)Anglais CORRECTIONANGLAIS EXAMENM\u00e9thodes AlgorithmiquesOutils FormelsOUTILLS FORMELS( \u0627\u0644\u0641\u0648\u062c 1)OUTILLS FORMELS( \u0627\u0644\u0641\u0648\u062c 2)OUTILLS FORMELSexamenOF2023OUTILLS FORMELSsolutions examen OF 2023MINI-PROJETIng\u00e9nierie des logiciels distribuescommunication Vision artificielle \u0627\u0644\u0645\u0642\u064a\u0627\u0633\u0627\u0644\u0639\u0644\u0627\u0645\u0629\u0627\u0644\u062a\u0635\u062d\u064a\u062d \u0627\u0644\u0646\u0645\u0648\u0630\u062c\u064aTraitement Statistique des donn\u00e9esTRAITEMENT STATISTIQUE DES DONNEES( \u0627\u0644\u0641\u0648\u062c 1) TRAITEMENT STATISTIQUE DES DONNEES( \u0627\u0644\u0641\u0648\u062c 2)TRAITEMENT &hellip;<\/p>\n","protected":false},"author":1,"featured_media":0,"parent":0,"menu_order":0,"comment_status":"closed","ping_status":"closed","template":"","meta":{"footnotes":""},"class_list":["post-1446","page","type-page","status-publish","hentry"],"_links":{"self":[{"href":"https:\/\/www.univ-oeb.dz\/fsesnv\/wp-json\/wp\/v2\/pages\/1446","targetHints":{"allow":["GET"]}}],"collection":[{"href":"https:\/\/www.univ-oeb.dz\/fsesnv\/wp-json\/wp\/v2\/pages"}],"about":[{"href":"https:\/\/www.univ-oeb.dz\/fsesnv\/wp-json\/wp\/v2\/types\/page"}],"author":[{"embeddable":true,"href":"https:\/\/www.univ-oeb.dz\/fsesnv\/wp-json\/wp\/v2\/users\/1"}],"replies":[{"embeddable":true,"href":"https:\/\/www.univ-oeb.dz\/fsesnv\/wp-json\/wp\/v2\/comments?post=1446"}],"version-history":[{"count":0,"href":"https:\/\/www.univ-oeb.dz\/fsesnv\/wp-json\/wp\/v2\/pages\/1446\/revisions"}],"wp:attachment":[{"href":"https:\/\/www.univ-oeb.dz\/fsesnv\/wp-json\/wp\/v2\/media?parent=1446"}],"curies":[{"name":"wp","href":"https:\/\/api.w.org\/{rel}","templated":true}]}}