{"id":1425,"date":"2023-01-18T21:30:12","date_gmt":"2023-01-18T20:30:12","guid":{"rendered":"http:\/\/www.univ-oeb.dz\/fsesnv\/?page_id=1425"},"modified":"2023-02-08T18:57:42","modified_gmt":"2023-02-08T17:57:42","slug":"%d8%b9%d9%84%d9%88%d9%85-%d8%a7%d9%84%d8%b7%d8%a8%d9%8a%d8%b9%d8%a9-%d9%88%d8%a7%d9%84%d8%ad%d9%8a%d8%a7%d8%a9-%d9%86%d9%82%d8%a7%d8%b7-%d8%ab%d8%a7%d9%86%d9%8a%d8%a9-%d9%84%d9%8a%d8%b3%d8%a7%d9%86","status":"publish","type":"page","link":"https:\/\/www.univ-oeb.dz\/fsesnv\/%d8%b9%d9%84%d9%88%d9%85-%d8%a7%d9%84%d8%b7%d8%a8%d9%8a%d8%b9%d8%a9-%d9%88%d8%a7%d9%84%d8%ad%d9%8a%d8%a7%d8%a9-%d9%86%d9%82%d8%a7%d8%b7-%d8%ab%d8%a7%d9%86%d9%8a%d8%a9-%d9%84%d9%8a%d8%b3%d8%a7%d9%86\/","title":{"rendered":"\u0639\u0644\u0648\u0645 \u0627\u0644\u0637\u0628\u064a\u0639\u0629 \u0648\u0627\u0644\u062d\u064a\u0627\u0629 -\u0646\u0642\u0627\u0637 \u062b\u0627\u0646\u064a\u0629 \u0644\u064a\u0633\u0627\u0646\u0633-"},"content":{"rendered":"\n<p class=\"has-text-align-center\"><strong>SNV<\/strong><\/p>\n\n\n\n\n\n<figure class=\"wp-block-table\"><table class=\"has-fixed-layout\"><tbody><tr><td>\u0627\u0644\u0645\u0642\u064a\u0627\u0633<\/td><td class=\"has-text-align-center\" data-align=\"center\">\u0627\u0644\u0639\u0644\u0627\u0645\u0629<\/td><td>\u0627\u0644\u062a\u0635\u062d\u064a\u062d \u0627\u0644\u0646\u0645\u0648\u0630\u062c\u064a<\/td><\/tr><tr><td><strong>Biochimie<\/strong><\/td><td class=\"has-text-align-center\" data-align=\"center\"><a href=\"https:\/\/www.univ-oeb.dz\/fsesnv\/wp-content\/uploads\/2023\/01\/Biochimie-\u0627\u0644\u0641\u0648\u062c-11.xlsx\">Biochimie( \u0627\u0644\u0641\u0648\u062c 11)<\/a><br><a href=\"https:\/\/www.univ-oeb.dz\/fsesnv\/wp-content\/uploads\/2023\/01\/Biochimie-\u0627\u0644\u0641\u0648\u062c-12.xlsx\">Biochimie( \u0627\u0644\u0641\u0648\u062c 12)<\/a><br><a href=\"https:\/\/www.univ-oeb.dz\/fsesnv\/wp-content\/uploads\/2023\/01\/Biochimie-\u0627\u0644\u0641\u0648\u062c-1.xlsx\">Biochimie( \u0627\u0644\u0641\u0648\u062c 1)<\/a><br><a href=\"https:\/\/www.univ-oeb.dz\/fsesnv\/wp-content\/uploads\/2023\/01\/Biochimie-\u0627\u0644\u0641\u0648\u062c-2.xlsx\">Biochimie( \u0627\u0644\u0641\u0648\u062c 2)<\/a><br><a href=\"https:\/\/www.univ-oeb.dz\/fsesnv\/wp-content\/uploads\/2023\/01\/Biochimie-\u0627\u0644\u0641\u0648\u062c-3.xlsx\">Biochimie( \u0627\u0644\u0641\u0648\u062c 3)<\/a><br><a href=\"https:\/\/www.univ-oeb.dz\/fsesnv\/wp-content\/uploads\/2023\/01\/Biochimie-\u0627\u0644\u0641\u0648\u062c-4.xlsx\">Biochimie( \u0627\u0644\u0641\u0648\u062c 4)<\/a><br><a href=\"https:\/\/www.univ-oeb.dz\/fsesnv\/wp-content\/uploads\/2023\/01\/Biochimie-\u0627\u0644\u0641\u0648\u062c-5.xlsx\">Biochimie( \u0627\u0644\u0641\u0648\u062c 5)<\/a><br><a href=\"https:\/\/www.univ-oeb.dz\/fsesnv\/wp-content\/uploads\/2023\/01\/Biochimie-\u0627\u0644\u0641\u0648\u062c-6.xlsx\">Biochimie( \u0627\u0644\u0641\u0648\u062c 6)<\/a><br><a href=\"https:\/\/www.univ-oeb.dz\/fsesnv\/wp-content\/uploads\/2023\/01\/Biochimie-\u0627\u0644\u0641\u0648\u062c-7.xlsx\">Biochimie( \u0627\u0644\u0641\u0648\u062c 7)<\/a><br><a href=\"https:\/\/www.univ-oeb.dz\/fsesnv\/wp-content\/uploads\/2023\/01\/Biochimie-\u0627\u0644\u0641\u0648\u062c-8.xlsx\">Biochimie( \u0627\u0644\u0641\u0648\u062c 8)<\/a><br><strong>nouveau<br><\/strong><a href=\"https:\/\/www.univ-oeb.dz\/fsesnv\/wp-content\/uploads\/2023\/02\/Biochimie-\u0627\u0644\u0641\u0648\u062c-1.xlsx\">Biochimie( \u0627\u0644\u0641\u0648\u062c 1)<\/a> <a href=\"https:\/\/www.univ-oeb.dz\/fsesnv\/wp-content\/uploads\/2023\/02\/Biochimie-\u0627\u0644\u0641\u0648\u062c-2.xlsx\">Biochimie( \u0627\u0644\u0641\u0648\u062c 2)<\/a> <a href=\"https:\/\/www.univ-oeb.dz\/fsesnv\/wp-content\/uploads\/2023\/02\/Biochimie-\u0627\u0644\u0641\u0648\u062c-3.xlsx\">Biochimie( \u0627\u0644\u0641\u0648\u062c 3)<\/a> <a href=\"https:\/\/www.univ-oeb.dz\/fsesnv\/wp-content\/uploads\/2023\/02\/Biochimie-\u0627\u0644\u0641\u0648\u062c-4.xlsx\">Biochimie( \u0627\u0644\u0641\u0648\u062c 4)<\/a> <a href=\"https:\/\/www.univ-oeb.dz\/fsesnv\/wp-content\/uploads\/2023\/02\/Biochimie-\u0627\u0644\u0641\u0648\u062c-5.xlsx\">Biochimie( \u0627\u0644\u0641\u0648\u062c 5)<\/a> <a href=\"https:\/\/www.univ-oeb.dz\/fsesnv\/wp-content\/uploads\/2023\/02\/Biochimie-\u0627\u0644\u0641\u0648\u062c-6.xlsx\">Biochimie( \u0627\u0644\u0641\u0648\u062c 6)<\/a> <a href=\"https:\/\/www.univ-oeb.dz\/fsesnv\/wp-content\/uploads\/2023\/02\/Biochimie-\u0627\u0644\u0641\u0648\u062c-7.xlsx\">Biochimie( \u0627\u0644\u0641\u0648\u062c 7)<\/a> <a href=\"https:\/\/www.univ-oeb.dz\/fsesnv\/wp-content\/uploads\/2023\/02\/Biochimie-\u0627\u0644\u0641\u0648\u062c-8.xlsx\">Biochimie( \u0627\u0644\u0641\u0648\u062c 8)<\/a> <a href=\"https:\/\/www.univ-oeb.dz\/fsesnv\/wp-content\/uploads\/2023\/02\/Biochimie-\u0627\u0644\u0641\u0648\u062c-11.xlsx\">Biochimie( \u0627\u0644\u0641\u0648\u062c 11)<\/a> <a href=\"https:\/\/www.univ-oeb.dz\/fsesnv\/wp-content\/uploads\/2023\/02\/Biochimie-\u0627\u0644\u0641\u0648\u062c-12.xlsx\">Biochimie( \u0627\u0644\u0641\u0648\u062c 12)<\/a><\/td><td><a href=\"https:\/\/www.univ-oeb.dz\/fsesnv\/wp-content\/uploads\/2023\/01\/00000001corrige-type-exa-bioch-2022.docx\">00000001corrige type exa bioch 2022<\/a><br><a href=\"https:\/\/www.univ-oeb.dz\/fsesnv\/wp-content\/uploads\/2023\/01\/\u0645\u0639\u0627\u064a\u0646\u0629-\u0623\u0648\u0631\u0627\u0642-\u0623\u0645\u062a\u064a\u062d\u0627\u0646.pdf\">\u0645\u0639\u0627\u064a\u0646\u0629 \u0623\u0648\u0631\u0627\u0642 \u0623\u0645\u062a\u064a\u062d\u0627\u0646<\/a><br><\/td><\/tr><tr><td><strong>Physiologie v\u00e9g\u00e9tale<\/strong><\/td><td class=\"has-text-align-center\" data-align=\"center\"><a href=\"https:\/\/www.univ-oeb.dz\/fsesnv\/wp-content\/uploads\/2023\/01\/Physiologie-vegetale-\u0627\u0644\u0641\u0648\u062c-10.xlsx\">Physiologie v\u00e9g\u00e9tale( \u0627\u0644\u0641\u0648\u062c 10)<\/a><br><a href=\"https:\/\/www.univ-oeb.dz\/fsesnv\/wp-content\/uploads\/2023\/01\/Physiologie-vegetale-\u0627\u0644\u0641\u0648\u062c-9.xlsx\">Physiologie v\u00e9g\u00e9tale( \u0627\u0644\u0641\u0648\u062c 9)<\/a><br><\/td><td><a href=\"https:\/\/www.univ-oeb.dz\/fsesnv\/wp-content\/uploads\/2023\/02\/Physiologie-vegetale-\u0627\u0644\u0641\u0648\u062c-9-Copie.xlsx\">Physiologie v\u00e9g\u00e9tale( \u0627\u0644\u0641\u0648\u062c 9) &#8211; Copie<\/a><\/td><\/tr><tr><td><strong>Introduction aux biotechnologies<\/strong><\/td><td class=\"has-text-align-center\" data-align=\"center\"><a href=\"https:\/\/www.univ-oeb.dz\/fsesnv\/wp-content\/uploads\/2023\/01\/introduction-aux-biotech-g1.xls\">introduction aux biotech g1<\/a><br><a href=\"https:\/\/www.univ-oeb.dz\/fsesnv\/wp-content\/uploads\/2023\/01\/introduction-aux-biotech-g2.xls\">introduction aux biotech g2<\/a><br><a href=\"https:\/\/www.univ-oeb.dz\/fsesnv\/wp-content\/uploads\/2023\/01\/Introduction-aux-Biotechnologie-\u0627\u0644\u0641\u0648\u062c-11.xlsx\">Introduction aux Biotechnologie( \u0627\u0644\u0641\u0648\u062c 11)<\/a><br><a href=\"https:\/\/www.univ-oeb.dz\/fsesnv\/wp-content\/uploads\/2023\/01\/Introduction-aux-Biotechnologie-\u0627\u0644\u0641\u0648\u062c-12.xlsx\">Introduction aux Biotechnologie( \u0627\u0644\u0641\u0648\u062c 12)<\/a><br><a href=\"https:\/\/www.univ-oeb.dz\/fsesnv\/wp-content\/uploads\/2023\/01\/\u0645\u062d\u0636\u0631-\u0627\u0644\u062a\u0642\u064a\u064a\u0645-\u0627\u0644\u0645\u0633\u062a\u0645\u0631-2023-\u0627\u0644\u0641\u0648\u062c11.xlsx\">\u0645\u062d\u0636\u0631 \u0627\u0644\u062a\u0642\u064a\u064a\u0645 \u0627\u0644\u0645\u0633\u062a\u0645\u0631 2023 \u0627\u0644\u0641\u0648\u062c11<\/a><br><a href=\"https:\/\/www.univ-oeb.dz\/fsesnv\/wp-content\/uploads\/2023\/01\/\u0645\u062d\u0636\u0631-\u0627\u0644\u062a\u0642\u064a\u064a\u0645-\u0627\u0644\u0645\u0633\u062a\u0645\u06312023-\u0627\u0644\u0641\u0648\u062c-12-Copie.xlsx\">\u0645\u062d\u0636\u0631 \u0627\u0644\u062a\u0642\u064a\u064a\u0645 \u0627\u0644\u0645\u0633\u062a\u0645\u06312023 \u0627\u0644\u0641\u0648\u062c 12 &#8211; Copie<\/a><br><br><\/td><td><a href=\"https:\/\/www.univ-oeb.dz\/fsesnv\/wp-content\/uploads\/2023\/01\/Corrige-type.docx\">Corrig\u00e9 type<\/a><\/td><\/tr><tr><td><strong>G\u00e9n\u00e9tique<\/strong><\/td><td class=\"has-text-align-center\" data-align=\"center\"><a href=\"https:\/\/www.univ-oeb.dz\/fsesnv\/wp-content\/uploads\/2023\/01\/Genetique-groupe-01.pdf\">G\u00e9n\u00e9tique groupe 01<\/a><br><a href=\"https:\/\/www.univ-oeb.dz\/fsesnv\/wp-content\/uploads\/2023\/01\/Genetique-groupe-02.pdf\">G\u00e9n\u00e9tique groupe 02<\/a><br><a href=\"https:\/\/www.univ-oeb.dz\/fsesnv\/wp-content\/uploads\/2023\/01\/Genetique-groupe-03.pdf\">G\u00e9n\u00e9tique groupe 03<\/a><br><a href=\"https:\/\/www.univ-oeb.dz\/fsesnv\/wp-content\/uploads\/2023\/01\/Genetique-groupe-04.pdf\">G\u00e9n\u00e9tique groupe 04<\/a><br><a href=\"https:\/\/www.univ-oeb.dz\/fsesnv\/wp-content\/uploads\/2023\/01\/Genetique-groupe-05.pdf\">G\u00e9n\u00e9tique groupe 05<\/a><br><a href=\"https:\/\/www.univ-oeb.dz\/fsesnv\/wp-content\/uploads\/2023\/01\/Genetique-groupe-06.pdf\">G\u00e9n\u00e9tique groupe 06<\/a><br><a href=\"https:\/\/www.univ-oeb.dz\/fsesnv\/wp-content\/uploads\/2023\/01\/Genetique-groupe-07.pdf\">G\u00e9n\u00e9tique groupe 07<\/a><br><a href=\"https:\/\/www.univ-oeb.dz\/fsesnv\/wp-content\/uploads\/2023\/01\/Genetique-groupe-08.pdf\">G\u00e9n\u00e9tique groupe 08<\/a><br><a href=\"https:\/\/www.univ-oeb.dz\/fsesnv\/wp-content\/uploads\/2023\/01\/Genetique-groupe-09.pdf\">G\u00e9n\u00e9tique groupe 09<\/a><br><a href=\"https:\/\/www.univ-oeb.dz\/fsesnv\/wp-content\/uploads\/2023\/01\/Genetique-groupe-10.pdf\">G\u00e9n\u00e9tique groupe 10<\/a><br><a href=\"https:\/\/www.univ-oeb.dz\/fsesnv\/wp-content\/uploads\/2023\/01\/Genetique-groupe-11.pdf\">G\u00e9n\u00e9tique groupe 11<\/a><br><a href=\"https:\/\/www.univ-oeb.dz\/fsesnv\/wp-content\/uploads\/2023\/01\/Genetique-groupe-12.pdf\">G\u00e9n\u00e9tique groupe 12<\/a><br><a href=\"https:\/\/www.univ-oeb.dz\/fsesnv\/wp-content\/uploads\/2023\/01\/Note-de-genetique-des-etudiants-dettes-1.pdf\">Note de g\u00e9n\u00e9tique des \u00e9tudiants (dettes) (1)<\/a><\/td><td><\/td><\/tr><tr><td><strong>Techniques de communication et d\u2019expression<\/strong><\/td><td class=\"has-text-align-center\" data-align=\"center\"><a href=\"https:\/\/www.univ-oeb.dz\/fsesnv\/wp-content\/uploads\/2023\/01\/Techniques-de-Communication-et-d-express-\u0627\u0644\u0641\u0648\u062c-1-1.xlsx\">Techniques de Communication et d express( \u0627\u0644\u0641\u0648\u062c 1)<\/a> <br><a href=\"https:\/\/www.univ-oeb.dz\/fsesnv\/wp-content\/uploads\/2023\/01\/Techniques-de-Communication-et-d-express-\u0627\u0644\u0641\u0648\u062c-2-1.xlsx\">Techniques de Communication et d express( \u0627\u0644\u0641\u0648\u062c 2)<\/a><br> <a href=\"https:\/\/www.univ-oeb.dz\/fsesnv\/wp-content\/uploads\/2023\/01\/Techniques-de-Communication-et-d-express-\u0627\u0644\u0641\u0648\u062c-3-1.xlsx\">Techniques de Communication et d express( \u0627\u0644\u0641\u0648\u062c 3)<\/a><br> <a href=\"https:\/\/www.univ-oeb.dz\/fsesnv\/wp-content\/uploads\/2023\/01\/Techniques-de-Communication-et-d-express-\u0627\u0644\u0641\u0648\u062c-4-1.xlsx\">Techniques de Communication et d express( \u0627\u0644\u0641\u0648\u062c 4)<\/a><br> <a href=\"https:\/\/www.univ-oeb.dz\/fsesnv\/wp-content\/uploads\/2023\/01\/Techniques-de-Communication-et-d-express-\u0627\u0644\u0641\u0648\u062c-5-1.xlsx\">Techniques de Communication et d express( \u0627\u0644\u0641\u0648\u062c 5)<\/a><br> <a href=\"https:\/\/www.univ-oeb.dz\/fsesnv\/wp-content\/uploads\/2023\/01\/Techniques-de-Communication-et-d-express-\u0627\u0644\u0641\u0648\u062c-6-1.xlsx\">Techniques de Communication et d express( \u0627\u0644\u0641\u0648\u062c 6)<\/a> <br><a href=\"https:\/\/www.univ-oeb.dz\/fsesnv\/wp-content\/uploads\/2023\/01\/Techniques-de-Communication-et-d-express-\u0627\u0644\u0641\u0648\u062c-7-1.xlsx\">Techniques de Communication et d express( \u0627\u0644\u0641\u0648\u062c 7)<\/a><br> <a href=\"https:\/\/www.univ-oeb.dz\/fsesnv\/wp-content\/uploads\/2023\/01\/Techniques-de-Communication-et-d-express-\u0627\u0644\u0641\u0648\u062c-8-1.xlsx\">Techniques de Communication et d express( \u0627\u0644\u0641\u0648\u062c 8)<\/a><br> <a href=\"https:\/\/www.univ-oeb.dz\/fsesnv\/wp-content\/uploads\/2023\/01\/Techniques-de-Communication-et-d-express-\u0627\u0644\u0641\u0648\u062c-9-1.xlsx\">Techniques de Communication et d express( \u0627\u0644\u0641\u0648\u062c 9)<\/a><br> <a href=\"https:\/\/www.univ-oeb.dz\/fsesnv\/wp-content\/uploads\/2023\/01\/Techniques-de-Communication-et-d-express-\u0627\u0644\u0641\u0648\u062c-10-1.xlsx\">Techniques de Communication et d express( \u0627\u0644\u0641\u0648\u062c 10)<\/a><br> <a href=\"https:\/\/www.univ-oeb.dz\/fsesnv\/wp-content\/uploads\/2023\/01\/Techniques-de-Communication-et-d-express-\u0627\u0644\u0641\u0648\u062c-11-1.xlsx\">Techniques de Communication et d express( \u0627\u0644\u0641\u0648\u062c 11)<\/a> <br><a href=\"https:\/\/www.univ-oeb.dz\/fsesnv\/wp-content\/uploads\/2023\/01\/Techniques-de-Communication-et-d-express-\u0627\u0644\u0641\u0648\u062c-12-1.xlsx\">Techniques de Communication et d express( \u0627\u0644\u0641\u0648\u062c 12)<\/a><\/td><td><\/td><\/tr><tr><td><strong>Biophysique<\/strong><\/td><td class=\"has-text-align-center\" data-align=\"center\"><a href=\"https:\/\/www.univ-oeb.dz\/fsesnv\/wp-content\/uploads\/2023\/01\/g1.pdf\">g1<\/a> <a href=\"https:\/\/www.univ-oeb.dz\/fsesnv\/wp-content\/uploads\/2023\/01\/g2.pdf\">g2<\/a> <a href=\"https:\/\/www.univ-oeb.dz\/fsesnv\/wp-content\/uploads\/2023\/01\/g3.pdf\">g3<\/a> <a href=\"https:\/\/www.univ-oeb.dz\/fsesnv\/wp-content\/uploads\/2023\/01\/g4.pdf\">g4<\/a> <a href=\"https:\/\/www.univ-oeb.dz\/fsesnv\/wp-content\/uploads\/2023\/01\/g5.pdf\">g5<\/a> <a href=\"https:\/\/www.univ-oeb.dz\/fsesnv\/wp-content\/uploads\/2023\/01\/g6.pdf\">g6<\/a> <a href=\"https:\/\/www.univ-oeb.dz\/fsesnv\/wp-content\/uploads\/2023\/01\/g7-2.pdf\">g7<\/a> <a href=\"https:\/\/www.univ-oeb.dz\/fsesnv\/wp-content\/uploads\/2023\/01\/g8-2.pdf\">g8<\/a> <a href=\"https:\/\/www.univ-oeb.dz\/fsesnv\/wp-content\/uploads\/2023\/01\/g9-1.pdf\">g9<\/a> <a href=\"https:\/\/www.univ-oeb.dz\/fsesnv\/wp-content\/uploads\/2023\/01\/g10-1.pdf\">g10<\/a> <a href=\"https:\/\/www.univ-oeb.dz\/fsesnv\/wp-content\/uploads\/2023\/01\/g11-1.pdf\">g11<\/a> <a href=\"https:\/\/www.univ-oeb.dz\/fsesnv\/wp-content\/uploads\/2023\/01\/g12-1.pdf\">g12<\/a><\/td><td><a href=\"https:\/\/www.univ-oeb.dz\/fsesnv\/wp-content\/uploads\/2023\/01\/exam-et-correction-2.pdf\">exam et correction<\/a> <br><a href=\"https:\/\/www.univ-oeb.dz\/fsesnv\/wp-content\/uploads\/2023\/01\/\u062a\u0627\u0631\u064a\u062e-\u0627\u0644\u0645\u0639\u0627\u064a\u0646\u0629-1.pdf\">\u062a\u0627\u0631\u064a\u062e \u0627\u0644\u0645\u0639\u0627\u064a\u0646\u0629<\/a><\/td><\/tr><tr><td><strong>Ethique et d\u00e9ontologie universitaire<\/strong><\/td><td class=\"has-text-align-center\" data-align=\"center\"><a href=\"https:\/\/www.univ-oeb.dz\/fsesnv\/wp-content\/uploads\/2023\/01\/Ethique-et-Deontologie-Universitaire-\u0627\u0644\u0641\u0648\u062c-11-1.xlsx\">Ethique et D\u00e9ontologie Universitaire( \u0627\u0644\u0641\u0648\u062c 11)<\/a><br><a href=\"https:\/\/www.univ-oeb.dz\/fsesnv\/wp-content\/uploads\/2023\/01\/Ethique-et-Deontologie-Universitaire-\u0627\u0644\u0641\u0648\u062c-12-1.xlsx\">Ethique et D\u00e9ontologie Universitaire( \u0627\u0644\u0641\u0648\u062c 12)<\/a><br><a href=\"https:\/\/www.univ-oeb.dz\/fsesnv\/wp-content\/uploads\/2023\/01\/Ethique-et-Deontologie-Universitaire-\u0627\u0644\u0641\u0648\u062c-9-1.xlsx\">Ethique et D\u00e9ontologie Universitaire( \u0627\u0644\u0641\u0648\u062c 9)<\/a><br><a href=\"https:\/\/www.univ-oeb.dz\/fsesnv\/wp-content\/uploads\/2023\/01\/Ethique-et-Deontologie-Universitaire-\u0627\u0644\u0641\u0648\u062c-10-1.xlsx\">Ethique et D\u00e9ontologie Universitaire( \u0627\u0644\u0641\u0648\u062c 10)<\/a><br><a href=\"https:\/\/www.univ-oeb.dz\/fsesnv\/wp-content\/uploads\/2023\/01\/Ethique-et-Deontologie-Universitaire-\u0627\u0644\u0641\u0648\u062c-1-1.xlsx\">Ethique et D\u00e9ontologie Universitaire( \u0627\u0644\u0641\u0648\u062c 1)<\/a><br><a href=\"https:\/\/www.univ-oeb.dz\/fsesnv\/wp-content\/uploads\/2023\/01\/Ethique-et-Deontologie-Universitaire-\u0627\u0644\u0641\u0648\u062c-2-1.xlsx\">Ethique et D\u00e9ontologie Universitaire( \u0627\u0644\u0641\u0648\u062c 2)<\/a><br><a href=\"https:\/\/www.univ-oeb.dz\/fsesnv\/wp-content\/uploads\/2023\/01\/Ethique-et-Deontologie-Universitaire-\u0627\u0644\u0641\u0648\u062c-3-1.xlsx\">Ethique et D\u00e9ontologie Universitaire( \u0627\u0644\u0641\u0648\u062c 3)<\/a><br><a href=\"https:\/\/www.univ-oeb.dz\/fsesnv\/wp-content\/uploads\/2023\/01\/Ethique-et-Deontologie-Universitaire-\u0627\u0644\u0641\u0648\u062c-4-1.xlsx\">Ethique et D\u00e9ontologie Universitaire( \u0627\u0644\u0641\u0648\u062c 4)<\/a><br><a href=\"https:\/\/www.univ-oeb.dz\/fsesnv\/wp-content\/uploads\/2023\/01\/Ethique-et-Deontologie-Universitaire-\u0627\u0644\u0641\u0648\u062c-5-1.xlsx\">Ethique et D\u00e9ontologie Universitaire( \u0627\u0644\u0641\u0648\u062c 5)<\/a><br><a href=\"https:\/\/www.univ-oeb.dz\/fsesnv\/wp-content\/uploads\/2023\/01\/Ethique-et-Deontologie-Universitaire-\u0627\u0644\u0641\u0648\u062c-6-1.xlsx\">Ethique et D\u00e9ontologie Universitaire( \u0627\u0644\u0641\u0648\u062c 6)<\/a><br><a href=\"https:\/\/www.univ-oeb.dz\/fsesnv\/wp-content\/uploads\/2023\/01\/Ethique-et-Deontologie-Universitaire-\u0627\u0644\u0641\u0648\u062c-7-1.xlsx\">Ethique et D\u00e9ontologie Universitaire( \u0627\u0644\u0641\u0648\u062c 7)<\/a><br><a href=\"https:\/\/www.univ-oeb.dz\/fsesnv\/wp-content\/uploads\/2023\/01\/Ethique-et-Deontologie-Universitaire-\u0627\u0644\u0641\u0648\u062c-8-1.xlsx\">Ethique et D\u00e9ontologie Universitaire( \u0627\u0644\u0641\u0648\u062c 8)<\/a><\/td><td><\/td><\/tr><tr><td><strong>Environnement et d\u00e9veloppement durable<\/strong><\/td><td class=\"has-text-align-center\" data-align=\"center\"><a href=\"https:\/\/www.univ-oeb.dz\/fsesnv\/wp-content\/uploads\/2023\/01\/Environnement-et-developpement-durable-\u0627\u0644\u0641\u0648\u062c-1-1.xlsx\">Environnement et d\u00e9veloppement durable( \u0627\u0644\u0641\u0648\u062c 1)<\/a><br><a href=\"https:\/\/www.univ-oeb.dz\/fsesnv\/wp-content\/uploads\/2023\/01\/Environnement-et-developpement-durable-\u0627\u0644\u0641\u0648\u062c-2-1.xlsx\">Environnement et d\u00e9veloppement durable( \u0627\u0644\u0641\u0648\u062c 2)<\/a><br><a href=\"https:\/\/www.univ-oeb.dz\/fsesnv\/wp-content\/uploads\/2023\/01\/Environnement-et-developpement-durable-\u0627\u0644\u0641\u0648\u062c-3-1.xlsx\">Environnement et d\u00e9veloppement durable( \u0627\u0644\u0641\u0648\u062c 3)<\/a><br><a href=\"https:\/\/www.univ-oeb.dz\/fsesnv\/wp-content\/uploads\/2023\/01\/Environnement-et-developpement-durable-\u0627\u0644\u0641\u0648\u062c-4-1.xlsx\">Environnement et d\u00e9veloppement durable( \u0627\u0644\u0641\u0648\u062c 4)<\/a><br><a href=\"https:\/\/www.univ-oeb.dz\/fsesnv\/wp-content\/uploads\/2023\/01\/Environnement-et-developpement-durable-\u0627\u0644\u0641\u0648\u062c-5-1.xlsx\">Environnement et d\u00e9veloppement durable( \u0627\u0644\u0641\u0648\u062c 5)<\/a><br><a href=\"https:\/\/www.univ-oeb.dz\/fsesnv\/wp-content\/uploads\/2023\/01\/Environnement-et-developpement-durable-\u0627\u0644\u0641\u0648\u062c-6-1.xlsx\">Environnement et d\u00e9veloppement durable( \u0627\u0644\u0641\u0648\u062c 6)<\/a><br><a href=\"https:\/\/www.univ-oeb.dz\/fsesnv\/wp-content\/uploads\/2023\/01\/Environnement-et-developpement-durable-\u0627\u0644\u0641\u0648\u062c-7-1.xlsx\">Environnement et d\u00e9veloppement durable( \u0627\u0644\u0641\u0648\u062c 7)<\/a><br><a href=\"https:\/\/www.univ-oeb.dz\/fsesnv\/wp-content\/uploads\/2023\/01\/Environnement-et-developpement-durable-\u0627\u0644\u0641\u0648\u062c-8..xlsx\">et d\u00e9veloppement durable( \u0627\u0644\u0641\u0648\u062c 8).<\/a><br><a href=\"https:\/\/www.univ-oeb.dz\/fsesnv\/wp-content\/uploads\/2023\/01\/Environnement-et-developpement-durable-\u0627\u0644\u0641\u0648\u062c-9-1.xlsx\">Environnement et d\u00e9veloppement durable( \u0627\u0644\u0641\u0648\u062c 9)<\/a><br><a href=\"https:\/\/www.univ-oeb.dz\/fsesnv\/wp-content\/uploads\/2023\/01\/Environnement-et-developpement-durable-\u0627\u0644\u0641\u0648\u062c-10-1.xlsx\">Environnement et d\u00e9veloppement durable( \u0627\u0644\u0641\u0648\u062c 10)<\/a><br><a href=\"https:\/\/www.univ-oeb.dz\/fsesnv\/wp-content\/uploads\/2023\/01\/Environnement-et-developpement-durable-\u0627\u0644\u0641\u0648\u062c-11-1.xlsx\">Environnement et d\u00e9veloppement durable( \u0627\u0644\u0641\u0648\u062c 11)<\/a><br><a href=\"https:\/\/www.univ-oeb.dz\/fsesnv\/wp-content\/uploads\/2023\/01\/Environnement-et-developpement-durable-\u0627\u0644\u0641\u0648\u062c-12-1.xlsx\">Environnement et d\u00e9veloppement durable( \u0627\u0644\u0641\u0648\u062c 12)<\/a><\/td><td><a href=\"https:\/\/www.univ-oeb.dz\/fsesnv\/wp-content\/uploads\/2023\/01\/\u0627\u062e\u062a\u0628\u0627\u0631-\u0627\u0644\u0628\u064a\u0626\u0629-\u0648\u0627\u0644\u062a\u0646\u0645\u064a\u0629-\u0627\u0644\u0645\u0633\u062a\u062f\u0627\u0645\u0629-2022-2023-1.pdf\">\u0627\u062e\u062a\u0628\u0627\u0631 \u0627\u0644\u0628\u064a\u0626\u0629 \u0648\u0627\u0644\u062a\u0646\u0645\u064a\u0629 \u0627\u0644\u0645\u0633\u062a\u062f\u0627\u0645\u0629 2022-2023 (1)<\/a><\/td><\/tr><tr><td><strong>Zoologie<\/strong><\/td><td class=\"has-text-align-center\" data-align=\"center\"><a href=\"https:\/\/www.univ-oeb.dz\/fsesnv\/wp-content\/uploads\/2023\/01\/Zoologie-\u0627\u0644\u0641\u0648\u062c-1.xlsx\">Zoologie( \u0627\u0644\u0641\u0648\u062c 1)<\/a><br><a href=\"https:\/\/www.univ-oeb.dz\/fsesnv\/wp-content\/uploads\/2023\/01\/Zoologie-\u0627\u0644\u0641\u0648\u062c-2.xlsx\">Zoologie( \u0627\u0644\u0641\u0648\u062c 2)<\/a><br><a href=\"https:\/\/www.univ-oeb.dz\/fsesnv\/wp-content\/uploads\/2023\/01\/Zoologie-\u0627\u0644\u0641\u0648\u062c-3.xlsx\">Zoologie( \u0627\u0644\u0641\u0648\u062c 3)<\/a><br><a href=\"https:\/\/www.univ-oeb.dz\/fsesnv\/wp-content\/uploads\/2023\/01\/Zoologie-\u0627\u0644\u0641\u0648\u062c-4.xlsx\">Zoologie( \u0627\u0644\u0641\u0648\u062c 4)<\/a><br><a href=\"https:\/\/www.univ-oeb.dz\/fsesnv\/wp-content\/uploads\/2023\/01\/Zoologie-\u0627\u0644\u0641\u0648\u062c-5.xlsx\">Zoologie( \u0627\u0644\u0641\u0648\u062c 5)<\/a><br><a href=\"https:\/\/www.univ-oeb.dz\/fsesnv\/wp-content\/uploads\/2023\/01\/Zoologie-\u0627\u0644\u0641\u0648\u062c-6.xlsx\">Zoologie( \u0627\u0644\u0641\u0648\u062c 6)<\/a><br><a href=\"https:\/\/www.univ-oeb.dz\/fsesnv\/wp-content\/uploads\/2023\/01\/Zoologie-\u0627\u0644\u0641\u0648\u062c-7.xlsx\">Zoologie( \u0627\u0644\u0641\u0648\u062c 7)<\/a><br><a href=\"https:\/\/www.univ-oeb.dz\/fsesnv\/wp-content\/uploads\/2023\/01\/Zoologie-\u0627\u0644\u0641\u0648\u062c-8.xlsx\">Zoologie( \u0627\u0644\u0641\u0648\u062c 8)<\/a><br><a href=\"https:\/\/www.univ-oeb.dz\/fsesnv\/wp-content\/uploads\/2023\/01\/Zoologie-\u0627\u0644\u0641\u0648\u062c-9.xlsx\">Zoologie( \u0627\u0644\u0641\u0648\u062c 9)<\/a><br><a href=\"https:\/\/www.univ-oeb.dz\/fsesnv\/wp-content\/uploads\/2023\/01\/Zoologie-\u0627\u0644\u0641\u0648\u062c-10.xlsx\">Zoologie( \u0627\u0644\u0641\u0648\u062c 10)<\/a><br><br><br><\/td><td><a href=\"https:\/\/www.univ-oeb.dz\/fsesnv\/wp-content\/uploads\/2023\/01\/Corrige-type-zoologie-SNV-2023.pdf\">Corrig\u00e9 type zoologie SNV 2023<\/a><\/td><\/tr><\/tbody><\/table><\/figure>\n","protected":false},"excerpt":{"rendered":"<p>SNV \u0627\u0644\u0645\u0642\u064a\u0627\u0633\u0627\u0644\u0639\u0644\u0627\u0645\u0629\u0627\u0644\u062a\u0635\u062d\u064a\u062d \u0627\u0644\u0646\u0645\u0648\u0630\u062c\u064aBiochimieBiochimie( \u0627\u0644\u0641\u0648\u062c 11)Biochimie( \u0627\u0644\u0641\u0648\u062c 12)Biochimie( \u0627\u0644\u0641\u0648\u062c 1)Biochimie( \u0627\u0644\u0641\u0648\u062c 2)Biochimie( \u0627\u0644\u0641\u0648\u062c 3)Biochimie( \u0627\u0644\u0641\u0648\u062c 4)Biochimie( \u0627\u0644\u0641\u0648\u062c 5)Biochimie( \u0627\u0644\u0641\u0648\u062c 6)Biochimie( \u0627\u0644\u0641\u0648\u062c 7)Biochimie( \u0627\u0644\u0641\u0648\u062c 8)nouveauBiochimie( \u0627\u0644\u0641\u0648\u062c 1) Biochimie( \u0627\u0644\u0641\u0648\u062c 2) Biochimie( \u0627\u0644\u0641\u0648\u062c 3) Biochimie( \u0627\u0644\u0641\u0648\u062c 4) Biochimie( \u0627\u0644\u0641\u0648\u062c 5) Biochimie( \u0627\u0644\u0641\u0648\u062c 6) Biochimie( \u0627\u0644\u0641\u0648\u062c 7) Biochimie( \u0627\u0644\u0641\u0648\u062c 8) Biochimie( \u0627\u0644\u0641\u0648\u062c 11) Biochimie( \u0627\u0644\u0641\u0648\u062c 12)00000001corrige type exa bioch &hellip;<\/p>\n","protected":false},"author":1,"featured_media":0,"parent":0,"menu_order":0,"comment_status":"closed","ping_status":"closed","template":"","meta":{"footnotes":""},"class_list":["post-1425","page","type-page","status-publish","hentry"],"_links":{"self":[{"href":"https:\/\/www.univ-oeb.dz\/fsesnv\/wp-json\/wp\/v2\/pages\/1425","targetHints":{"allow":["GET"]}}],"collection":[{"href":"https:\/\/www.univ-oeb.dz\/fsesnv\/wp-json\/wp\/v2\/pages"}],"about":[{"href":"https:\/\/www.univ-oeb.dz\/fsesnv\/wp-json\/wp\/v2\/types\/page"}],"author":[{"embeddable":true,"href":"https:\/\/www.univ-oeb.dz\/fsesnv\/wp-json\/wp\/v2\/users\/1"}],"replies":[{"embeddable":true,"href":"https:\/\/www.univ-oeb.dz\/fsesnv\/wp-json\/wp\/v2\/comments?post=1425"}],"version-history":[{"count":0,"href":"https:\/\/www.univ-oeb.dz\/fsesnv\/wp-json\/wp\/v2\/pages\/1425\/revisions"}],"wp:attachment":[{"href":"https:\/\/www.univ-oeb.dz\/fsesnv\/wp-json\/wp\/v2\/media?parent=1425"}],"curies":[{"name":"wp","href":"https:\/\/api.w.org\/{rel}","templated":true}]}}