{"id":1418,"date":"2023-01-18T21:21:18","date_gmt":"2023-01-18T20:21:18","guid":{"rendered":"http:\/\/www.univ-oeb.dz\/fsesnv\/?page_id=1418"},"modified":"2023-02-08T11:22:03","modified_gmt":"2023-02-08T10:22:03","slug":"%d8%b1%d9%8a%d8%a7%d8%b6%d9%8a%d8%a7%d8%aa-%d9%88%d8%a5%d8%b9%d9%84%d8%a7%d9%85-%d8%a2%d9%84%d9%8a-%d9%86%d9%82%d8%a7%d8%b7-%d8%ab%d8%a7%d9%86%d9%8a%d8%a9-%d9%84%d9%8a%d8%b3%d8%a7%d9%86%d8%b3","status":"publish","type":"page","link":"https:\/\/www.univ-oeb.dz\/fsesnv\/%d8%b1%d9%8a%d8%a7%d8%b6%d9%8a%d8%a7%d8%aa-%d9%88%d8%a5%d8%b9%d9%84%d8%a7%d9%85-%d8%a2%d9%84%d9%8a-%d9%86%d9%82%d8%a7%d8%b7-%d8%ab%d8%a7%d9%86%d9%8a%d8%a9-%d9%84%d9%8a%d8%b3%d8%a7%d9%86%d8%b3\/","title":{"rendered":"\u0631\u064a\u0627\u0636\u064a\u0627\u062a \u0648\u0625\u0639\u0644\u0627\u0645 \u0622\u0644\u064a &#8211; \u0646\u0642\u0627\u0637 \u062b\u0627\u0646\u064a\u0629 \u0644\u064a\u0633\u0627\u0646\u0633-"},"content":{"rendered":"\n<p class=\"has-text-align-center\"><strong>Math\u00e9matiques<\/strong><\/p>\n\n\n\n<figure class=\"wp-block-table\"><table class=\"has-fixed-layout\"><tbody><tr><td>\u0627\u0644\u0645\u0642\u064a\u0627\u0633<\/td><td>\u0627\u0644\u0639\u0644\u0627\u0645\u0629<\/td><td>\u0627\u0644\u062a\u0635\u062d\u064a\u062d \u0627\u0644\u0646\u0645\u0648\u0630\u062c\u064a<\/td><\/tr><tr><td>Analyse Num\u00e9rique 1<\/td><td><a href=\"https:\/\/www.univ-oeb.dz\/fsesnv\/wp-content\/uploads\/2023\/01\/Analyse-numerique-1-\u0627\u0644\u0641\u0648\u062c-1.pdf\">Analyse num\u00e9rique 1( \u0627\u0644\u0641\u0648\u062c 1)<\/a><br><a href=\"https:\/\/www.univ-oeb.dz\/fsesnv\/wp-content\/uploads\/2023\/01\/Analyse-numerique-1-\u0627\u0644\u0641\u0648\u062c-2.pdf\">Analyse num\u00e9rique 1( \u0627\u0644\u0641\u0648\u062c 2)<\/a><br><a href=\"https:\/\/www.univ-oeb.dz\/fsesnv\/wp-content\/uploads\/2023\/01\/\u0645\u062d\u0636\u0631-\u0627\u0636\u0627\u0641\u064a.pdf\">\u0645\u062d\u0636\u0631 \u0627\u0636\u0627\u0641\u064a<\/a><\/td><td><a href=\"https:\/\/www.univ-oeb.dz\/fsesnv\/wp-content\/uploads\/2023\/01\/Controle-AN-1corrige.pdf\">Controle AN 1+corrig\u00e9<\/a><\/td><\/tr><tr><td>Logique Math\u00e9matique<\/td><td><a href=\"https:\/\/www.univ-oeb.dz\/fsesnv\/wp-content\/uploads\/2023\/01\/les-notes-dexamen-g1g2-logique.pdf\">les notes dexamen g1+g2 logique<\/a><\/td><td><a href=\"https:\/\/www.univ-oeb.dz\/fsesnv\/wp-content\/uploads\/2023\/01\/correction-dexamen-logique.pdf\">correction dexamen logique<\/a><\/td><\/tr><tr><td>Analyse 3<\/td><td><a href=\"https:\/\/www.univ-oeb.dz\/fsesnv\/wp-content\/uploads\/2023\/01\/Analyse-3-g1-g2.pdf\">Analyse 3 g1+ g2<\/a><br><a href=\"https:\/\/www.univ-oeb.dz\/fsesnv\/wp-content\/uploads\/2023\/01\/\u0645\u062d\u0636\u0631-\u0627\u0636\u0627\u0641\u064a-analyse-3.pdf\">\u0645\u062d\u0636\u0631 \u0627\u0636\u0627\u0641\u064a analyse 3<\/a><\/td><td><a href=\"https:\/\/www.univ-oeb.dz\/fsesnv\/wp-content\/uploads\/2023\/01\/Corrige-de-lexamen-analyse-3.pdf\">Corrig\u00e9 de lexamen analyse 3<\/a><\/td><\/tr><tr><td>Alg\u00e8bre 3<\/td><td><a href=\"https:\/\/www.univ-oeb.dz\/fsesnv\/wp-content\/uploads\/2023\/01\/Algebre-3-\u0627\u0644\u0641\u0648\u062c-2.pdf\">Alg\u00e9bre 3( \u0627\u0644\u0641\u0648\u062c 2)<\/a><br><a href=\"https:\/\/www.univ-oeb.dz\/fsesnv\/wp-content\/uploads\/2023\/01\/Algebre-3-\u0627\u0644\u0641\u0648\u062c-1.pdf\">Alg\u00e9bre 3( \u0627\u0644\u0641\u0648\u062c 1)<\/a><\/td><td><a href=\"https:\/\/www.univ-oeb.dz\/fsesnv\/wp-content\/uploads\/2023\/01\/contrsolu-Alg3-2023.pdf\">contr+solu Alg3 2023<\/a><\/td><\/tr><tr><td>Histoire des Math\u00e9matiques<\/td><td><\/td><td><\/td><\/tr><tr><td>Outils de programmation 2<\/td><td><a href=\"https:\/\/www.univ-oeb.dz\/fsesnv\/wp-content\/uploads\/2023\/01\/OPM-\u0627\u0644\u0641\u0648\u062c-2.pdf\">OPM( \u0627\u0644\u0641\u0648\u062c 2)<\/a><br> <a href=\"https:\/\/www.univ-oeb.dz\/fsesnv\/wp-content\/uploads\/2023\/01\/OPM-\u0627\u0644\u0641\u0648\u062c-1.pdf\">OPM( \u0627\u0644\u0641\u0648\u062c 1)<\/a><\/td><td><a href=\"https:\/\/www.univ-oeb.dz\/fsesnv\/wp-content\/uploads\/2023\/01\/corrige-type-OPM.pdf\">corrig\u00e9 type OPM<\/a><\/td><\/tr><tr><td>Introduction \u00e0 la topologie<\/td><td><a href=\"https:\/\/www.univ-oeb.dz\/fsesnv\/wp-content\/uploads\/2023\/01\/TOPO-\u0627\u0644\u0641\u0648\u062c-1-2.pdf\">TOPO( \u0627\u0644\u0641\u0648\u062c 1)<\/a><br><a href=\"https:\/\/www.univ-oeb.dz\/fsesnv\/wp-content\/uploads\/2023\/01\/TOPO-\u0627\u0644\u0641\u0648\u062c-2-1.pdf\">TOPO( \u0627\u0644\u0641\u0648\u062c 2)<\/a><br><a href=\"https:\/\/www.univ-oeb.dz\/fsesnv\/wp-content\/uploads\/2023\/01\/TOPO\u0627\u0636\u0627\u0641\u064a-1-2.pdf\">TOPO\u0627\u0636\u0627\u0641\u064a )<\/a><\/td><td><a href=\"https:\/\/www.univ-oeb.dz\/fsesnv\/wp-content\/uploads\/2023\/01\/Correction-Examen-Topologie-2.pdf\">Correction Examen Topologie<\/a><\/td><\/tr><\/tbody><\/table><\/figure>\n\n\n\n<p class=\"has-text-align-center\"><strong>Informatique<\/strong><\/p>\n\n\n\n<figure class=\"wp-block-table\"><table class=\"has-fixed-layout\"><tbody><tr><td>\u0627\u0644\u0645\u0642\u064a\u0627\u0633<\/td><td>\u0627\u0644\u0639\u0644\u0627\u0645\u0629<\/td><td>\u0627\u0644\u062a\u0635\u062d\u064a\u062d \u0627\u0644\u0646\u0645\u0648\u0630\u062c\u064a<\/td><\/tr><tr><td>Syst\u00e8me d&rsquo;Information<\/td><td><a href=\"https:\/\/www.univ-oeb.dz\/fsesnv\/wp-content\/uploads\/2023\/01\/Notes_SI.pdf\">Notes_SI<\/a><\/td><td><a href=\"https:\/\/www.univ-oeb.dz\/fsesnv\/wp-content\/uploads\/2023\/01\/Corrige-Controle-SI-2023.pdf\">Corrig\u00e9 Controle SI 2023<\/a><\/td><\/tr><tr><td>Anglais<\/td><td><\/td><td><\/td><\/tr><tr><td>Architecture des ordinateur<\/td><td><a href=\"https:\/\/www.univ-oeb.dz\/fsesnv\/wp-content\/uploads\/2023\/01\/Architecture-des-ordinateurs-\u0627\u0644\u0641\u0648\u062c-1.pdf\">Architecture -des ordinateurs ( \u0627\u0644\u0641\u0648\u062c 1)<\/a><br><a href=\"https:\/\/www.univ-oeb.dz\/fsesnv\/wp-content\/uploads\/2023\/01\/Architecture-des-ordinateurs-\u0627\u0644\u0641\u0648\u062c-2.pdf\">Architecture -des ordinateurs ( \u0627\u0644\u0641\u0648\u062c 2)<\/a><br><a href=\"https:\/\/www.univ-oeb.dz\/fsesnv\/wp-content\/uploads\/2023\/01\/Architecture-des-ordinateurs-\u0627\u0644\u0641\u0648\u062c-3.pdf\">Architecture -des ordinateurs ( \u0627\u0644\u0641\u0648\u062c 3)<\/a><br><a href=\"https:\/\/www.univ-oeb.dz\/fsesnv\/wp-content\/uploads\/2023\/01\/Architecture-des-ordinateurs-\u0627\u0644\u0641\u0648\u062c-4.pdf\">Architecture -des ordinateurs ( \u0627\u0644\u0641\u0648\u062c 4)<\/a><br><a href=\"https:\/\/www.univ-oeb.dz\/fsesnv\/wp-content\/uploads\/2023\/01\/Architecture-des-ordinateurs-\u0627\u0644\u0641\u0648\u062c-5.pdf\">Architecture -des ordinateurs ( \u0627\u0644\u0641\u0648\u062c 5)<\/a><br><a href=\"https:\/\/www.univ-oeb.dz\/fsesnv\/wp-content\/uploads\/2023\/01\/Architecture-des-ordinateurs-\u0627\u0644\u0641\u0648\u062c-6.pdf\">Architecture -des ordinateurs ( \u0627\u0644\u0641\u0648\u062c 6)<\/a><br><a href=\"https:\/\/www.univ-oeb.dz\/fsesnv\/wp-content\/uploads\/2023\/01\/progresse.pdf\">progress\u00e9<\/a><\/td><td><\/td><\/tr><tr><td>Algorithmique et Structures de Donn\u00e9es<\/td><td><a href=\"https:\/\/www.univ-oeb.dz\/fsesnv\/wp-content\/uploads\/2023\/01\/PV-ASD3.pdf\">PV-ASD3<\/a><\/td><td><a href=\"https:\/\/www.univ-oeb.dz\/fsesnv\/wp-content\/uploads\/2023\/01\/Corrige-Examen-ASD3-2023.pdf\">Corrige Examen ASD3 2023<\/a><br><a href=\"https:\/\/www.univ-oeb.dz\/fsesnv\/wp-content\/uploads\/2023\/01\/Examen-ASD3.pdf\">Examen ASD3<\/a><\/td><\/tr><tr><td>Logique Math\u00e9matique<\/td><td><a href=\"https:\/\/www.univ-oeb.dz\/fsesnv\/wp-content\/uploads\/2023\/01\/etudiants-ne-figurent-pas-dans-les-listes.docx\">etudiants ne figurent pas dans les listes<\/a><br>&nbsp;<br><a href=\"https:\/\/www.univ-oeb.dz\/fsesnv\/wp-content\/uploads\/2023\/01\/Notes_LM_G6.pdf\">Notes_LM_G6<\/a><br><a href=\"https:\/\/www.univ-oeb.dz\/fsesnv\/wp-content\/uploads\/2023\/01\/Notes_LM_G5.pdf\">Notes_LM_G5<\/a><br><a href=\"https:\/\/www.univ-oeb.dz\/fsesnv\/wp-content\/uploads\/2023\/01\/Notes_LM_G4.pdf\">Notes_LM_G4<\/a><br><a href=\"https:\/\/www.univ-oeb.dz\/fsesnv\/wp-content\/uploads\/2023\/01\/Notes_LM_G3.pdf\">Notes_LM_G3<\/a><br><a href=\"https:\/\/www.univ-oeb.dz\/fsesnv\/wp-content\/uploads\/2023\/01\/Notes_LM.pdf\">Notes_LM<\/a><br><a href=\"https:\/\/www.univ-oeb.dz\/fsesnv\/wp-content\/uploads\/2023\/01\/Notes_LM_G1.pdf\">Notes_LM_G1<\/a><br><a href=\"https:\/\/www.univ-oeb.dz\/fsesnv\/wp-content\/uploads\/2023\/01\/Notes_LM_G2.pdf\">Notes_LM_G2<\/a><br><br>&nbsp;<br><a href=\"https:\/\/www.univ-oeb.dz\/fsesnv\/wp-content\/uploads\/2023\/01\/Logique-Mathematique-\u0627\u0644\u0641\u0648\u062c-5.xlsx\">Logique-Mathematique( \u0627\u0644\u0641\u0648\u062c 5)<\/a><br><a href=\"https:\/\/www.univ-oeb.dz\/fsesnv\/wp-content\/uploads\/2023\/01\/Logique-Mathematique-\u0627\u0644\u0641\u0648\u062c-6.xlsx\">Logique-Mathematique( \u0627\u0644\u0641\u0648\u062c 6)<\/a><br><a href=\"https:\/\/www.univ-oeb.dz\/fsesnv\/wp-content\/uploads\/2023\/01\/Logique-Mathematique-\u0627\u0644\u0641\u0648\u062c-4.xlsx\">Logique-Mathematique( \u0627\u0644\u0641\u0648\u062c 4)<\/a><br><a href=\"https:\/\/www.univ-oeb.dz\/fsesnv\/wp-content\/uploads\/2023\/01\/Logique-Mathematique-\u0627\u0644\u0641\u0648\u062c-3.xlsx\">Logique-Mathematique( \u0627\u0644\u0641\u0648\u062c 3)<\/a><br><a href=\"https:\/\/www.univ-oeb.dz\/fsesnv\/wp-content\/uploads\/2023\/01\/Logique-Mathematique-\u0627\u0644\u0641\u0648\u062c-2.xlsx\">Logique-Mathematique( \u0627\u0644\u0641\u0648\u062c 2)<\/a><br><a href=\"https:\/\/www.univ-oeb.dz\/fsesnv\/wp-content\/uploads\/2023\/01\/Logique-Mathematique-\u0627\u0644\u0641\u0648\u062c-1.xlsx\">Logique-Mathematique( \u0627\u0644\u0641\u0648\u062c 1)<\/a><br><\/td><td><a href=\"https:\/\/www.univ-oeb.dz\/fsesnv\/wp-content\/uploads\/2023\/01\/Corrige-Type-logique-mathematique_2022-2023.pdf\">Corrig\u00e9 Type logique math\u00e9matique_2022-2023<\/a><\/td><\/tr><tr><td>Th\u00e9orie des graphes<\/td><td><a href=\"https:\/\/www.univ-oeb.dz\/fsesnv\/wp-content\/uploads\/2023\/01\/Notes_TL_G1.pdf\">Notes_TL_G1<\/a> <br><a href=\"https:\/\/www.univ-oeb.dz\/fsesnv\/wp-content\/uploads\/2023\/01\/Notes_TL_G2.pdf\">Notes_TL_G2<\/a> <br><a href=\"https:\/\/www.univ-oeb.dz\/fsesnv\/wp-content\/uploads\/2023\/01\/Notes_TL_G3.pdf\">Notes_TL_G3<\/a> <br><a href=\"https:\/\/www.univ-oeb.dz\/fsesnv\/wp-content\/uploads\/2023\/01\/Notes_TL_G4.pdf\">Notes_TL_G4<\/a> <br><a href=\"https:\/\/www.univ-oeb.dz\/fsesnv\/wp-content\/uploads\/2023\/01\/Notes_TL_G5.pdf\">Notes_TL_G5<\/a><br> <a href=\"https:\/\/www.univ-oeb.dz\/fsesnv\/wp-content\/uploads\/2023\/01\/Notes_TL_G6.pdf\">Notes_TL_G6<\/a><\/td><td><a href=\"https:\/\/www.univ-oeb.dz\/fsesnv\/wp-content\/uploads\/2023\/01\/Corrige-Examen_TL.pdf\">Corrig\u00e9 Examen_TL<\/a><\/td><\/tr><tr><td>M\u00e9thodes num\u00e9riques<\/td><td><\/td><td><\/td><\/tr><\/tbody><\/table><\/figure>\n\n\n<p><\/p>\n<p><\/p>","protected":false},"excerpt":{"rendered":"<p>Math\u00e9matiques \u0627\u0644\u0645\u0642\u064a\u0627\u0633\u0627\u0644\u0639\u0644\u0627\u0645\u0629\u0627\u0644\u062a\u0635\u062d\u064a\u062d \u0627\u0644\u0646\u0645\u0648\u0630\u062c\u064aAnalyse Num\u00e9rique 1Analyse num\u00e9rique 1( \u0627\u0644\u0641\u0648\u062c 1)Analyse num\u00e9rique 1( \u0627\u0644\u0641\u0648\u062c 2)\u0645\u062d\u0636\u0631 \u0627\u0636\u0627\u0641\u064aControle AN 1+corrig\u00e9Logique Math\u00e9matiqueles notes dexamen g1+g2 logiquecorrection dexamen logiqueAnalyse 3Analyse 3 g1+ g2\u0645\u062d\u0636\u0631 \u0627\u0636\u0627\u0641\u064a analyse 3Corrig\u00e9 de lexamen analyse 3Alg\u00e8bre 3Alg\u00e9bre 3( \u0627\u0644\u0641\u0648\u062c 2)Alg\u00e9bre 3( \u0627\u0644\u0641\u0648\u062c 1)contr+solu Alg3 2023Histoire des Math\u00e9matiquesOutils de programmation 2OPM( \u0627\u0644\u0641\u0648\u062c 2) OPM( \u0627\u0644\u0641\u0648\u062c 1)corrig\u00e9 type OPMIntroduction &hellip;<\/p>\n","protected":false},"author":1,"featured_media":0,"parent":0,"menu_order":0,"comment_status":"closed","ping_status":"closed","template":"","meta":{"footnotes":""},"class_list":["post-1418","page","type-page","status-publish","hentry"],"_links":{"self":[{"href":"https:\/\/www.univ-oeb.dz\/fsesnv\/wp-json\/wp\/v2\/pages\/1418","targetHints":{"allow":["GET"]}}],"collection":[{"href":"https:\/\/www.univ-oeb.dz\/fsesnv\/wp-json\/wp\/v2\/pages"}],"about":[{"href":"https:\/\/www.univ-oeb.dz\/fsesnv\/wp-json\/wp\/v2\/types\/page"}],"author":[{"embeddable":true,"href":"https:\/\/www.univ-oeb.dz\/fsesnv\/wp-json\/wp\/v2\/users\/1"}],"replies":[{"embeddable":true,"href":"https:\/\/www.univ-oeb.dz\/fsesnv\/wp-json\/wp\/v2\/comments?post=1418"}],"version-history":[{"count":0,"href":"https:\/\/www.univ-oeb.dz\/fsesnv\/wp-json\/wp\/v2\/pages\/1418\/revisions"}],"wp:attachment":[{"href":"https:\/\/www.univ-oeb.dz\/fsesnv\/wp-json\/wp\/v2\/media?parent=1418"}],"curies":[{"name":"wp","href":"https:\/\/api.w.org\/{rel}","templated":true}]}}