{"id":1408,"date":"2023-01-25T13:22:46","date_gmt":"2023-01-25T12:22:46","guid":{"rendered":"http:\/\/www.univ-oeb.dz\/fsesnv\/?page_id=1408"},"modified":"2023-02-08T18:58:06","modified_gmt":"2023-02-08T17:58:06","slug":"%d8%b9%d9%84%d9%88%d9%85-%d8%a7%d9%84%d8%b7%d8%a8%d9%8a%d8%b9%d8%a9-%d9%88%d8%a7%d9%84%d8%ad%d9%8a%d8%a7%d8%a9-%d8%ab%d8%a7%d9%84%d8%ab%d8%a9-%d9%84%d9%8a%d8%b3%d8%a7%d9%86%d8%b3","status":"publish","type":"page","link":"https:\/\/www.univ-oeb.dz\/fsesnv\/%d8%b9%d9%84%d9%88%d9%85-%d8%a7%d9%84%d8%b7%d8%a8%d9%8a%d8%b9%d8%a9-%d9%88%d8%a7%d9%84%d8%ad%d9%8a%d8%a7%d8%a9-%d8%ab%d8%a7%d9%84%d8%ab%d8%a9-%d9%84%d9%8a%d8%b3%d8%a7%d9%86%d8%b3\/","title":{"rendered":"\u0639\u0644\u0648\u0645 \u0627\u0644\u0637\u0628\u064a\u0639\u0629 \u0648\u0627\u0644\u062d\u064a\u0627\u0629 \u2013 \u0646\u0642\u0627\u0637 \u062b\u0627\u0644\u062b\u0629 \u0644\u064a\u0633\u0627\u0646\u0633-"},"content":{"rendered":"\n<p class=\"has-text-align-center\"><strong>BTV<\/strong><\/p>\n\n\n\n<figure class=\"wp-block-table\"><table class=\"has-fixed-layout\"><tbody><tr><td>\u0627\u0644\u0645\u0642\u064a\u0627\u0633<\/td><td>\u0627\u0644\u0639\u0644\u0627\u0645\u0629<\/td><td>\u0627\u0644\u062a\u0635\u062d\u064a\u062d \u0627\u0644\u0646\u0645\u0648\u0630\u062c\u064a<\/td><\/tr><tr><td><strong>Physiologie v\u00e9g\u00e9tale<\/strong><\/td><td><a href=\"https:\/\/www.univ-oeb.dz\/fsesnv\/wp-content\/uploads\/2023\/02\/PHYSIOLOGIE-VEGETALE-\u0627\u0644\u0641\u0648\u062c-2.xlsx\">PHYSIOLOGIE VEGETALE( \u0627\u0644\u0641\u0648\u062c 2)<\/a> <br><a href=\"https:\/\/www.univ-oeb.dz\/fsesnv\/wp-content\/uploads\/2023\/02\/PHYSIOLOGIE-VEGETALE-\u0627\u0644\u0641\u0648\u062c-1.xlsx\">PHYSIOLOGIE VEGETALE( \u0627\u0644\u0641\u0648\u062c 1)<\/a><\/td><td><\/td><\/tr><tr><td><strong>anglais<\/strong><\/td><td><\/td><td><\/td><\/tr><tr><td><strong>Bio statistique<\/strong><\/td><td><a href=\"https:\/\/www.univ-oeb.dz\/fsesnv\/wp-content\/uploads\/2023\/01\/BIOSTATISTIQUES2-\u0627\u0644\u0641\u0648\u062c-1.xlsx\">BIOSTATISTIQUES2( \u0627\u0644\u0641\u0648\u062c 1)<\/a><br><a href=\"https:\/\/www.univ-oeb.dz\/fsesnv\/wp-content\/uploads\/2023\/01\/BIOSTATISTIQUES2-\u0627\u0644\u0641\u0648\u062c-2.xlsx\">BIOSTATISTIQUES2( \u0627\u0644\u0641\u0648\u062c 2)<\/a><\/td><td><a href=\"https:\/\/www.univ-oeb.dz\/fsesnv\/wp-content\/uploads\/2023\/01\/Corrige-type-de-lexamen.pdf\">Corrig\u00e9 type de l&rsquo;examen<\/a><\/td><\/tr><tr><td><strong>Bases g\u00e9n\u00e9tiques<\/strong><\/td><td><\/td><td><\/td><\/tr><tr><td><strong>Instrumentation<\/strong><\/td><td><a href=\"https:\/\/www.univ-oeb.dz\/fsesnv\/wp-content\/uploads\/2023\/01\/Instrument-G-01.xlsx\">Instrument G 01<\/a><br><a href=\"https:\/\/www.univ-oeb.dz\/fsesnv\/wp-content\/uploads\/2023\/01\/Instrument-G-02.xlsx\">Instrument G 02<\/a><\/td><td><a href=\"https:\/\/www.univ-oeb.dz\/fsesnv\/wp-content\/uploads\/2023\/01\/Corrige-type-Instrument.docx\">Corrig\u00e9 type Instrument<\/a><\/td><\/tr><tr><td><strong>MULTIPLICATION VEGETATIVE ET BIOTECH<\/strong><\/td><td><a href=\"https:\/\/www.univ-oeb.dz\/fsesnv\/wp-content\/uploads\/2023\/01\/MULTIPLICATION-VEGETATIVE-ET-BIOTECH-\u0627\u0644\u0641\u0648\u062c-2.xlsx\">MULTIPLICATION VEGETATIVE ET BIOTECH( \u0627\u0644\u0641\u0648\u062c 2)<\/a><br><a href=\"https:\/\/www.univ-oeb.dz\/fsesnv\/wp-content\/uploads\/2023\/01\/MULTIPLICATION-VEGETATIVE-ET-BIOTECH-\u0627\u0644\u0641\u0648\u062c-1.xlsx\">MULTIPLICATION VEGETATIVE ET BIOTECH( \u0627\u0644\u0641\u0648\u062c 1)<\/a><\/td><td><a href=\"https:\/\/www.univ-oeb.dz\/fsesnv\/wp-content\/uploads\/2023\/01\/corrige-type-multiplication.docx\">corrig\u00e9 type multiplication<\/a><\/td><\/tr><\/tbody><\/table><\/figure>\n\n\n\n<p class=\"has-text-align-center\"><strong>Microbiologie<\/strong><\/p>\n\n\n\n<figure class=\"wp-block-table\"><table class=\"has-fixed-layout\"><tbody><tr><td>\u0627\u0644\u0645\u0642\u064a\u0627\u0633<\/td><td>\u0627\u0644\u0639\u0644\u0627\u0645\u0629<\/td><td>\u0627\u0644\u062a\u0635\u062d\u064a\u062d \u0627\u0644\u0646\u0645\u0648\u0630\u062c\u064a<\/td><\/tr><tr><td><strong>Mycologie<\/strong><\/td><td><\/td><td><\/td><\/tr><tr><td><strong>Syst\u00e9matiques des procaryotes<\/strong><\/td><td><a href=\"https:\/\/www.univ-oeb.dz\/fsesnv\/wp-content\/uploads\/2023\/01\/Systematique-des-procaryotes-\u0627\u0644\u0641\u0648\u062c-2.pdf\">Syst\u00e9matique des procaryotes ( \u0627\u0644\u0641\u0648\u062c 2)<\/a><br><a href=\"https:\/\/www.univ-oeb.dz\/fsesnv\/wp-content\/uploads\/2023\/01\/Systematique-des-procaryotes-\u0627\u0644\u0641\u0648\u062c-1.pdf\">Syst\u00e9matique des procaryotes ( \u0627\u0644\u0641\u0648\u062c 1)<\/a><br><a href=\"https:\/\/www.univ-oeb.dz\/fsesnv\/wp-content\/uploads\/2023\/01\/TP-Systematique-des-procaryotes-\u0627\u0644\u0641\u0648\u062c-2.pdf\">TP Syst\u00e9matique des procaryotes ( \u0627\u0644\u0641\u0648\u062c 2)<\/a><br> <a href=\"https:\/\/www.univ-oeb.dz\/fsesnv\/wp-content\/uploads\/2023\/01\/TP-Systematique-des-procaryotes-\u0627\u0644\u0641\u0648\u062c-1.pdf\">TP Syst\u00e9matique des procaryotes ( \u0627\u0644\u0641\u0648\u062c 1)<\/a><\/td><td><a href=\"https:\/\/www.univ-oeb.dz\/fsesnv\/wp-content\/uploads\/2023\/01\/Corrige-type-syst.-des-procar.-2023.pdf\">Corrig\u00e9 type syst. des procar. 2023<\/a><\/td><\/tr><tr><td><strong>G\u00e9n\u00e9tiques microbienne<\/strong><\/td><td><\/td><td><\/td><\/tr><tr><td><strong>Anglais scientifique<\/strong><\/td><td><a href=\"https:\/\/www.univ-oeb.dz\/fsesnv\/wp-content\/uploads\/2023\/01\/anglaisscientifique-\u0627\u0644\u0641\u0648\u062c-2-L3-5.xlsx\">anglaisscientifique( \u0627\u0644\u0641\u0648\u062c 2) L3<\/a><br><a href=\"https:\/\/www.univ-oeb.dz\/fsesnv\/wp-content\/uploads\/2023\/01\/anglaisscientifique-\u0627\u0644\u0641\u0648\u062c-1-L3-5.xlsx\">anglaisscientifique( \u0627\u0644\u0641\u0648\u062c 1) L3<\/a><br><br><a href=\"https:\/\/www.univ-oeb.dz\/fsesnv\/wp-content\/uploads\/2023\/01\/anglaisscientifique-\u0627\u0644\u0641\u0648\u062c-2-L3-8.xlsx\">anglaisscientifique( \u0627\u0644\u0641\u0648\u062c 2) L3<\/a><br><a href=\"https:\/\/www.univ-oeb.dz\/fsesnv\/wp-content\/uploads\/2023\/01\/anglaisscientifique-\u0627\u0644\u0641\u0648\u062c-1-L3-8.xlsx\">anglaisscientifique( \u0627\u0644\u0641\u0648\u062c 1) L3<\/a><\/td><td><a href=\"https:\/\/www.univ-oeb.dz\/fsesnv\/wp-content\/uploads\/2023\/01\/L3-microbio-correction-4.pdf\">L3 microbio correction<\/a><br><a href=\"https:\/\/www.univ-oeb.dz\/fsesnv\/wp-content\/uploads\/2023\/01\/L3-microbio-correction-7.pdf\">L3 microbio correction<\/a><\/td><\/tr><tr><td><strong>Biotechnologie microbiennes<\/strong><\/td><td><a href=\"https:\/\/www.univ-oeb.dz\/fsesnv\/wp-content\/uploads\/2023\/01\/PV-biotechnologie-microbiennes-\u0627\u0644\u0641\u0648\u062c-22023.pdf\">PV biotechnologie microbiennes( \u0627\u0644\u0641\u0648\u062c 2)2023<\/a><br> <a href=\"https:\/\/www.univ-oeb.dz\/fsesnv\/wp-content\/uploads\/2023\/01\/PV-biotechnologie-microbiennes-\u0627\u0644\u0641\u0648\u062c-12023.pdf\">PV biotechnologie microbiennes( \u0627\u0644\u0641\u0648\u062c 1)2023<\/a><\/td><td><a href=\"https:\/\/www.univ-oeb.dz\/fsesnv\/wp-content\/uploads\/2023\/01\/Corrige-BIOTH-MIC-2023.pdf\">Corrig\u00e9 &#8211; BIOTH-MIC 2023<\/a><\/td><\/tr><tr><td><strong>BMGG<\/strong><\/td><td><a href=\"https:\/\/www.univ-oeb.dz\/fsesnv\/wp-content\/uploads\/2023\/01\/2023biologie-moleculaire-et-g\u00e9nie-g\u00e9n\u00e9tique-\u0627\u0644\u0641\u0648\u062c-2-7-1.xlsx\">2023biologie moleculaire et g\u00e9nie g\u00e9n\u00e9tique( \u0627\u0644\u0641\u0648\u062c 2)-7<\/a><br><br><a href=\"https:\/\/www.univ-oeb.dz\/fsesnv\/wp-content\/uploads\/2023\/01\/2023biologie-moleculaire-et-g\u00e9nie-g\u00e9n\u00e9tique-\u0627\u0644\u0641\u0648\u062c-1-9-1.xlsx\">2023biologie moleculaire et g\u00e9nie g\u00e9n\u00e9tique( \u0627\u0644\u0641\u0648\u062c 1)-<\/a><\/td><td><\/td><\/tr><tr><td><strong>Biochimie microbienne<\/strong><\/td><td><a href=\"https:\/\/www.univ-oeb.dz\/fsesnv\/wp-content\/uploads\/2023\/01\/PV-de-notes-de-la-matiere-BIOCHIMIE-MICROBIENNE.pdf\">PV de notes de la mati\u00e8re BIOCHIMIE MICROBIENNE<\/a><\/td><td><a href=\"https:\/\/www.univ-oeb.dz\/fsesnv\/wp-content\/uploads\/2023\/01\/Corrige-type-du-controle-de-la-matiere-biochimie-microbienne-2022-2023.pdf\">Corrig\u00e9-type du controle de la mati\u00e8re biochimie microbienne 2022-2023<\/a><\/td><\/tr><\/tbody><\/table><\/figure>\n\n\n\n<p class=\"has-text-align-center\"><strong>Ecologie et environnement<\/strong><\/p>\n\n\n\n<figure class=\"wp-block-table\"><table class=\"has-fixed-layout\"><tbody><tr><td>\u0627\u0644\u0645\u0642\u064a\u0627\u0633<\/td><td>\u0627\u0644\u0639\u0644\u0627\u0645\u0629<\/td><td>\u0627\u0644\u062a\u0635\u062d\u064a\u062d \u0627\u0644\u0646\u0645\u0648\u0630\u062c\u064a<\/td><\/tr><tr><td><strong>Analyse et protection de l\u2019environnement<\/strong><\/td><td><a href=\"https:\/\/www.univ-oeb.dz\/fsesnv\/wp-content\/uploads\/2023\/01\/analyse-et-protection-de-lenvoronnement-\u0627\u0644\u0641\u0648\u062c-1.xlsx\">analyse et protection de lenvoronnement( \u0627\u0644\u0641\u0648\u062c 1)<\/a><br><a href=\"https:\/\/www.univ-oeb.dz\/fsesnv\/wp-content\/uploads\/2023\/01\/analyse-et-protection-de-lenvoronnement-\u0627\u0644\u0641\u0648\u062c-2.xlsx\">analyse et protection de lenvoronnement( \u0627\u0644\u0641\u0648\u062c 2)<\/a><\/td><td><a href=\"https:\/\/www.univ-oeb.dz\/fsesnv\/wp-content\/uploads\/2023\/01\/corrige-type-danalyse.pdf\">corrige-type d&rsquo;analyse<\/a><\/td><\/tr><tr><td><strong>Ecop\u00e9dologie<\/strong><\/td><td><a href=\"https:\/\/www.univ-oeb.dz\/fsesnv\/wp-content\/uploads\/2023\/01\/Ecopedologie-%D8%A7%D9%84%D9%81%D9%88%D8%AC-2.xlsx\">Ecopedologie ( \u0627\u0644\u0641\u0648\u062c 2)<\/a> <a href=\"https:\/\/www.univ-oeb.dz\/fsesnv\/wp-content\/uploads\/2023\/01\/Ecopedologie-%D8%A7%D9%84%D9%81%D9%88%D8%AC-1.xlsx\">Ecopedologie ( \u0627\u0644\u0641\u0648\u062c 1)<\/a><\/td><td><a href=\"https:\/\/www.univ-oeb.dz\/fsesnv\/wp-content\/uploads\/2023\/01\/Examen-3-eco-ecopedo-2023.docx\">Examen 3 \u00e9co \u00e9cop\u00e9do 2023<\/a><br><br><a href=\"https:\/\/www.univ-oeb.dz\/fsesnv\/wp-content\/uploads\/2023\/01\/Corrige-type-1.docx\">Corrig\u00e9 type<\/a><\/td><\/tr><tr><td><strong>Bioclimatologie<\/strong><\/td><td><a href=\"https:\/\/www.univ-oeb.dz\/fsesnv\/wp-content\/uploads\/2023\/01\/Copie-de-bioclimatologie-\u0627\u0644\u0641\u0648\u062c-1.xlsx\">Copie de bioclimatologie( \u0627\u0644\u0641\u0648\u062c 1)<\/a><br> <a href=\"https:\/\/www.univ-oeb.dz\/fsesnv\/wp-content\/uploads\/2023\/01\/Copie-de-bioclimatologie-\u0627\u0644\u0641\u0648\u062c-2.xlsx\">Copie de bioclimatologie( \u0627\u0644\u0641\u0648\u062c 2)<\/a><\/td><td><\/td><\/tr><tr><td><strong>G\u00e9omorphologie<\/strong>&nbsp;<\/td><td> <a href=\"https:\/\/www.univ-oeb.dz\/fsesnv\/wp-content\/uploads\/2023\/01\/geomorphologie-1-\u0627\u0644\u0641\u0648\u062c-2.pdf\">g\u00e9omorphologie 1<\/a><a href=\"https:\/\/www.univ-oeb.dz\/fsesnv\/wp-content\/uploads\/2023\/01\/geomorphologie-1-\u0627\u0644\u0641\u0648\u062c-2.pdf\">( \u0627\u0644\u0641\u0648\u062c 2)<\/a> <br><a href=\"https:\/\/www.univ-oeb.dz\/fsesnv\/wp-content\/uploads\/2023\/01\/geomorphologie-1-\u0627\u0644\u0641\u0648\u062c-1.pdf\">g\u00e9omorphologie 1( \u0627\u0644\u0641\u0648\u062c 1)<\/a><\/td><td><a href=\"https:\/\/www.univ-oeb.dz\/fsesnv\/wp-content\/uploads\/2023\/01\/CORRIGE-TYPE-DE-GEOMORPHOLOGIE-17-JANVIER-2023.pdf\">CORRIGE TYPE DE GEOMORPHOLOGIE 17 JANVIER 2023<\/a><\/td><\/tr><tr><td><strong>Technique d\u2019\u00e9chantillonnage<\/strong><\/td><td><a href=\"https:\/\/www.univ-oeb.dz\/fsesnv\/wp-content\/uploads\/2023\/02\/techniques-dechantillonage-\u0627\u0644\u0641\u0648\u062c-2.xlsx\">techniques dechantillonage( \u0627\u0644\u0641\u0648\u062c 2)<\/a><br> <a href=\"https:\/\/www.univ-oeb.dz\/fsesnv\/wp-content\/uploads\/2023\/02\/techniques-dechantillonage-\u0627\u0644\u0641\u0648\u062c-1.xlsx\">techniques dechantillonage( \u0627\u0644\u0641\u0648\u062c 1)<\/a><\/td><td><\/td><\/tr><tr><td><strong>Pollution de l\u2019environnement<\/strong><\/td><td><a href=\"https:\/\/www.univ-oeb.dz\/fsesnv\/wp-content\/uploads\/2023\/01\/pollution-de-lenvironnement-\u0627\u0644\u0641\u0648\u062c-2.pdf\">pollution de lenvironnement( \u0627\u0644\u0641\u0648\u062c 2)<\/a><br><a href=\"https:\/\/www.univ-oeb.dz\/fsesnv\/wp-content\/uploads\/2023\/01\/pollution-de-lenvironnement-\u0627\u0644\u0641\u0648\u062c-1.pdf\">pollution de lenvironnement( \u0627\u0644\u0641\u0648\u062c 1)<\/a><\/td><td><a href=\"https:\/\/www.univ-oeb.dz\/fsesnv\/wp-content\/uploads\/2023\/01\/Corrige-type-de-lexamen-2022-2023-1.pdf\">Corrig\u00e9 type de l&rsquo;examen 2022-2023 (1)<\/a><\/td><\/tr><tr><td><strong>Ecophysiologie v\u00e9g\u00e9tale et animale<\/strong>&nbsp;<\/td><td><a href=\"https:\/\/www.univ-oeb.dz\/fsesnv\/wp-content\/uploads\/2023\/01\/Ecophysiologie-animale-et-vegetale-\u0627\u0644\u0641\u0648\u062c-2-3final-1.xlsx\">Ecophysiologie animale et v\u00e9g\u00e9tale( \u0627\u0644\u0641\u0648\u062c 2) (3)final<\/a><br><a href=\"https:\/\/www.univ-oeb.dz\/fsesnv\/wp-content\/uploads\/2023\/01\/Ecophysiologie-animale-et-vegetale-\u0627\u0644\u0641\u0648\u062c-1-5-final-1.xlsx\">Ecophysiologie animale et v\u00e9g\u00e9tale( \u0627\u0644\u0641\u0648\u062c 1) (5) final<\/a><\/td><td><a href=\"https:\/\/www.univ-oeb.dz\/fsesnv\/wp-content\/uploads\/2023\/01\/correction-du-control-ecrit-Eco-physiologie-Animale-et-vegetale-2023-1.pdf\">correction du control \u00e9crit Eco-physiologie Animale et v\u00e9g\u00e9tale 2023<\/a><\/td><\/tr><\/tbody><\/table><\/figure>\n\n\n\n<p class=\"has-text-align-center\"><strong>Biologie et physiologie Animale<\/strong><\/p>\n\n\n\n<figure class=\"wp-block-table\"><table><tbody><tr><td>\u0627\u0644\u0645\u0642\u064a\u0627\u0633<\/td><td>\u0627\u0644\u0639\u0644\u0627\u0645\u0629<\/td><td>\u0627\u0644\u062a\u0635\u062d\u064a\u062d \u0627\u0644\u0646\u0645\u0648\u0630\u062c\u064a<\/td><\/tr><tr><td><strong>D\u00e9veloppement Embryonnaire<\/strong><\/td><td><a href=\"https:\/\/www.univ-oeb.dz\/fsesnv\/wp-content\/uploads\/2023\/01\/Developpement-embryonnaire-\u0627\u0644\u0641\u0648\u062c-123.xlsx\">Developpement embryonnaire( \u0627\u0644\u0641\u0648\u062c 1)23<\/a><\/td><td><a href=\"https:\/\/www.univ-oeb.dz\/fsesnv\/wp-content\/uploads\/2023\/01\/corrige-examen-1.pdf\">corrig\u00e9 examen-1<\/a><\/td><\/tr><tr><td><strong>Pharmacologie<\/strong><\/td><td><a href=\"https:\/\/www.univ-oeb.dz\/fsesnv\/wp-content\/uploads\/2023\/01\/pharmacologie-Notes-.pdf\">pharmacologie-Notes-<\/a><br><a href=\"https:\/\/www.univ-oeb.dz\/fsesnv\/wp-content\/uploads\/2023\/01\/pharmacologie-Notes-1.pdf\">pharmacologie -Notes- (1)<\/a><\/td><td><a href=\"https:\/\/www.univ-oeb.dz\/fsesnv\/wp-content\/uploads\/2023\/01\/Corrige-type-pharmacologie.pdf\">Corrige-type-pharmacologie<\/a><br><a href=\"https:\/\/www.univ-oeb.dz\/fsesnv\/wp-content\/uploads\/2023\/01\/Corrige-type-pharmacologie-1.pdf\">Corrig\u00e9 type pharmacologie (1)<\/a><br><\/td><\/tr><tr><td><strong>anatomie compar\u00e9e des vert\u00e9br\u00e9s<\/strong><\/td><td><a href=\"https:\/\/www.univ-oeb.dz\/fsesnv\/wp-content\/uploads\/2023\/01\/Copie-de-anatomie-comparee-des-vertebres-\u0627\u0644\u0641\u0648\u062c-123.xlsx\">Copie de anatomie compar\u00e9e des vertebres( \u0627\u0644\u0641\u0648\u062c 1)23<\/a><\/td><td><\/td><\/tr><tr><td><strong>Technique d\u2019Analyse<\/strong><\/td><td><a href=\"https:\/\/www.univ-oeb.dz\/fsesnv\/wp-content\/uploads\/2023\/01\/Techniques-danalyse-de-laboratoire-\u0627\u0644\u0641\u0648\u062c-123.pdf\">Techniques danalyse de laboratoire( \u0627\u0644\u0641\u0648\u062c 1)23<\/a><\/td><td><a href=\"https:\/\/www.univ-oeb.dz\/fsesnv\/wp-content\/uploads\/2023\/01\/corrige-type-tech-anal.pdf\">corrig\u00e9 type tech anal<\/a><\/td><\/tr><tr><td><strong>Histologie<\/strong><\/td><td><\/td><td><\/td><\/tr><tr><td><\/td><td><\/td><td><\/td><\/tr><\/tbody><\/table><\/figure>\n\n\n\n<p class=\"has-text-align-center has-black-color has-text-color\"><strong>Biochimie<\/strong><\/p>\n\n\n\n<figure class=\"wp-block-table\"><table class=\"has-fixed-layout\"><tbody><tr><td>\u0627\u0644\u0645\u0642\u064a\u0627\u0633<\/td><td>\u0627\u0644\u0639\u0644\u0627\u0645\u0629<\/td><td>\u0627\u0644\u062a\u0635\u062d\u064a\u062d \u0627\u0644\u0646\u0645\u0648\u0630\u062c\u064a<\/td><\/tr><tr><td><strong>R\u00e9gulation m\u00e9tabolique<\/strong><\/td><td><a href=\"https:\/\/www.univ-oeb.dz\/fsesnv\/wp-content\/uploads\/2023\/01\/regulation-metabolique-\u0627\u0644\u0641\u0648\u062c-1.pdf\">r\u00e9gulation m\u00e9tabolique( \u0627\u0644\u0641\u0648\u062c 1)<\/a><br><a href=\"https:\/\/www.univ-oeb.dz\/fsesnv\/wp-content\/uploads\/2023\/01\/regulation-metabolique-\u0627\u0644\u0641\u0648\u062c-2.pdf\">r\u00e9gulation m\u00e9tabolique( \u0627\u0644\u0641\u0648\u062c 2)<\/a><\/td><td><\/td><\/tr><tr><td><strong>Immunologie<\/strong><\/td><td><a href=\"https:\/\/www.univ-oeb.dz\/fsesnv\/wp-content\/uploads\/2023\/02\/immunologie-cllulaire-et-moleculaire-\u0627\u0644\u0641\u0648\u062c-2.xlsx\">immunologie cllulaire et moleculaire( \u0627\u0644\u0641\u0648\u062c 2)<\/a> <br><a href=\"https:\/\/www.univ-oeb.dz\/fsesnv\/wp-content\/uploads\/2023\/02\/immunologie-cllulaire-et-moleculaire-\u0627\u0644\u0641\u0648\u062c-1.xlsx\">immunologie cllulaire et moleculaire( \u0627\u0644\u0641\u0648\u062c 1)<\/a><\/td><td><\/td><\/tr><tr><td><strong>Biostatistique<\/strong><\/td><td><a href=\"https:\/\/www.univ-oeb.dz\/fsesnv\/wp-content\/uploads\/2023\/01\/Biostatistique-bioch-\u0627\u0644\u0641\u0648\u062c-1.xlsx\">Biostatistique bioch( \u0627\u0644\u0641\u0648\u062c 1)<\/a><br><a href=\"https:\/\/www.univ-oeb.dz\/fsesnv\/wp-content\/uploads\/2023\/01\/Biostatistique-bioch-\u0627\u0644\u0641\u0648\u062c-2.xlsx\">Biostatistique bioch( \u0627\u0644\u0641\u0648\u062c 2)<\/a><\/td><td><a href=\"https:\/\/www.univ-oeb.dz\/fsesnv\/wp-content\/uploads\/2023\/01\/Corrige-type.-L3.pdf\">Corrige -type. L3<\/a><\/td><\/tr><tr><td><strong>Biochimie cellulaire<\/strong><\/td><td>&nbsp;<a href=\"https:\/\/www.univ-oeb.dz\/fsesnv\/wp-content\/uploads\/2023\/01\/biochimie-cellulaire-et-fonctionnelle-\u0627\u0644\u0641\u0648\u062c-2-1.pdf\">biochimie cellulaire et fonctionnelle( \u0627\u0644\u0641\u0648\u062c 2) (1)<\/a><br><a href=\"https:\/\/www.univ-oeb.dz\/fsesnv\/wp-content\/uploads\/2023\/01\/biochimie-cellulaire-et-fonctionnelle-\u0627\u0644\u0641\u0648\u062c-1-1.pdf\">biochimie cellulaire et fonctionnelle( \u0627\u0644\u0641\u0648\u062c 1) (1)<\/a><\/td><td><a href=\"https:\/\/www.univ-oeb.dz\/fsesnv\/wp-content\/uploads\/2023\/01\/\u0627\u0644\u0627\u062c\u0627\u0628\u0629-\u0627\u0644\u0646\u0645\u0648\u062f\u062c\u064a\u0629.pdf\">\u0627\u0644\u0627\u062c\u0627\u0628\u0629 \u0627\u0644\u0646\u0645\u0648\u062f\u062c\u064a\u0629<\/a><\/td><\/tr><tr><td><strong>Biochimie microbienne<\/strong><\/td><td><\/td><td><\/td><\/tr><tr><td><strong>Enzymologie<\/strong><\/td><td><a href=\"https:\/\/www.univ-oeb.dz\/fsesnv\/wp-content\/uploads\/2023\/01\/Enzymologie-aprofondie1-\u0627\u0644\u0641\u0648\u062c-2pdf.pdf\">Enzymologie aprofondie1( \u0627\u0644\u0641\u0648\u062c 2)pdf<\/a><br><a href=\"https:\/\/www.univ-oeb.dz\/fsesnv\/wp-content\/uploads\/2023\/01\/Enzymologie-aprofondie1-\u0627\u0644\u0641\u0648\u062c-1pdf.pdf\">Enzymologie aprofondie1( \u0627\u0644\u0641\u0648\u062c 1)pdf<\/a><br><br>&nbsp;<a href=\"https:\/\/www.univ-oeb.dz\/fsesnv\/wp-content\/uploads\/2023\/01\/Enzymologie-aprofondie1-\u0627\u0644\u0641\u0648\u062c-1.pdf\">Enzymologie aprofondie1( \u0627\u0644\u0641\u0648\u062c 1)<\/a><br><a href=\"https:\/\/www.univ-oeb.dz\/fsesnv\/wp-content\/uploads\/2023\/01\/Enzymologie-aprofondie1-\u0627\u0644\u0641\u0648\u062c-1.xlsx\">Enzymologie aprofondie1( \u0627\u0644\u0641\u0648\u062c 1)<\/a><br><a href=\"https:\/\/www.univ-oeb.dz\/fsesnv\/wp-content\/uploads\/2023\/01\/Enzymologie-aprofondie1-\u0627\u0644\u0641\u0648\u062c-2.pdf\">Enzymologie aprofondie1( \u0627\u0644\u0641\u0648\u062c 2)<\/a><br><a href=\"https:\/\/www.univ-oeb.dz\/fsesnv\/wp-content\/uploads\/2023\/01\/Enzymologie-aprofondie1-\u0627\u0644\u0641\u0648\u062c-2.xlsx\">Enzymologie aprofondie1( \u0627\u0644\u0641\u0648\u062c 2)<\/a><\/td><td><a href=\"https:\/\/www.univ-oeb.dz\/fsesnv\/wp-content\/uploads\/2023\/01\/Corrige-dExamen-enzymologie-biochimie-2023-S1-pdf.pdf\">Corrig\u00e9 d&rsquo;Examen enzymologie biochimie 2023 &#8211; S1 pdf<\/a><\/td><\/tr><tr><td><strong>M\u00e9thode d\u2019analyse<\/strong><\/td><td><a href=\"https:\/\/www.univ-oeb.dz\/fsesnv\/wp-content\/uploads\/2023\/01\/PV-methode-danalyse-\u0627\u0644\u0641\u0648\u062c-22023.pdf\">PV methode danalyse( \u0627\u0644\u0641\u0648\u062c 2)2023<\/a> <br><a href=\"https:\/\/www.univ-oeb.dz\/fsesnv\/wp-content\/uploads\/2023\/01\/PV-methode-danalyse-\u0627\u0644\u0641\u0648\u062c-12023.pdf\">PV methode danalyse( \u0627\u0644\u0641\u0648\u062c 1)2023<\/a><\/td><td><a href=\"https:\/\/www.univ-oeb.dz\/fsesnv\/wp-content\/uploads\/2023\/01\/\u062a\u0635\u062d\u064a\u062d-\u0646\u0645\u0648-\u0630\u062c\u064a-\u0627\u0644\u062a\u062d\u0644\u064a\u0644-\u0644\u0628\u064a\u0648-\u0643\u064a\u0646\u064a\u0627\u0626\u064a-2023-.pdf\">\u062a\u0635\u062d\u064a\u062d \u0646\u0645\u0648 \u0630\u062c\u064a \u0627\u0644\u062a\u062d\u0644\u064a\u0644 \u0644\u0628\u064a\u0648 \u0643\u064a\u0646\u064a\u0627\u0626\u064a 2023 &#8211;<\/a><\/td><\/tr><\/tbody><\/table><\/figure>\n\n\n\n<p class=\"has-text-align-center\">Parasitologie<\/p>\n\n\n\n<figure class=\"wp-block-table\"><table class=\"has-fixed-layout\"><tbody><tr><td>\u0627\u0644\u0645\u0642\u064a\u0627\u0633<\/td><td>\u0627\u0644\u0639\u0644\u0627\u0645\u0629<\/td><td>\u0627\u0644\u062a\u0635\u062d\u064a\u062d \u0627\u0644\u0646\u0645\u0648\u0630\u062c\u064a<\/td><\/tr><tr><td>Protozoaires et M\u00e9tazoaires parasites<\/td><td><a href=\"https:\/\/www.univ-oeb.dz\/fsesnv\/wp-content\/uploads\/2023\/01\/Notes-Protozoaires-et-metazoaires-parasites.pdf\">Notes Protozoaires et m\u00e9tazoaires parasites<\/a><br><br><a href=\"https:\/\/www.univ-oeb.dz\/fsesnv\/wp-content\/uploads\/2023\/01\/Notes-Protozoaires-et-metazoaires-parasites-1.pdf\">Notes Protozoaires et m\u00e9tazoaires parasites<\/a><\/td><td><a href=\"https:\/\/www.univ-oeb.dz\/fsesnv\/wp-content\/uploads\/2023\/01\/Correction-du-Control-ecrit-Protozoaires-et-metazoaires-Parasites.pdf\">Correction du Control \u00e9crit Protozoaires et m\u00e9tazoaires Parasites<\/a><br><a href=\"https:\/\/www.univ-oeb.dz\/fsesnv\/wp-content\/uploads\/2023\/01\/Correction-du-Control-ecrit-Protozoaires-et-metazoaires-Parasites-1.pdf\">Correction du Control \u00e9crit Protozoaires et m\u00e9tazoaires Parasites<\/a><\/td><\/tr><tr><td>M\u00e9thodes d\u2019\u00e9tude des m\u00e9tazoaires<\/td><td><a href=\"https:\/\/www.univ-oeb.dz\/fsesnv\/wp-content\/uploads\/2023\/01\/Methodes-d-etudes-des-protozoaires-\u0627\u0644\u0641\u0648\u062c-1.xlsx\">M\u00e9thodes d \u00e9tudes des protozoaires( \u0627\u0644\u0641\u0648\u062c 1)<\/a><\/td><td><\/td><\/tr><tr><td>Bact\u00e9riologie<\/td><td><a href=\"https:\/\/www.univ-oeb.dz\/fsesnv\/wp-content\/uploads\/2023\/01\/bacteriologie-1-\u0627\u0644\u0641\u0648\u062c-1.pdf\">bact\u00e9riologie 1( \u0627\u0644\u0641\u0648\u062c 1)<\/a><\/td><td>&nbsp;<img fetchpriority=\"high\" decoding=\"async\" width=\"218\" height=\"300\" src=\"https:\/\/www.univ-oeb.dz\/fsesnv\/wp-content\/uploads\/2023\/01\/Image-7-218x300.jpg\" alt=\"\"> <img decoding=\"async\" width=\"218\" height=\"300\" src=\"https:\/\/www.univ-oeb.dz\/fsesnv\/wp-content\/uploads\/2023\/01\/Image-8-218x300.jpg\" alt=\"\"><\/td><\/tr><tr><td>Histologie et physiologie des mammif\u00e8res<\/td><td><a href=\"https:\/\/www.univ-oeb.dz\/fsesnv\/wp-content\/uploads\/2023\/01\/Histologie-et-physiologie-des-mammiferes-\u0627\u0644\u0641\u0648\u062c-1.xlsx\">Histologie et physiologie des mammif\u00e9res( \u0627\u0644\u0641\u0648\u062c 1)<\/a><\/td><td><\/td><\/tr><tr><td>Virologie fondamentale<\/td><td><a href=\"https:\/\/www.univ-oeb.dz\/fsesnv\/wp-content\/uploads\/2023\/01\/Virologie.xlsx\">Virologie<\/a><\/td><td><\/td><\/tr><tr><td>Anglais<\/td><td><a href=\"https:\/\/www.univ-oeb.dz\/fsesnv\/wp-content\/uploads\/2023\/02\/Notes-Anglais-Parasitologie.pdf\">Notes Anglais Parasitologie<\/a> <br><a href=\"https:\/\/www.univ-oeb.dz\/fsesnv\/wp-content\/uploads\/2023\/02\/Notes-Anglais-Parasitologie.xlsx\">Notes Anglais Parasitologie<\/a><\/td><td><\/td><\/tr><tr><td>M\u00e9thodes d\u2019\u00e9tude des protozoaires<\/td><td><a href=\"https:\/\/www.univ-oeb.dz\/fsesnv\/wp-content\/uploads\/2023\/01\/Methodes-d-etudes-des-metazoaires-\u0627\u0644\u0641\u0648\u062c-1-1.xlsx\">M\u00e9thodes d \u00e9tudes des m\u00e9tazoaires( \u0627\u0644\u0641\u0648\u062c 1)-1<\/a><\/td><td><a href=\"https:\/\/www.univ-oeb.dz\/fsesnv\/wp-content\/uploads\/2023\/01\/CORRIGE-TYPE-parasitologie.docx\">CORRIGE TYPE parasitologie<\/a><\/td><\/tr><\/tbody><\/table><\/figure>\n\n\n\n\n\n<p><a href=\"https:\/\/www.univ-oeb.dz\/fsesnv\/wp-admin\/post.php?post=1395&amp;action=edit\"><\/a><\/p>\n","protected":false},"excerpt":{"rendered":"<p>BTV \u0627\u0644\u0645\u0642\u064a\u0627\u0633\u0627\u0644\u0639\u0644\u0627\u0645\u0629\u0627\u0644\u062a\u0635\u062d\u064a\u062d \u0627\u0644\u0646\u0645\u0648\u0630\u062c\u064aPhysiologie v\u00e9g\u00e9talePHYSIOLOGIE VEGETALE( \u0627\u0644\u0641\u0648\u062c 2) PHYSIOLOGIE VEGETALE( \u0627\u0644\u0641\u0648\u062c 1)anglaisBio statistiqueBIOSTATISTIQUES2( \u0627\u0644\u0641\u0648\u062c 1)BIOSTATISTIQUES2( \u0627\u0644\u0641\u0648\u062c 2)Corrig\u00e9 type de l&rsquo;examenBases g\u00e9n\u00e9tiquesInstrumentationInstrument G 01Instrument G 02Corrig\u00e9 type InstrumentMULTIPLICATION VEGETATIVE ET BIOTECHMULTIPLICATION VEGETATIVE ET BIOTECH( \u0627\u0644\u0641\u0648\u062c 2)MULTIPLICATION VEGETATIVE ET BIOTECH( \u0627\u0644\u0641\u0648\u062c 1)corrig\u00e9 type multiplication Microbiologie \u0627\u0644\u0645\u0642\u064a\u0627\u0633\u0627\u0644\u0639\u0644\u0627\u0645\u0629\u0627\u0644\u062a\u0635\u062d\u064a\u062d \u0627\u0644\u0646\u0645\u0648\u0630\u062c\u064aMycologieSyst\u00e9matiques des procaryotesSyst\u00e9matique des procaryotes ( \u0627\u0644\u0641\u0648\u062c 2)Syst\u00e9matique des procaryotes ( \u0627\u0644\u0641\u0648\u062c &hellip;<\/p>\n","protected":false},"author":1,"featured_media":0,"parent":0,"menu_order":0,"comment_status":"closed","ping_status":"closed","template":"","meta":{"footnotes":""},"class_list":["post-1408","page","type-page","status-publish","hentry"],"_links":{"self":[{"href":"https:\/\/www.univ-oeb.dz\/fsesnv\/wp-json\/wp\/v2\/pages\/1408","targetHints":{"allow":["GET"]}}],"collection":[{"href":"https:\/\/www.univ-oeb.dz\/fsesnv\/wp-json\/wp\/v2\/pages"}],"about":[{"href":"https:\/\/www.univ-oeb.dz\/fsesnv\/wp-json\/wp\/v2\/types\/page"}],"author":[{"embeddable":true,"href":"https:\/\/www.univ-oeb.dz\/fsesnv\/wp-json\/wp\/v2\/users\/1"}],"replies":[{"embeddable":true,"href":"https:\/\/www.univ-oeb.dz\/fsesnv\/wp-json\/wp\/v2\/comments?post=1408"}],"version-history":[{"count":1,"href":"https:\/\/www.univ-oeb.dz\/fsesnv\/wp-json\/wp\/v2\/pages\/1408\/revisions"}],"predecessor-version":[{"id":30448,"href":"https:\/\/www.univ-oeb.dz\/fsesnv\/wp-json\/wp\/v2\/pages\/1408\/revisions\/30448"}],"wp:attachment":[{"href":"https:\/\/www.univ-oeb.dz\/fsesnv\/wp-json\/wp\/v2\/media?parent=1408"}],"curies":[{"name":"wp","href":"https:\/\/api.w.org\/{rel}","templated":true}]}}