{"id":12780,"date":"2023-10-10T10:18:07","date_gmt":"2023-10-10T09:18:07","guid":{"rendered":"http:\/\/www.univ-oeb.dz\/fsesnv\/?page_id=12780"},"modified":"2023-10-10T10:20:22","modified_gmt":"2023-10-10T09:20:22","slug":"offre-de-formation-master-en-biochimie-appliquee","status":"publish","type":"page","link":"https:\/\/www.univ-oeb.dz\/fsesnv\/offre-de-formation-master-en-biochimie-appliquee\/","title":{"rendered":"Offre de formation Master en Biochimie Appliqu\u00e9e"},"content":{"rendered":"\n<h1 class=\"has-medium-font-size wp-block-heading\">D\u00e9partement des Sciences de la Nature et de la Vie<\/h1>\n\n\n\n<p class=\"has-text-align-center has-pale-cyan-blue-background-color has-background has-medium-font-size\"><strong>Master en Biochimie Appliqu\u00e9e<\/strong><\/p>\n\n\n\n<h1 class=\"has-medium-font-size wp-block-heading\">\u00b7&nbsp;&nbsp;&nbsp;&nbsp;&nbsp; Domaine : Sciences de la Nature et de la Vie (SNV)<\/h1>\n\n\n\n<h1 class=\"has-medium-font-size wp-block-heading\">\u00b7&nbsp;&nbsp;&nbsp;&nbsp;&nbsp; Fili\u00e8re : Sciences Biologiques<\/h1>\n\n\n\n<h1 class=\"has-medium-font-size wp-block-heading\">\u00b7\u00a0\u00a0\u00a0\u00a0\u00a0 Sp\u00e9cialit\u00e9 : Biochimie Appliqu\u00e9e.<\/h1>\n\n\n\n<p><strong>1.Description de la formation:<\/strong><\/p>\n\n\n\n<p>L\u2019objectif de cette formation en master est d\u2019approfondir les connaissances de bases d\u00e9j\u00e0 acquises dans les licences de biochimie fondamentale et appliqu\u00e9e et de Biologie mol\u00e9culaire ouvertes dans notre d\u00e9partement.<\/p>\n\n\n\n<p>Ce Master vise ainsi \u00e0 former un potentiel humain \u00e0 la pointe des connaissances fondamentales et appliqu\u00e9es dans le domaine de la biochimie, de la biologie mol\u00e9culaire et de l\u2019ing\u00e9nierie des biomol\u00e9cules (domaine actuellement en plein essor dans le monde). Il aura pour but essentiel de former des \u00e9tudiants biochimistes biotechnologues sp\u00e9cialis\u00e9s dans la recherche, le d\u00e9veloppement, le contr\u00f4le et l\u2019analyse des biomol\u00e9cules.<\/p>\n\n\n\n<p>L\u2019apport de la Biochimie appliqu\u00e9e et approfondie serait d\u2019expliquer les processus physiologiques indispensables au fonctionnement du vivant et leur dysfonctionnement pathologiques. L\u2019\u00e9tudiant en Master en biochimie des mol\u00e9cules bioactives et applications doit acqu\u00e9rir un savoir et ma\u00eetriser un savoir-faire lui permettant de comprendre en profondeur et d\u2019aborder exp\u00e9rimentalement toute question relative \u00e0 la structure, au fonctionnement et \u00e0 l\u2019exploitation \u00e0 des fins biotechnologiques des cellules vivantes et de leurs composants mol\u00e9culaires.<\/p>\n\n\n\n<p>Des enjeux technologiques et \u00e9conomiques importants sont n\u00e9cessaires pour l\u2019identification des cibles th\u00e9rapeutiques ou encore l\u2019exploitation technologique des fonctions biologiques des biomol\u00e9cules. La mise en \u00e9vidence et la purification et\/ou la production de ces biomol\u00e9cules est un d\u00e9fi majeur aussi bien pour les laboratoires publics que priv\u00e9s mais aussi pour les laboratoires de recherche et d\u00e9veloppement.<\/p>\n\n\n\n<p>Ces mol\u00e9cules constituent en elles m\u00eames des outils marqueurs potentiels pour l`\u00e9tude de la relation structure-fonction, la compr\u00e9hension des m\u00e9canismes mol\u00e9culaires dans les processus biologiques divers.<\/p>\n\n\n\n<p>Les th\u00e8mes abord\u00e9s dans ce master couvriront des aspects de biochimie et de biotechnologie. Ils seront accentu\u00e9s sur l\u2019\u00e9tude des processus m\u00e9taboliques, physiologiques, les outils de biologie mol\u00e9culaire et de la bio-Ing\u00e9nierie .<\/p>\n\n\n\n<h1 class=\"has-medium-font-size wp-block-heading\">2.Exigences d\u2019entr\u00e9e<\/h1>\n\n\n\n<p>Les licenci\u00e9s en biochimie, la biologie Mol\u00e9culaire et Cellulaire, \u00a0\u00a0\u00a0\u00a0\u00a0\u00a0contr\u00f4le qualit\u00e9 et D.E.S Biochimie.<\/p>\n\n\n\n<!--nextpage-->\n\n\n\n<h1 class=\"has-medium-font-size wp-block-heading\">3.Programme Unit\u00e9s et mati\u00e8res<\/h1>\n\n\n\n<p>Semestre 1<\/p>\n\n\n\n<figure class=\"wp-block-table\"><table><tbody><tr><td><strong>Unit\u00e9<\/strong><\/td><td><strong>Mati\u00e8re<\/strong><\/td><\/tr><tr><td>Unit\u00e9 Fondamentale UEF1<\/td><td>1. Mol\u00e9cules Bioactives d\u2019Origine Eucaryote et Procaryote<strong> (MBOP)<\/strong><\/td><\/tr><tr><td>Unit\u00e9 Fondamentale UEF2<\/td><td>1. R\u00e9gulation et Communication Cellulaire <strong>(RCC)<\/strong><\/td><\/tr><tr><td>2. Culture &nbsp;&nbsp;&nbsp;Cellulaire et Applications<strong> (CCA)<\/strong><\/td><\/tr><tr><td>Unit\u00e9 M\u00e9thodologique UEM<\/td><td>1.Analyse de Donn\u00e9es Exp\u00e9rimentales en Biologie 1 <strong>(ADBE1)<\/strong><\/td><\/tr><tr><td>Unit\u00e9<strong> <\/strong>transversale UET<\/td><td>1. Anglais<\/td><\/tr><tr><td>2. Communication<\/td><\/tr><\/tbody><\/table><\/figure>\n\n\n\n<p>Semestre 2<\/p>\n\n\n\n<figure class=\"wp-block-table\"><table><tbody><tr><td><strong>Unit\u00e9<\/strong><\/td><td><strong>Mati\u00e8re<\/strong><\/td><\/tr><tr><td>Unit\u00e9 Fondamentale UEF1<\/td><td>1. Biologie Mol\u00e9culaire <strong>(BM)<\/strong><\/td><\/tr><tr><td>2. Structure et Fonctions&nbsp;&nbsp; des&nbsp;&nbsp; Prot\u00e9ines <strong>(SFP)<\/strong><\/td><\/tr><tr><td>Unit\u00e9 Fondamentale UEF2<\/td><td>1. Mol\u00e9cules&nbsp;&nbsp; Bioactives&nbsp;&nbsp; d\u2019Origine Eucaryote <strong>(MBOE)<\/strong><\/td><\/tr><tr><td>Unit\u00e9 M\u00e9thodologique UEM1<\/td><td>1. Analyse de Donn\u00e9es Exp\u00e9rimentales en Biologie 2 ( <strong>ADBE2)<\/strong><\/td><\/tr><tr><td>Unit\u00e9 M\u00e9thodologique UEM2<\/td><td>1. Mol\u00e9cules \u00e0 Int\u00e9r\u00eat Pharmaceutique <strong>(MIP)<\/strong><\/td><\/tr><tr><td>Unit\u00e9 de d\u00e9couverte DUE1<\/td><td>1. Pharmacodynamie et Cin\u00e9tique <strong>(PDC)<\/strong><\/td><\/tr><tr><td>2. Pharmaco-Technie <strong>(PT)<\/strong><\/td><\/tr><tr><td>Unit\u00e9<strong> <\/strong>transversale UET1<\/td><td>1. Cr\u00e9ation de Startup et Entreprenariat<strong> (CSGE)<\/strong><\/td><\/tr><\/tbody><\/table><\/figure>\n\n\n\n<p>Semestre 3<\/p>\n\n\n\n<figure class=\"wp-block-table\"><table><tbody><tr><td><strong>unit\u00e9<\/strong><\/td><td><strong>Mati\u00e8re<\/strong><strong><\/strong><\/td><\/tr><tr><td>Unit\u00e9 Fondamentale UEF1<\/td><td>1. G\u00e9nomique et Bioinformatique &nbsp;<strong>(GBI)<\/strong><\/td><\/tr><tr><td>2. Techniques d\u2019Analyse en Biologie Mol\u00e9culaire <strong>(TABM)<\/strong><\/td><\/tr><tr><td>Unit\u00e9 M\u00e9thodologique UEM1<\/td><td>1. Gestion de Laboratoires ( <strong>GL)<\/strong><\/td><\/tr><tr><td>2. Assurance et Qualit\u00e9 <strong>(HS)<\/strong><\/td><\/tr><tr><td>Unit\u00e9<strong> <\/strong>transversale UET1<\/td><td>1. R\u00e9daction et Analyse d\u2019Articles <strong>(RAA)<\/strong><\/td><\/tr><tr><td>Unit\u00e9<strong> <\/strong>transversale UET2<\/td><td>1. Aspects L\u00e9gislatifs de Contr\u00f4le de Qualit\u00e9<strong> (ALCQ)<\/strong><\/td><\/tr><\/tbody><\/table><\/figure>\n\n\n\n<p>Semestre 4<\/p>\n\n\n\n<p>Ce semestre est r\u00e9serv\u00e9 \u00e0 un stage ou \u00e0 un travail d\u2019initiation \u00e0 la recherche, sanctionn\u00e9s par un m\u00e9moire et une soutenance pr\u00e9sent\u00e9 en s\u00e9ance de s\u00e9minaires. Le m\u00e9moire est consid\u00e9r\u00e9 comme une unit\u00e9 fondamentale<\/p>\n\n\n\n<h1 class=\"has-medium-font-size wp-block-heading\">4.Autre<\/h1>\n\n\n\n<p>La formation d\u00e9livr\u00e9e dans le Master biochimie appliqu\u00e9e<strong> <\/strong>est organis\u00e9e pour que les \u00e9tudiants puissent acqu\u00e9rir les comp\u00e9tences th\u00e9oriques et exp\u00e9rimentales indispensables leur permettant de:<\/p>\n\n\n\n<ul class=\"wp-block-list\">\n<li>S\u2019int\u00e9grer dans les \u00e9quipes de recherche des universit\u00e9s et des centres de recherche travaillant en biochimie fondamentale et m\u00e9dicale.<\/li>\n\n\n\n<li>S\u2019orienter vers la recherche m\u00e9dicale ou dans les laboratoires d\u2019analyses m\u00e9dicales.\n<ul class=\"wp-block-list\">\n<li>Mener dans le secteur industriel des activit\u00e9s de recherche ou de d\u00e9veloppement : industrie pharmaceutique, biotechnologies, agrochimie, d\u00e9pollution, laboratoires d\u2019analyses m\u00e9dicales<\/li>\n<\/ul>\n<\/li>\n<\/ul>\n","protected":false},"excerpt":{"rendered":"<p>D\u00e9partement des Sciences de la Nature et de la Vie Master en Biochimie Appliqu\u00e9e \u00b7&nbsp;&nbsp;&nbsp;&nbsp;&nbsp; Domaine : Sciences de la Nature et de la Vie (SNV) \u00b7&nbsp;&nbsp;&nbsp;&nbsp;&nbsp; Fili\u00e8re : Sciences Biologiques \u00b7\u00a0\u00a0\u00a0\u00a0\u00a0 Sp\u00e9cialit\u00e9 : Biochimie Appliqu\u00e9e. 1.Description de la formation: L\u2019objectif de cette formation en master est d\u2019approfondir les connaissances de bases d\u00e9j\u00e0 acquises dans &hellip;<\/p>\n","protected":false},"author":1,"featured_media":0,"parent":0,"menu_order":0,"comment_status":"closed","ping_status":"closed","template":"","meta":{"footnotes":""},"class_list":["post-12780","page","type-page","status-publish","hentry"],"_links":{"self":[{"href":"https:\/\/www.univ-oeb.dz\/fsesnv\/wp-json\/wp\/v2\/pages\/12780","targetHints":{"allow":["GET"]}}],"collection":[{"href":"https:\/\/www.univ-oeb.dz\/fsesnv\/wp-json\/wp\/v2\/pages"}],"about":[{"href":"https:\/\/www.univ-oeb.dz\/fsesnv\/wp-json\/wp\/v2\/types\/page"}],"author":[{"embeddable":true,"href":"https:\/\/www.univ-oeb.dz\/fsesnv\/wp-json\/wp\/v2\/users\/1"}],"replies":[{"embeddable":true,"href":"https:\/\/www.univ-oeb.dz\/fsesnv\/wp-json\/wp\/v2\/comments?post=12780"}],"version-history":[{"count":0,"href":"https:\/\/www.univ-oeb.dz\/fsesnv\/wp-json\/wp\/v2\/pages\/12780\/revisions"}],"wp:attachment":[{"href":"https:\/\/www.univ-oeb.dz\/fsesnv\/wp-json\/wp\/v2\/media?parent=12780"}],"curies":[{"name":"wp","href":"https:\/\/api.w.org\/{rel}","templated":true}]}}