{"id":12761,"date":"2023-10-09T20:43:41","date_gmt":"2023-10-09T19:43:41","guid":{"rendered":"http:\/\/www.univ-oeb.dz\/fsesnv\/?page_id=12761"},"modified":"2023-10-09T20:43:41","modified_gmt":"2023-10-09T19:43:41","slug":"nom-du-programme-master-parasitologie","status":"publish","type":"page","link":"https:\/\/www.univ-oeb.dz\/fsesnv\/nom-du-programme-master-parasitologie\/","title":{"rendered":"Nom du programme Master parasitologie"},"content":{"rendered":"\n<p class=\"has-medium-font-size\"><strong>D\u00e9partement Sciences de la nature et de la vie<\/strong><strong><\/strong><\/p>\n\n\n\n<p class=\"has-text-align-center has-pale-cyan-blue-background-color has-background\"><strong>Nom du programme: Master parasitologie<\/strong><strong><\/strong><\/p>\n\n\n\n<ul class=\"wp-block-list\">\n<li><strong>Niveau: Master<\/strong><\/li>\n\n\n\n<li><strong>Domaine: <\/strong><strong>Sciences de la nature et de la vie<\/strong><strong><\/strong><\/li>\n\n\n\n<li><strong>Fili\u00e8re: <\/strong><strong>Sciences Biologiques<\/strong><strong><\/strong><\/li>\n\n\n\n<li><strong>Sp\u00e9cialit\u00e9: Parasitologie<\/strong><\/li>\n<\/ul>\n\n\n\n<p><strong>Description du<\/strong> &nbsp;<strong>Programme :<\/strong> Les objectifs vis\u00e9s &nbsp;par cette formation sont :<\/p>\n\n\n\n<ol class=\"wp-block-list\" type=\"1\">\n<li>L\u2019am\u00e9lioration du d\u00e9partement SNV de l&rsquo;universit\u00e9 d\u2019Oum ElBouaghi par l&rsquo;ouverture de nouvelles sp\u00e9cialit\u00e9s<strong><\/strong><\/li>\n\n\n\n<li>Les \u00e9tudiants issus de cette sp\u00e9cialit\u00e9 doivent trouver un parcours pour poursuivre leurs \u00e9tudes sup\u00e9rieures en master.<\/li>\n\n\n\n<li>La ma\u00eetrise pratique des techniques de laboratoire en parasitologie qui permettant le diagnostiques et l\u2019identification des maladies parasitaires chez l\u2019homme et les animaux \u00e0 la fois.<strong><\/strong><\/li>\n\n\n\n<li>Apporter aux \u00e9tudiants des connaissances th\u00e9oriques suffisantes sur la relation h\u00f4te\u2013parasites\u2013vecteurs et les modalit\u00e9s de lutte face aux vecteurs biologiques ainsi les m\u00e9thodes prophylactiques contre les diff\u00e9rentes parasitoses.<\/li>\n\n\n\n<li>Ce parcours a pour objectif la formation des \u00e9tudiants et des cadres qui auront en charge la lutte contre les maladies parasitaires, qu\u2019elles soient humaines ou animales, Passent par une connaissance approfondie sur les diff\u00e9rentes classes taxonomique des parasites, leur r\u00e9partition g\u00e9ographique, leurs voies de transmissions.<\/li>\n<\/ol>\n\n\n\n<p><strong>2.Connaissances n\u00e9cessaires<\/strong><strong><\/strong><\/p>\n\n\n\n<p>Entr\u00e9e sur titre en M1 pour les titulaires de licence :<\/p>\n\n\n\n<ol class=\"wp-block-list\" type=\"a\">\n<li>Parasitologie<ol><li>Microbiologie.<\/li><\/ol><ol><li>Biochimie.<\/li><\/ol><ol><li>V\u00e9t\u00e9rinaire<\/li><\/ol>\n<ol class=\"wp-block-list\">\n<li>Biologie animale<\/li>\n<\/ol>\n<\/li>\n<\/ol>\n\n\n\n<!--nextpage-->\n\n\n\n<p><strong>3.Programme &nbsp;des unit\u00e9s d\u2019enseignement<\/strong><strong><\/strong><\/p>\n\n\n\n<ol class=\"wp-block-list\" type=\"1\">\n<li><strong>Semestre 1 :<\/strong><\/li>\n<\/ol>\n\n\n\n<p><strong>UE fondamentales<\/strong><strong><\/strong><\/p>\n\n\n\n<p><strong>UEF1(O\/P)<\/strong><strong><\/strong><\/p>\n\n\n\n<p><strong>Mati\u00e8re 1 : Parasitologie g\u00e9n\u00e9rale (partie 1)<\/strong><strong><\/strong><\/p>\n\n\n\n<p><strong>Mati\u00e8re2 : Zootaxie parasitaires<\/strong><strong><\/strong><\/p>\n\n\n\n<p><strong>UEF2(O\/P)<\/strong><strong><\/strong><\/p>\n\n\n\n<p><strong>Mati\u00e8re 1 : Eco-Biologie des vecteurs de parasites<\/strong><strong><\/strong><\/p>\n\n\n\n<p><strong>UE m\u00e9thodologie<\/strong><strong><\/strong><\/p>\n\n\n\n<p><strong>UEM1(O\/P)<\/strong><strong><\/strong><\/p>\n\n\n\n<p><strong>Mati\u00e8re 1 : M\u00e9thode de diagnostic des parasitoses humaines et animales<\/strong><strong><\/strong><\/p>\n\n\n\n<p><strong>Mati\u00e8re 2 : Outils et techniques de biologie mol\u00e9culaire<\/strong><strong><\/strong><\/p>\n\n\n\n<p><strong>UE d\u00e9couverte<\/strong><strong><\/strong><\/p>\n\n\n\n<p>UED1(O\/P)<strong><\/strong><\/p>\n\n\n\n<p>Mati\u00e8re 1 : Anglais scientifique<\/p>\n\n\n\n<p>UE transversale<\/p>\n\n\n\n<p>UET1(O\/P)<\/p>\n\n\n\n<p>Mati\u00e8re 1 : Communication<\/p>\n\n\n\n<p><strong>2-Semestre 2<\/strong><strong><\/strong><\/p>\n\n\n\n<p>UE fondamentales<\/p>\n\n\n\n<p>UEF1(O\/P)<\/p>\n\n\n\n<p>Mati\u00e8re 1 : Parasitologie g\u00e9n\u00e9rale (Partie. II)<\/p>\n\n\n\n<p>Mati\u00e8re2 : Pathologies parasitaires humaines et animales<\/p>\n\n\n\n<p>UEF2(O\/P)<\/p>\n\n\n\n<p>Mati\u00e8re 1 : Parasites des abeilles&nbsp; et des poissons<\/p>\n\n\n\n<p>UE m\u00e9thodologie<\/p>\n\n\n\n<p>UEM1(O\/P)<\/p>\n\n\n\n<p>Mati\u00e8re 1 : Biostatistiques<\/p>\n\n\n\n<p>UEM2(O\/P)<\/p>\n\n\n\n<p>Mati\u00e8re 1 : Techniques&nbsp; d\u2019\u00e9chantillonnage<\/p>\n\n\n\n<p>UE d\u00e9couverte<\/p>\n\n\n\n<p>UED1(O\/P)<\/p>\n\n\n\n<p>Mati\u00e8re 1 : M\u00e9thodologie en exp\u00e9rimentation animale<\/p>\n\n\n\n<p>UE transversales<\/p>\n\n\n\n<p>UET1(O\/P)<\/p>\n\n\n\n<p>Mati\u00e8re 1 : L\u00e9gislation<\/p>\n\n\n\n<!--nextpage-->\n\n\n\n<p><strong>3-Semestre 3 :<\/strong><\/p>\n\n\n\n<p>Unit\u00e9 d\u2019Enseignement<\/p>\n\n\n\n<p>UE fondamentales<\/p>\n\n\n\n<p>UEF1(O\/P)<\/p>\n\n\n\n<p>Mati\u00e8re 1 : Epid\u00e9miologie des parasitoses dans le monde<\/p>\n\n\n\n<p>Mati\u00e8re2 : Prophylaxie et contr\u00f4le des parasitoses<\/p>\n\n\n\n<p>UEF2 (O\/P)<\/p>\n\n\n\n<p>Mati\u00e8re 1 :&nbsp; Zoonoses<\/p>\n\n\n\n<p>UE m\u00e9thodologie<\/p>\n\n\n\n<p>UEM1(O\/P)<\/p>\n\n\n\n<p>Mati\u00e8re 1 : Lutte anti vectorielle<\/p>\n\n\n\n<p>UEM2 (O\/P)<\/p>\n\n\n\n<p>Mati\u00e8re 2 : M\u00e9thodes de lutte contre les parasitoses&nbsp;&nbsp;&nbsp;&nbsp;&nbsp;&nbsp;&nbsp;&nbsp;&nbsp;<\/p>\n\n\n\n<p>UE d\u00e9couverte<\/p>\n\n\n\n<p>UED1(O\/P)<\/p>\n\n\n\n<p>Mati\u00e8re 1: Analyse bibliographique et article&nbsp; scientifique<\/p>\n\n\n\n<p>UE transversales<\/p>\n\n\n\n<p>UET1 (O\/P)<strong><\/strong><\/p>\n\n\n\n<p>Mati\u00e8re 1 : Entreprenariat<\/p>\n\n\n\n<p><strong>4-&nbsp;&nbsp;&nbsp;&nbsp;&nbsp;&nbsp;&nbsp;&nbsp; Semestre 4 :<\/strong><strong><\/strong><\/p>\n\n\n\n<p><strong>Stage en entreprise sanctionn\u00e9 par un m\u00e9moire et une soutenance.<\/strong><\/p>\n\n\n\n<p><strong>Autres<\/strong><\/p>\n","protected":false},"excerpt":{"rendered":"<p>D\u00e9partement Sciences de la nature et de la vie Nom du programme: Master parasitologie Niveau: Master Domaine: Sciences de la nature et de la vie Fili\u00e8re: Sciences Biologiques Sp\u00e9cialit\u00e9: Parasitologie Description du &nbsp;Programme : Les objectifs vis\u00e9s &nbsp;par cette formation sont : L\u2019am\u00e9lioration du d\u00e9partement SNV de l&rsquo;universit\u00e9 d\u2019Oum ElBouaghi par l&rsquo;ouverture de nouvelles sp\u00e9cialit\u00e9s &hellip;<\/p>\n","protected":false},"author":1,"featured_media":0,"parent":0,"menu_order":0,"comment_status":"closed","ping_status":"closed","template":"","meta":{"footnotes":""},"class_list":["post-12761","page","type-page","status-publish","hentry"],"_links":{"self":[{"href":"https:\/\/www.univ-oeb.dz\/fsesnv\/wp-json\/wp\/v2\/pages\/12761","targetHints":{"allow":["GET"]}}],"collection":[{"href":"https:\/\/www.univ-oeb.dz\/fsesnv\/wp-json\/wp\/v2\/pages"}],"about":[{"href":"https:\/\/www.univ-oeb.dz\/fsesnv\/wp-json\/wp\/v2\/types\/page"}],"author":[{"embeddable":true,"href":"https:\/\/www.univ-oeb.dz\/fsesnv\/wp-json\/wp\/v2\/users\/1"}],"replies":[{"embeddable":true,"href":"https:\/\/www.univ-oeb.dz\/fsesnv\/wp-json\/wp\/v2\/comments?post=12761"}],"version-history":[{"count":0,"href":"https:\/\/www.univ-oeb.dz\/fsesnv\/wp-json\/wp\/v2\/pages\/12761\/revisions"}],"wp:attachment":[{"href":"https:\/\/www.univ-oeb.dz\/fsesnv\/wp-json\/wp\/v2\/media?parent=12761"}],"curies":[{"name":"wp","href":"https:\/\/api.w.org\/{rel}","templated":true}]}}