{"id":12734,"date":"2023-10-09T20:28:06","date_gmt":"2023-10-09T19:28:06","guid":{"rendered":"http:\/\/www.univ-oeb.dz\/fsesnv\/?page_id=12734"},"modified":"2023-10-09T20:28:07","modified_gmt":"2023-10-09T19:28:07","slug":"master-i-genetique-moleculaire-et-cellulaire-du-vivant","status":"publish","type":"page","link":"https:\/\/www.univ-oeb.dz\/fsesnv\/master-i-genetique-moleculaire-et-cellulaire-du-vivant\/","title":{"rendered":"Master I G\u00e9n\u00e9tique mol\u00e9culaire et cellulaire du vivant"},"content":{"rendered":"\n<p><strong>D\u00e9partement Sciences de la nature et de la vie<\/strong><strong><\/strong><\/p>\n\n\n\n<p><strong>Nom du programme: Master I G\u00e9n\u00e9tique mol\u00e9culaire et cellulaire du vivant<\/strong><strong><\/strong><\/p>\n\n\n\n<ul class=\"wp-block-list\">\n<li><strong>Niveau: Master<\/strong><\/li>\n\n\n\n<li><strong>Domaine: Sciences de la nature et de la vie<\/strong><\/li>\n\n\n\n<li><strong>Fili\u00e8re: Sciences biologique<\/strong><\/li>\n\n\n\n<li><strong>Sp\u00e9cialit\u00e9: g\u00e9n\u00e9tique mol\u00e9culaire et cellulaire du vivant<\/strong><\/li>\n\n\n\n<li><strong>Description du<\/strong> &nbsp;<strong>Programme :<\/strong><\/li>\n<\/ul>\n\n\n\n<p>La biologie mol\u00e9culaire et cellulaire r\u00e9unit les connaissances essentielles de base de la g\u00e9n\u00e9tique&nbsp; mol\u00e9culaire et cellulaire. L\u2019objectif principal de cette formation consiste \u00e0 l\u2019\u00e9tude des m\u00e9canismes cellulaire ainsi que l\u2019\u00e9tude du g\u00e8ne, g\u00e9nome, la r\u00e9gulation de l\u2019expression g\u00e9nique et les techniques mol\u00e9culaire et de m\u00e9thodologies sont \u00e9galement expos\u00e9s&nbsp; du fait des avanc\u00e9es&nbsp; technologiques de l\u2019acc\u00e8s plus g\u00e9n\u00e9ralis\u00e9 \u00e0 un certain nombre d\u2019entre elles. Afin de r\u00e9pondre aux multiples besoins tant sur le plan recherche fondamentale et appliqu\u00e9e que sur le plan formation, il est devenu n\u00e9cessaire d&rsquo;entreprendre de d\u00e9velopper la recherche en biologie mol\u00e9culaire appliqu\u00e9e \u00e0 l\u2019\u00e9tude des pathologies g\u00e9n\u00e9tiques et m\u00e9taboliques. Dans une perspective de d\u00e9veloppement \u00e0 cours terme et afin d&rsquo;offrir aux \u00e9tudiants une formation diversifi\u00e9e et d&rsquo;actualit\u00e9 nous proposons l&rsquo;ouverture d&rsquo;un master de Biologie Mol\u00e9culaire et Cellulaire. Par ailleurs cette formation s\u2019appuie sur un fort potentiel d&rsquo;enseignants sp\u00e9cialis\u00e9s dans ces domaines .<\/p>\n\n\n\n<p>L\u2019obtention du grade de Master sp\u00e9cialit\u00e9 \u00ab Biologie Mol\u00e9culaire et Cellulaire \u00bb permet d\u2019acc\u00e9der \u00e0 la pr\u00e9paration d\u2019un doctorat d\u2019Universit\u00e9. &#8211; Pr\u00e9paration aux m\u00e9tiers de l\u2019enseignement sup\u00e9rieur. &#8211; Carri\u00e8res de chercheurs et enseignants-chercheurs sp\u00e9cialis\u00e9s en recherche biologique. &#8211; La formation doit aussi permettre l\u2019acquisition des pr\u00e9s -requis pour l\u2019accession aux concours ouverts par le minist\u00e8re dans le corps d\u2019ing\u00e9nieurs et techniciens de recherche dans les laboratoires universitaires et hospitalouniversitaires, ou aux postes de cadres dans les organismes nationaux de recherche.<\/p>\n\n\n\n<ul class=\"wp-block-list\">\n<li><strong>Connaissances n\u00e9cessaires<\/strong><strong><\/strong><\/li>\n<\/ul>\n\n\n\n<p>Cette formation n\u00e9cessite des connaissances de base acquises en chimie, en biochimie structurale et biologie cellulaire.<strong> <\/strong><strong><\/strong><\/p>\n\n\n\n<p>&#8211; Comprendre les concepts et les approches de la g\u00e9n\u00e9tique classique et moderne.<\/p>\n\n\n\n<p>&#8211; Comprendre \u00a0la manipulation de l\u2019outil informatique<\/p>\n\n\n\n<!--nextpage-->\n\n\n\n<ul class=\"wp-block-list\">\n<li><strong>Programme &nbsp;des unit\u00e9s d\u2019enseignement<\/strong><strong><\/strong><\/li>\n<\/ul>\n\n\n\n<p><strong>Sem\u00e8stre 1&nbsp;: <\/strong><strong><\/strong><\/p>\n\n\n\n<p><em>UE fondamentales&nbsp; <\/em><em><\/em><\/p>\n\n\n\n<p>&nbsp;&nbsp;&nbsp;&nbsp;&nbsp;&nbsp; UEF1(O\/P)&nbsp;&nbsp;&nbsp;&nbsp;&nbsp;&nbsp;&nbsp;&nbsp;&nbsp;&nbsp;&nbsp;&nbsp;&nbsp;&nbsp;&nbsp;<\/p>\n\n\n\n<p>Mati\u00e8re 1 Biologie mol\u00e9culaire<\/p>\n\n\n\n<p>Mati\u00e8re 2 Physiologie cellulaire et mol\u00e9culaire<\/p>\n\n\n\n<p>&nbsp;&nbsp;&nbsp;&nbsp;&nbsp;&nbsp; UEF2(O\/P)<\/p>\n\n\n\n<p>Mati\u00e8re 1 G\u00e8ne et r\u00e9gulation&nbsp;<\/p>\n\n\n\n<p><em>UE m\u00e9thodologie&nbsp; <\/em><em><\/em><\/p>\n\n\n\n<p>&nbsp;&nbsp;&nbsp;&nbsp;&nbsp;&nbsp; UEM1(O\/P)<\/p>\n\n\n\n<p>Mati\u00e8re 1 La culture cellulaire&nbsp;&nbsp;&nbsp;&nbsp;<\/p>\n\n\n\n<p>Mati\u00e8re 2 Immunog\u00e9n\u00e9tique<\/p>\n\n\n\n<p>UE d\u00e9couverte<\/p>\n\n\n\n<p>&nbsp;&nbsp;&nbsp;&nbsp;&nbsp;&nbsp;&nbsp; UED1(O\/P)&nbsp;<\/p>\n\n\n\n<p>Mati\u00e8re 1 Pharmacog\u00e9n\u00e9tique<\/p>\n\n\n\n<p><em>&nbsp;UE transversales &nbsp;<\/em><em><\/em><\/p>\n\n\n\n<p>&nbsp;&nbsp;&nbsp;&nbsp;&nbsp;&nbsp;&nbsp; UET1(O\/P)&nbsp;&nbsp;&nbsp;&nbsp;&nbsp;&nbsp;&nbsp;&nbsp;&nbsp;&nbsp;&nbsp;&nbsp;&nbsp;&nbsp;&nbsp;<\/p>\n\n\n\n<p>Mati\u00e8re 1 Communication<\/p>\n\n\n\n<p><strong>Semestre 2 :<\/strong><strong><\/strong><\/p>\n\n\n\n<p><em>UE fondamentales <\/em><em><\/em><\/p>\n\n\n\n<p>&nbsp;&nbsp;&nbsp;&nbsp;&nbsp;&nbsp;&nbsp; UEF1(O\/P)&nbsp;&nbsp;&nbsp;&nbsp;&nbsp;&nbsp;&nbsp;&nbsp;&nbsp;&nbsp;&nbsp;&nbsp;&nbsp;&nbsp;&nbsp;<\/p>\n\n\n\n<p>Mati\u00e8re 1 G\u00e9nomique et Bioinformatique<\/p>\n\n\n\n<p>Mati\u00e8re 2 G\u00e9nie g\u00e9n\u00e9tique<\/p>\n\n\n\n<p>&nbsp;&nbsp;&nbsp;&nbsp;&nbsp;&nbsp;&nbsp; UEF2(O\/P)<\/p>\n\n\n\n<p>&nbsp;Mati\u00e8re 1 Aspect mol\u00e9culaire et cellulaire du d\u00e9veloppement<\/p>\n\n\n\n<p><em>UE m\u00e9thodologie&nbsp;&nbsp;&nbsp;&nbsp;&nbsp;&nbsp; <\/em><em><\/em><\/p>\n\n\n\n<p>&nbsp;&nbsp;&nbsp;&nbsp;&nbsp;&nbsp;&nbsp; UEM1(O\/P)&nbsp;&nbsp;&nbsp;&nbsp;&nbsp;&nbsp;&nbsp;&nbsp;&nbsp;&nbsp;&nbsp;&nbsp;&nbsp;&nbsp;<\/p>\n\n\n\n<p>Mati\u00e8re 1 G\u00e9n\u00e9tique des populations<\/p>\n\n\n\n<p>Mati\u00e8re 2 Biostatistique<\/p>\n\n\n\n<p><em>UE d\u00e9couverte&nbsp;&nbsp;&nbsp;&nbsp;&nbsp;&nbsp;&nbsp; <\/em><em><\/em><\/p>\n\n\n\n<p>&nbsp;&nbsp;&nbsp;&nbsp;&nbsp;&nbsp;&nbsp;&nbsp; UED1(O\/P)&nbsp;&nbsp;&nbsp;&nbsp;&nbsp;&nbsp;&nbsp;&nbsp;&nbsp;<\/p>\n\n\n\n<p>Mati\u00e8re 1 La th\u00e9rapie g\u00e9nique et cellulaire<\/p>\n\n\n\n<p><em>UE transversales&nbsp;&nbsp;&nbsp;&nbsp;&nbsp;&nbsp; <\/em><em><\/em><\/p>\n\n\n\n<p>&nbsp;&nbsp;&nbsp;&nbsp;&nbsp;&nbsp;&nbsp;&nbsp; &nbsp;UET1(O\/P)&nbsp;&nbsp;&nbsp;&nbsp;&nbsp;&nbsp;&nbsp;&nbsp;&nbsp;&nbsp;&nbsp;&nbsp;&nbsp;&nbsp;<\/p>\n\n\n\n<p>Mati\u00e8re 1 Entreprenariat<\/p>\n\n\n\n<!--nextpage-->\n\n\n\n<p><strong>Semestre 3&nbsp;:&nbsp; <\/strong><strong><\/strong><\/p>\n\n\n\n<p><em>UE fondamentales&nbsp; <\/em><em><\/em><\/p>\n\n\n\n<p>UEF1(O\/P)&nbsp;&nbsp;&nbsp;&nbsp;&nbsp;&nbsp;&nbsp;&nbsp;&nbsp;&nbsp;&nbsp;&nbsp;&nbsp;&nbsp;&nbsp;<\/p>\n\n\n\n<p>G\u00e9n\u00e9tique humaine<\/p>\n\n\n\n<p>Cytog\u00e9n\u00e9tique&nbsp;<\/p>\n\n\n\n<p>UEF2(O\/P)&nbsp;&nbsp;&nbsp;&nbsp;&nbsp;&nbsp;&nbsp;&nbsp;&nbsp;&nbsp;&nbsp;&nbsp;&nbsp;&nbsp;&nbsp;<\/p>\n\n\n\n<p>Oncog\u00e9n\u00e9tique&nbsp;<\/p>\n\n\n\n<p><em>UE m\u00e9thodologie&nbsp; <\/em><em><\/em><\/p>\n\n\n\n<p>UEM1(O\/P)&nbsp;&nbsp;&nbsp;&nbsp;&nbsp;&nbsp;&nbsp;&nbsp;&nbsp;&nbsp;&nbsp;&nbsp;&nbsp;&nbsp;&nbsp;<\/p>\n\n\n\n<p>Technique de l\u2019ADN recombinant&nbsp;<\/p>\n\n\n\n<p>Analyse des donn\u00e9es exp\u00e9rimentales en biologie<\/p>\n\n\n\n<p><em>UE d\u00e9couverte&nbsp;&nbsp;&nbsp;&nbsp;&nbsp;&nbsp;&nbsp; <\/em><em><\/em><\/p>\n\n\n\n<p>UED1(O\/P)&nbsp;&nbsp;&nbsp;&nbsp;&nbsp;<\/p>\n\n\n\n<p>Analyse d\u2019articles<\/p>\n\n\n\n<p>&nbsp;<em>UE transversales&nbsp;&nbsp;&nbsp;&nbsp;&nbsp;&nbsp;&nbsp; <\/em><em><\/em><\/p>\n\n\n\n<p>UET1(O\/P) &nbsp;&nbsp;&nbsp;&nbsp;&nbsp;<\/p>\n\n\n\n<p>L\u00e9gislation&nbsp;&nbsp;<\/p>\n\n\n\n<ul class=\"wp-block-list\">\n<li><strong>Potentialit\u00e9s r\u00e9gionales et nationales d\u2019employabilit\u00e9 des dipl\u00f4m\u00e9s<\/strong><\/li>\n<\/ul>\n\n\n\n<p>Recherche dans les laboratoires universitaires, hospitalo-universitaires ou priv\u00e9s sp\u00e9cialis\u00e9s&nbsp;&nbsp; Enseignement sup\u00e9rieur (dans les diff\u00e9rentes universit\u00e9s alg\u00e9riennes)<\/p>\n","protected":false},"excerpt":{"rendered":"<p>D\u00e9partement Sciences de la nature et de la vie Nom du programme: Master I G\u00e9n\u00e9tique mol\u00e9culaire et cellulaire du vivant Niveau: Master Domaine: Sciences de la nature et de la vie Fili\u00e8re: Sciences biologique Sp\u00e9cialit\u00e9: g\u00e9n\u00e9tique mol\u00e9culaire et cellulaire du vivant Description du &nbsp;Programme : La biologie mol\u00e9culaire et cellulaire r\u00e9unit les connaissances essentielles de &hellip;<\/p>\n","protected":false},"author":1,"featured_media":0,"parent":0,"menu_order":0,"comment_status":"closed","ping_status":"closed","template":"","meta":{"footnotes":""},"class_list":["post-12734","page","type-page","status-publish","hentry"],"_links":{"self":[{"href":"https:\/\/www.univ-oeb.dz\/fsesnv\/wp-json\/wp\/v2\/pages\/12734","targetHints":{"allow":["GET"]}}],"collection":[{"href":"https:\/\/www.univ-oeb.dz\/fsesnv\/wp-json\/wp\/v2\/pages"}],"about":[{"href":"https:\/\/www.univ-oeb.dz\/fsesnv\/wp-json\/wp\/v2\/types\/page"}],"author":[{"embeddable":true,"href":"https:\/\/www.univ-oeb.dz\/fsesnv\/wp-json\/wp\/v2\/users\/1"}],"replies":[{"embeddable":true,"href":"https:\/\/www.univ-oeb.dz\/fsesnv\/wp-json\/wp\/v2\/comments?post=12734"}],"version-history":[{"count":0,"href":"https:\/\/www.univ-oeb.dz\/fsesnv\/wp-json\/wp\/v2\/pages\/12734\/revisions"}],"wp:attachment":[{"href":"https:\/\/www.univ-oeb.dz\/fsesnv\/wp-json\/wp\/v2\/media?parent=12734"}],"curies":[{"name":"wp","href":"https:\/\/api.w.org\/{rel}","templated":true}]}}