{"id":1045,"date":"2023-01-09T15:46:13","date_gmt":"2023-01-09T12:46:13","guid":{"rendered":"http:\/\/www.univ-oeb.dz\/fsesnv\/?page_id=1045"},"modified":"2024-12-23T09:36:55","modified_gmt":"2024-12-23T08:36:55","slug":"%d8%b9%d9%85%d8%a7%d8%af%d8%a9-%d8%a7%d9%84%d9%83%d9%84%d9%8a%d8%a9","status":"publish","type":"page","link":"https:\/\/www.univ-oeb.dz\/fsesnv\/%d8%b9%d9%85%d8%a7%d8%af%d8%a9-%d8%a7%d9%84%d9%83%d9%84%d9%8a%d8%a9\/","title":{"rendered":"\u0639\u0645\u0627\u062f\u0629 \u0627\u0644\u0643\u0644\u064a\u0629"},"content":{"rendered":"\n<p class=\"has-text-align-right has-vivid-green-cyan-color has-text-color has-link-color has-large-font-size wp-elements-19efd5d87b414df3a73de8b3e1e16483\"><strong>\u0639\u0645\u064a\u062f \u0627\u0644\u0643\u0644\u064a\u0629<\/strong><\/p>\n\n\n<div class=\"wp-block-image is-style-rounded\">\n<figure class=\"aligncenter size-medium\"><img fetchpriority=\"high\" decoding=\"async\" width=\"270\" height=\"300\" src=\"https:\/\/www.univ-oeb.dz\/fsesnv\/wp-content\/uploads\/2023\/11\/375259210_273086718911591_8557103721137691792_n-270x300.jpg\" alt=\"\" class=\"wp-image-13078\" style=\"object-fit:cover\" srcset=\"https:\/\/www.univ-oeb.dz\/fsesnv\/wp-content\/uploads\/2023\/11\/375259210_273086718911591_8557103721137691792_n-270x300.jpg 270w, https:\/\/www.univ-oeb.dz\/fsesnv\/wp-content\/uploads\/2023\/11\/375259210_273086718911591_8557103721137691792_n-922x1024.jpg 922w, https:\/\/www.univ-oeb.dz\/fsesnv\/wp-content\/uploads\/2023\/11\/375259210_273086718911591_8557103721137691792_n-768x853.jpg 768w, https:\/\/www.univ-oeb.dz\/fsesnv\/wp-content\/uploads\/2023\/11\/375259210_273086718911591_8557103721137691792_n.jpg 1080w\" sizes=\"(max-width: 270px) 100vw, 270px\" \/><\/figure><\/div>\n\n\n<p class=\"has-text-align-center\"><strong>\u0627\u0644\u0627\u0633\u0645 \u0627\u0644\u0643\u0627\u0645\u0644<\/strong> : \u0623\u0648\u0635\u064a\u0641 \u062a\u0642\u064a \u0627\u0644\u062f\u064a\u0646<br><strong>\u0631\u0642\u0645 \u0627\u0644\u0647\u0627\u062a\u0641\/\u0627\u0644\u0641\u0627\u0643\u0633 :<\/strong> <strong>032563345<\/strong><br><strong>\u0627\u0644\u0628\u0631\u064a\u062f \u0627\u0644\u0625\u0644\u0643\u062a\u0631\u0648\u0646\u064a :<\/strong><a href=\"mailto:dean.fsesnv@univ-oeb.dz\" target=\"_blank\" rel=\"noreferrer noopener\">dean.fsesnv@univ-oeb.dz<\/a><\/p>\n\n\n\n<p class=\"has-vivid-green-cyan-color has-text-color has-link-color has-medium-font-size wp-elements-99978b9d64551ccf65d2c950cb6fc4a0\"><strong>\u0627\u0644\u0645\u0633\u0627\u0631 \u0627\u0644\u0623\u0643\u0627\u062f\u064a\u0645\u064a<\/strong><\/p>\n\n\n\n<hr class=\"wp-block-separator aligncenter has-text-color has-vivid-green-cyan-color has-alpha-channel-opacity has-vivid-green-cyan-background-color has-background is-style-dots\"\/>\n\n\n\n<div class=\"wp-block-cp-timeline-content-timeline Cool-Content-Timeline\"><div class=\"cool-timeline-block-aa4dd9c2-4a13-4dec-9444-3c67734abb73\"><style>.cool-timeline-block-aa4dd9c2-4a13-4dec-9444-3c67734abb73 .cool-vertical-timeline-body{--ctlb-content-alignment: center;--ctlb-icon-color: #00bf80;--ctlb-heading-color: #00bf80;--ctlb-line-color: #00bf80;--ctlb-icon-bg: #00bf80;--ctlb-story-border-color: #00bf80;}<\/style><div class=\"cool-vertical-timeline-body ctlb-wrapper both-sided left\"><div class=\"cool-timeline-block-list\">\n<div class=\"wp-block-cp-timeline-content-timeline-child swiper-slide\"><div class=\"timeline-content icon-false \"><div class=\"timeline-block-timeline ctl-row  position-left\"><div class=\"ctl-6 timeline-block-time\"><\/div><div class=\"timeline-block-icon\"><svg stroke=\"currentColor\" fill=\"currentColor\" stroke-width=\"0\" viewBox=\"0 0 512 512\" height=\"1em\" width=\"1em\" xmlns=\"http:\/\/www.w3.org\/2000\/svg\"><path d=\"M256 8C119 8 8 119 8 256s111 248 248 248 248-111 248-248S393 8 256 8z\"><\/path><\/svg><\/div><div class=\"ctl-6 timeline-block-detail\"><div class=\"story-details\"><div class=\"story-content\">\n<h3 class=\"wp-block-heading ctlb-block-title\" style=\"padding-top:0px;padding-right:0px;padding-bottom:0px;padding-left:0px\">\u0623\u0633\u062a\u0627\u0630 \u0627\u0644\u062a\u0639\u0644\u064a\u0645 \u0627\u0644\u0639\u0627\u0644\u064a<\/h3>\n\n\n\n<p class=\"ctlb-block-desc\" style=\"padding-top:0px;padding-right:0px;padding-bottom:0px;padding-left:0px\">\u0623\u0633\u062a\u0627\u0630 \u0645\u062d\u0627\u0636\u0631 \u0642\u0633\u0645 \u0623 \u062c\u0627\u0645\u0639\u0629 \u0623\u0645 \u0627\u0644\u0628\u0648\u0627\u0642\u064a \u0627\u0644\u062c\u0632\u0627\u0626\u0631 \u0643\u0644\u064a\u0629 \u0627\u0644\u0639\u0644\u0648\u0645 \u0627\u0644\u062f\u0642\u064a\u0642\u0629 \u0648\u0639\u0644\u0648\u0645 \u0627\u0644\u0637\u0628\u064a\u0639\u0629 \u0648\u0627\u0644\u062d\u064a\u0627\u0629<\/p>\n<\/div><\/div><\/div><\/div><\/div><\/div>\n\n\n\n<div class=\"wp-block-cp-timeline-content-timeline-child swiper-slide\"><div class=\"timeline-content icon-false \"><div class=\"timeline-block-timeline ctl-row  position-right\"><div class=\"ctl-6 timeline-block-time\"><div class=\"story-time\"><p>18 \u0641\u064a\u0641\u0631\u064a 2020<\/p><\/div><\/div><div class=\"timeline-block-icon\"><svg stroke=\"currentColor\" fill=\"currentColor\" stroke-width=\"0\" viewBox=\"0 0 512 512\" height=\"1em\" width=\"1em\" xmlns=\"http:\/\/www.w3.org\/2000\/svg\"><path d=\"M256 8C119 8 8 119 8 256s111 248 248 248 248-111 248-248S393 8 256 8z\"><\/path><\/svg><\/div><div class=\"ctl-6 timeline-block-detail\"><div class=\"story-details\"><div class=\"story-content\">\n<h3 class=\"wp-block-heading ctlb-block-title\" style=\"padding-top:0px;padding-right:0px;padding-bottom:0px;padding-left:0px\">\u0634\u0647\u0627\u062f\u0629 \u0627\u0644\u062a\u0623\u0647\u064a\u0644 \u0627\u0644\u062c\u0627\u0645\u0639\u064a \u0641\u064a \u0627\u0644\u0631\u064a\u0627\u0636\u064a\u0627\u062a<\/h3>\n\n\n\n<p class=\"ctlb-block-desc\" style=\"padding-top:0px;padding-right:0px;padding-bottom:0px;padding-left:0px\">\u0634\u0647\u0627\u062f\u0629 \u0627\u0644\u062a\u0623\u0647\u064a\u0644 \u0627\u0644\u062c\u0627\u0645\u0639\u064a 18 \u0641\u064a\u0641\u0631\u064a 2020<\/p>\n<\/div><\/div><\/div><\/div><\/div><\/div>\n\n\n\n<div class=\"wp-block-cp-timeline-content-timeline-child swiper-slide\"><div class=\"timeline-content icon-false \"><div class=\"timeline-block-timeline ctl-row  position-left\"><div class=\"ctl-6 timeline-block-time\"><div class=\"story-time\"><p>2011-2015<\/p><\/div><\/div><div class=\"timeline-block-icon\"><svg stroke=\"currentColor\" fill=\"currentColor\" stroke-width=\"0\" viewBox=\"0 0 512 512\" height=\"1em\" width=\"1em\" xmlns=\"http:\/\/www.w3.org\/2000\/svg\"><path d=\"M256 8C119 8 8 119 8 256s111 248 248 248 248-111 248-248S393 8 256 8z\"><\/path><\/svg><\/div><div class=\"ctl-6 timeline-block-detail\"><div class=\"story-details\"><div class=\"story-content\">\n<h3 class=\"wp-block-heading ctlb-block-title\" style=\"padding-top:0px;padding-right:0px;padding-bottom:0px;padding-left:0px\">\u0634\u0647\u0627\u062f\u0629 \u0627\u0644\u062f\u0643\u062a\u0648\u0631\u0627\u0647 \u0641\u064a \u0627\u0644\u0631\u064a\u0627\u0636\u064a\u0627\u062a \u0627\u0644\u062a\u0637\u0628\u064a\u0642\u064a\u0629<\/h3>\n\n\n\n<p class=\"ctlb-block-desc\" style=\"padding-top:0px;padding-right:0px;padding-bottom:0px;padding-left:0px\">\u0634\u0647\u0627\u062f\u0629 \u062f\u0643\u062a\u0648\u0631\u0627\u0647 \u0641\u064a \u0627\u0644\u0631\u064a\u0627\u0636\u064a\u0627\u062a \u0627\u0644\u062a\u0637\u0628\u064a\u0642\u064a\u0629 &#8211; \u062c\u0627\u0645\u0639\u0629 \u0627\u0644\u0639\u0631\u0628\u064a \u0628\u0646 \u0645\u0647\u064a\u062f\u064a \u0623\u0645 \u0627\u0644\u0628\u0648\u0627\u0642\u064a 2015 <br>\u0639\u0646\u0648\u0627\u0646 \u0627\u0644\u0645\u0630\u0643\u0631\u0629 : \u00ab\u00a0\u00c9tude de la solution de probl\u00e8mes pour une classe d\u2019\u00e9quations aux d\u00e9riv\u00e9es partielles \u00e0 conditions non locales<\/p>\n<\/div><\/div><\/div><\/div><\/div><\/div>\n\n\n\n<div class=\"wp-block-cp-timeline-content-timeline-child swiper-slide\"><div class=\"timeline-content icon-false \"><div class=\"timeline-block-timeline ctl-row  position-right\"><div class=\"ctl-6 timeline-block-time\"><div class=\"story-time\"><p>2009-2011<\/p><\/div><\/div><div class=\"timeline-block-icon\"><svg stroke=\"currentColor\" fill=\"currentColor\" stroke-width=\"0\" viewBox=\"0 0 512 512\" height=\"1em\" width=\"1em\" xmlns=\"http:\/\/www.w3.org\/2000\/svg\"><path d=\"M256 8C119 8 8 119 8 256s111 248 248 248 248-111 248-248S393 8 256 8z\"><\/path><\/svg><\/div><div class=\"ctl-6 timeline-block-detail\"><div class=\"story-details\"><div class=\"story-content\">\n<h3 class=\"wp-block-heading ctlb-block-title\" style=\"padding-top:0px;padding-right:0px;padding-bottom:0px;padding-left:0px\">\u0634\u0647\u0627\u062f\u0629 \u0645\u0627\u0633\u062a\u0631 \u0641\u064a \u0627\u0644\u0631\u064a\u0627\u0636\u064a\u0627\u062a \u0627\u0644\u062a\u0637\u0628\u064a\u0642\u064a\u0629<\/h3>\n\n\n\n<p class=\"ctlb-block-desc\" style=\"padding-top:0px;padding-right:0px;padding-bottom:0px;padding-left:0px\">\u0645\u0627\u0633\u062a\u0631 \u0631\u064a\u0627\u0636\u064a\u0627\u062a \u062a\u0637\u0628\u064a\u0642\u064a\u0629 \u2013 \u0641\u0631\u0639 \u0627\u0644\u0631\u064a\u0627\u0636\u064a\u0627\u062a \u2013 \u062c\u0627\u0645\u0639\u0629 \u0627\u0644\u0639\u0631\u0628\u064a \u0628\u0646 \u0645\u0647\u064a\u062f\u064a -\u0623\u0645 \u0627\u0644\u0628\u0648\u0627\u0642\u064a-   2011 . \u0639\u0646\u0648\u0627\u0646 \u0627\u0644\u0645\u0630\u0643\u0631\u0629: \u201cFiabilit\u00e9 du syst\u00e8me k cons\u00e9cutif sur n.<\/p>\n<\/div><\/div><\/div><\/div><\/div><\/div>\n\n\n\n<div class=\"wp-block-cp-timeline-content-timeline-child swiper-slide\"><div class=\"timeline-content icon-false \"><div class=\"timeline-block-timeline ctl-row  position-left\"><div class=\"ctl-6 timeline-block-time\"><div class=\"story-time\"><p>2006-2009<\/p><\/div><\/div><div class=\"timeline-block-icon\"><svg stroke=\"currentColor\" fill=\"currentColor\" stroke-width=\"0\" viewBox=\"0 0 512 512\" height=\"1em\" width=\"1em\" xmlns=\"http:\/\/www.w3.org\/2000\/svg\"><path d=\"M256 8C119 8 8 119 8 256s111 248 248 248 248-111 248-248S393 8 256 8z\"><\/path><\/svg><\/div><div class=\"ctl-6 timeline-block-detail\"><div class=\"story-details\"><div class=\"story-content\">\n<h3 class=\"wp-block-heading ctlb-block-title\" style=\"padding-top:0px;padding-right:0px;padding-bottom:0px;padding-left:0px\">\u0634\u0647\u0627\u062f\u0629 \u0644\u064a\u0633\u0627\u0646\u0633 \u0641\u064a \u0627\u0644\u0631\u064a\u0627\u0636\u064a\u0627\u062a \u0627\u0644\u0623\u0633\u0627\u0633\u064a\u0629<\/h3>\n\n\n\n<p class=\"ctlb-block-desc\" style=\"padding-top:0px;padding-right:0px;padding-bottom:0px;padding-left:0px\">\u0644\u064a\u0633\u0627\u0646\u0633 \u0641\u064a \u0627\u0644\u0631\u064a\u0627\u0636\u064a\u0627\u062a \u0627\u0644\u0623\u0633\u0627\u0633\u064a\u0629 &#8211; \u062c\u0627\u0645\u0639\u0629 \u0627\u0644\u0639\u0631\u0628\u064a \u0627\u0644\u062a\u0628\u0633\u064a \u062a\u0628\u0633\u0629 \u062c\u0648\u0627\u0646 2009<\/p>\n<\/div><\/div><\/div><\/div><\/div><\/div>\n<\/div><\/div><\/div><\/div>\n\n\n\n<hr class=\"wp-block-separator has-text-color has-vivid-green-cyan-color has-alpha-channel-opacity has-vivid-green-cyan-background-color has-background is-style-dots\"\/>\n\n\n\n<p class=\"has-vivid-green-cyan-color has-text-color has-link-color has-medium-font-size wp-elements-d1e20c46b6d5e180c889094f3c4280da\"><strong>\u0627\u0644\u0633\u064a\u0631\u0629 \u0627\u0644\u0630\u0627\u062a\u064a\u0629<\/strong><\/p>\n\n\n\n<hr class=\"wp-block-separator has-text-color has-vivid-green-cyan-color has-alpha-channel-opacity has-vivid-green-cyan-background-color has-background is-style-dots\"\/>\n\n\n\n<div class=\"wp-block-columns is-layout-flex wp-container-core-columns-is-layout-1 wp-block-columns-is-layout-flex\">\n<div class=\"wp-block-column is-layout-flow wp-block-column-is-layout-flow\">\n<div class=\"su-spoiler su-spoiler-style-fancy su-spoiler-icon-plus su-spoiler-closed\" data-scroll-offset=\"0\" data-anchor-in-url=\"no\"><div class=\"su-spoiler-title\" tabindex=\"0\" role=\"button\"><span class=\"su-spoiler-icon\"><\/span>\u0627\u0644\u0645\u0633\u0627\u0631 \u0627\u0644\u0645\u0647\u0646\u064a<\/div><div class=\"su-spoiler-content su-u-clearfix su-u-trim\"><\/div><\/div>\n\n\n\n<div class=\"su-spoiler su-spoiler-style-fancy su-spoiler-icon-plus su-spoiler-closed\" data-scroll-offset=\"0\" data-anchor-in-url=\"no\"><div class=\"su-spoiler-title\" tabindex=\"0\" role=\"button\"><span class=\"su-spoiler-icon\"><\/span>\u0645\u0647\u0627\u0645 \u0639\u0644\u0645\u064a\u0629 \u0648\u0628\u064a\u062f\u0627\u063a\u0648\u062c\u064a\u0629<\/div><div class=\"su-spoiler-content su-u-clearfix su-u-trim\"><\/div><\/div>\n\n\n\n<div class=\"su-spoiler su-spoiler-style-fancy su-spoiler-icon-plus su-spoiler-closed\" data-scroll-offset=\"0\" data-anchor-in-url=\"no\"><div class=\"su-spoiler-title\" tabindex=\"0\" role=\"button\"><span class=\"su-spoiler-icon\"><\/span>\u0645\u0642\u0627\u0644\u0627\u062a \u0648\u0628\u062d\u0648\u062b \u0645\u0646\u0634\u0648\u0631\u0629<\/div><div class=\"su-spoiler-content su-u-clearfix su-u-trim\"><\/div><\/div>\n\n\n\n<div class=\"su-spoiler su-spoiler-style-fancy su-spoiler-icon-plus su-spoiler-closed\" data-scroll-offset=\"0\" data-anchor-in-url=\"no\"><div class=\"su-spoiler-title\" tabindex=\"0\" role=\"button\"><span class=\"su-spoiler-icon\"><\/span>\u0627\u0644\u062a\u0623\u0637\u064a\u0631 \u0641\u064a \u0627\u0644\u0644\u064a\u0633\u0627\u0646\u0633 \u0648\u0627\u0644\u0645\u0627\u0633\u062a\u0631<\/div><div class=\"su-spoiler-content su-u-clearfix su-u-trim\"><\/div><\/div>\n\n\n\n<div class=\"su-spoiler su-spoiler-style-fancy su-spoiler-icon-plus su-spoiler-closed\" data-scroll-offset=\"0\" data-anchor-in-url=\"no\"><div class=\"su-spoiler-title\" tabindex=\"0\" role=\"button\"><span class=\"su-spoiler-icon\"><\/span>\u062a\u0623\u0637\u064a\u0631 \u0644\u0623\u0637\u0631\u0648\u062d\u0629 \u062f\u0643\u062a\u0648\u0631\u0627\u0647 \u0648 \u0645\u0646\u0627\u0642\u0634\u062a\u0647\u0627<\/div><div class=\"su-spoiler-content su-u-clearfix su-u-trim\"><\/div><\/div>\n\n\n\n<div class=\"su-spoiler su-spoiler-style-fancy su-spoiler-icon-plus su-spoiler-closed\" data-scroll-offset=\"0\" data-anchor-in-url=\"no\"><div class=\"su-spoiler-title\" tabindex=\"0\" role=\"button\"><span class=\"su-spoiler-icon\"><\/span>\u0627\u0644\u062a\u062d\u0643\u0645 \u0641\u064a \u0627\u0644\u0644\u063a\u0627\u062a<\/div><div class=\"su-spoiler-content su-u-clearfix su-u-trim\"><\/div><\/div>\n<\/div>\n\n\n\n<div class=\"wp-block-column is-layout-flow wp-block-column-is-layout-flow\">\n<div class=\"su-spoiler su-spoiler-style-fancy su-spoiler-icon-plus su-spoiler-closed\" data-scroll-offset=\"0\" data-anchor-in-url=\"no\"><div class=\"su-spoiler-title\" tabindex=\"0\" role=\"button\"><span class=\"su-spoiler-icon\"><\/span>\u0627\u0644\u0645\u0633\u0627\u0631 \u0627\u0644\u0623\u0643\u0627\u062f\u064a\u0645\u064a<\/div><div class=\"su-spoiler-content su-u-clearfix su-u-trim\"><\/div><\/div>\n\n\n\n<div class=\"su-spoiler su-spoiler-style-fancy su-spoiler-icon-plus su-spoiler-closed\" data-scroll-offset=\"0\" data-anchor-in-url=\"no\"><div class=\"su-spoiler-title\" tabindex=\"0\" role=\"button\"><span class=\"su-spoiler-icon\"><\/span>\u0627\u0644\u0645\u0634\u0627\u0631\u0643\u0627\u062a \u0627\u0644\u0639\u0644\u0645\u064a\u0629 \u0648\u0627\u0644\u062b\u0642\u0627\u0641\u064a\u0629 \u0641\u064a \u0627\u0644\u0645\u0624\u062a\u0645\u0631\u0627\u062a \u0648\u0627\u0644\u062f\u0648\u0631\u0627\u062a \u0627\u0644\u062a\u0643\u0648\u064a\u0646\u064a\u0629<\/div><div class=\"su-spoiler-content su-u-clearfix su-u-trim\"><\/div><\/div>\n\n\n\n<div class=\"su-spoiler su-spoiler-style-fancy su-spoiler-icon-plus su-spoiler-closed\" data-scroll-offset=\"0\" data-anchor-in-url=\"no\"><div class=\"su-spoiler-title\" tabindex=\"0\" role=\"button\"><span class=\"su-spoiler-icon\"><\/span>\u0627\u0644\u0645\u0634\u0627\u0631\u0643\u0629 \u0641\u064a \u0646\u0634\u0627\u0637\u0627\u062a \u0628\u062d\u062b (PRFU, PNR, laboratoire de Recherche<\/div><div class=\"su-spoiler-content su-u-clearfix su-u-trim\"><\/div><\/div>\n\n\n\n<div class=\"su-spoiler su-spoiler-style-fancy su-spoiler-icon-plus su-spoiler-closed\" data-scroll-offset=\"0\" data-anchor-in-url=\"no\"><div class=\"su-spoiler-title\" tabindex=\"0\" role=\"button\"><span class=\"su-spoiler-icon\"><\/span>\u0645\u0624\u0644\u0641\u0627\u062a \u0628\u064a\u062f\u0627\u063a\u0648\u062c\u064a\u0629 \u062a\u0645 \u0646\u0634\u0631\u0647\u0627<\/div><div class=\"su-spoiler-content su-u-clearfix su-u-trim\"><\/div><\/div>\n\n\n\n<div class=\"su-spoiler su-spoiler-style-fancy su-spoiler-icon-plus su-spoiler-closed\" data-scroll-offset=\"0\" data-anchor-in-url=\"no\"><div class=\"su-spoiler-title\" tabindex=\"0\" role=\"button\"><span class=\"su-spoiler-icon\"><\/span>\u0645\u0624\u0644\u0641\u0627\u062a \u0639\u0644\u0645\u064a\u0629 \u062a\u0645 \u0646\u0634\u0631\u0647\u0627<\/div><div class=\"su-spoiler-content su-u-clearfix su-u-trim\"><\/div><\/div>\n\n\n\n<div class=\"su-spoiler su-spoiler-style-fancy su-spoiler-icon-plus su-spoiler-closed\" data-scroll-offset=\"0\" data-anchor-in-url=\"no\"><div class=\"su-spoiler-title\" tabindex=\"0\" role=\"button\"><span class=\"su-spoiler-icon\"><\/span>\u0627\u0644\u0639\u062f\u064a\u062f \u0645\u0646 \u0627\u0644\u062a\u062f\u062e\u0644\u0627\u062a \u0639\u0644\u0649 \u0645\u0633\u062a\u0648\u0649 \u0627\u0644\u0625\u0639\u0644\u0627\u0645<\/div><div class=\"su-spoiler-content su-u-clearfix su-u-trim\"><\/div><\/div>\n<\/div>\n<\/div>\n\n\n\n<p><\/p>\n\n\n\n<p class=\"has-vivid-green-cyan-color has-text-color has-link-color has-medium-font-size wp-elements-eda5c9eda5ab8c7d726e3a6b0c0190db\"><strong>\u0643\u0644\u0645\u0629 \u0627\u0644\u0633\u064a\u062f \u0639\u0645\u064a\u062f \u0627\u0644\u0643\u0644\u064a\u0629<\/strong><\/p>\n\n\n\n<figure class=\"wp-block-video\"><video controls src=\"https:\/\/www.univ-oeb.dz\/fsesnv\/wp-content\/uploads\/2024\/12\/Design-sans-titre.mp4\"><\/video><\/figure>\n\n\n\n<p><\/p>\n","protected":false},"excerpt":{"rendered":"<p>\u0639\u0645\u064a\u062f \u0627\u0644\u0643\u0644\u064a\u0629 \u0627\u0644\u0627\u0633\u0645 \u0627\u0644\u0643\u0627\u0645\u0644 : \u0623\u0648\u0635\u064a\u0641 \u062a\u0642\u064a \u0627\u0644\u062f\u064a\u0646\u0631\u0642\u0645 \u0627\u0644\u0647\u0627\u062a\u0641\/\u0627\u0644\u0641\u0627\u0643\u0633 : 032563345\u0627\u0644\u0628\u0631\u064a\u062f \u0627\u0644\u0625\u0644\u0643\u062a\u0631\u0648\u0646\u064a :dean.fsesnv@univ-oeb.dz \u0627\u0644\u0645\u0633\u0627\u0631 \u0627\u0644\u0623\u0643\u0627\u062f\u064a\u0645\u064a \u0623\u0633\u062a\u0627\u0630 \u0627\u0644\u062a\u0639\u0644\u064a\u0645 \u0627\u0644\u0639\u0627\u0644\u064a \u0623\u0633\u062a\u0627\u0630 \u0645\u062d\u0627\u0636\u0631 \u0642\u0633\u0645 \u0623 \u062c\u0627\u0645\u0639\u0629 \u0623\u0645 \u0627\u0644\u0628\u0648\u0627\u0642\u064a \u0627\u0644\u062c\u0632\u0627\u0626\u0631 \u0643\u0644\u064a\u0629 \u0627\u0644\u0639\u0644\u0648\u0645 \u0627\u0644\u062f\u0642\u064a\u0642\u0629 \u0648\u0639\u0644\u0648\u0645 \u0627\u0644\u0637\u0628\u064a\u0639\u0629 \u0648\u0627\u0644\u062d\u064a\u0627\u0629 18 \u0641\u064a\u0641\u0631\u064a 2020 \u0634\u0647\u0627\u062f\u0629 \u0627\u0644\u062a\u0623\u0647\u064a\u0644 \u0627\u0644\u062c\u0627\u0645\u0639\u064a \u0641\u064a \u0627\u0644\u0631\u064a\u0627\u0636\u064a\u0627\u062a \u0634\u0647\u0627\u062f\u0629 \u0627\u0644\u062a\u0623\u0647\u064a\u0644 \u0627\u0644\u062c\u0627\u0645\u0639\u064a 18 \u0641\u064a\u0641\u0631\u064a 2020 2011-2015 \u0634\u0647\u0627\u062f\u0629 \u0627\u0644\u062f\u0643\u062a\u0648\u0631\u0627\u0647 \u0641\u064a \u0627\u0644\u0631\u064a\u0627\u0636\u064a\u0627\u062a \u0627\u0644\u062a\u0637\u0628\u064a\u0642\u064a\u0629 \u0634\u0647\u0627\u062f\u0629 \u062f\u0643\u062a\u0648\u0631\u0627\u0647 \u0641\u064a &hellip;<\/p>\n","protected":false},"author":1,"featured_media":0,"parent":0,"menu_order":0,"comment_status":"closed","ping_status":"closed","template":"","meta":{"footnotes":""},"class_list":["post-1045","page","type-page","status-publish","hentry"],"_links":{"self":[{"href":"https:\/\/www.univ-oeb.dz\/fsesnv\/wp-json\/wp\/v2\/pages\/1045","targetHints":{"allow":["GET"]}}],"collection":[{"href":"https:\/\/www.univ-oeb.dz\/fsesnv\/wp-json\/wp\/v2\/pages"}],"about":[{"href":"https:\/\/www.univ-oeb.dz\/fsesnv\/wp-json\/wp\/v2\/types\/page"}],"author":[{"embeddable":true,"href":"https:\/\/www.univ-oeb.dz\/fsesnv\/wp-json\/wp\/v2\/users\/1"}],"replies":[{"embeddable":true,"href":"https:\/\/www.univ-oeb.dz\/fsesnv\/wp-json\/wp\/v2\/comments?post=1045"}],"version-history":[{"count":0,"href":"https:\/\/www.univ-oeb.dz\/fsesnv\/wp-json\/wp\/v2\/pages\/1045\/revisions"}],"wp:attachment":[{"href":"https:\/\/www.univ-oeb.dz\/fsesnv\/wp-json\/wp\/v2\/media?parent=1045"}],"curies":[{"name":"wp","href":"https:\/\/api.w.org\/{rel}","templated":true}]}}