{"id":11845,"date":"2023-04-30T10:42:39","date_gmt":"2023-04-30T08:42:39","guid":{"rendered":"http:\/\/www.univ-oeb.dz\/fsecg\/?page_id=11845"},"modified":"2023-04-30T10:42:40","modified_gmt":"2023-04-30T08:42:40","slug":"secretariat-general","status":"publish","type":"page","link":"https:\/\/www.univ-oeb.dz\/fsecg\/fr\/secretariat-general\/","title":{"rendered":"Secr\u00e9tariat g\u00e9n\u00e9ral"},"content":{"rendered":"\n<div class=\"wp-block-columns is-layout-flex wp-container-core-columns-is-layout-1 wp-block-columns-is-layout-flex\">\n<div class=\"wp-block-column is-layout-flow wp-block-column-is-layout-flow\" style=\"flex-basis:33.33%\">\n<figure class=\"wp-block-image size-large is-resized\"><img fetchpriority=\"high\" decoding=\"async\" src=\"https:\/\/www.univ-oeb.dz\/fsecg\/wp-content\/uploads\/2023\/04\/\u0635\u0648\u0631\u0629-675x1024.jpeg\" alt=\"\" class=\"wp-image-11846\" width=\"201\" height=\"304\" srcset=\"https:\/\/www.univ-oeb.dz\/fsecg\/wp-content\/uploads\/2023\/04\/\u0635\u0648\u0631\u0629-675x1024.jpeg 675w, https:\/\/www.univ-oeb.dz\/fsecg\/wp-content\/uploads\/2023\/04\/\u0635\u0648\u0631\u0629-198x300.jpeg 198w, https:\/\/www.univ-oeb.dz\/fsecg\/wp-content\/uploads\/2023\/04\/\u0635\u0648\u0631\u0629-768x1165.jpeg 768w, https:\/\/www.univ-oeb.dz\/fsecg\/wp-content\/uploads\/2023\/04\/\u0635\u0648\u0631\u0629-1013x1536.jpeg 1013w, https:\/\/www.univ-oeb.dz\/fsecg\/wp-content\/uploads\/2023\/04\/\u0635\u0648\u0631\u0629.jpeg 1350w\" sizes=\"(max-width: 201px) 100vw, 201px\" \/><\/figure>\n<\/div>\n\n\n\n<div class=\"wp-block-column is-layout-flow wp-block-column-is-layout-flow\" style=\"flex-basis:66.66%\"><\/div>\n<\/div>\n","protected":false},"excerpt":{"rendered":"","protected":false},"author":1,"featured_media":0,"parent":0,"menu_order":0,"comment_status":"closed","ping_status":"closed","template":"","meta":{"footnotes":""},"class_list":["post-11845","page","type-page","status-publish","hentry"],"_links":{"self":[{"href":"https:\/\/www.univ-oeb.dz\/fsecg\/wp-json\/wp\/v2\/pages\/11845","targetHints":{"allow":["GET"]}}],"collection":[{"href":"https:\/\/www.univ-oeb.dz\/fsecg\/wp-json\/wp\/v2\/pages"}],"about":[{"href":"https:\/\/www.univ-oeb.dz\/fsecg\/wp-json\/wp\/v2\/types\/page"}],"author":[{"embeddable":true,"href":"https:\/\/www.univ-oeb.dz\/fsecg\/wp-json\/wp\/v2\/users\/1"}],"replies":[{"embeddable":true,"href":"https:\/\/www.univ-oeb.dz\/fsecg\/wp-json\/wp\/v2\/comments?post=11845"}],"version-history":[{"count":1,"href":"https:\/\/www.univ-oeb.dz\/fsecg\/wp-json\/wp\/v2\/pages\/11845\/revisions"}],"predecessor-version":[{"id":11851,"href":"https:\/\/www.univ-oeb.dz\/fsecg\/wp-json\/wp\/v2\/pages\/11845\/revisions\/11851"}],"wp:attachment":[{"href":"https:\/\/www.univ-oeb.dz\/fsecg\/wp-json\/wp\/v2\/media?parent=11845"}],"curies":[{"name":"wp","href":"https:\/\/api.w.org\/{rel}","templated":true}]}}