{"id":11835,"date":"2023-04-30T10:18:51","date_gmt":"2023-04-30T08:18:51","guid":{"rendered":"http:\/\/www.univ-oeb.dz\/fsecg\/?page_id=11835"},"modified":"2023-04-30T10:18:52","modified_gmt":"2023-04-30T08:18:52","slug":"vice-decanat-en-charge-des-etudes-et-des-questions-relatives-aux-etudiants","status":"publish","type":"page","link":"https:\/\/www.univ-oeb.dz\/fsecg\/fr\/vice-decanat-en-charge-des-etudes-et-des-questions-relatives-aux-etudiants\/","title":{"rendered":"Vice-d\u00e9canat en charge des \u00e9tudes et des questions relatives aux \u00e9tudiants"},"content":{"rendered":"\n<div class=\"wp-block-columns is-layout-flex wp-container-core-columns-is-layout-1 wp-block-columns-is-layout-flex\">\n<div class=\"wp-block-column is-layout-flow wp-block-column-is-layout-flow\" style=\"flex-basis:33.33%\">\n<figure class=\"wp-block-image size-full\"><img decoding=\"async\" width=\"116\" height=\"126\" src=\"https:\/\/www.univ-oeb.dz\/fsecg\/wp-content\/uploads\/2023\/04\/image_2023-04-30_091335387.png\" alt=\"\" class=\"wp-image-11836\"\/><\/figure>\n<\/div>\n\n\n\n<div class=\"wp-block-column is-layout-flow wp-block-column-is-layout-flow\" style=\"flex-basis:66.66%\"><\/div>\n<\/div>\n","protected":false},"excerpt":{"rendered":"","protected":false},"author":1,"featured_media":0,"parent":0,"menu_order":0,"comment_status":"closed","ping_status":"closed","template":"","meta":{"footnotes":""},"class_list":["post-11835","page","type-page","status-publish","hentry"],"_links":{"self":[{"href":"https:\/\/www.univ-oeb.dz\/fsecg\/wp-json\/wp\/v2\/pages\/11835","targetHints":{"allow":["GET"]}}],"collection":[{"href":"https:\/\/www.univ-oeb.dz\/fsecg\/wp-json\/wp\/v2\/pages"}],"about":[{"href":"https:\/\/www.univ-oeb.dz\/fsecg\/wp-json\/wp\/v2\/types\/page"}],"author":[{"embeddable":true,"href":"https:\/\/www.univ-oeb.dz\/fsecg\/wp-json\/wp\/v2\/users\/1"}],"replies":[{"embeddable":true,"href":"https:\/\/www.univ-oeb.dz\/fsecg\/wp-json\/wp\/v2\/comments?post=11835"}],"version-history":[{"count":1,"href":"https:\/\/www.univ-oeb.dz\/fsecg\/wp-json\/wp\/v2\/pages\/11835\/revisions"}],"predecessor-version":[{"id":11841,"href":"https:\/\/www.univ-oeb.dz\/fsecg\/wp-json\/wp\/v2\/pages\/11835\/revisions\/11841"}],"wp:attachment":[{"href":"https:\/\/www.univ-oeb.dz\/fsecg\/wp-json\/wp\/v2\/media?parent=11835"}],"curies":[{"name":"wp","href":"https:\/\/api.w.org\/{rel}","templated":true}]}}