{"id":5497,"date":"2023-02-01T13:17:05","date_gmt":"2023-02-01T10:17:05","guid":{"rendered":"http:\/\/www.univ-oeb.dz\/fdsp\/?page_id=5497"},"modified":"2023-06-12T12:29:47","modified_gmt":"2023-06-12T09:29:47","slug":"politiques-publiques","status":"publish","type":"page","link":"https:\/\/www.univ-oeb.dz\/fdsp\/fr\/politiques-publiques\/","title":{"rendered":"Politiques Publiques"},"content":{"rendered":"\n<p><strong>Description du programme:<\/strong><\/p>\n\n\n\n<p>Le Master de Politiques Publiques (MPP) est un cursus intensif de deux ans qui offre une approche distinctive de l&#8217;apprentissage des politiques publiques. Il s&#8217;agit d&#8217;une opportunit\u00e9 de transformation pour les dirigeants actuels et futurs engag\u00e9s dans le service public. Enseign\u00e9 par des universitaires sp\u00e9cialis\u00e9s exceptionnels, l&#8217; \u00e9tudiant sera dans une position unique pour d\u00e9velopper ses connaissances acad\u00e9miques et ses comp\u00e9tences professionnelles afin de relever certains des d\u00e9fis de politique publique les plus complexes de ce si\u00e8cle .<\/p>\n\n\n\n<p>La diff\u00e9rence entre l&#8217;\u00e9tude de la politique publique et les disciplines connexes telles que la science politique ou l&#8217;\u00e9conomie est que la premi\u00e8re se concentre davantage sur l&#8217;application de la th\u00e9orie aux solutions pratiques. La politique publique cr\u00e9e la base des constitutions, des lois et des d\u00e9cisions judiciaires. La discipline des politiques publiques int\u00e8gre des th\u00e9ories et des m\u00e9thodes issues de l&#8217;\u00e9conomie, de la sociologie, de la gestion publique, des sciences politiques et de la finance .<\/p>\n\n\n\n<p>Les \u00e9tudiants en politique publique rassembleront des informations approfondies sur des sujets tels que l&#8217;\u00e9conom\u00e9trie appliqu\u00e9e et la politique publique, la psychologie politique et la politique publique, les aspects de gestion de la politique publique, la budg\u00e9tisation publique, les activit\u00e9s des organisations \u00e0 but non lucratif, etc.<\/p>\n\n\n\n<p>Outre les comp\u00e9tences en communication et en pr\u00e9sentation, les dipl\u00f4mes de politique publique \u00e9quiperont les \u00e9tudiants des m\u00e9thodes de contestation des r\u00e9glementations publiques. Ils seront \u00e9galement des experts en analyse et mise en \u0153uvre des politiques .<\/p>\n\n\n\n<p>Les dipl\u00f4m\u00e9s en politique publique poursuivent des carri\u00e8res dans un large \u00e9ventail de secteurs, notamment: l&#8217;\u00e9laboration des politiques et la gouvernance, le leadership \u00e0 but non lucratif, le d\u00e9veloppement international, l&#8217;entrepreneuriat social, le conseil en strat\u00e9gie et en gestion, l&#8217;administration publique et la d\u00e9fense, les affaires publiques et les communications .<\/p>\n\n\n\n<p>Le MPP commence par un programme d&#8217;activit\u00e9s soigneusement planifi\u00e9 pendant la p\u00e9riode d&#8217;induction qui fournit une introduction \u00e0 l&#8217;\u00e9laboration des politiques et des conseils sur la fa\u00e7on de tirer le meilleur parti de l&#8217;exp\u00e9rience du MPP. Le programme pour le reste du cours est dispens\u00e9 via une s\u00e9rie de conf\u00e9rences, de s\u00e9minaires, d&#8217;\u00e9tudes de cas et d&#8217;ateliers sur quatre trimestres, et le projet de m\u00e9moire de fin d&#8217;\u00e9tudes qui est une occasion d&#8217;appliquer les connaissances et les comp\u00e9tences acquises gr\u00e2ce au programme dans un contexte de politique publique .<\/p>\n\n\n\n<p>Les d\u00e9fis politiques deviennent chaque jour plus complexes et les dirigeants publics doivent pouvoir utiliser l&#8217;expertise de diff\u00e9rents domaines sp\u00e9cialis\u00e9s pour trouver des solutions innovantes. Pour cette raison, le programme int\u00e8gre des id\u00e9es et des approches issues d&#8217;un large \u00e9ventail de disciplines universitaires et comprend \u00e9galement des modules dispens\u00e9s par des praticiens politiques de premier plan .<\/p>\n\n\n\n<p>Le programme de formation actuel (SA+S2+S3) comprend les mati\u00e8res suivantes qui sont enseign\u00e9es dans les diff\u00e9rentes unit\u00e9s d&#8217;enseignement (fondamentales, m\u00e9thodologiques, exploratoires, horizontales ):<\/p>\n\n\n\n<p>&#8211; Politiques publiques sectorielles<\/p>\n\n\n\n<p>&#8211; La nouvelle administration publique<\/p>\n\n\n\n<p>&#8211; Politiques publiques mondiales<\/p>\n\n\n\n<p>&#8211; Nouvelles th\u00e9ories de gestion dans l&#8217;administration publique<\/p>\n\n\n\n<p>&#8211; R\u00e9seau d&#8217;\u00e9laboration des politiques publiques<\/p>\n\n\n\n<p>&#8211; Th\u00e9ories et m\u00e9thodes d&#8217;\u00e9laboration des politiques publiques<\/p>\n\n\n\n<p>&#8211; Conception et analyser les politiques publiques<\/p>\n\n\n\n<p>&#8211; Gestion de crise de d\u00e9veloppement et planification strat\u00e9gique<\/p>\n\n\n\n<p>&#8211; Analyse des politiques publiques en Alg\u00e9rie<\/p>\n\n\n\n<p>&#8211; R\u00e9daction des p\u00e9titions et correspondance administrative<\/p>\n\n\n\n<p>&#8211; langue \u00e9trang\u00e8re (anglais)<\/p>\n\n\n\n<p>&#8211; Technologies de l&#8217;information et de la communication<\/p>\n\n\n\n<p>&nbsp;&#8211; Gestion strat\u00e9gique des ressources humaines<\/p>\n\n\n\n<p>&#8211; anti-corruption<\/p>\n\n\n\n<p>&#8211; Politiques budg\u00e9taire et mon\u00e9taire<\/p>\n\n\n\n<p>&#8211; Gouvernance et d\u00e9veloppement<\/p>\n\n\n\n<p>&#8211; M\u00e9thodologie de la recherche scientifique<\/p>\n\n\n\n<p>&#8211; M\u00e9thodologie de pr\u00e9paration du m\u00e9moire<\/p>\n\n\n\n<p>&#8211; Projet professionnel et personnel<\/p>\n\n\n\n<p>&#8211; gouvernement local<\/p>\n\n\n\n<p>&#8211; Politiques environnementales dans la r\u00e9gion arabe<\/p>\n\n\n\n<p><strong>1-Les objectifs de la formation<\/strong><\/p>\n\n\n\n<p>Pour r\u00e9pondre aux aspirations de la famille universitaire de l&#8217;Universit\u00e9 Larbi Ben M&#8217;hidi &#8211; Oum El Bouaghi &#8211; et accompagner les \u00e9volutions scientifiques et pratiques, ainsi que pour atteindre les objectifs de l&#8217;autorit\u00e9 de tutelle dans la r\u00e9forme et la r\u00e9ussite du syst\u00e8me LMD . Un projet de master a \u00e9t\u00e9 propos\u00e9 au D\u00e9partement de science politique dans son second parcours, intitul\u00e9 &#8220;Politiques publiques&#8221;, pour atteindre les objectifs suivants :<\/p>\n\n\n\n<p>\u2022 Permettre \u00e0 l&#8217;\u00e9tudiant d&#8217;appr\u00e9hender les concepts et m\u00e9thodes \u00e9mergents dans le domaine de la connaissance des politiques publiques compar\u00e9es .<\/p>\n\n\n\n<p>\u2022 Former des chercheurs qui ont la capacit\u00e9 de b\u00e9n\u00e9ficier dans le domaine des sciences politiques et d&#8217;autres branches scientifiques connexes, telles que l&#8217;analyse politique, les \u00e9tudes comparatives et la prospective .<\/p>\n\n\n\n<p>\u2022 Formation de cadres capables de diriger des administrations locales au service des objectifs g\u00e9n\u00e9raux de l&#8217;Etat .<\/p>\n\n\n\n<p>\u2022 Connaissance compl\u00e8te de toutes les unit\u00e9s majeures li\u00e9es au cours de sp\u00e9cialisation .<\/p>\n\n\n\n<p>\u2022 Pr\u00e9parer les \u00e9tudiants \u00e0 poursuivre des \u00e9tudes de troisi\u00e8me cycle au niveau doctoral .<\/p>\n\n\n\n<p>\u2022 Permettre \u00e0 l&#8217;\u00e9tudiant d&#8217;utiliser les outils et comp\u00e9tences de la recherche scientifique, les techniques professionnelles \u00e0 caract\u00e8re artistique et la communication avec l&#8217;environnement .<\/p>\n\n\n\n<p>\u2022 Permettre \u00e0 l&#8217;\u00e9tudiant d&#8217;avoir la possibilit\u00e9 d&#8217;\u00eatre form\u00e9 dans le domaine de sp\u00e9cialisation en langue arabe, en plus de d\u00e9velopper ses capacit\u00e9s de connaissance dans la langue \u00e9trang\u00e8re et de le former dans le domaine des m\u00e9dias automatis\u00e9s, et ainsi de le rendre ouvert aux exigences des temps, ce qui facilite le processus de son int\u00e9gration dans le monde du travail de toutes sortes, que ce soit en tant qu&#8217;acteur direct, ou en sa qualit\u00e9 de partenaire n\u00e9cessaire, et il a un acc\u00e8s rapide et efficace au march\u00e9 du travail .<\/p>\n\n\n\n<p><strong>2-<\/strong><strong> <\/strong><strong>Les qualifications et capacit\u00e9s vis\u00e9es<\/strong><\/p>\n\n\n\n<p>La place de sp\u00e9cialisation dans l&#8217;\u00e9v\u00e9nement : Suivi des politiques locales, r\u00e9gionales et mondiales, afin de d\u00e9velopper des cadres th\u00e9oriques et m\u00e9thodologiques pour parvenir \u00e0 des politiques de d\u00e9veloppement efficaces .<\/p>\n\n\n\n<p>\u2022 Fournir aux \u00e9tudiants des approches scientifiques et m\u00e9thodologiques leur permettant d&#8217;analyser les politiques publiques .<\/p>\n\n\n\n<p>\u2022 Informer les \u00e9tudiants sur les d\u00e9veloppements et \u00e9volutions dans le domaine des politiques publiques aux niveaux local, r\u00e9gional et international .<\/p>\n\n\n\n<p>\u2022 Ma\u00eetriser les outils et techniques de recherche scientifique et identifier les sources d&#8217;information<\/p>\n\n\n\n<p><strong>3-Capacit\u00e9s r\u00e9gionales et nationales pouvant employer des dipl\u00f4m\u00e9s universitaires<\/strong><\/p>\n\n\n\n<p>\u2022 \u00c9tablissements d&#8217;enseignement sup\u00e9rieur .<\/p>\n\n\n\n<p>\u2022 Minist\u00e8re de l&#8217;Int\u00e9rieur et collectivit\u00e9s territoriales .<\/p>\n\n\n\n<p>\u2022 Organisations gouvernementales et non gouvernementales .<\/p>\n\n\n\n<p>\u2022 M\u00e9dias et presse .<\/p>\n\n\n\n<p>\u2022 Int\u00e9r\u00eats \u00e9tatiques et municipaux .<\/p>\n\n\n\n<p>Laboratoires de recherche et d&#8217;\u00e9tudes .<\/p>\n\n\n\n<p><strong>4-Des passerelles vers d&#8217;autres disciplines <\/strong><strong>:<\/strong><strong><\/strong><\/p>\n\n\n\n<p>\u2022 A l&#8217;issue des trois premiers semestres, l&#8217;\u00e9tudiant peut \u00e9voluer de mani\u00e8re flexible vers les majeures propos\u00e9es en parall\u00e8le de cette sp\u00e9cialisation au sein de la fili\u00e8re Sciences Politiques .<\/p>\n\n\n\n<p>Il peut \u00e9galement s&#8217;orienter vers d&#8217;autres disciplines telles que les sciences administratives, les sciences juridiques et \u00e9conomiques \u00e0 travers certaines unit\u00e9s .<\/p>\n\n\n\n<p><strong>5-Indicateurs de suivi <\/strong><strong>:<\/strong><strong><\/strong><\/p>\n\n\n\n<p>\u2022 Le projet repr\u00e9sente une base pour compl\u00e9ter la recherche et l&#8217;\u00e9tude au niveau doctoral .<\/p>\n\n\n\n<p>\u2022 Soutenir le parcours sp\u00e9cialis\u00e9 de l&#8217;\u00e9tudiant dans le domaine des politiques publiques compar\u00e9es .<\/p>\n\n\n\n<p><strong>6-<\/strong><strong> <\/strong><strong>Capacit\u00e9s d&#8217;encadrement <\/strong>: (indiquer le nombre d&#8217;\u00e9l\u00e8ves pouvant \u00eatre pris en charge )<\/p>\n\n\n\n<p>30 \u00e9tudiants<\/p>\n\n\n\n<p>officiel de l&#8217;universit\u00e9&nbsp;: <a href=\"http:\/\/www.univ-oeb.dz\/\">http:\/\/www.univ-oeb.dz\/<\/a><\/p>\n\n\n\n<p>Obtenir plus de d\u00e9tails (email ): Le vice-doyen charg\u00e9 de la p\u00e9dagogie L&#8217; email professionnel du responsable de terrain ou<\/p>\n\n\n\n<p>Unit\u00e9 de dur\u00e9e : 1 an<\/p>\n","protected":false},"excerpt":{"rendered":"<p>Description du programme: Le Master de Politiques Publiques (MPP) est un cursus intensif de deux ans qui offre une approche distinctive de l&#8217;apprentissage des politiques publiques. Il s&#8217;agit d&#8217;une opportunit\u00e9 de transformation pour les dirigeants actuels et futurs engag\u00e9s dans le service public. Enseign\u00e9 par des universitaires sp\u00e9cialis\u00e9s exceptionnels, l&#8217; \u00e9tudiant sera dans une position unique pour d\u00e9velopper ses connaissances acad\u00e9miques et ses comp\u00e9tences professionnelles afin de relever certains des d\u00e9fis de politique publique les plus complexes de ce si\u00e8cle . La diff\u00e9rence entre l&#8217;\u00e9tude de la politique publique et les disciplines connexes telles que la science politique ou l&#8217;\u00e9conomie est que la premi\u00e8re se concentre davantage sur l&#8217;application de la th\u00e9orie aux solutions pratiques. La politique publique cr\u00e9e la base des constitutions, des lois et des d\u00e9cisions judiciaires. La discipline des politiques publiques int\u00e8gre des th\u00e9ories et des m\u00e9thodes issues de l&#8217;\u00e9conomie, de la sociologie, de la gestion publique, des sciences politiques et de la finance . Les \u00e9tudiants en politique publique rassembleront des informations approfondies sur des sujets tels que l&#8217;\u00e9conom\u00e9trie appliqu\u00e9e et la politique publique, la psychologie politique et la politique publique, les aspects de gestion de la politique publique, la budg\u00e9tisation publique, les activit\u00e9s des organisations \u00e0 but non lucratif, etc. Outre les comp\u00e9tences en communication et en pr\u00e9sentation, les dipl\u00f4mes de politique publique \u00e9quiperont les \u00e9tudiants des m\u00e9thodes de contestation des r\u00e9glementations publiques. Ils seront \u00e9galement des experts en analyse et mise en \u0153uvre des politiques . Les dipl\u00f4m\u00e9s en politique publique poursuivent des carri\u00e8res dans un large \u00e9ventail de secteurs, notamment: l&#8217;\u00e9laboration des politiques et la gouvernance, le leadership \u00e0 but non lucratif, le d\u00e9veloppement international, l&#8217;entrepreneuriat social, le conseil en strat\u00e9gie et en gestion, l&#8217;administration publique et la d\u00e9fense, les affaires publiques et les communications . Le MPP commence par un programme d&#8217;activit\u00e9s soigneusement planifi\u00e9 pendant la p\u00e9riode d&#8217;induction qui fournit une introduction \u00e0 l&#8217;\u00e9laboration des politiques et des conseils sur la fa\u00e7on de tirer le meilleur parti de l&#8217;exp\u00e9rience du MPP. Le programme pour le reste du cours est dispens\u00e9 via une s\u00e9rie de conf\u00e9rences, de s\u00e9minaires, d&#8217;\u00e9tudes de cas et d&#8217;ateliers sur quatre trimestres, et le projet de m\u00e9moire de fin d&#8217;\u00e9tudes qui est une occasion d&#8217;appliquer les connaissances et les comp\u00e9tences acquises gr\u00e2ce au programme dans un contexte de politique publique . Les d\u00e9fis politiques deviennent chaque jour plus complexes et les dirigeants publics doivent pouvoir utiliser l&#8217;expertise de diff\u00e9rents domaines sp\u00e9cialis\u00e9s pour trouver des solutions innovantes. Pour cette raison, le programme int\u00e8gre des id\u00e9es et des approches issues d&#8217;un large \u00e9ventail de disciplines universitaires et comprend \u00e9galement des modules dispens\u00e9s par des praticiens politiques de premier plan . Le programme de formation actuel (SA+S2+S3) comprend les mati\u00e8res suivantes qui sont enseign\u00e9es dans les diff\u00e9rentes unit\u00e9s d&#8217;enseignement (fondamentales, m\u00e9thodologiques, exploratoires, horizontales ): &#8211; Politiques publiques sectorielles &#8211; La nouvelle administration publique &#8211; Politiques publiques mondiales &#8211; Nouvelles th\u00e9ories de gestion dans l&#8217;administration publique &#8211; R\u00e9seau d&#8217;\u00e9laboration des politiques publiques &#8211; Th\u00e9ories et m\u00e9thodes d&#8217;\u00e9laboration des politiques publiques &#8211; Conception et analyser les politiques publiques &#8211; Gestion de crise de d\u00e9veloppement et planification strat\u00e9gique &#8211; Analyse des politiques publiques en Alg\u00e9rie &#8211; R\u00e9daction des p\u00e9titions et correspondance administrative &#8211; langue \u00e9trang\u00e8re (anglais) &#8211; Technologies de l&#8217;information et de la communication &nbsp;&#8211; Gestion strat\u00e9gique des ressources humaines &#8211; anti-corruption &#8211; Politiques budg\u00e9taire et mon\u00e9taire &#8211; Gouvernance et d\u00e9veloppement &#8211; M\u00e9thodologie de la recherche scientifique &#8211; M\u00e9thodologie de pr\u00e9paration du m\u00e9moire &#8211; Projet professionnel et personnel &#8211; gouvernement local &#8211; Politiques environnementales dans la r\u00e9gion arabe 1-Les objectifs de la formation Pour r\u00e9pondre aux aspirations de la famille universitaire de l&#8217;Universit\u00e9 Larbi Ben M&#8217;hidi &#8211; Oum El Bouaghi &#8211; et accompagner les \u00e9volutions scientifiques et pratiques, ainsi que pour atteindre les objectifs de l&#8217;autorit\u00e9 de tutelle dans la r\u00e9forme et la r\u00e9ussite du syst\u00e8me LMD . Un projet de master a \u00e9t\u00e9 propos\u00e9 au D\u00e9partement de science politique dans son second parcours, intitul\u00e9 &#8220;Politiques publiques&#8221;, pour atteindre les objectifs suivants : \u2022 Permettre \u00e0 l&#8217;\u00e9tudiant d&#8217;appr\u00e9hender les concepts et m\u00e9thodes \u00e9mergents dans le domaine de la connaissance des politiques publiques compar\u00e9es . \u2022 Former des chercheurs qui ont la capacit\u00e9 de b\u00e9n\u00e9ficier dans le domaine des sciences politiques et d&#8217;autres branches scientifiques connexes, telles que l&#8217;analyse politique, les \u00e9tudes comparatives et la prospective . \u2022 Formation de cadres capables de diriger des administrations locales au service des objectifs g\u00e9n\u00e9raux de l&#8217;Etat . \u2022 Connaissance compl\u00e8te de toutes les unit\u00e9s majeures li\u00e9es au cours de sp\u00e9cialisation . \u2022 Pr\u00e9parer les \u00e9tudiants \u00e0 poursuivre des \u00e9tudes de troisi\u00e8me cycle au niveau doctoral . \u2022 Permettre \u00e0 l&#8217;\u00e9tudiant d&#8217;utiliser les outils et comp\u00e9tences de la recherche scientifique, les techniques professionnelles \u00e0 caract\u00e8re artistique et la communication avec l&#8217;environnement . \u2022 Permettre \u00e0 l&#8217;\u00e9tudiant d&#8217;avoir la possibilit\u00e9 d&#8217;\u00eatre form\u00e9 dans le domaine de sp\u00e9cialisation en langue arabe, en plus de d\u00e9velopper ses capacit\u00e9s de connaissance dans la langue \u00e9trang\u00e8re et de le former dans le domaine des m\u00e9dias automatis\u00e9s, et ainsi de le rendre ouvert aux exigences des temps, ce qui facilite le processus de son int\u00e9gration dans le monde du travail de toutes sortes, que ce soit en tant qu&#8217;acteur direct, ou en sa qualit\u00e9 de partenaire n\u00e9cessaire, et il a un acc\u00e8s rapide et efficace au march\u00e9 du travail . 2- Les qualifications et capacit\u00e9s vis\u00e9es La place de sp\u00e9cialisation dans l&#8217;\u00e9v\u00e9nement : Suivi des politiques locales, r\u00e9gionales et mondiales, afin de d\u00e9velopper des cadres th\u00e9oriques et m\u00e9thodologiques pour parvenir \u00e0 des politiques de d\u00e9veloppement efficaces . \u2022 Fournir aux \u00e9tudiants des approches scientifiques et m\u00e9thodologiques leur permettant d&#8217;analyser les politiques publiques . \u2022 Informer les \u00e9tudiants sur les d\u00e9veloppements et \u00e9volutions dans le domaine des politiques publiques aux niveaux local, r\u00e9gional et international . \u2022 Ma\u00eetriser les outils et techniques de recherche scientifique et identifier les sources d&#8217;information 3-Capacit\u00e9s r\u00e9gionales et nationales pouvant employer des dipl\u00f4m\u00e9s universitaires \u2022 \u00c9tablissements d&#8217;enseignement sup\u00e9rieur . \u2022 Minist\u00e8re de l&#8217;Int\u00e9rieur et collectivit\u00e9s territoriales . \u2022 Organisations gouvernementales et non gouvernementales . \u2022 M\u00e9dias et presse . \u2022 &hellip;<\/p>\n","protected":false},"author":1,"featured_media":0,"parent":0,"menu_order":0,"comment_status":"closed","ping_status":"closed","template":"","meta":{"footnotes":""},"class_list":["post-5497","page","type-page","status-publish","hentry"],"_links":{"self":[{"href":"https:\/\/www.univ-oeb.dz\/fdsp\/wp-json\/wp\/v2\/pages\/5497","targetHints":{"allow":["GET"]}}],"collection":[{"href":"https:\/\/www.univ-oeb.dz\/fdsp\/wp-json\/wp\/v2\/pages"}],"about":[{"href":"https:\/\/www.univ-oeb.dz\/fdsp\/wp-json\/wp\/v2\/types\/page"}],"author":[{"embeddable":true,"href":"https:\/\/www.univ-oeb.dz\/fdsp\/wp-json\/wp\/v2\/users\/1"}],"replies":[{"embeddable":true,"href":"https:\/\/www.univ-oeb.dz\/fdsp\/wp-json\/wp\/v2\/comments?post=5497"}],"version-history":[{"count":1,"href":"https:\/\/www.univ-oeb.dz\/fdsp\/wp-json\/wp\/v2\/pages\/5497\/revisions"}],"predecessor-version":[{"id":5498,"href":"https:\/\/www.univ-oeb.dz\/fdsp\/wp-json\/wp\/v2\/pages\/5497\/revisions\/5498"}],"wp:attachment":[{"href":"https:\/\/www.univ-oeb.dz\/fdsp\/wp-json\/wp\/v2\/media?parent=5497"}],"curies":[{"name":"wp","href":"https:\/\/api.w.org\/{rel}","templated":true}]}}