{"id":5473,"date":"2023-06-12T12:18:06","date_gmt":"2023-06-12T09:18:06","guid":{"rendered":"http:\/\/www.univ-oeb.dz\/fdsp\/?page_id=5473"},"modified":"2023-06-12T12:20:59","modified_gmt":"2023-06-12T09:20:59","slug":"1ere-annee-tronc-commun-en-science-politique","status":"publish","type":"page","link":"https:\/\/www.univ-oeb.dz\/fdsp\/fr\/1ere-annee-tronc-commun-en-science-politique\/","title":{"rendered":"1\u00e8re ann\u00e9e tronc commun en science politique"},"content":{"rendered":"\n<p>Description du programme:<\/p>\n\n\n\n<p>Un baccalaur\u00e9at en sciences politiques est con\u00e7u pour pr\u00e9parer intellectuellement les \u00e9tudiants \u00e0 poursuivre des \u00e9tudes de ma\u00eetrise en politiques publiques. Ce programme permet au dipl\u00f4m\u00e9 d&#8217;exercer de nombreuses carri\u00e8res telles que dans l&#8217;administration centrale et locale en Alg\u00e9rie; Les organisations internationales ; associations et organisations \u00e0 but non lucratif; gestion de campagne et sondages; journalisme; politique \u00e9lectorale; Enseignement sup\u00e9rieur; et la recherche et l&#8217;enseignement universitaire\/coll\u00e9gial.<\/p>\n\n\n\n<p>Apr\u00e8s avoir rempli les exigences du baccalaur\u00e9at en sciences politiques, les \u00e9tudiants devraient \u00eatre en mesure de&nbsp;:<\/p>\n\n\n\n<p>&#8211; Lecture critique de textes. Au-del\u00e0 de la compr\u00e9hension en lecture, cette comp\u00e9tence exige une capacit\u00e9 \u00e0 \u00e9valuer les pr\u00e9jug\u00e9s, l&#8217;interpr\u00e9tation et \u00e0 faire la distinction entre les arguments les plus faibles et les plus forts.<\/p>\n\n\n\n<p>&#8211; Penser analytiquement. Les cours de sciences politiques formeront les \u00e9tudiants \u00e0 comprendre des probl\u00e8mes et des arguments complexes \u00e0 travers des textes, des conf\u00e9rences et des discussions en classe.<\/p>\n\n\n\n<p>&#8211; Ecrire \u00e0 un niveau avanc\u00e9. Cela leur fournira les outils n\u00e9cessaires pour poursuivre leurs \u00e9tudes ou exceller dans la communication en milieu de travail.<\/p>\n\n\n\n<p>&#8211; Articuler une perspective \u00e9clair\u00e9e sur les questions politiques contemporaines. Cette connaissance de base est un \u00e9l\u00e9ment crucial de leur \u00e9ducation.<\/p>\n\n\n\n<p>&#8211; D\u00e9montrer une compr\u00e9hension de l&#8217;histoire des id\u00e9es et de la mani\u00e8re dont cette histoire fa\u00e7onne le monde politique. La majeure donne aux \u00e9tudiants une perspective \u00e9clair\u00e9e sur le pr\u00e9sent, des comp\u00e9tences de pens\u00e9e analytique pour comprendre l&#8217;avenir et une compr\u00e9hension de l&#8217;histoire des id\u00e9es pour acc\u00e9der au pass\u00e9.<\/p>\n\n\n\n<p>Le programme de formation actuel comprend les mati\u00e8res suivantes qui sont enseign\u00e9es dans les diff\u00e9rentes unit\u00e9s d&#8217;enseignement (fondamentales, m\u00e9thodologiques, exploratoires, horizontales ):<\/p>\n\n\n\n<ul class=\"wp-block-list\">\n<li>Introduction \u00e0 la science politique<\/li>\n\n\n\n<li>Histoire de la politique pens\u00e9e<\/li>\n\n\n\n<li>politique \u00e9conomie<\/li>\n\n\n\n<li>m\u00e9thodologie des sciences politiques<\/li>\n\n\n\n<li>alg\u00e9rien politique histoire<\/li>\n\n\n\n<li>Introduction \u00e0 la sociologie<\/li>\n\n\n\n<li>Politique Sociologie<\/li>\n\n\n\n<li>Introduction aux sciences juridiques<\/li>\n\n\n\n<li>Langue anglaise<\/li>\n\n\n\n<li>informatique et \u00e9tudes quantitatives<\/li>\n<\/ul>\n\n\n\n<p>officiel de l&#8217;universit\u00e9&nbsp;: <a href=\"http:\/\/www.univ-oeb.dz\/\">http:\/\/www.univ-oeb.dz\/<\/a><\/p>\n\n\n\n<p>Obtenir plus de d\u00e9tails (email ): Le vice-doyen charg\u00e9 de la p\u00e9dagogie L&#8217; email professionnel du responsable de terrain ou<\/p>\n\n\n\n<p>Dur\u00e9e de l&#8217;unit\u00e9 : 01 an<\/p>\n","protected":false},"excerpt":{"rendered":"<p>Description du programme: Un baccalaur\u00e9at en sciences politiques est con\u00e7u pour pr\u00e9parer intellectuellement les \u00e9tudiants \u00e0 poursuivre des \u00e9tudes de ma\u00eetrise en politiques publiques. Ce programme permet au dipl\u00f4m\u00e9 d&#8217;exercer de nombreuses carri\u00e8res telles que dans l&#8217;administration centrale et locale en Alg\u00e9rie; Les organisations internationales ; associations et organisations \u00e0 but non lucratif; gestion de campagne et sondages; journalisme; politique \u00e9lectorale; Enseignement sup\u00e9rieur; et la recherche et l&#8217;enseignement universitaire\/coll\u00e9gial. Apr\u00e8s avoir rempli les exigences du baccalaur\u00e9at en sciences politiques, les \u00e9tudiants devraient \u00eatre en mesure de&nbsp;: &#8211; Lecture critique de textes. Au-del\u00e0 de la compr\u00e9hension en lecture, cette comp\u00e9tence exige une capacit\u00e9 \u00e0 \u00e9valuer les pr\u00e9jug\u00e9s, l&#8217;interpr\u00e9tation et \u00e0 faire la distinction entre les arguments les plus faibles et les plus forts. &#8211; Penser analytiquement. Les cours de sciences politiques formeront les \u00e9tudiants \u00e0 comprendre des probl\u00e8mes et des arguments complexes \u00e0 travers des textes, des conf\u00e9rences et des discussions en classe. &#8211; Ecrire \u00e0 un niveau avanc\u00e9. Cela leur fournira les outils n\u00e9cessaires pour poursuivre leurs \u00e9tudes ou exceller dans la communication en milieu de travail. &#8211; Articuler une perspective \u00e9clair\u00e9e sur les questions politiques contemporaines. Cette connaissance de base est un \u00e9l\u00e9ment crucial de leur \u00e9ducation. &#8211; D\u00e9montrer une compr\u00e9hension de l&#8217;histoire des id\u00e9es et de la mani\u00e8re dont cette histoire fa\u00e7onne le monde politique. La majeure donne aux \u00e9tudiants une perspective \u00e9clair\u00e9e sur le pr\u00e9sent, des comp\u00e9tences de pens\u00e9e analytique pour comprendre l&#8217;avenir et une compr\u00e9hension de l&#8217;histoire des id\u00e9es pour acc\u00e9der au pass\u00e9. Le programme de formation actuel comprend les mati\u00e8res suivantes qui sont enseign\u00e9es dans les diff\u00e9rentes unit\u00e9s d&#8217;enseignement (fondamentales, m\u00e9thodologiques, exploratoires, horizontales ): Introduction \u00e0 la science politique Histoire de la politique pens\u00e9e politique \u00e9conomie m\u00e9thodologie des sciences politiques alg\u00e9rien politique histoire Introduction \u00e0 la sociologie Politique Sociologie Introduction aux sciences juridiques Langue anglaise informatique et \u00e9tudes quantitatives officiel de l&#8217;universit\u00e9&nbsp;: http:\/\/www.univ-oeb.dz\/ Obtenir plus de d\u00e9tails (email ): Le vice-doyen charg\u00e9 de la p\u00e9dagogie L&#8217; email professionnel du responsable de terrain ou Dur\u00e9e de l&#8217;unit\u00e9 : 01 an<\/p>\n","protected":false},"author":1,"featured_media":0,"parent":0,"menu_order":0,"comment_status":"closed","ping_status":"closed","template":"","meta":{"footnotes":""},"class_list":["post-5473","page","type-page","status-publish","hentry"],"_links":{"self":[{"href":"https:\/\/www.univ-oeb.dz\/fdsp\/wp-json\/wp\/v2\/pages\/5473","targetHints":{"allow":["GET"]}}],"collection":[{"href":"https:\/\/www.univ-oeb.dz\/fdsp\/wp-json\/wp\/v2\/pages"}],"about":[{"href":"https:\/\/www.univ-oeb.dz\/fdsp\/wp-json\/wp\/v2\/types\/page"}],"author":[{"embeddable":true,"href":"https:\/\/www.univ-oeb.dz\/fdsp\/wp-json\/wp\/v2\/users\/1"}],"replies":[{"embeddable":true,"href":"https:\/\/www.univ-oeb.dz\/fdsp\/wp-json\/wp\/v2\/comments?post=5473"}],"version-history":[{"count":1,"href":"https:\/\/www.univ-oeb.dz\/fdsp\/wp-json\/wp\/v2\/pages\/5473\/revisions"}],"predecessor-version":[{"id":5474,"href":"https:\/\/www.univ-oeb.dz\/fdsp\/wp-json\/wp\/v2\/pages\/5473\/revisions\/5474"}],"wp:attachment":[{"href":"https:\/\/www.univ-oeb.dz\/fdsp\/wp-json\/wp\/v2\/media?parent=5473"}],"curies":[{"name":"wp","href":"https:\/\/api.w.org\/{rel}","templated":true}]}}