{"id":5418,"date":"2023-01-31T14:50:43","date_gmt":"2023-01-31T11:50:43","guid":{"rendered":"http:\/\/www.univ-oeb.dz\/fdsp\/?page_id=5418"},"modified":"2023-06-12T12:10:08","modified_gmt":"2023-06-12T09:10:08","slug":"droit-des-affaires","status":"publish","type":"page","link":"https:\/\/www.univ-oeb.dz\/fdsp\/fr\/droit-des-affaires\/","title":{"rendered":"Droit des Affaires"},"content":{"rendered":"\n<p><strong>Nom du programme: Licence Droit public<\/strong><\/p>\n\n\n\n<ul class=\"wp-block-list\">\n<li><strong>Domaine&nbsp;: droit et sciences politiques<\/strong><\/li>\n\n\n\n<li><strong>branche&nbsp;: droit<\/strong><\/li>\n\n\n\n<li><strong>&nbsp;Sp\u00e9cialit\u00e9: droit public<\/strong><\/li>\n<\/ul>\n\n\n\n<p><strong>1. 1. Descriptif du programme:<\/strong><\/p>\n\n\n\n<p>Le cursus de formation en sp\u00e9cialisation de troisi\u00e8me ann\u00e9e de droit public comprend un tronc commun de deux ann\u00e9es, et une troisi\u00e8me ann\u00e9e sp\u00e9cialis\u00e9e, \u00e0 raison de six semestres.<\/p>\n\n\n\n<p>.<\/p>\n\n\n\n<p><strong>Les objectifs de cette sp\u00e9cialisation sont les suivants :<\/strong><\/p>\n\n\n\n<p>&#8211; Fournir aux \u00e9tudiants &nbsp;les diff\u00e9rentes connaissances th\u00e9oriques. &nbsp;&nbsp;&nbsp;&nbsp;&nbsp;&nbsp;&#8211;&nbsp;&nbsp; d\u00e9velopper et approfondir des id\u00e9es de base.<\/p>\n\n\n\n<p>&nbsp;&#8211; Atteindre une compatibilit\u00e9 scientifique et une approche m\u00e9thodologique solide pour les \u00e9tudiants en leur enseignant les techniques de m\u00e9thodologie juridique selon &nbsp;des mod\u00e8les appliqu\u00e9s.<\/p>\n\n\n\n<p>&#8211; La familiarisation des \u00e9tudiants avec les diff\u00e9rentes l\u00e9gislation relatives au droit public, les sensibiliser \u00e0 la r\u00e9glementation des relations de travail dans toutes les institutions de l&#8217;\u00c9tat, et &nbsp;d\u00e9velopper les connaissance des r\u00e9glementations qui les r\u00e9gissent et leurs aspects techniques, leur permettant ainsi d&#8217;acqu\u00e9rir une expertise pratique pr\u00e9alable.<\/p>\n\n\n\n<p>&nbsp; &#8211; Op\u00e9rationnaliser le principe de sp\u00e9cialisation et de division du travail en vue d&#8217;atteindre l&#8217;efficacit\u00e9 dans le domaine du droit public:<\/p>\n\n\n\n<p>&#8211; &nbsp;&nbsp;La formation et la pr\u00e9paration de l&#8217;\u00e9tudiant dans la sp\u00e9cialit\u00e9 de droit public lui permettent de rechercher et d&#8217;enseigner dans le futur s&#8217;il atteint le niveau du&nbsp; doctorat.<\/p>\n\n\n\n<p>&#8211; &nbsp;Le droit public est li\u00e9 \u00e0 l&#8217;aspect pratique de son association \u00e9troite avec les \u00e9quipements publics, qui sont le pilier fondamental du d\u00e9veloppement \u00e9conomique, qui vise \u00e0 guider le demandeur vers une recherche fondamentale approfondie et une qualification pour l&#8217;emploi dans le secteur \u00e9conomique public.<\/p>\n\n\n\n<p>&#8211; L&#8217;association droit public \u00e0 plusieurs lois est permise ; Droit civil, administratif, p\u00e9nal, financier, commercial, international, y compris plusieurs sp\u00e9cialit\u00e9s en droit priv\u00e9 et public.<\/p>\n\n\n\n<p>&#8211; Cette composition vise \u00e0 produire des comp\u00e9tences qualifi\u00e9es dans les diff\u00e9rentes branches du droit public capables d&#8217;accompagner le dynamisme du secteur public aux niveaux national et international.<\/p>\n\n\n\n<p><strong>&nbsp;1. Conditions d&#8217;inscription:<\/strong><\/p>\n\n\n\n<p>L&#8217;inscription est autoris\u00e9e pour les \u00e9tudiants qui ont:<\/p>\n\n\n\n<p>&nbsp; &#8211; &nbsp;Baccalaur\u00e9at<\/p>\n\n\n\n<p>&#8211; &nbsp;Qui ont effectu\u00e9 quatre semestres d\u2019enseignement<\/p>\n\n\n\n<p>&nbsp;conform\u00e9ment \u00e0 la l\u00e9gislation en vigueur .<\/p>\n\n\n\n<ol class=\"wp-block-list\" type=\"1\">\n<li><strong>Unit\u00e9s de programme et modules&nbsp; <\/strong><strong><\/strong><\/li>\n<\/ol>\n\n\n\n<p><strong>&nbsp;&nbsp; &nbsp;&nbsp;&nbsp;&nbsp;Cinqui\u00e8me semestre&nbsp;:<\/strong><strong><\/strong><\/p>\n\n\n\n<p><strong>Unit\u00e9s&nbsp; fondamentale :<\/strong><strong><\/strong><\/p>\n\n\n\n<p>Unit\u00e9 1: &nbsp;les d\u00e9cisions et &nbsp;les contrats administratifs<\/p>\n\n\n\n<p>Unit\u00e9 2: &nbsp;le droit de la fonction publique<\/p>\n\n\n\n<p>Unit 3: droit des relations internationales<\/p>\n\n\n\n<p><strong>Unit\u00e9 d&#8217;enseignement m\u00e9thodologique<\/strong> :<\/p>\n\n\n\n<p>Unit\u00e9 1: Syst\u00e9mes juridiques compar\u00e9s<\/p>\n\n\n\n<p><strong>Unit\u00e9s d&#8217;enseignement exploratoire :<\/strong><\/p>\n\n\n\n<p>Unit\u00e9 1: Droit de l&#8217;environnement et du d\u00e9veloppement durable<\/p>\n\n\n\n<p>Unit\u00e9 2: loi humanitaire internationale<\/p>\n\n\n\n<p>Unit\u00e9 3: Finance publique<\/p>\n\n\n\n<p><strong>Unit\u00e9 d&#8217;enseignement horizontale&nbsp;:<\/strong><\/p>\n\n\n\n<p>Unit\u00e9 1: &nbsp;langue \u00e9trang\u00e8re ( fran\u00e7ais)<\/p>\n\n\n\n<p><strong>Sixi\u00e8mes semestre&nbsp;:<\/strong><\/p>\n\n\n\n<p><strong>Unit\u00e9s&nbsp; fondamentale :<\/strong><\/p>\n\n\n\n<p>Unit\u00e9 1 :le contentieux administratif<\/p>\n\n\n\n<p>Unit\u00e9 2 : Droit public \u00e9conomique<\/p>\n\n\n\n<p>Unit\u00e9 3 : &nbsp;les libert\u00e9s publiques<\/p>\n\n\n\n<p><strong>Unit\u00e9s d&#8217;enseignement m\u00e9thodologique<\/strong> :<\/p>\n\n\n\n<p>Unit\u00e9 1 : s\u00e9minaire<\/p>\n\n\n\n<p><strong>Unit\u00e9s d&#8217;enseignement exploratoire :<\/strong><\/p>\n\n\n\n<p>Unit\u00e9 1 :&nbsp;&nbsp; le droit de lutte contre la corruption<\/p>\n\n\n\n<p>Unit\u00e9 2 :&nbsp;&nbsp; &nbsp;Propri\u00e9t\u00e9 intellectuelle<\/p>\n\n\n\n<p>Unit\u00e9 3 : Droit p\u00e9nal international<\/p>\n\n\n\n<p><strong>Unit\u00e9 d&#8217;enseignement horizontale<\/strong><\/p>\n\n\n\n<p>Unit\u00e9 1: la langue \u00e9trang\u00e8re ( fran\u00e7ais)<\/p>\n","protected":false},"excerpt":{"rendered":"<p>Nom du programme: Licence Droit public Domaine&nbsp;: droit et sciences politiques branche&nbsp;: droit &nbsp;Sp\u00e9cialit\u00e9: droit public 1. 1. Descriptif du programme: Le cursus de formation en sp\u00e9cialisation de troisi\u00e8me ann\u00e9e de droit public comprend un tronc commun de deux ann\u00e9es, et une troisi\u00e8me ann\u00e9e sp\u00e9cialis\u00e9e, \u00e0 raison de six semestres. . Les objectifs de cette sp\u00e9cialisation sont les suivants : &#8211; Fournir aux \u00e9tudiants &nbsp;les diff\u00e9rentes connaissances th\u00e9oriques. &nbsp;&nbsp;&nbsp;&nbsp;&nbsp;&nbsp;&#8211;&nbsp;&nbsp; d\u00e9velopper et approfondir des id\u00e9es de base. &nbsp;&#8211; Atteindre une compatibilit\u00e9 scientifique et une approche m\u00e9thodologique solide pour les \u00e9tudiants en leur enseignant les techniques de m\u00e9thodologie juridique selon &nbsp;des mod\u00e8les appliqu\u00e9s. &#8211; La familiarisation des \u00e9tudiants avec les diff\u00e9rentes l\u00e9gislation relatives au droit public, les sensibiliser \u00e0 la r\u00e9glementation des relations de travail dans toutes les institutions de l&#8217;\u00c9tat, et &nbsp;d\u00e9velopper les connaissance des r\u00e9glementations qui les r\u00e9gissent et leurs aspects techniques, leur permettant ainsi d&#8217;acqu\u00e9rir une expertise pratique pr\u00e9alable. &nbsp; &#8211; Op\u00e9rationnaliser le principe de sp\u00e9cialisation et de division du travail en vue d&#8217;atteindre l&#8217;efficacit\u00e9 dans le domaine du droit public: &#8211; &nbsp;&nbsp;La formation et la pr\u00e9paration de l&#8217;\u00e9tudiant dans la sp\u00e9cialit\u00e9 de droit public lui permettent de rechercher et d&#8217;enseigner dans le futur s&#8217;il atteint le niveau du&nbsp; doctorat. &#8211; &nbsp;Le droit public est li\u00e9 \u00e0 l&#8217;aspect pratique de son association \u00e9troite avec les \u00e9quipements publics, qui sont le pilier fondamental du d\u00e9veloppement \u00e9conomique, qui vise \u00e0 guider le demandeur vers une recherche fondamentale approfondie et une qualification pour l&#8217;emploi dans le secteur \u00e9conomique public. &#8211; L&#8217;association droit public \u00e0 plusieurs lois est permise ; Droit civil, administratif, p\u00e9nal, financier, commercial, international, y compris plusieurs sp\u00e9cialit\u00e9s en droit priv\u00e9 et public. &#8211; Cette composition vise \u00e0 produire des comp\u00e9tences qualifi\u00e9es dans les diff\u00e9rentes branches du droit public capables d&#8217;accompagner le dynamisme du secteur public aux niveaux national et international. &nbsp;1. Conditions d&#8217;inscription: L&#8217;inscription est autoris\u00e9e pour les \u00e9tudiants qui ont: &nbsp; &#8211; &nbsp;Baccalaur\u00e9at &#8211; &nbsp;Qui ont effectu\u00e9 quatre semestres d\u2019enseignement &nbsp;conform\u00e9ment \u00e0 la l\u00e9gislation en vigueur . Unit\u00e9s de programme et modules&nbsp; &nbsp;&nbsp; &nbsp;&nbsp;&nbsp;&nbsp;Cinqui\u00e8me semestre&nbsp;: Unit\u00e9s&nbsp; fondamentale : Unit\u00e9 1: &nbsp;les d\u00e9cisions et &nbsp;les contrats administratifs Unit\u00e9 2: &nbsp;le droit de la fonction publique Unit 3: droit des relations internationales Unit\u00e9 d&#8217;enseignement m\u00e9thodologique : Unit\u00e9 1: Syst\u00e9mes juridiques compar\u00e9s Unit\u00e9s d&#8217;enseignement exploratoire : Unit\u00e9 1: Droit de l&#8217;environnement et du d\u00e9veloppement durable Unit\u00e9 2: loi humanitaire internationale Unit\u00e9 3: Finance publique Unit\u00e9 d&#8217;enseignement horizontale&nbsp;: Unit\u00e9 1: &nbsp;langue \u00e9trang\u00e8re ( fran\u00e7ais) Sixi\u00e8mes semestre&nbsp;: Unit\u00e9s&nbsp; fondamentale : Unit\u00e9 1 :le contentieux administratif Unit\u00e9 2 : Droit public \u00e9conomique Unit\u00e9 3 : &nbsp;les libert\u00e9s publiques Unit\u00e9s d&#8217;enseignement m\u00e9thodologique : Unit\u00e9 1 : s\u00e9minaire Unit\u00e9s d&#8217;enseignement exploratoire : Unit\u00e9 1 :&nbsp;&nbsp; le droit de lutte contre la corruption Unit\u00e9 2 :&nbsp;&nbsp; &nbsp;Propri\u00e9t\u00e9 intellectuelle Unit\u00e9 3 : Droit p\u00e9nal international Unit\u00e9 d&#8217;enseignement horizontale Unit\u00e9 1: la langue \u00e9trang\u00e8re ( fran\u00e7ais)<\/p>\n","protected":false},"author":1,"featured_media":0,"parent":0,"menu_order":0,"comment_status":"closed","ping_status":"closed","template":"","meta":{"footnotes":""},"class_list":["post-5418","page","type-page","status-publish","hentry"],"_links":{"self":[{"href":"https:\/\/www.univ-oeb.dz\/fdsp\/wp-json\/wp\/v2\/pages\/5418","targetHints":{"allow":["GET"]}}],"collection":[{"href":"https:\/\/www.univ-oeb.dz\/fdsp\/wp-json\/wp\/v2\/pages"}],"about":[{"href":"https:\/\/www.univ-oeb.dz\/fdsp\/wp-json\/wp\/v2\/types\/page"}],"author":[{"embeddable":true,"href":"https:\/\/www.univ-oeb.dz\/fdsp\/wp-json\/wp\/v2\/users\/1"}],"replies":[{"embeddable":true,"href":"https:\/\/www.univ-oeb.dz\/fdsp\/wp-json\/wp\/v2\/comments?post=5418"}],"version-history":[{"count":2,"href":"https:\/\/www.univ-oeb.dz\/fdsp\/wp-json\/wp\/v2\/pages\/5418\/revisions"}],"predecessor-version":[{"id":5464,"href":"https:\/\/www.univ-oeb.dz\/fdsp\/wp-json\/wp\/v2\/pages\/5418\/revisions\/5464"}],"wp:attachment":[{"href":"https:\/\/www.univ-oeb.dz\/fdsp\/wp-json\/wp\/v2\/media?parent=5418"}],"curies":[{"name":"wp","href":"https:\/\/api.w.org\/{rel}","templated":true}]}}