{"id":10578,"date":"2024-12-30T23:51:30","date_gmt":"2024-12-30T20:51:30","guid":{"rendered":"https:\/\/www.univ-oeb.dz\/fdsp\/?page_id=10578"},"modified":"2024-12-30T23:51:32","modified_gmt":"2024-12-30T20:51:32","slug":"programme-de-la-semaine","status":"publish","type":"page","link":"https:\/\/www.univ-oeb.dz\/fdsp\/fr\/programme-de-la-semaine\/","title":{"rendered":"Programme de la semaine"},"content":{"rendered":"\n<p class=\"has-text-align-center has-white-color has-vivid-cyan-blue-background-color has-text-color has-background has-link-color has-medium-font-size wp-elements-8e0d1feaab2fb6f47868ac88d2ee45af\"><strong>Droit<\/strong><\/p>\n\n\n\n<figure class=\"wp-block-table\"><table class=\"has-fixed-layout\"><thead><tr><th><strong>T\u00e9l\u00e9charger<\/strong><\/th><th class=\"has-text-align-center\" data-align=\"center\"><strong>Sp\u00e9cialit\u00e9s<\/strong><\/th><th class=\"has-text-align-center\" data-align=\"center\"><strong>Niveau<\/strong><\/th><\/tr><\/thead><tbody><tr><td>Premi\u00e8re ann\u00e9e<\/td><td class=\"has-text-align-center\" data-align=\"center\">Tronc commun<\/td><td class=\"has-text-align-center\" data-align=\"center\"><a rel=\"noreferrer noopener\" href=\"http:\/\/www.univ-oeb.dz\/fdsp\/wp-content\/uploads\/2023\/10\/\u0627\u0644\u062a\u0648\u0642\u064a\u062a-\u0627\u0644\u0627\u0633\u0628\u0648\u0639\u064a-\u0644\u0644\u0633\u0646\u0629-\u0627\u0644\u0627\u0648\u0644\u0649-\u0644\u064a\u0633\u0627\u0646\u0633-\u062d\u0642\u0648\u0642.pdf\" target=\"_blank\"><img decoding=\"async\" width=\"48\" height=\"48\" class=\"wp-image-5342\" style=\"width: 48px;\" src=\"http:\/\/www.univ-oeb.dz\/fdsp\/wp-content\/uploads\/2023\/06\/315274_document_pdf_file_icon.png\" alt=\"\"><\/a><\/td><\/tr><tr><td>Deuxi\u00e8me ann\u00e9e<\/td><td class=\"has-text-align-center\" data-align=\"center\">Tronc commun<\/td><td class=\"has-text-align-center\" data-align=\"center\"><a rel=\"noreferrer noopener\" href=\"http:\/\/www.univ-oeb.dz\/fdsp\/wp-content\/uploads\/2023\/10\/\u0627\u0644\u062a\u0648\u0642\u064a\u062a-\u0627\u0644\u0627\u0633\u0628\u0648\u0639\u064a-\u0644\u0644\u0633\u0646\u0629-\u0627\u0644\u062b\u0627\u0646\u064a\u0629-\u0644\u064a\u0633\u0627\u0646\u0633-\u062d\u0642\u0648\u0642.docx.pdf\" target=\"_blank\"><img decoding=\"async\" width=\"48\" height=\"48\" class=\"wp-image-5342\" style=\"width: 48px;\" src=\"http:\/\/www.univ-oeb.dz\/fdsp\/wp-content\/uploads\/2023\/06\/315274_document_pdf_file_icon.png\" alt=\"\"><\/a><\/td><\/tr><tr><td>Troisi\u00e8me ann\u00e9e<\/td><td class=\"has-text-align-center\" data-align=\"center\">Droit priv\u00e9<\/td><td class=\"has-text-align-center\" data-align=\"center\"><a rel=\"noreferrer noopener\" href=\"http:\/\/www.univ-oeb.dz\/fdsp\/wp-content\/uploads\/2023\/10\/\u062e\u0627\u06353.pdf\" target=\"_blank\"><img decoding=\"async\" width=\"48\" height=\"48\" class=\"wp-image-5342\" style=\"width: 48px;\" src=\"http:\/\/www.univ-oeb.dz\/fdsp\/wp-content\/uploads\/2023\/06\/315274_document_pdf_file_icon.png\" alt=\"\"><\/a><\/td><\/tr><tr><td>Troisi\u00e8me ann\u00e9e<\/td><td class=\"has-text-align-center\" data-align=\"center\">Droit public<\/td><td class=\"has-text-align-center\" data-align=\"center\"><a href=\"http:\/\/www.univ-oeb.dz\/fdsp\/wp-content\/uploads\/2023\/10\/3-\u0642\u0627\u0646\u0648\u0646-\u0639\u0627\u0645.pdf\"><img decoding=\"async\" width=\"48\" height=\"48\" class=\"wp-image-5342\" style=\"width: 48px;\" src=\"http:\/\/www.univ-oeb.dz\/fdsp\/wp-content\/uploads\/2023\/06\/315274_document_pdf_file_icon.png\" alt=\"\"><\/a><\/td><\/tr><tr><td>Premi\u00e8re ann\u00e9e \/ Master<\/td><td class=\"has-text-align-center\" data-align=\"center\">Tous<\/td><td class=\"has-text-align-center\" data-align=\"center\"><a rel=\"noreferrer noopener\" href=\"http:\/\/www.univ-oeb.dz\/fdsp\/wp-content\/uploads\/2023\/10\/\u0627\u0644\u062a\u0648\u0642\u064a\u062a-\u0627\u0644\u0627\u0633\u0628\u0648\u0639\u064a-\u0644\u0644\u0633\u0646\u0629-\u0627\u0644\u0627\u0648\u0644\u0649-\u0645\u0627\u0633\u062a\u0631-\u062c\u0646\u0627\u0626\u064a-\u0627\u0639\u0645\u0627\u0644-\u0639\u0627\u0645-\u0628\u064a\u0626\u0629-Copie.pdf\" target=\"_blank\"><img decoding=\"async\" width=\"48\" height=\"48\" class=\"wp-image-5342\" style=\"width: 48px;\" src=\"http:\/\/www.univ-oeb.dz\/fdsp\/wp-content\/uploads\/2023\/06\/315274_document_pdf_file_icon.png\" alt=\"\"><\/a><\/td><\/tr><tr><td>Second year master&#8217;s degree<\/td><td class=\"has-text-align-center\" data-align=\"center\">Tous<\/td><td class=\"has-text-align-center\" data-align=\"center\"><a rel=\"noreferrer noopener\" href=\"http:\/\/www.univ-oeb.dz\/fdsp\/wp-content\/uploads\/2023\/10\/\u0627\u0644\u062a\u0648\u0642\u064a\u062a-\u0627\u0644\u0627\u0633\u0628\u0648\u0639\u064a-\u0644\u0644\u0633\u0646\u0629-\u0627\u0644\u062b\u0627\u0646\u064a\u0629-\u0645\u0627\u0633\u062a\u0631-\u062c\u0646\u0627\u0626\u064a-\u0627\u0639\u0645\u0627\u0644-\u0639\u0627\u0645-\u0628\u064a\u0626\u0629.pdf\" target=\"_blank\"><img decoding=\"async\" width=\"48\" height=\"48\" class=\"wp-image-5342\" style=\"width: 48px;\" src=\"http:\/\/www.univ-oeb.dz\/fdsp\/wp-content\/uploads\/2023\/06\/315274_document_pdf_file_icon.png\" alt=\"\"><\/a><\/td><\/tr><\/tbody><\/table><\/figure>\n\n\n\n<p class=\"has-text-align-center has-white-color has-vivid-cyan-blue-background-color has-text-color has-background has-link-color has-medium-font-size wp-elements-506fdcd718e142d911db2ac64d9bc4ac\"><strong>Sciences politiques<\/strong><\/p>\n\n\n\n<figure class=\"wp-block-table\"><table class=\"has-fixed-layout\"><thead><tr><th>Level<\/th><th class=\"has-text-align-center\" data-align=\"center\"><strong>Specialties<\/strong><\/th><th class=\"has-text-align-center\" data-align=\"center\"><strong>Download<\/strong><\/th><\/tr><\/thead><tbody><tr><td>Premi\u00e8re ann\u00e9e<\/td><td class=\"has-text-align-center\" data-align=\"center\">Tronc commun<\/td><td class=\"has-text-align-center\" data-align=\"center\"><a rel=\"noreferrer noopener\" href=\"http:\/\/www.univ-oeb.dz\/fdsp\/wp-content\/uploads\/2023\/10\/\u0627\u0644\u062a\u0648\u0642\u064a\u062a-\u0627\u0644\u0627\u0633\u0628\u0648\u0639\u064a-\u0644\u0644\u0633\u0646\u06291-\u062c-\u0645-1.docx\" target=\"_blank\"><img decoding=\"async\" width=\"48\" height=\"48\" class=\"wp-image-5342\" style=\"width: 48px;\" src=\"http:\/\/www.univ-oeb.dz\/fdsp\/wp-content\/uploads\/2023\/06\/315274_document_pdf_file_icon.png\" alt=\"\"><\/a><\/td><\/tr><tr><td>Deuxi\u00e8me ann\u00e9e<\/td><td class=\"has-text-align-center\" data-align=\"center\">Tronc commun<\/td><td class=\"has-text-align-center\" data-align=\"center\"><a rel=\"noreferrer noopener\" href=\"http:\/\/www.univ-oeb.dz\/fdsp\/wp-content\/uploads\/2023\/10\/\u0627\u0644\u062a\u0648\u0642\u064a\u062a-\u0627\u0644\u0627\u0633\u0628\u0648\u0639\u064a-\u0644\u0644\u0633\u0646\u0629-2-\u062c-\u0645-1.docx\" target=\"_blank\"><img decoding=\"async\" width=\"48\" height=\"48\" class=\"wp-image-5342\" style=\"width: 48px;\" src=\"http:\/\/www.univ-oeb.dz\/fdsp\/wp-content\/uploads\/2023\/06\/315274_document_pdf_file_icon.png\" alt=\"\"><\/a><\/td><\/tr><tr><td>Troisi\u00e8me ann\u00e9e<\/td><td class=\"has-text-align-center\" data-align=\"center\">Relations internationales<\/td><td class=\"has-text-align-center\" data-align=\"center\"><a rel=\"noreferrer noopener\" href=\"http:\/\/www.univ-oeb.dz\/fdsp\/wp-content\/uploads\/2023\/10\/\u0627\u0644\u062a\u0648\u0642\u064a\u062a-\u0627\u0644\u0627\u0633\u0628\u0648\u0639\u064a-\u0644\u0644\u0633\u0646\u0629-3-\u0639\u0644\u0627\u0642\u0627\u062a-\u062f\u0648\u0644\u064a\u0629-1.docx\" target=\"_blank\"><img decoding=\"async\" width=\"48\" height=\"48\" class=\"wp-image-5342\" style=\"width: 48px;\" src=\"http:\/\/www.univ-oeb.dz\/fdsp\/wp-content\/uploads\/2023\/06\/315274_document_pdf_file_icon.png\" alt=\"\"><\/a><\/td><\/tr><tr><td>Troisi\u00e8me ann\u00e9e<\/td><td class=\"has-text-align-center\" data-align=\"center\">Organisation politique et administrative<\/td><td class=\"has-text-align-center\" data-align=\"center\"><a rel=\"noreferrer noopener\" href=\"http:\/\/www.univ-oeb.dz\/fdsp\/wp-content\/uploads\/2023\/10\/\u0627\u0644\u062a\u0648\u0642\u064a\u062a-\u0627\u0644\u0623\u0633\u0628\u0648\u0639\u064a-\u0644\u0644\u0633\u0646\u0629-3-\u062a\u0638\u064a\u0645\u0627\u062a-\u0633\u064a\u0627\u0633\u064a\u0629-\u0648\u0625\u062f\u0627\u0631\u064a\u0629-\u0644\u064a\u0633\u0627\u0646\u0633-\u0639\u0644\u0648\u0645-\u062a\u062e\u0635\u0635-\u062a\u0646\u0638\u064a\u0645-\u0633\u064a\u0627\u0633\u064a-\u0648-\u0627\u062f\u0627\u0631\u064a-1.docx\" target=\"_blank\"><img decoding=\"async\" width=\"48\" height=\"48\" class=\"wp-image-5342\" style=\"width: 48px;\" src=\"http:\/\/www.univ-oeb.dz\/fdsp\/wp-content\/uploads\/2023\/06\/315274_document_pdf_file_icon.png\" alt=\"\"><\/a><\/td><\/tr><tr><td>Premi\u00e8re ann\u00e9e \/ Master<\/td><td class=\"has-text-align-center\" data-align=\"center\">Tous<\/td><td class=\"has-text-align-center\" data-align=\"center\"><a rel=\"noreferrer noopener\" href=\"http:\/\/www.univ-oeb.dz\/fdsp\/wp-content\/uploads\/2023\/10\/\u0627\u0644\u062a\u0648\u0642\u064a\u062a-\u0627\u0644\u0627\u0633\u0628\u0648\u0639\u064a-\u0644\u0644\u0633\u0646\u0629-1-\u0645\u0627\u0633\u062a\u0631-1.docx\" target=\"_blank\"><img decoding=\"async\" width=\"48\" height=\"48\" class=\"wp-image-5342\" style=\"width: 48px;\" src=\"http:\/\/www.univ-oeb.dz\/fdsp\/wp-content\/uploads\/2023\/06\/315274_document_pdf_file_icon.png\" alt=\"\"><\/a><\/td><\/tr><tr><td>Second year master&#8217;s degree<\/td><td class=\"has-text-align-center\" data-align=\"center\">Tous<\/td><td class=\"has-text-align-center\" data-align=\"center\"><a rel=\"noreferrer noopener\" href=\"http:\/\/www.univ-oeb.dz\/fdsp\/wp-content\/uploads\/2023\/10\/\u0627\u0644\u062a\u0648\u0642\u064a\u062a-\u0627\u0644\u0627\u0633\u0628\u0648\u0639\u064a-\u0644\u0644\u0633\u0646\u0629-2\u0645\u0627\u0633\u062a\u0631-1.docx\" target=\"_blank\"><img decoding=\"async\" width=\"48\" height=\"48\" class=\"wp-image-5342\" style=\"width: 48px;\" src=\"http:\/\/www.univ-oeb.dz\/fdsp\/wp-content\/uploads\/2023\/06\/315274_document_pdf_file_icon.png\" alt=\"\"><\/a><\/td><\/tr><\/tbody><\/table><\/figure>\n","protected":false},"excerpt":{"rendered":"<p>Droit T\u00e9l\u00e9chargerSp\u00e9cialit\u00e9sNiveauPremi\u00e8re ann\u00e9eTronc communDeuxi\u00e8me ann\u00e9eTronc communTroisi\u00e8me ann\u00e9eDroit priv\u00e9Troisi\u00e8me ann\u00e9eDroit publicPremi\u00e8re ann\u00e9e \/ MasterTousSecond year master&#8217;s degreeTous Sciences politiques LevelSpecialtiesDownloadPremi\u00e8re ann\u00e9eTronc communDeuxi\u00e8me ann\u00e9eTronc communTroisi\u00e8me ann\u00e9eRelations internationalesTroisi\u00e8me ann\u00e9eOrganisation politique et administrativePremi\u00e8re ann\u00e9e \/ MasterTousSecond year master&#8217;s degreeTous<\/p>\n","protected":false},"author":1,"featured_media":0,"parent":0,"menu_order":0,"comment_status":"closed","ping_status":"closed","template":"","meta":{"footnotes":""},"class_list":["post-10578","page","type-page","status-publish","hentry"],"_links":{"self":[{"href":"https:\/\/www.univ-oeb.dz\/fdsp\/wp-json\/wp\/v2\/pages\/10578","targetHints":{"allow":["GET"]}}],"collection":[{"href":"https:\/\/www.univ-oeb.dz\/fdsp\/wp-json\/wp\/v2\/pages"}],"about":[{"href":"https:\/\/www.univ-oeb.dz\/fdsp\/wp-json\/wp\/v2\/types\/page"}],"author":[{"embeddable":true,"href":"https:\/\/www.univ-oeb.dz\/fdsp\/wp-json\/wp\/v2\/users\/1"}],"replies":[{"embeddable":true,"href":"https:\/\/www.univ-oeb.dz\/fdsp\/wp-json\/wp\/v2\/comments?post=10578"}],"version-history":[{"count":1,"href":"https:\/\/www.univ-oeb.dz\/fdsp\/wp-json\/wp\/v2\/pages\/10578\/revisions"}],"predecessor-version":[{"id":10582,"href":"https:\/\/www.univ-oeb.dz\/fdsp\/wp-json\/wp\/v2\/pages\/10578\/revisions\/10582"}],"wp:attachment":[{"href":"https:\/\/www.univ-oeb.dz\/fdsp\/wp-json\/wp\/v2\/media?parent=10578"}],"curies":[{"name":"wp","href":"https:\/\/api.w.org\/{rel}","templated":true}]}}