{"id":10485,"date":"2024-12-30T22:00:19","date_gmt":"2024-12-30T19:00:19","guid":{"rendered":"https:\/\/www.univ-oeb.dz\/fdsp\/?page_id=10485"},"modified":"2024-12-30T22:02:04","modified_gmt":"2024-12-30T19:02:04","slug":"vice-decanat-charge-des-etudes-et-des-questions-relatives-aux-etudiants","status":"publish","type":"page","link":"https:\/\/www.univ-oeb.dz\/fdsp\/fr\/vice-decanat-charge-des-etudes-et-des-questions-relatives-aux-etudiants\/","title":{"rendered":"Vice-d\u00e9canat charg\u00e9 des \u00e9tudes et des questions relatives aux \u00e9tudiants"},"content":{"rendered":"\t\t<div data-elementor-type=\"wp-page\" data-elementor-id=\"10485\" class=\"elementor elementor-10485\">\n\t\t\t\t\t\t<section class=\"elementor-section elementor-top-section elementor-element elementor-element-10eb242 elementor-section-boxed elementor-section-height-default elementor-section-height-default wpr-particle-no wpr-jarallax-no wpr-parallax-no wpr-sticky-section-no\" data-id=\"10eb242\" data-element_type=\"section\">\n\t\t\t\t\t\t<div class=\"elementor-container elementor-column-gap-default\">\n\t\t\t\t\t<div class=\"elementor-column elementor-col-100 elementor-top-column elementor-element elementor-element-e02f250\" data-id=\"e02f250\" data-element_type=\"column\">\n\t\t\t<div class=\"elementor-widget-wrap elementor-element-populated\">\n\t\t\t\t\t\t<div class=\"elementor-element elementor-element-e76a302 elementor-widget elementor-widget-image\" data-id=\"e76a302\" data-element_type=\"widget\" data-widget_type=\"image.default\">\n\t\t\t\t<div class=\"elementor-widget-container\">\n\t\t\t\t\t\t\t\t\t\t\t\t\t\t\t<img decoding=\"async\" width=\"150\" height=\"150\" src=\"https:\/\/www.univ-oeb.dz\/fdsp\/wp-content\/uploads\/2024\/12\/\u0639\u0628\u062f-\u0627\u0644\u0633\u0644\u0627\u0645-\u062d\u0633\u064a\u0646\u064a-228x300-1-150x150.jpg\" class=\"attachment-thumbnail size-thumbnail wp-image-10284\" alt=\"\" \/>\t\t\t\t\t\t\t\t\t\t\t\t\t\t\t<\/div>\n\t\t\t\t<\/div>\n\t\t\t\t\t<\/div>\n\t\t<\/div>\n\t\t\t\t\t<\/div>\n\t\t<\/section>\n\t\t\t\t<section class=\"elementor-section elementor-top-section elementor-element elementor-element-5c0ad4c elementor-section-boxed elementor-section-height-default elementor-section-height-default wpr-particle-no wpr-jarallax-no wpr-parallax-no wpr-sticky-section-no\" data-id=\"5c0ad4c\" data-element_type=\"section\">\n\t\t\t\t\t\t<div class=\"elementor-container elementor-column-gap-default\">\n\t\t\t\t\t<div class=\"elementor-column elementor-col-100 elementor-top-column elementor-element elementor-element-a6fd344\" data-id=\"a6fd344\" data-element_type=\"column\">\n\t\t\t<div class=\"elementor-widget-wrap elementor-element-populated\">\n\t\t\t\t\t\t<div class=\"elementor-element elementor-element-825596f elementor-widget elementor-widget-text-editor\" data-id=\"825596f\" data-element_type=\"widget\" data-widget_type=\"text-editor.default\">\n\t\t\t\t<div class=\"elementor-widget-container\">\n\t\t\t\t\t\t\t\t\t<hr \/><p style=\"text-align: center;\"><strong>Nom complet :<\/strong> M. Hussaini Abdul Salam<br \/><strong>T\u00e9l\u00e9phone\/Fax :<\/strong> 032.41.25.28<br \/><strong>E-mail :<\/strong> pedagogie06@yahoo.fr \/ fdsp_pedag@univ-oeb.dz<\/p>\t\t\t\t\t\t\t\t<\/div>\n\t\t\t\t<\/div>\n\t\t\t\t\t<\/div>\n\t\t<\/div>\n\t\t\t\t\t<\/div>\n\t\t<\/section>\n\t\t\t\t<\/div>\n\t\t","protected":false},"excerpt":{"rendered":"<p>Nom complet : M. Hussaini Abdul SalamT\u00e9l\u00e9phone\/Fax : 032.41.25.28E-mail : pedagogie06@yahoo.fr \/ fdsp_pedag@univ-oeb.dz<\/p>\n","protected":false},"author":1,"featured_media":0,"parent":0,"menu_order":0,"comment_status":"closed","ping_status":"closed","template":"","meta":{"footnotes":""},"class_list":["post-10485","page","type-page","status-publish","hentry"],"_links":{"self":[{"href":"https:\/\/www.univ-oeb.dz\/fdsp\/wp-json\/wp\/v2\/pages\/10485","targetHints":{"allow":["GET"]}}],"collection":[{"href":"https:\/\/www.univ-oeb.dz\/fdsp\/wp-json\/wp\/v2\/pages"}],"about":[{"href":"https:\/\/www.univ-oeb.dz\/fdsp\/wp-json\/wp\/v2\/types\/page"}],"author":[{"embeddable":true,"href":"https:\/\/www.univ-oeb.dz\/fdsp\/wp-json\/wp\/v2\/users\/1"}],"replies":[{"embeddable":true,"href":"https:\/\/www.univ-oeb.dz\/fdsp\/wp-json\/wp\/v2\/comments?post=10485"}],"version-history":[{"count":4,"href":"https:\/\/www.univ-oeb.dz\/fdsp\/wp-json\/wp\/v2\/pages\/10485\/revisions"}],"predecessor-version":[{"id":10489,"href":"https:\/\/www.univ-oeb.dz\/fdsp\/wp-json\/wp\/v2\/pages\/10485\/revisions\/10489"}],"wp:attachment":[{"href":"https:\/\/www.univ-oeb.dz\/fdsp\/wp-json\/wp\/v2\/media?parent=10485"}],"curies":[{"name":"wp","href":"https:\/\/api.w.org\/{rel}","templated":true}]}}