{"id":10476,"date":"2024-12-30T21:55:32","date_gmt":"2024-12-30T18:55:32","guid":{"rendered":"https:\/\/www.univ-oeb.dz\/fdsp\/?page_id=10476"},"modified":"2024-12-30T21:58:02","modified_gmt":"2024-12-30T18:58:02","slug":"vice-decanat-charge-du-post-graduat-de-la-recherche-scientifique-et-des-relations-exterieures","status":"publish","type":"page","link":"https:\/\/www.univ-oeb.dz\/fdsp\/fr\/vice-decanat-charge-du-post-graduat-de-la-recherche-scientifique-et-des-relations-exterieures\/","title":{"rendered":"Vice-d\u00e9canat charg\u00e9 du post-graduat, de la recherche scientifique et des relations ext\u00e9rieures"},"content":{"rendered":"\t\t<div data-elementor-type=\"wp-page\" data-elementor-id=\"10476\" class=\"elementor elementor-10476\">\n\t\t\t\t\t\t<section class=\"elementor-section elementor-top-section elementor-element elementor-element-042b1a9 elementor-section-boxed elementor-section-height-default elementor-section-height-default wpr-particle-no wpr-jarallax-no wpr-parallax-no wpr-sticky-section-no\" data-id=\"042b1a9\" data-element_type=\"section\">\n\t\t\t\t\t\t<div class=\"elementor-container elementor-column-gap-default\">\n\t\t\t\t\t<div class=\"elementor-column elementor-col-100 elementor-top-column elementor-element elementor-element-9e7a4c6\" data-id=\"9e7a4c6\" data-element_type=\"column\">\n\t\t\t<div class=\"elementor-widget-wrap elementor-element-populated\">\n\t\t\t\t\t\t<div class=\"elementor-element elementor-element-cd459ad elementor-widget elementor-widget-image\" data-id=\"cd459ad\" data-element_type=\"widget\" data-widget_type=\"image.default\">\n\t\t\t\t<div class=\"elementor-widget-container\">\n\t\t\t\t\t\t\t\t\t\t\t\t\t\t\t<img decoding=\"async\" width=\"150\" height=\"150\" src=\"https:\/\/www.univ-oeb.dz\/fdsp\/wp-content\/uploads\/2024\/12\/z-e1735469027869-150x150.jpg\" class=\"attachment-thumbnail size-thumbnail wp-image-10298\" alt=\"\" \/>\t\t\t\t\t\t\t\t\t\t\t\t\t\t\t<\/div>\n\t\t\t\t<\/div>\n\t\t\t\t\t<\/div>\n\t\t<\/div>\n\t\t\t\t\t<\/div>\n\t\t<\/section>\n\t\t\t\t<section class=\"elementor-section elementor-top-section elementor-element elementor-element-c863f6b elementor-section-boxed elementor-section-height-default elementor-section-height-default wpr-particle-no wpr-jarallax-no wpr-parallax-no wpr-sticky-section-no\" data-id=\"c863f6b\" data-element_type=\"section\">\n\t\t\t\t\t\t<div class=\"elementor-container elementor-column-gap-default\">\n\t\t\t\t\t<div class=\"elementor-column elementor-col-100 elementor-top-column elementor-element elementor-element-7f436ab\" data-id=\"7f436ab\" data-element_type=\"column\">\n\t\t\t<div class=\"elementor-widget-wrap elementor-element-populated\">\n\t\t\t\t\t\t<div class=\"elementor-element elementor-element-d2dafe3 elementor-widget elementor-widget-text-editor\" data-id=\"d2dafe3\" data-element_type=\"widget\" data-widget_type=\"text-editor.default\">\n\t\t\t\t<div class=\"elementor-widget-container\">\n\t\t\t\t\t\t\t\t\t<hr \/><p style=\"text-align: center;\"><strong>Nom complet :<\/strong> Dr Ben Tahar Amina<br \/><strong>T\u00e9l\u00e9phone\/Fax :<\/strong> 0671.65.49.57<br \/><strong>E-mail :<\/strong> bentahar.amina@univ-oeb.dz<\/p>\t\t\t\t\t\t\t\t<\/div>\n\t\t\t\t<\/div>\n\t\t\t\t\t<\/div>\n\t\t<\/div>\n\t\t\t\t\t<\/div>\n\t\t<\/section>\n\t\t\t\t<\/div>\n\t\t","protected":false},"excerpt":{"rendered":"<p>Nom complet : Dr Ben Tahar AminaT\u00e9l\u00e9phone\/Fax : 0671.65.49.57E-mail : bentahar.amina@univ-oeb.dz<\/p>\n","protected":false},"author":1,"featured_media":0,"parent":0,"menu_order":0,"comment_status":"closed","ping_status":"closed","template":"","meta":{"footnotes":""},"class_list":["post-10476","page","type-page","status-publish","hentry"],"_links":{"self":[{"href":"https:\/\/www.univ-oeb.dz\/fdsp\/wp-json\/wp\/v2\/pages\/10476","targetHints":{"allow":["GET"]}}],"collection":[{"href":"https:\/\/www.univ-oeb.dz\/fdsp\/wp-json\/wp\/v2\/pages"}],"about":[{"href":"https:\/\/www.univ-oeb.dz\/fdsp\/wp-json\/wp\/v2\/types\/page"}],"author":[{"embeddable":true,"href":"https:\/\/www.univ-oeb.dz\/fdsp\/wp-json\/wp\/v2\/users\/1"}],"replies":[{"embeddable":true,"href":"https:\/\/www.univ-oeb.dz\/fdsp\/wp-json\/wp\/v2\/comments?post=10476"}],"version-history":[{"count":4,"href":"https:\/\/www.univ-oeb.dz\/fdsp\/wp-json\/wp\/v2\/pages\/10476\/revisions"}],"predecessor-version":[{"id":10480,"href":"https:\/\/www.univ-oeb.dz\/fdsp\/wp-json\/wp\/v2\/pages\/10476\/revisions\/10480"}],"wp:attachment":[{"href":"https:\/\/www.univ-oeb.dz\/fdsp\/wp-json\/wp\/v2\/media?parent=10476"}],"curies":[{"name":"wp","href":"https:\/\/api.w.org\/{rel}","templated":true}]}}