{"id":10464,"date":"2024-12-30T21:34:06","date_gmt":"2024-12-30T18:34:06","guid":{"rendered":"https:\/\/www.univ-oeb.dz\/fdsp\/?page_id=10464"},"modified":"2024-12-30T21:51:36","modified_gmt":"2024-12-30T18:51:36","slug":"doyen-de-la-faculte","status":"publish","type":"page","link":"https:\/\/www.univ-oeb.dz\/fdsp\/fr\/doyen-de-la-faculte\/","title":{"rendered":"Doyen de la Facult\u00e9"},"content":{"rendered":"\t\t<div data-elementor-type=\"wp-page\" data-elementor-id=\"10464\" class=\"elementor elementor-10464\">\n\t\t\t\t\t\t<section class=\"elementor-section elementor-top-section elementor-element elementor-element-2d74580 elementor-section-boxed elementor-section-height-default elementor-section-height-default wpr-particle-no wpr-jarallax-no wpr-parallax-no wpr-sticky-section-no\" data-id=\"2d74580\" data-element_type=\"section\">\n\t\t\t\t\t\t<div class=\"elementor-container elementor-column-gap-default\">\n\t\t\t\t\t<div class=\"elementor-column elementor-col-100 elementor-top-column elementor-element elementor-element-64df218\" data-id=\"64df218\" data-element_type=\"column\">\n\t\t\t<div class=\"elementor-widget-wrap elementor-element-populated\">\n\t\t\t\t\t\t<div class=\"elementor-element elementor-element-746ebe7 elementor-widget elementor-widget-image\" data-id=\"746ebe7\" data-element_type=\"widget\" data-widget_type=\"image.default\">\n\t\t\t\t<div class=\"elementor-widget-container\">\n\t\t\t\t\t\t\t\t\t\t\t\t\t\t\t<img fetchpriority=\"high\" decoding=\"async\" width=\"263\" height=\"263\" src=\"https:\/\/www.univ-oeb.dz\/fdsp\/wp-content\/uploads\/2024\/12\/11zon_cropped-2.png\" class=\"attachment-medium_large size-medium_large wp-image-10230\" alt=\"\" srcset=\"https:\/\/www.univ-oeb.dz\/fdsp\/wp-content\/uploads\/2024\/12\/11zon_cropped-2.png 263w, https:\/\/www.univ-oeb.dz\/fdsp\/wp-content\/uploads\/2024\/12\/11zon_cropped-2-150x150.png 150w\" sizes=\"(max-width: 263px) 100vw, 263px\" \/>\t\t\t\t\t\t\t\t\t\t\t\t\t\t\t<\/div>\n\t\t\t\t<\/div>\n\t\t\t\t\t<\/div>\n\t\t<\/div>\n\t\t\t\t\t<\/div>\n\t\t<\/section>\n\t\t\t\t<section class=\"elementor-section elementor-top-section elementor-element elementor-element-9c314c0 elementor-section-boxed elementor-section-height-default elementor-section-height-default wpr-particle-no wpr-jarallax-no wpr-parallax-no wpr-sticky-section-no\" data-id=\"9c314c0\" data-element_type=\"section\">\n\t\t\t\t\t\t<div class=\"elementor-container elementor-column-gap-default\">\n\t\t\t\t\t<div class=\"elementor-column elementor-col-100 elementor-top-column elementor-element elementor-element-0f2fe6f\" data-id=\"0f2fe6f\" data-element_type=\"column\">\n\t\t\t<div class=\"elementor-widget-wrap elementor-element-populated\">\n\t\t\t\t\t\t<div class=\"elementor-element elementor-element-5db96d9 elementor-widget elementor-widget-text-editor\" data-id=\"5db96d9\" data-element_type=\"widget\" data-widget_type=\"text-editor.default\">\n\t\t\t\t<div class=\"elementor-widget-container\">\n\t\t\t\t\t\t\t\t\t<h4 style=\"text-align: center;\"><strong>Nom complet<\/strong> : Dr. Mannaa Mourad<\/h4><h4 style=\"text-align: center;\"><strong>T\u00e9l\u00e9phone\/Fax<\/strong> : 032.41.25.28.41<\/h4><h4 style=\"text-align: center;\"><strong>E-mail:<\/strong> flps.dean@univ-oeb.dz<\/h4>\t\t\t\t\t\t\t\t<\/div>\n\t\t\t\t<\/div>\n\t\t\t\t\t<\/div>\n\t\t<\/div>\n\t\t\t\t\t<\/div>\n\t\t<\/section>\n\t\t\t\t<section class=\"elementor-section elementor-top-section elementor-element elementor-element-90a7aab elementor-section-boxed elementor-section-height-default elementor-section-height-default wpr-particle-no wpr-jarallax-no wpr-parallax-no wpr-sticky-section-no\" data-id=\"90a7aab\" data-element_type=\"section\">\n\t\t\t\t\t\t<div class=\"elementor-container elementor-column-gap-default\">\n\t\t\t\t\t<div class=\"elementor-column elementor-col-100 elementor-top-column elementor-element elementor-element-55f764a\" data-id=\"55f764a\" data-element_type=\"column\">\n\t\t\t<div class=\"elementor-widget-wrap elementor-element-populated\">\n\t\t\t\t\t\t<div class=\"elementor-element elementor-element-b55b84e wpr-list-style-none elementor-widget elementor-widget-wpr-posts-timeline\" data-id=\"b55b84e\" data-element_type=\"widget\" data-settings=\"{&quot;animation_offset&quot;:150,&quot;aos_animation_duration&quot;:600}\" data-widget_type=\"wpr-posts-timeline.default\">\n\t\t\t\t<div class=\"elementor-widget-container\">\n\t\t\t\t\t\n\t\t<div class=\"wpr-wrapper wpr-vertical wpr-centered\">\n\t\t\t<div class=\"wpr-timeline-centered wpr-line wpr-both-sided-timeline\"><div class=\"wpr-middle-line\"><\/div><div class=\"wpr-timeline-fill\" data-layout=\"centered\"><\/div><article class=\"wpr-timeline-entry wpr-left-aligned elementor-repeater-item-89eb76a\" data-item-id=\"elementor-repeater-item-89eb76a\"><time class=\"wpr-extra-label\" data-aos=\"fade\" data-aos-left=\"\" data-aos-right=\"\" data-animation-offset=\"150\" data-animation-duration=\"600\"><span class=\"wpr-label\">2022<\/span><\/time><div class=\"wpr-timeline-entry-inner\"><div class=\"wpr-main-line-icon wpr-icon\"><i aria-hidden=\"true\" class=\"fas fa-circle\"><\/i><\/div><div class=\"wpr-story-info-vertical wpr-data-wrap \"  data-aos=\"fade\" data-aos-left=\"\" data-aos-right=\"\" data-animation-offset=\"150\" data-animation-duration=\"600\"><div class=\"wpr-timeline-content-wrapper\"><div class=\"wpr-content-wrapper\"><p class=\"wpr-title-wrap\"><span class=\"wpr-title\">Certificat de qualification universitaire<\/span><\/p><div class=\"wpr-description\"><p>Ma\u00eetre de conf\u00e9rences A \u00e0 partir du : 01\/06\/2022.<\/p><\/div><\/div><\/div><\/div>\n\t\t\t\t\t\t<\/div>\n\t\t\t\t<\/article><article class=\"wpr-timeline-entry wpr-right-aligned elementor-repeater-item-700f641\" data-item-id=\"elementor-repeater-item-700f641\"><time class=\"wpr-extra-label\" data-aos=\"fade\" data-aos-left=\"\" data-aos-right=\"\" data-animation-offset=\"150\" data-animation-duration=\"600\"><span class=\"wpr-label\">2020<\/span><\/time><div class=\"wpr-timeline-entry-inner\"><div class=\"wpr-main-line-icon wpr-icon\"><i aria-hidden=\"true\" class=\"fas fa-circle\"><\/i><\/div><div class=\"wpr-story-info-vertical wpr-data-wrap \"  data-aos=\"fade\" data-aos-left=\"\" data-aos-right=\"\" data-animation-offset=\"150\" data-animation-duration=\"600\"><div class=\"wpr-timeline-content-wrapper\"><div class=\"wpr-content-wrapper\"><p class=\"wpr-title-wrap\"><span class=\"wpr-title\">Doctorat en droit public <\/span><\/p><div class=\"wpr-description\"><p>Majeure en droit p\u00e9nal et sciences criminelles, f\u00e9vrier 2020 avec une mention tr\u00e8s honorable.<br \/>Universit\u00e9 Larbi Benmehidi - Oum El Bouaghi.<\/p><\/div><\/div><\/div><\/div>\n\t\t\t\t\t\t<\/div>\n\t\t\t\t<\/article><article class=\"wpr-timeline-entry wpr-left-aligned elementor-repeater-item-aa9d67d\" data-item-id=\"elementor-repeater-item-aa9d67d\"><time class=\"wpr-extra-label\" data-aos=\"fade\" data-aos-left=\"\" data-aos-right=\"\" data-animation-offset=\"150\" data-animation-duration=\"600\"><span class=\"wpr-label\">2012<\/span><\/time><div class=\"wpr-timeline-entry-inner\"><div class=\"wpr-main-line-icon wpr-icon\"><i aria-hidden=\"true\" class=\"fas fa-circle\"><\/i><\/div><div class=\"wpr-story-info-vertical wpr-data-wrap \"  data-aos=\"fade\" data-aos-left=\"\" data-aos-right=\"\" data-animation-offset=\"150\" data-animation-duration=\"600\"><div class=\"wpr-timeline-content-wrapper\"><div class=\"wpr-content-wrapper\"><p class=\"wpr-title-wrap\"><span class=\"wpr-title\">Certificat de stage dans la profession juridique<\/span><\/p><div class=\"wpr-description\"><p>D\u00e9cembre 2012 Certificat de fin de stage dans la profession juridique<\/p><\/div><\/div><\/div><\/div>\n\t\t\t\t\t\t<\/div>\n\t\t\t\t<\/article><article class=\"wpr-timeline-entry wpr-right-aligned elementor-repeater-item-abc9432\" data-item-id=\"elementor-repeater-item-abc9432\"><time class=\"wpr-extra-label\" data-aos=\"fade\" data-aos-left=\"\" data-aos-right=\"\" data-animation-offset=\"150\" data-animation-duration=\"600\"><span class=\"wpr-label\">2005\/2006<\/span><\/time><div class=\"wpr-timeline-entry-inner\"><div class=\"wpr-main-line-icon wpr-icon\"><i aria-hidden=\"true\" class=\"fas fa-circle\"><\/i><\/div><div class=\"wpr-story-info-vertical wpr-data-wrap \"  data-aos=\"fade\" data-aos-left=\"\" data-aos-right=\"\" data-animation-offset=\"150\" data-animation-duration=\"600\"><div class=\"wpr-timeline-content-wrapper\"><div class=\"wpr-content-wrapper\"><p class=\"wpr-title-wrap\"><span class=\"wpr-title\">Certificat d&#039;aptitude professionnelle en droit<\/span><\/p><div class=\"wpr-description\"><p>Certificat de comp\u00e9tence professionnelle en droit, Universit\u00e9 Colonel Hajj Lakhdar - Batna - avec mention : Bon. (2005\/2006)<\/p><\/div><\/div><\/div><\/div>\n\t\t\t\t\t\t<\/div>\n\t\t\t\t<\/article><\/div>    \n\t\t\t<\/div>\t\t\t\t<\/div>\n\t\t\t\t<\/div>\n\t\t\t\t\t<\/div>\n\t\t<\/div>\n\t\t\t\t\t<\/div>\n\t\t<\/section>\n\t\t\t\t<section class=\"elementor-section elementor-top-section elementor-element elementor-element-1b554b9 elementor-section-boxed elementor-section-height-default elementor-section-height-default wpr-particle-no wpr-jarallax-no wpr-parallax-no wpr-sticky-section-no\" data-id=\"1b554b9\" data-element_type=\"section\">\n\t\t\t\t\t\t<div class=\"elementor-container elementor-column-gap-default\">\n\t\t\t\t\t<div class=\"elementor-column elementor-col-100 elementor-top-column elementor-element elementor-element-db17074\" data-id=\"db17074\" data-element_type=\"column\">\n\t\t\t<div class=\"elementor-widget-wrap elementor-element-populated\">\n\t\t\t\t\t\t<div class=\"elementor-element elementor-element-05d60d8 wpr-list-style-none elementor-widget elementor-widget-wpr-posts-timeline\" data-id=\"05d60d8\" data-element_type=\"widget\" data-settings=\"{&quot;animation_offset&quot;:150,&quot;aos_animation_duration&quot;:600}\" data-widget_type=\"wpr-posts-timeline.default\">\n\t\t\t\t<div class=\"elementor-widget-container\">\n\t\t\t\t\t\n\t\t<div class=\"wpr-wrapper wpr-vertical wpr-centered\">\n\t\t\t<div class=\"wpr-timeline-centered wpr-line wpr-both-sided-timeline\"><div class=\"wpr-middle-line\"><\/div><div class=\"wpr-timeline-fill\" data-layout=\"centered\"><\/div><article class=\"wpr-timeline-entry wpr-left-aligned elementor-repeater-item-89eb76a\" data-item-id=\"elementor-repeater-item-89eb76a\"><time class=\"wpr-extra-label\" data-aos=\"fade\" data-aos-left=\"\" data-aos-right=\"\" data-animation-offset=\"150\" data-animation-duration=\"600\"><span class=\"wpr-label\">2008<\/span><\/time><div class=\"wpr-timeline-entry-inner\"><div class=\"wpr-main-line-icon wpr-icon\"><i aria-hidden=\"true\" class=\"fas fa-circle\"><\/i><\/div><div class=\"wpr-story-info-vertical wpr-data-wrap \"  data-aos=\"fade\" data-aos-left=\"\" data-aos-right=\"\" data-animation-offset=\"150\" data-animation-duration=\"600\"><div class=\"wpr-timeline-content-wrapper\"><div class=\"wpr-content-wrapper\"><p class=\"wpr-title-wrap\"><span class=\"wpr-title\">Master en droit p\u00e9nal et sciences criminelles<\/span><\/p><div class=\"wpr-description\"><p>Master, juillet 2008, Universit\u00e9 Larbi Benmehidi - Oum El Bouaghi. Note : Tr\u00e8s bonne note. Sp\u00e9cialisation en droit p\u00e9nal et sciences criminelles.<\/p><\/div><\/div><\/div><\/div>\n\t\t\t\t\t\t<\/div>\n\t\t\t\t<\/article><article class=\"wpr-timeline-entry wpr-right-aligned elementor-repeater-item-700f641\" data-item-id=\"elementor-repeater-item-700f641\"><time class=\"wpr-extra-label\" data-aos=\"fade\" data-aos-left=\"\" data-aos-right=\"\" data-animation-offset=\"150\" data-animation-duration=\"600\"><span class=\"wpr-label\">Class of 2003<\/span><\/time><div class=\"wpr-timeline-entry-inner\"><div class=\"wpr-main-line-icon wpr-icon\"><i aria-hidden=\"true\" class=\"fas fa-circle\"><\/i><\/div><div class=\"wpr-story-info-vertical wpr-data-wrap \"  data-aos=\"fade\" data-aos-left=\"\" data-aos-right=\"\" data-animation-offset=\"150\" data-animation-duration=\"600\"><div class=\"wpr-timeline-content-wrapper\"><div class=\"wpr-content-wrapper\"><p class=\"wpr-title-wrap\"><span class=\"wpr-title\">Dipl\u00f4me de licence<\/span><\/p><div class=\"wpr-description\"><p>Licence, session de juin 2003, Universit\u00e9 Larbi Benmehidi - Oum El Bouaghi. Major de la promo.<\/p><\/div><\/div><\/div><\/div>\n\t\t\t\t\t\t<\/div>\n\t\t\t\t<\/article><\/div>    \n\t\t\t<\/div>\t\t\t\t<\/div>\n\t\t\t\t<\/div>\n\t\t\t\t\t<\/div>\n\t\t<\/div>\n\t\t\t\t\t<\/div>\n\t\t<\/section>\n\t\t\t\t<section class=\"elementor-section elementor-top-section elementor-element elementor-element-e39fb20 elementor-section-boxed elementor-section-height-default elementor-section-height-default wpr-particle-no wpr-jarallax-no wpr-parallax-no wpr-sticky-section-no\" data-id=\"e39fb20\" data-element_type=\"section\" data-settings=\"{&quot;background_background&quot;:&quot;classic&quot;}\">\n\t\t\t\t\t\t<div class=\"elementor-container elementor-column-gap-default\">\n\t\t\t\t\t<div class=\"elementor-column elementor-col-50 elementor-top-column elementor-element elementor-element-017f416 elementor-hidden-tablet elementor-hidden-mobile\" data-id=\"017f416\" data-element_type=\"column\">\n\t\t\t<div class=\"elementor-widget-wrap elementor-element-populated\">\n\t\t\t\t\t\t<div class=\"elementor-element elementor-element-934102e elementor-widget__width-initial wpr-advanced-accordion-icon-side-box elementor-widget elementor-widget-wpr-advanced-accordion\" data-id=\"934102e\" data-element_type=\"widget\" data-settings=\"{&quot;active_item&quot;:0}\" data-widget_type=\"wpr-advanced-accordion.default\">\n\t\t\t\t<div class=\"elementor-widget-container\">\n\t\t\t\t\t\n            <div class=\"wpr-advanced-accordion\" data-accordion-type=\"accordion\" data-active-index=\"0\" data-accordion-trigger=\"click\" data-interaction-speed=\"0.4\">\n\n\t\t\t\n                \n\t\t\t\t\t<div class=\"wpr-accordion-item-wrap\">\n\t\t\t\t\t\t<button class=\"wpr-acc-button\">\n\t\t\t\t\t\t\t<span class=\"wpr-acc-item-title\">\n\t\t\t\t\t\t\t\t\t\t\t\t\t\t\t\t\t<div class=\"wpr-acc-icon-box\">\n\t\t\t\t\t\t\t\t\t\t\t\t\t\t<span class=\"wpr-title-icon\">\n\t\t\t\t\t\t\t\t\t<\/span>\n\t\t\t\t\t\t\t\t\t\t\t\t<\/div>\n\t\t\t\t\t\t\t\t\n\t\t\t\t\t\t\t\t<span class=\"wpr-acc-title-text\">Exp\u00e9rience professionnelle scientifique<\/span>\n\t\t\t\t\t\t\t<\/span>\n\t\t\t\t\t\t\t\t\t\t\t<span class=\"wpr-toggle-icon wpr-ti-close\"><i aria-hidden=\"true\" class=\"fas fa-plus\"><\/i><\/span>\n\t\t\t\t<span class=\"wpr-toggle-icon wpr-ti-open\"><i aria-hidden=\"true\" class=\"fas fa-minus\"><\/i><\/span>\n\t\t\t\t\t\t\t\t\t<\/button>\n\n\t\t\t\t\t\t<div class=\"wpr-acc-panel\">\n\t\t\t\t\t\t\t\t\t\t\t\t\t\t\t<div class=\"wpr-acc-panel-content\"><ul><li>Professeur vacataire \u00e0 l'Universit\u00e9 Larbi Benmehidi - Oum El Bouaghi de septembre 2003 \u00e0 juin 2008.<\/li><li>Chef du d\u00e9partement des litiges juridiques dans une institution \u00e9conomique d'ao\u00fbt 2006 \u00e0 ao\u00fbt 2008.<\/li><li>Professeur permanent \u00e0 l'Universit\u00e9 Larbi Benmehidi - Oum El Bouaghi du 04 octobre 2008 \u00e0 ce jour.<\/li><\/ul><\/div>\n\t\t\t\t\t\t\t\t\t\t\t\t\t<\/div>\n                    <\/div>\n\n                \n\t\t\t\t\t<div class=\"wpr-accordion-item-wrap\">\n\t\t\t\t\t\t<button class=\"wpr-acc-button\">\n\t\t\t\t\t\t\t<span class=\"wpr-acc-item-title\">\n\t\t\t\t\t\t\t\t\t\t\t\t\t\t\t\t\t<div class=\"wpr-acc-icon-box\">\n\t\t\t\t\t\t\t\t\t\t\t\t\t\t<span class=\"wpr-title-icon\">\n\t\t\t\t\t\t\t\t\t<\/span>\n\t\t\t\t\t\t\t\t\t\t\t\t<\/div>\n\t\t\t\t\t\t\t\t\n\t\t\t\t\t\t\t\t<span class=\"wpr-acc-title-text\">T\u00e2ches scientifiques et p\u00e9dagogiques<\/span>\n\t\t\t\t\t\t\t<\/span>\n\t\t\t\t\t\t\t\t\t\t\t<span class=\"wpr-toggle-icon wpr-ti-close\"><i aria-hidden=\"true\" class=\"fas fa-plus\"><\/i><\/span>\n\t\t\t\t<span class=\"wpr-toggle-icon wpr-ti-open\"><i aria-hidden=\"true\" class=\"fas fa-minus\"><\/i><\/span>\n\t\t\t\t\t\t\t\t\t<\/button>\n\n\t\t\t\t\t\t<div class=\"wpr-acc-panel\">\n\t\t\t\t\t\t\t\t\t\t\t\t\t\t\t<div class=\"wpr-acc-panel-content\"><\/div>\n\t\t\t\t\t\t\t\t\t\t\t\t\t<\/div>\n                    <\/div>\n\n                \n\t\t\t\t\t<div class=\"wpr-accordion-item-wrap\">\n\t\t\t\t\t\t<button class=\"wpr-acc-button\">\n\t\t\t\t\t\t\t<span class=\"wpr-acc-item-title\">\n\t\t\t\t\t\t\t\t\t\t\t\t\t\t\t\t\t<div class=\"wpr-acc-icon-box\">\n\t\t\t\t\t\t\t\t\t\t\t\t\t\t<span class=\"wpr-title-icon\">\n\t\t\t\t\t\t\t\t\t<\/span>\n\t\t\t\t\t\t\t\t\t\t\t\t<\/div>\n\t\t\t\t\t\t\t\t\n\t\t\t\t\t\t\t\t<span class=\"wpr-acc-title-text\">Participer \u00e0 des activit\u00e9s de recherche<\/span>\n\t\t\t\t\t\t\t<\/span>\n\t\t\t\t\t\t\t\t\t\t\t<span class=\"wpr-toggle-icon wpr-ti-close\"><i aria-hidden=\"true\" class=\"fas fa-plus\"><\/i><\/span>\n\t\t\t\t<span class=\"wpr-toggle-icon wpr-ti-open\"><i aria-hidden=\"true\" class=\"fas fa-minus\"><\/i><\/span>\n\t\t\t\t\t\t\t\t\t<\/button>\n\n\t\t\t\t\t\t<div class=\"wpr-acc-panel\">\n\t\t\t\t\t\t\t\t\t\t\t\t\t\t\t<div class=\"wpr-acc-panel-content\"><\/div>\n\t\t\t\t\t\t\t\t\t\t\t\t\t<\/div>\n                    <\/div>\n\n                            <\/div>\n        \t\t\t\t<\/div>\n\t\t\t\t<\/div>\n\t\t\t\t\t<\/div>\n\t\t<\/div>\n\t\t\t\t<div class=\"elementor-column elementor-col-50 elementor-top-column elementor-element elementor-element-cac314b\" data-id=\"cac314b\" data-element_type=\"column\">\n\t\t\t<div class=\"elementor-widget-wrap elementor-element-populated\">\n\t\t\t\t\t\t<div class=\"elementor-element elementor-element-1ff76e8 elementor-widget__width-initial wpr-advanced-accordion-icon-side-box elementor-widget elementor-widget-wpr-advanced-accordion\" data-id=\"1ff76e8\" data-element_type=\"widget\" data-settings=\"{&quot;active_item&quot;:0}\" data-widget_type=\"wpr-advanced-accordion.default\">\n\t\t\t\t<div class=\"elementor-widget-container\">\n\t\t\t\t\t\n            <div class=\"wpr-advanced-accordion\" data-accordion-type=\"accordion\" data-active-index=\"0\" data-accordion-trigger=\"click\" data-interaction-speed=\"0.4\">\n\n\t\t\t\n                \n\t\t\t\t\t<div class=\"wpr-accordion-item-wrap\">\n\t\t\t\t\t\t<button class=\"wpr-acc-button\">\n\t\t\t\t\t\t\t<span class=\"wpr-acc-item-title\">\n\t\t\t\t\t\t\t\t\t\t\t\t\t\t\t\t\t<div class=\"wpr-acc-icon-box\">\n\t\t\t\t\t\t\t\t\t\t\t\t\t\t<span class=\"wpr-title-icon\">\n\t\t\t\t\t\t\t\t\t<\/span>\n\t\t\t\t\t\t\t\t\t\t\t\t<\/div>\n\t\t\t\t\t\t\t\t\n\t\t\t\t\t\t\t\t<span class=\"wpr-acc-title-text\">Qualifications scientifiques<\/span>\n\t\t\t\t\t\t\t<\/span>\n\t\t\t\t\t\t\t\t\t\t\t<span class=\"wpr-toggle-icon wpr-ti-close\"><i aria-hidden=\"true\" class=\"fas fa-plus\"><\/i><\/span>\n\t\t\t\t<span class=\"wpr-toggle-icon wpr-ti-open\"><i aria-hidden=\"true\" class=\"fas fa-minus\"><\/i><\/span>\n\t\t\t\t\t\t\t\t\t<\/button>\n\n\t\t\t\t\t\t<div class=\"wpr-acc-panel\">\n\t\t\t\t\t\t\t\t\t\t\t\t\t\t\t<div class=\"wpr-acc-panel-content\"><ul><li>Licence, session de juin 2003, Universit\u00e9 Larbi Benmehidi - Oum El Bouaghi. Chef de classe.<\/li><li>Ma\u00eetrise, juillet 2008, Universit\u00e9 Larbi Benmehidi - Oum El Bouaghi. Mention tr\u00e8s bien : Tr\u00e8s bien. Sp\u00e9cialisation en droit p\u00e9nal et sciences criminelles.<\/li><li>Certificat d'aptitude professionnelle \u00e0 la profession d'avocat, Universit\u00e9 Colonel El Hadj Lakhdar - Batna - avec la mention : Bien. (2005\/2006)<\/li><li>Certificat de fin de stage dans la profession juridique en d\u00e9cembre 2012.<\/li><li>Certificat de formation en leadership et comp\u00e9tences d\u00e9cisionnelles, 22\/23 et 24 d\u00e9cembre 2019 \u00e0 Oum El Bouaghi.<\/li><li>Docteur \u00e8s sciences en droit public, sp\u00e9cialit\u00e9 droit p\u00e9nal et sciences criminelles, f\u00e9vrier 2020, avec mention tr\u00e8s bien. Universit\u00e9 Larbi Benmehidi - Oum El Bouaghi.<\/li><li>Certificat de qualification universitaire ; Ma\u00eetre de conf\u00e9rences A \u00e0 compter du : 01\/06\/2022.<\/li><\/ul><\/div>\n\t\t\t\t\t\t\t\t\t\t\t\t\t<\/div>\n                    <\/div>\n\n                \n\t\t\t\t\t<div class=\"wpr-accordion-item-wrap\">\n\t\t\t\t\t\t<button class=\"wpr-acc-button\">\n\t\t\t\t\t\t\t<span class=\"wpr-acc-item-title\">\n\t\t\t\t\t\t\t\t\t\t\t\t\t\t\t\t\t<div class=\"wpr-acc-icon-box\">\n\t\t\t\t\t\t\t\t\t\t\t\t\t\t<span class=\"wpr-title-icon\">\n\t\t\t\t\t\t\t\t\t<\/span>\n\t\t\t\t\t\t\t\t\t\t\t\t<\/div>\n\t\t\t\t\t\t\t\t\n\t\t\t\t\t\t\t\t<span class=\"wpr-acc-title-text\">Fonctions administratives<\/span>\n\t\t\t\t\t\t\t<\/span>\n\t\t\t\t\t\t\t\t\t\t\t<span class=\"wpr-toggle-icon wpr-ti-close\"><i aria-hidden=\"true\" class=\"fas fa-plus\"><\/i><\/span>\n\t\t\t\t<span class=\"wpr-toggle-icon wpr-ti-open\"><i aria-hidden=\"true\" class=\"fas fa-minus\"><\/i><\/span>\n\t\t\t\t\t\t\t\t\t<\/button>\n\n\t\t\t\t\t\t<div class=\"wpr-acc-panel\">\n\t\t\t\t\t\t\t\t\t\t\t\t\t\t\t<div class=\"wpr-acc-panel-content\"><ul><li>Chef du D\u00e9partement de Droit \u00e0 la Facult\u00e9 de Droit et des Sciences Politiques \u00e0 l'Universit\u00e9 Larbi Benmehidi - Oum El Bouaghi du 27 septembre 2012 au 03 mars 2015.<\/li><li>Pr\u00e9sident du Conseil de Discipline du D\u00e9partement de Droit \u00e0 la Facult\u00e9 de Droit et des Sciences Politiques de l'Universit\u00e9 Larbi Benmehidi - Oum El Bouaghi de septembre 2012 \u00e0 mars 2015.<\/li><li>Vice-doyen des \u00e9tudes de troisi\u00e8me cycle, de la recherche scientifique et des relations ext\u00e9rieures \u00e0 la Facult\u00e9 de droit et des sciences politiques du 04\/03\/2015 \u00e0 mai 2017.<\/li><li>Doyen de la Facult\u00e9 de Droit et des Sciences Politiques \u00e0 l'Universit\u00e9 Larbi Benmehidi d'Oum El Bouaghi depuis le 01 septembre 2019 \u00e0 ce jour.<\/li><\/ul><\/div>\n\t\t\t\t\t\t\t\t\t\t\t\t\t<\/div>\n                    <\/div>\n\n                \n\t\t\t\t\t<div class=\"wpr-accordion-item-wrap\">\n\t\t\t\t\t\t<button class=\"wpr-acc-button\">\n\t\t\t\t\t\t\t<span class=\"wpr-acc-item-title\">\n\t\t\t\t\t\t\t\t\t\t\t\t\t\t\t\t\t<div class=\"wpr-acc-icon-box\">\n\t\t\t\t\t\t\t\t\t\t\t\t\t\t<span class=\"wpr-title-icon\">\n\t\t\t\t\t\t\t\t\t<\/span>\n\t\t\t\t\t\t\t\t\t\t\t\t<\/div>\n\t\t\t\t\t\t\t\t\n\t\t\t\t\t\t\t\t<span class=\"wpr-acc-title-text\">Articles et recherches publi\u00e9s<\/span>\n\t\t\t\t\t\t\t<\/span>\n\t\t\t\t\t\t\t\t\t\t\t<span class=\"wpr-toggle-icon wpr-ti-close\"><i aria-hidden=\"true\" class=\"fas fa-plus\"><\/i><\/span>\n\t\t\t\t<span class=\"wpr-toggle-icon wpr-ti-open\"><i aria-hidden=\"true\" class=\"fas fa-minus\"><\/i><\/span>\n\t\t\t\t\t\t\t\t\t<\/button>\n\n\t\t\t\t\t\t<div class=\"wpr-acc-panel\">\n\t\t\t\t\t\t\t\t\t\t\t\t\t\t\t<div class=\"wpr-acc-panel-content\"><\/div>\n\t\t\t\t\t\t\t\t\t\t\t\t\t<\/div>\n                    <\/div>\n\n                            <\/div>\n        \t\t\t\t<\/div>\n\t\t\t\t<\/div>\n\t\t\t\t\t<\/div>\n\t\t<\/div>\n\t\t\t\t\t<\/div>\n\t\t<\/section>\n\t\t\t\t<\/div>\n\t\t","protected":false},"excerpt":{"rendered":"<p>Nom complet : Dr. Mannaa Mourad T\u00e9l\u00e9phone\/Fax : 032.41.25.28.41 E-mail: flps.dean@univ-oeb.dz 2022 Certificat de qualification universitaire Ma\u00eetre de conf\u00e9rences A \u00e0 partir du : 01\/06\/2022. 2020 Doctorat en droit public Majeure en droit p\u00e9nal et sciences criminelles, f\u00e9vrier 2020 avec une mention tr\u00e8s honorable.Universit\u00e9 Larbi Benmehidi &#8211; Oum El Bouaghi. 2012 Certificat de stage dans la profession juridique D\u00e9cembre 2012 Certificat de fin de stage dans la profession juridique 2005\/2006 Certificat d&#039;aptitude professionnelle en droit Certificat de comp\u00e9tence professionnelle en droit, Universit\u00e9 Colonel Hajj Lakhdar &#8211; Batna &#8211; avec mention : Bon. (2005\/2006) 2008 Master en droit p\u00e9nal et sciences criminelles Master, juillet 2008, Universit\u00e9 Larbi Benmehidi &#8211; Oum El Bouaghi. Note : Tr\u00e8s bonne note. Sp\u00e9cialisation en droit p\u00e9nal et sciences criminelles. Class of 2003 Dipl\u00f4me de licence Licence, session de juin 2003, Universit\u00e9 Larbi Benmehidi &#8211; Oum El Bouaghi. Major de la promo. Exp\u00e9rience professionnelle scientifique Professeur vacataire \u00e0 l&#8217;Universit\u00e9 Larbi Benmehidi &#8211; Oum El Bouaghi de septembre 2003 \u00e0 juin 2008. Chef du d\u00e9partement des litiges juridiques dans une institution \u00e9conomique d&#8217;ao\u00fbt 2006 \u00e0 ao\u00fbt 2008. Professeur permanent \u00e0 l&#8217;Universit\u00e9 Larbi Benmehidi &#8211; Oum El Bouaghi du 04 octobre 2008 \u00e0 ce jour. T\u00e2ches scientifiques et p\u00e9dagogiques Participer \u00e0 des activit\u00e9s de recherche Qualifications scientifiques Licence, session de juin 2003, Universit\u00e9 Larbi Benmehidi &#8211; Oum El Bouaghi. Chef de classe. Ma\u00eetrise, juillet 2008, Universit\u00e9 Larbi Benmehidi &#8211; Oum El Bouaghi. Mention tr\u00e8s bien : Tr\u00e8s bien. Sp\u00e9cialisation en droit p\u00e9nal et sciences criminelles. Certificat d&#8217;aptitude professionnelle \u00e0 la profession d&#8217;avocat, Universit\u00e9 Colonel El Hadj Lakhdar &#8211; Batna &#8211; avec la mention : Bien. (2005\/2006) Certificat de fin de stage dans la profession juridique en d\u00e9cembre 2012. Certificat de formation en leadership et comp\u00e9tences d\u00e9cisionnelles, 22\/23 et 24 d\u00e9cembre 2019 \u00e0 Oum El Bouaghi. Docteur \u00e8s sciences en droit public, sp\u00e9cialit\u00e9 droit p\u00e9nal et sciences criminelles, f\u00e9vrier 2020, avec mention tr\u00e8s bien. Universit\u00e9 Larbi Benmehidi &#8211; Oum El Bouaghi. Certificat de qualification universitaire ; Ma\u00eetre de conf\u00e9rences A \u00e0 compter du : 01\/06\/2022. Fonctions administratives Chef du D\u00e9partement de Droit \u00e0 la Facult\u00e9 de Droit et des Sciences Politiques \u00e0 l&#8217;Universit\u00e9 Larbi Benmehidi &#8211; Oum El Bouaghi du 27 septembre 2012 au 03 mars 2015. Pr\u00e9sident du Conseil de Discipline du D\u00e9partement de Droit \u00e0 la Facult\u00e9 de Droit et des Sciences Politiques de l&#8217;Universit\u00e9 Larbi Benmehidi &#8211; Oum El Bouaghi de septembre 2012 \u00e0 mars 2015. Vice-doyen des \u00e9tudes de troisi\u00e8me cycle, de la recherche scientifique et des relations ext\u00e9rieures \u00e0 la Facult\u00e9 de droit et des sciences politiques du 04\/03\/2015 \u00e0 mai 2017. Doyen de la Facult\u00e9 de Droit et des Sciences Politiques \u00e0 l&#8217;Universit\u00e9 Larbi Benmehidi d&#8217;Oum El Bouaghi depuis le 01 septembre 2019 \u00e0 ce jour. Articles et recherches publi\u00e9s<\/p>\n","protected":false},"author":1,"featured_media":0,"parent":0,"menu_order":0,"comment_status":"open","ping_status":"closed","template":"","meta":{"footnotes":""},"class_list":["post-10464","page","type-page","status-publish","hentry"],"_links":{"self":[{"href":"https:\/\/www.univ-oeb.dz\/fdsp\/wp-json\/wp\/v2\/pages\/10464","targetHints":{"allow":["GET"]}}],"collection":[{"href":"https:\/\/www.univ-oeb.dz\/fdsp\/wp-json\/wp\/v2\/pages"}],"about":[{"href":"https:\/\/www.univ-oeb.dz\/fdsp\/wp-json\/wp\/v2\/types\/page"}],"author":[{"embeddable":true,"href":"https:\/\/www.univ-oeb.dz\/fdsp\/wp-json\/wp\/v2\/users\/1"}],"replies":[{"embeddable":true,"href":"https:\/\/www.univ-oeb.dz\/fdsp\/wp-json\/wp\/v2\/comments?post=10464"}],"version-history":[{"count":4,"href":"https:\/\/www.univ-oeb.dz\/fdsp\/wp-json\/wp\/v2\/pages\/10464\/revisions"}],"predecessor-version":[{"id":10473,"href":"https:\/\/www.univ-oeb.dz\/fdsp\/wp-json\/wp\/v2\/pages\/10464\/revisions\/10473"}],"wp:attachment":[{"href":"https:\/\/www.univ-oeb.dz\/fdsp\/wp-json\/wp\/v2\/media?parent=10464"}],"curies":[{"name":"wp","href":"https:\/\/api.w.org\/{rel}","templated":true}]}}