{"id":22,"date":"2023-11-12T14:29:47","date_gmt":"2023-11-12T13:29:47","guid":{"rendered":"http:\/\/www.univ-oeb.dz\/declic\/?page_id=22"},"modified":"2023-11-15T10:50:53","modified_gmt":"2023-11-15T09:50:53","slug":"bibliotheque","status":"publish","type":"page","link":"https:\/\/www.univ-oeb.dz\/declic\/bibliotheque\/","title":{"rendered":"Biblioth\u00e8que"},"content":{"rendered":"\n<figure class=\"wp-block-table\"><table><tbody><tr><td><strong>\u0627\u0644<\/strong><strong>\u0631\u0642\u0645<\/strong><\/td><td><strong>\u0627\u0644\u0639\u0646\u0648\u0627\u0646<\/strong><\/td><td><strong>\u0627\u0644\u0645\u0624\u0644\u0641<\/strong><strong><\/strong> <strong>&nbsp;<\/strong><\/td><td><strong>\u0627\u0644\u0646\u0627\u0634\u0631<\/strong><\/td><td><strong>\u0627\u0644\u0633\u0646\u0629<\/strong><\/td><td><strong>\u0639\u062f\u062f \u0627\u0644\u0646\u0633\u062e<\/strong><\/td><\/tr><tr><td><strong>1A\/2022\/FR<\/strong><\/td><td><strong>L\u2019apprentissage visible pour les enseignants<\/strong><\/td><td rowspan=\"2\"><strong>John Hattie<\/strong><\/td><td rowspan=\"2\"><strong>Presse de l\u2019Universit\u00e9 du Qu\u00e9bec<\/strong><\/td><td rowspan=\"2\"><strong>2018<\/strong><\/td><td rowspan=\"2\">&nbsp; <strong>2<\/strong><\/td><\/tr><tr><td><strong>1B\/2022\/FR<\/strong><\/td><td><strong>L\u2019apprentissage visible pour les enseignants<\/strong><\/td><\/tr><tr><td><strong>2A\/2022\/FR<\/strong><\/td><td><strong>Enseigner et apprendre les langues au XXIe si\u00e8cle<\/strong><\/td><td rowspan=\"2\"><strong>Sabina gola, Michel pierrard, evie tops et dan van raemdonck<\/strong><\/td><td rowspan=\"2\"><strong>Peter Lang<\/strong><strong><\/strong><\/td><td rowspan=\"2\"><strong>2019<\/strong><\/td><td rowspan=\"2\">&nbsp; <strong>2<\/strong><\/td><\/tr><tr><td><strong>2B\/2022\/FR<\/strong><\/td><td><strong>Enseigner et apprendre les langues au XXIe si\u00e8cle<\/strong><\/td><\/tr><tr><td><strong>3A\/2022\/FR<\/strong><\/td><td><strong>LINGUISTIQUE<\/strong> <strong>Initiation aux grandesth\u00e9ories<\/strong><\/td><td rowspan=\"2\"><strong>GEORGES-ELIA SARFATI<\/strong><\/td><td rowspan=\"2\"><strong>ARMAND COLIN\/CODEX<\/strong><\/td><td rowspan=\"2\"><strong>2020<\/strong><\/td><td rowspan=\"2\"><strong>2<\/strong><\/td><\/tr><tr><td><strong>3B\/2022\/FR<\/strong><\/td><td><strong>LINGUISTIQUE<\/strong> <strong>Initiation aux grandesth\u00e9ories<\/strong><\/td><\/tr><tr><td><strong>4A\/2022\/FR<\/strong><\/td><td><strong>La litt\u00e9ratiem\u00e9diatiquemultimodale appliqu\u00e9 en contextenum\u00e9rique<\/strong><\/td><td rowspan=\"2\"><strong>Nathalie LACELLE\/Jean-Fran\u00e7ois BOUTIN\/Monique LEBRUN<\/strong><\/td><td rowspan=\"2\"><strong>Presse de l\u2019Universit\u00e9 du Qu\u00e9bec<\/strong><\/td><td rowspan=\"2\"><strong>2017<\/strong><\/td><td rowspan=\"2\"><strong>2<\/strong><\/td><\/tr><tr><td><strong>4B\/2022\/FR<\/strong><\/td><td><strong>La litt\u00e9ratiem\u00e9diatiquemultimodale appliqu\u00e9 en contextenum\u00e9rique<\/strong><\/td><\/tr><tr><td><strong>5A\/2022\/FR<\/strong><\/td><td><strong>Lexicologie<\/strong> <strong>S\u00e9mantique ;morphologie ,lexicographie<\/strong><\/td><td rowspan=\"2\"><strong>Alise Lehmann<\/strong> <strong>Fran\u00e7oise Martin-Berthet<\/strong><\/td><td rowspan=\"2\"><strong>ARMAND COLIN<\/strong><\/td><td rowspan=\"2\"><strong>2018<\/strong><\/td><td rowspan=\"2\"><strong>2<\/strong><\/td><\/tr><tr><td><strong>5B\/2022\/FR<\/strong><\/td><td><strong>Lexicologie<\/strong> <strong>S\u00e9mantique ;morphologie ,lexicographie<\/strong><\/td><\/tr><tr><td><strong>6A\/2022\/FR<\/strong><\/td><td><strong>Lexicologie et s\u00e9mantique lexical<\/strong><\/td><td rowspan=\"2\"><strong>Alain Polgu\u00e8re<\/strong><\/td><td rowspan=\"2\"><strong>Presse de l\u2019Universit\u00e9 de Montr\u00e9al<\/strong><\/td><td rowspan=\"2\"><strong>2016<\/strong><\/td><td rowspan=\"2\"><strong>2<\/strong><\/td><\/tr><tr><td><strong>6B\/2022\/FR<\/strong><strong><\/strong><\/td><td><strong>Lexicologie et s\u00e9mantiquelexicale<\/strong><\/td><\/tr><tr><td><strong>7A\/2022\/FR<\/strong><\/td><td><strong>Formation et apprentissage en ligne<\/strong><\/td><td rowspan=\"2\"><strong>France Lafleur,<\/strong> <strong>Ghislain Samson<\/strong><\/td><td rowspan=\"2\"><strong>Presse de l\u2019Universit\u00e9 du Qu\u00e9bec<\/strong><\/td><td rowspan=\"2\"><strong>2019<\/strong><\/td><td rowspan=\"2\"><strong>2<\/strong> &nbsp;<\/td><\/tr><tr><td><strong>7B\/2022\/FR<\/strong><strong><\/strong><\/td><td><strong>Formation et apprentissage en ligne<\/strong><\/td><\/tr><tr><td><strong>8\/2022\/FR<\/strong><\/td><td><strong>Langages et \u00e9critures de l\u2019exil<\/strong> <strong>L\u2019ouest canadien, terre d\u2019asile, terre d\u2019exil<\/strong><\/td><td><strong>Pierre-Yves Mocquais<\/strong><\/td><td><strong>Presse de l\u2019Universit\u00e9 Laval<\/strong><\/td><td><strong>2018<\/strong><\/td><td><strong>1<\/strong><\/td><\/tr><tr><td><strong>9\/2022\/FR<\/strong><\/td><td><strong>Les actes de langage<\/strong><\/td><td><strong>SalwaZamouri<\/strong><\/td><td><strong>L\u2019Harmattan<\/strong><\/td><td><strong>2020<\/strong><\/td><td><strong>1<\/strong><\/td><\/tr><tr><td><strong>10\/2022\/FR<\/strong> <strong>&nbsp;<\/strong><\/td><td><strong>Le processus de textualisation<\/strong> <strong>&nbsp;<\/strong> <strong>&nbsp;<\/strong> &nbsp;<\/td><td><strong>Georgeta CISALARU<\/strong> <strong>Thierry OLIVE<\/strong> &nbsp;<\/td><td><strong>deboeck<\/strong><\/td><td><strong>2018<\/strong><strong><\/strong><\/td><td><strong>1<\/strong><\/td><\/tr><tr><td><strong>11\/2022\/FR<\/strong><strong><\/strong><\/td><td><strong>LIRE&nbsp;,ECOUTER,ECRIRE<\/strong><\/td><td><strong>Marie-H\u00e8l\u00e8ne Benoit-Otis<\/strong> <strong>Marie-Pier Leduc<\/strong><\/td><td><strong>Presse de l\u2019Universit\u00e9 de Montr\u00e9al<\/strong><\/td><td><strong>&nbsp;&nbsp;&nbsp;&nbsp;&nbsp;&nbsp;&nbsp;&nbsp;&nbsp;&nbsp;&nbsp;&nbsp;&nbsp;&nbsp;&nbsp;&nbsp;&nbsp;&nbsp;&nbsp;&nbsp;&nbsp;&nbsp;&nbsp;&nbsp;&nbsp;&nbsp;&nbsp;&nbsp;&nbsp;&nbsp;&nbsp;&nbsp;&nbsp;&nbsp;&nbsp; 2018<\/strong><\/td><td><strong>1<\/strong><\/td><\/tr><tr><td><strong>12\/2022\/FR<\/strong><\/td><td><strong>Discours Simple&nbsp;!<\/strong><\/td><td><strong>Gaston Bergeron<\/strong><\/td><td><strong>Presse de l\u2019Universit\u00e9 Laval<\/strong><strong><\/strong><\/td><td><strong>2017<\/strong><\/td><td><strong>1<\/strong><\/td><\/tr><tr><td><strong>13\/2022\/FR<\/strong><\/td><td><strong>Discours et communication didactiques en FLE<\/strong><\/td><td><strong>AbdelhadiBellachhab Olga Galatanu<\/strong> <strong>RanaKandeel<\/strong><\/td><td><strong>P.I.E PETER LANG<\/strong><\/td><td><strong>2015<\/strong><\/td><td><strong>1<\/strong><\/td><\/tr><tr><td><strong>14\/2022\/FR<\/strong><\/td><td><strong>Lire et comprendre en fran\u00e7ais langue \u00e9trang\u00e8re<\/strong><\/td><td><strong>Estelle Riquois<\/strong><\/td><td><strong>hachette<\/strong><\/td><td><strong>2019<\/strong><\/td><td><strong>1<\/strong><\/td><\/tr><tr><td><strong>15\/2022\/FR<\/strong><\/td><td><strong>QUANDS LES FORMES PRENNENT SENS<\/strong><\/td><td><strong>C\u00e9line Vaguer-Fekete<\/strong><\/td><td><strong>L L<\/strong><\/td><td><strong>2018<\/strong><\/td><td><strong>1<\/strong><\/td><\/tr><tr><td><strong>16\/2022\/FR<\/strong><\/td><td><strong>Litt\u00e9rature ,langue et didactique<\/strong><\/td><td><strong>Julien VAN BEVEREN<\/strong><\/td><td><strong>Presse universitaires de Namur<\/strong><\/td><td><strong>2014<\/strong><\/td><td><strong>1<\/strong><\/td><\/tr><tr><td><strong>17\/2022\/FR<\/strong><\/td><td><strong>Le fran\u00e7ais qu\u00e9b\u00e9cois entre r\u00e9alit\u00e9 et id\u00e9ologie&nbsp;: Un autre regard sur la langue<\/strong><\/td><td><strong>Lionel Meney<\/strong><\/td><td><strong>Presse de l\u2019Universit\u00e9 Laval<\/strong><strong><\/strong><\/td><td><strong>2017<\/strong><\/td><td><strong>1<\/strong><\/td><\/tr><tr><td><strong>18\/2022\/FR<\/strong><\/td><td><strong>Grammaire m\u00e9thodique du fran\u00e7ais<\/strong><\/td><td><strong>Martin&nbsp; Riegel<\/strong> <strong>Jean-Christophe Pellat<\/strong> <strong>Ren\u00e9 Rioul<\/strong><\/td><td><strong>Presses Universitaires de France<\/strong><\/td><td><strong>2018<\/strong><\/td><td><strong>1<\/strong><\/td><\/tr><tr><td><strong>19\/2022\/FR<\/strong><\/td><td><strong>Guide des proc\u00e9d\u00e9s d\u2019\u00e9criture<\/strong><\/td><td><strong>Anne Gagnon<\/strong> <strong>Carl Perrault<\/strong> <strong>Huguette Maisonneve<\/strong><\/td><td><strong>PEARSON<\/strong> <strong>ERPI<\/strong><\/td><td>2019<strong><\/strong><\/td><td>1<strong><\/strong><\/td><\/tr><tr><td><strong>1\/2022\/ANG<\/strong><\/td><td><strong>OAL&nbsp;; linguistic imperialism<\/strong><\/td><td><strong>Robert phillipson<\/strong><\/td><td><strong>OXFORD<\/strong><strong><\/strong><\/td><td><strong>2015<\/strong><\/td><td><strong>1<\/strong><\/td><\/tr><tr><td><strong>2A\/2022\/ANG<\/strong><\/td><td><strong>OAL&nbsp;: context and culture in language teaching<\/strong><\/td><td rowspan=\"2\"><strong>Claire kramsch<\/strong><\/td><td rowspan=\"2\"><strong>OXFORD<\/strong><strong><\/strong><\/td><td rowspan=\"2\"><strong>2015<\/strong> <strong>&nbsp;<\/strong><\/td><td rowspan=\"2\"><strong>2<\/strong> <strong>&nbsp;<\/strong><\/td><\/tr><tr><td><strong>2B\/2022\/ANG<\/strong><\/td><td><strong>OAL&nbsp;: context and culture in language teaching<\/strong><\/td><\/tr><tr><td>ANG\/2022\/A3<\/td><td><strong>An Introduction to Language and Linguistics&nbsp;&nbsp;&nbsp;&nbsp;&nbsp;<\/strong><\/td><td rowspan=\"2\"><strong>Majed Al-Najjar<\/strong> <strong>&nbsp;<\/strong><\/td><td rowspan=\"2\"><strong>Dar Osama for Publishing<\/strong><\/td><td rowspan=\"2\"><strong>2015<\/strong> <strong>&nbsp;<\/strong><\/td><td rowspan=\"2\">2<strong><\/strong><\/td><\/tr><tr><td><strong>3B\/2022\/ANG<\/strong><\/td><td><strong>An Introduction to Language and Linguistics&nbsp;&nbsp;&nbsp;&nbsp;&nbsp;<\/strong><\/td><\/tr><tr><td><strong>4\/2022\/ANG<\/strong><\/td><td><strong>DoingTask-basedTeaching<\/strong><\/td><td><strong>DAVE WILLIS&amp; JANE WILLIS<\/strong><\/td><td><strong>OXFORD<\/strong><\/td><td><strong>2007<\/strong><\/td><td>1<strong><\/strong><\/td><\/tr><tr><td><strong>5A\/2022\/ANG<\/strong><\/td><td><strong>OAL&nbsp;: analysing learner language<\/strong><\/td><td rowspan=\"2\"><strong>Rod Ellis<\/strong> <strong>Gary Barkhuizen&nbsp;&nbsp;&nbsp;&nbsp;<\/strong><\/td><td rowspan=\"2\"><strong>OXFORD<\/strong><strong><\/strong><\/td><td rowspan=\"2\"><strong>2015<\/strong> <strong>2015<\/strong><\/td><td rowspan=\"2\"><strong>2<\/strong><\/td><\/tr><tr><td><strong>5B\/2022\/ANG<\/strong><\/td><td><strong>OAL&nbsp;: analysing learner language<\/strong><\/td><\/tr><tr><td><strong>6\/2022\/ANG<\/strong><\/td><td><strong>OAL&nbsp;: English as a Lingua Franca&nbsp;: Attitude and Identity<\/strong><\/td><td><strong>Jennifer Jenkins<\/strong><\/td><td><strong>OXFORD<\/strong><strong><\/strong><\/td><td><strong>2015<\/strong><\/td><td><strong>1<\/strong><\/td><\/tr><tr><td><strong>7A\/2022\/ANG<\/strong><\/td><td><strong>Defining Issues in English LanguageTaching<\/strong><\/td><td rowspan=\"2\"><strong>H.G.Widdowson<\/strong><\/td><td rowspan=\"2\"><strong>OXFORD<\/strong><strong><\/strong><\/td><td rowspan=\"2\"><strong>2003<\/strong><\/td><td rowspan=\"2\"><strong>2<\/strong><\/td><\/tr><tr><td><strong>7B\/2022\/ANG<\/strong><\/td><td><strong>Defining Issues in English LanguageTaching<\/strong><strong><\/strong><\/td><\/tr><tr><td><strong>8\/2022\/ANG<\/strong><\/td><td><strong>Fundamental Concepts&nbsp; of Teaching<\/strong><\/td><td><strong>H.H.Stern<\/strong><\/td><td><strong>OXFORD<\/strong><strong><\/strong><\/td><td><strong>1983<\/strong><\/td><td><strong>1<\/strong><\/td><\/tr><tr><td>ANG\/2022\/A9<strong><\/strong><\/td><td><strong>OAL&nbsp;: Sociocultural Theory and the Genesis of Second Language Development<\/strong><strong><\/strong><\/td><td rowspan=\"2\"><strong>James P.Lantolf<\/strong> <strong>&nbsp;<\/strong> Thorne.LSteven<strong><\/strong> <strong>&nbsp;<\/strong> <strong>&nbsp;<\/strong><\/td><td rowspan=\"2\"><strong>OXFORD<\/strong><strong><\/strong><\/td><td rowspan=\"2\"><strong>2006<\/strong><\/td><td rowspan=\"2\"><strong>&nbsp;<\/strong> <strong>&nbsp;<\/strong> <strong>2<\/strong><\/td><\/tr><tr><td><strong>9B\/2022\/ANG<\/strong><\/td><td><strong>OAL&nbsp;: Sociocultural Theory and the Genesis of Second Language Development<\/strong><strong><\/strong><\/td><\/tr><tr><td><strong>10\/2022\/ANG<\/strong><\/td><td><strong>OHLT&nbsp;:&nbsp; Teaching American English Pronunciation<\/strong><\/td><td><strong>Peter Avery\/ Susan Ehrlish<\/strong><\/td><td><strong>oxford<\/strong><\/td><td><strong>2015<\/strong><\/td><td><strong>1<\/strong><\/td><\/tr><tr><td><strong>11A\/2022\/ANG<\/strong><\/td><td><strong>OAL&nbsp;:Task-based Language Learning and Teaching<\/strong><\/td><td rowspan=\"2\"><strong>Rod ellis<\/strong><\/td><td rowspan=\"2\"><strong>oxford<\/strong><\/td><td rowspan=\"2\"><strong>2015<\/strong><\/td><td rowspan=\"2\"><strong>2<\/strong><\/td><\/tr><tr><td><strong>11B\/2022\/ANG<\/strong><\/td><td><strong>OAL&nbsp;:Task-based Language Learning and Teaching<\/strong><\/td><\/tr><tr><td><strong>12\/2022\/ANG<\/strong><\/td><td>: chingSLAResearchandLanguageTea<strong><\/strong> <strong>&nbsp;<\/strong><\/td><td><strong>&nbsp;<\/strong><\/td><td><strong>&nbsp;<\/strong><\/td><td><strong>&nbsp;<\/strong><\/td><td><strong>1<\/strong><\/td><\/tr><tr><td><strong>13\/2022\/ANG<\/strong><\/td><td><strong>Doing&nbsp; Second LanguageResearch<\/strong><\/td><td><strong>&nbsp;<\/strong><\/td><td><strong>&nbsp;<\/strong><\/td><td><strong>&nbsp;<\/strong><\/td><td><strong>1<\/strong><\/td><\/tr><tr><td><strong>14\/2022\/ANG<\/strong><\/td><td><strong>Second&nbsp; LanguageResearchMethods<\/strong><\/td><td><strong>&nbsp;<\/strong><\/td><td><strong>&nbsp;<\/strong><\/td><td><strong>&nbsp;<\/strong><\/td><td><strong>1<\/strong><\/td><\/tr><\/tbody><\/table><\/figure>\n","protected":false},"excerpt":{"rendered":"<p>\u0627\u0644\u0631\u0642\u0645\u0627\u0644\u0639\u0646\u0648\u0627\u0646\u0627\u0644\u0645\u0624\u0644\u0641 &nbsp;\u0627\u0644\u0646\u0627\u0634\u0631\u0627\u0644\u0633\u0646\u0629\u0639\u062f\u062f \u0627\u0644\u0646\u0633\u062e1A\/2022\/FRL\u2019apprentissage visible pour les enseignantsJohn HattiePresse de l\u2019Universit\u00e9 du Qu\u00e9bec2018&nbsp; 21B\/2022\/FRL\u2019apprentissage visible pour les enseignants2A\/2022\/FREnseigner et apprendre les langues au XXIe si\u00e8cleSabina gola, Michel pierrard, evie tops et dan van raemdonckPeter Lang2019&nbsp; 22B\/2022\/FREnseigner et apprendre les langues au XXIe si\u00e8cle3A\/2022\/FRLINGUISTIQUE Initiation aux grandesth\u00e9oriesGEORGES-ELIA SARFATIARMAND COLIN\/CODEX202023B\/2022\/FRLINGUISTIQUE Initiation aux grandesth\u00e9ories4A\/2022\/FRLa litt\u00e9ratiem\u00e9diatiquemultimodale appliqu\u00e9 en contextenum\u00e9riqueNathalie LACELLE\/Jean-Fran\u00e7ois &hellip;<\/p>\n","protected":false},"author":1,"featured_media":0,"parent":0,"menu_order":0,"comment_status":"closed","ping_status":"closed","template":"","meta":{"footnotes":""},"_links":{"self":[{"href":"https:\/\/www.univ-oeb.dz\/declic\/wp-json\/wp\/v2\/pages\/22"}],"collection":[{"href":"https:\/\/www.univ-oeb.dz\/declic\/wp-json\/wp\/v2\/pages"}],"about":[{"href":"https:\/\/www.univ-oeb.dz\/declic\/wp-json\/wp\/v2\/types\/page"}],"author":[{"embeddable":true,"href":"https:\/\/www.univ-oeb.dz\/declic\/wp-json\/wp\/v2\/users\/1"}],"replies":[{"embeddable":true,"href":"https:\/\/www.univ-oeb.dz\/declic\/wp-json\/wp\/v2\/comments?post=22"}],"version-history":[{"count":2,"href":"https:\/\/www.univ-oeb.dz\/declic\/wp-json\/wp\/v2\/pages\/22\/revisions"}],"predecessor-version":[{"id":570,"href":"https:\/\/www.univ-oeb.dz\/declic\/wp-json\/wp\/v2\/pages\/22\/revisions\/570"}],"wp:attachment":[{"href":"https:\/\/www.univ-oeb.dz\/declic\/wp-json\/wp\/v2\/media?parent=22"}],"curies":[{"name":"wp","href":"https:\/\/api.w.org\/{rel}","templated":true}]}}