{"id":20,"date":"2023-11-12T14:28:53","date_gmt":"2023-11-12T13:28:53","guid":{"rendered":"http:\/\/www.univ-oeb.dz\/declic\/?page_id=20"},"modified":"2023-11-13T22:21:14","modified_gmt":"2023-11-13T21:21:14","slug":"projets-de-recherche","status":"publish","type":"page","link":"https:\/\/www.univ-oeb.dz\/declic\/projets-de-recherche\/","title":{"rendered":"Projets de recherche"},"content":{"rendered":"\n<!--more-->\n\n\n\n<table id=\"tablepress-1\" class=\"tablepress tablepress-id-1\">\n<thead>\n<tr class=\"row-1 odd\">\n\t<th class=\"column-1\">Chef de projet\u00a0:<\/th><th class=\"column-2\">Intitul\u00e9 du projet\u00a0:<\/th><th class=\"column-3\">Code\u00a0:<\/th><th class=\"column-4\">Date d\u2019agr\u00e9ment\u00a0:<\/th>\n<\/tr>\n<\/thead>\n<tbody class=\"row-hover\">\n<tr class=\"row-2 even\">\n\t<td class=\"column-1\">Dre BENTOUNSI Ikram Aya<\/td><td class=\"column-2\">La variation lexicale dans la presse \u00e9crite francophone<br \/>\nmaghr\u00e9bine\u00a0: Alg\u00e9rie, Tunisie, Maroc. Regard r\u00e9flexif et comparatif.<\/td><td class=\"column-3\">H02L01UN040120200001<\/td><td class=\"column-4\">Janvier 2021<\/td>\n<\/tr>\n<tr class=\"row-3 odd\">\n\t<td class=\"column-1\">Dre BENABBES Souad<\/td><td class=\"column-2\">Litt\u00e9racies avanc\u00e9es, litt\u00e9racies num\u00e9riques, quelles contraintes, quel<br \/>\naccompagnement \u00a0en contexte alg\u00e9rien\u00a0?<\/td><td class=\"column-3\">H02L01UN040120200002<\/td><td class=\"column-4\">Janvier 2021<\/td>\n<\/tr>\n<tr class=\"row-4 even\">\n\t<td class=\"column-1\">Dr HAMADOUCHE Mokhtar<\/td><td class=\"column-2\">Academic Literacies and Genre Pedagogy in Algerian Higher Education.<\/td><td class=\"column-3\">H02L01UN040120230001<\/td><td class=\"column-4\">Janvier 2023<\/td>\n<\/tr>\n<tr class=\"row-5 odd\">\n\t<td class=\"column-1\">Dre BOUKHENNOUFA Noudjoud<\/td><td class=\"column-2\">Discours num\u00e9riques natifs du web social\u00a0: pratiques langagi\u00e8res,<br \/>\ndiscursives et interactionnelles en contexte alg\u00e9rien.<\/td><td class=\"column-3\">H04L01UN040120230003<\/td><td class=\"column-4\">Janvier 2023<\/td>\n<\/tr>\n<\/tbody>\n<\/table>\n<!-- #tablepress-1 from cache -->\n","protected":false},"excerpt":{"rendered":"","protected":false},"author":1,"featured_media":0,"parent":0,"menu_order":0,"comment_status":"closed","ping_status":"closed","template":"","meta":{"footnotes":""},"_links":{"self":[{"href":"https:\/\/www.univ-oeb.dz\/declic\/wp-json\/wp\/v2\/pages\/20"}],"collection":[{"href":"https:\/\/www.univ-oeb.dz\/declic\/wp-json\/wp\/v2\/pages"}],"about":[{"href":"https:\/\/www.univ-oeb.dz\/declic\/wp-json\/wp\/v2\/types\/page"}],"author":[{"embeddable":true,"href":"https:\/\/www.univ-oeb.dz\/declic\/wp-json\/wp\/v2\/users\/1"}],"replies":[{"embeddable":true,"href":"https:\/\/www.univ-oeb.dz\/declic\/wp-json\/wp\/v2\/comments?post=20"}],"version-history":[{"count":13,"href":"https:\/\/www.univ-oeb.dz\/declic\/wp-json\/wp\/v2\/pages\/20\/revisions"}],"predecessor-version":[{"id":283,"href":"https:\/\/www.univ-oeb.dz\/declic\/wp-json\/wp\/v2\/pages\/20\/revisions\/283"}],"wp:attachment":[{"href":"https:\/\/www.univ-oeb.dz\/declic\/wp-json\/wp\/v2\/media?parent=20"}],"curies":[{"name":"wp","href":"https:\/\/api.w.org\/{rel}","templated":true}]}}