{"id":148,"date":"2023-11-13T13:57:19","date_gmt":"2023-11-13T12:57:19","guid":{"rendered":"http:\/\/www.univ-oeb.dz\/declic\/?page_id=148"},"modified":"2023-11-13T22:19:38","modified_gmt":"2023-11-13T21:19:38","slug":"mot-de-la-directrice","status":"publish","type":"page","link":"https:\/\/www.univ-oeb.dz\/declic\/mot-de-la-directrice\/","title":{"rendered":"Mot de la Directrice"},"content":{"rendered":"\n<div class=\"wp-block-columns is-layout-flex wp-container-core-columns-layout-1 wp-block-columns-is-layout-flex\">\n<div class=\"wp-block-column is-layout-flow wp-block-column-is-layout-flow\" style=\"flex-basis:33.33%\">\n<figure class=\"wp-block-image size-large\"><img loading=\"lazy\" decoding=\"async\" width=\"1024\" height=\"680\" src=\"http:\/\/www.univ-oeb.dz\/declic\/wp-content\/uploads\/2023\/11\/Directrice-du-labo-1024x680.jpg\" alt=\"\" class=\"wp-image-115\" srcset=\"https:\/\/www.univ-oeb.dz\/declic\/wp-content\/uploads\/2023\/11\/Directrice-du-labo-1024x680.jpg 1024w, https:\/\/www.univ-oeb.dz\/declic\/wp-content\/uploads\/2023\/11\/Directrice-du-labo-300x199.jpg 300w, https:\/\/www.univ-oeb.dz\/declic\/wp-content\/uploads\/2023\/11\/Directrice-du-labo-768x510.jpg 768w, https:\/\/www.univ-oeb.dz\/declic\/wp-content\/uploads\/2023\/11\/Directrice-du-labo-1536x1020.jpg 1536w, https:\/\/www.univ-oeb.dz\/declic\/wp-content\/uploads\/2023\/11\/Directrice-du-labo-2048x1360.jpg 2048w\" sizes=\"(max-width: 1024px) 100vw, 1024px\" \/><\/figure>\n<\/div>\n\n\n\n<div class=\"wp-block-column is-layout-flow wp-block-column-is-layout-flow\" style=\"flex-basis:66.66%\">\n<p>Bienvenue au Laboratoire de Recherche Didactique, \u00c9nonciation, Corpus, Linguistique, Interaction Culturelle \u00ab\u00a0D\u00c9CLIC\u00a0\u00bb.<\/p>\n\n\n\n<p>Notre laboratoire est un lieu, d&rsquo;exploration intellectuelle, de cr\u00e9ation litt\u00e9raire et d&rsquo;investigation linguistique, compos\u00e9 de 5 \u00e9quipes comptant des chercheurs talentueux et passionn\u00e9s.<\/p>\n\n\n\n<p>Notre mission est de promouvoir l&rsquo;avancement des sciences du langage, de la didactique et de la litt\u00e9rature en menant des projets de recherche, en favorisant la cr\u00e9ativit\u00e9 litt\u00e9raire et en contribuant \u00e0 l&rsquo;\u00e9ducation et \u00e0 la diffusion des connaissances.<\/p>\n\n\n\n<p>Gr\u00e2ce \u00e0 notre laboratoire D\u00c9CLIC, les doctorants pourront s\u2019initier \u00e0 la recherche dans des domaines aussi vari\u00e9s que la linguistique de contact, la sociolinguistique, la linguistique variationniste, la didactique des langues, l\u2019interculturalit\u00e9, la litt\u00e9rature alg\u00e9rienne d\u2019expression fran\u00e7aise et anglaise.&nbsp;<\/p>\n\n\n\n<p>Nous organisons r\u00e9guli\u00e8rement des colloques, conf\u00e9rences et s\u00e9minaires qui rassemblent des chercheurs du monde entier. De plus, notre laboratoire soutient activement la publication d&rsquo;ouvrages, d&rsquo;articles et de revues acad\u00e9miques dans les domaines relevant de nos axes de recherche :<\/p>\n\n\n\n<p><strong>Sociolinguistique et pratiques langagi\u00e8res en Alg\u00e9rie ;<\/strong><\/p>\n\n\n\n<p><strong>Didactique des Langues, des Cultures : Analyse et \u00e9valuation des m\u00e9thodes d&rsquo;enseignement\/apprentissage ;<\/strong><\/p>\n\n\n\n<p><strong>Language, Society and Multilingual Education in Algeria: Issues, Challenges and Trends;<\/strong><\/p>\n\n\n\n<p><strong>Evaluation of Literature Teaching Programs\u2026<\/strong><\/p>\n\n\n\n<p>Notre structure incarne l&rsquo;excellence en mati\u00e8re de recherche scientifique, d&rsquo;innovation et de collaboration interdisciplinaire.<\/p>\n\n\n\n<p>Sur ce site, vous d\u00e9couvrirez un aper\u00e7u de nos productions scientifiques, de nos \u00e9v\u00e9nements et de nos partenariats. Nous mettons un point d&rsquo;honneur \u00e0 maintenir des normes d&rsquo;excellence \u00e9lev\u00e9es dans tous nos domaines d&rsquo;activit\u00e9. Ensemble, nous construisons un avenir meilleur gr\u00e2ce \u00e0 la recherche scientifique et \u00e0 l&rsquo;innovation.<\/p>\n\n\n\n<p>Rejoignez-nous dans l&rsquo;exploration des myst\u00e8res des langues \u00e9trang\u00e8res&nbsp;!<\/p>\n<\/div>\n<\/div>\n\n\n\n<p><\/p>\n","protected":false},"excerpt":{"rendered":"<p>Bienvenue au Laboratoire de Recherche Didactique, \u00c9nonciation, Corpus, Linguistique, Interaction Culturelle \u00ab\u00a0D\u00c9CLIC\u00a0\u00bb. Notre laboratoire est un lieu, d&rsquo;exploration intellectuelle, de cr\u00e9ation litt\u00e9raire et d&rsquo;investigation linguistique, compos\u00e9 de 5 \u00e9quipes comptant des chercheurs talentueux et passionn\u00e9s. Notre mission est de promouvoir l&rsquo;avancement des sciences du langage, de la didactique et de la litt\u00e9rature en menant des &hellip;<\/p>\n","protected":false},"author":1,"featured_media":0,"parent":0,"menu_order":0,"comment_status":"closed","ping_status":"closed","template":"","meta":{"footnotes":""},"_links":{"self":[{"href":"https:\/\/www.univ-oeb.dz\/declic\/wp-json\/wp\/v2\/pages\/148"}],"collection":[{"href":"https:\/\/www.univ-oeb.dz\/declic\/wp-json\/wp\/v2\/pages"}],"about":[{"href":"https:\/\/www.univ-oeb.dz\/declic\/wp-json\/wp\/v2\/types\/page"}],"author":[{"embeddable":true,"href":"https:\/\/www.univ-oeb.dz\/declic\/wp-json\/wp\/v2\/users\/1"}],"replies":[{"embeddable":true,"href":"https:\/\/www.univ-oeb.dz\/declic\/wp-json\/wp\/v2\/comments?post=148"}],"version-history":[{"count":15,"href":"https:\/\/www.univ-oeb.dz\/declic\/wp-json\/wp\/v2\/pages\/148\/revisions"}],"predecessor-version":[{"id":282,"href":"https:\/\/www.univ-oeb.dz\/declic\/wp-json\/wp\/v2\/pages\/148\/revisions\/282"}],"wp:attachment":[{"href":"https:\/\/www.univ-oeb.dz\/declic\/wp-json\/wp\/v2\/media?parent=148"}],"curies":[{"name":"wp","href":"https:\/\/api.w.org\/{rel}","templated":true}]}}