{"id":117,"date":"2023-11-13T13:37:25","date_gmt":"2023-11-13T12:37:25","guid":{"rendered":"http:\/\/www.univ-oeb.dz\/declic\/?page_id=117"},"modified":"2023-11-14T21:35:54","modified_gmt":"2023-11-14T20:35:54","slug":"presentation-2","status":"publish","type":"page","link":"https:\/\/www.univ-oeb.dz\/declic\/presentation-2\/","title":{"rendered":"Pr\u00e9sentation"},"content":{"rendered":"\n<div class=\"wp-block-columns is-layout-flex wp-container-core-columns-layout-1 wp-block-columns-is-layout-flex\">\n<div class=\"wp-block-column is-layout-flow wp-block-column-is-layout-flow\" style=\"flex-basis:33.33%\"><div class=\"wp-block-image\">\n<figure class=\"aligncenter size-large\"><img loading=\"lazy\" decoding=\"async\" width=\"1024\" height=\"889\" src=\"http:\/\/www.univ-oeb.dz\/declic\/wp-content\/uploads\/2023\/11\/Logo-labo-2-1024x889.jpg\" alt=\"\" class=\"wp-image-508\" srcset=\"https:\/\/www.univ-oeb.dz\/declic\/wp-content\/uploads\/2023\/11\/Logo-labo-2-1024x889.jpg 1024w, https:\/\/www.univ-oeb.dz\/declic\/wp-content\/uploads\/2023\/11\/Logo-labo-2-300x260.jpg 300w, https:\/\/www.univ-oeb.dz\/declic\/wp-content\/uploads\/2023\/11\/Logo-labo-2-768x667.jpg 768w, https:\/\/www.univ-oeb.dz\/declic\/wp-content\/uploads\/2023\/11\/Logo-labo-2-1536x1333.jpg 1536w, https:\/\/www.univ-oeb.dz\/declic\/wp-content\/uploads\/2023\/11\/Logo-labo-2.jpg 1600w\" sizes=\"(max-width: 1024px) 100vw, 1024px\" \/><\/figure><\/div><\/div>\n\n\n\n<div class=\"wp-block-column is-layout-flow wp-block-column-is-layout-flow\" style=\"flex-basis:66.66%\">\n<blockquote class=\"wp-block-quote\">\n<p class=\"has-medium-font-size\">Agr\u00e9\u00e9 par le Minist\u00e8re de l\u2019Enseignement Sup\u00e9rieur et de la Recherche Scientifique, le laboratoire de recherche Didactique, \u00c9nonciation, Corpus, Linguistique, Interaction Culturelle (D\u00c9CLIC)&nbsp; a \u00e9t\u00e9 cr\u00e9\u00e9 par l\u2019arr\u00eat\u00e9 n\u00b0 241 du 23 mai 2021, sous la direction du Dre BENTOUNSI Ikram Aya, d\u00e9sign\u00e9e par l\u2019arr\u00eat\u00e9 n\u00b0909 du 05 ao\u00fbt&nbsp; 2021.<\/p>\n\n\n\n<p class=\"has-medium-font-size\">Rattach\u00e9 \u00e0 la Facult\u00e9 des Lettres et des Langues de l\u2019universit\u00e9 d\u2019Oum El Bouaghi, le D\u00c9CLIC se veut un p\u00f4le de r\u00e9flexions sur les langues, leurs pratiques, leur diffusion et leur enseignement. &nbsp;<\/p>\n<\/blockquote>\n<\/div>\n<\/div>\n\n\n\n<figure class=\"wp-block-table\"><table><tbody><tr><td>&nbsp;Comptant 5 \u00e9quipes de recherches compos\u00e9es de 48 membres, ce laboratoire est le cadre de la vie scientifique des chercheurs des d\u00e9partements de fran\u00e7ais et d\u2019anglais. Il donne \u00e9galement aux doctorants l\u2019occasion de b\u00e9n\u00e9ficier d\u2019une formation de qualit\u00e9, des ressources et des \u00e9quipements de la structure et d\u2019int\u00e9grer des projets de recherche.<br>Profond\u00e9ment ancr\u00e9 dans la communaut\u00e9 nationale et internationale, le D\u00c9CLIC collabore avec des institutions \u00e9ducatives, culturelles et linguistiques pour promouvoir la diversit\u00e9 et l&rsquo;inclusion. Son programme de recherche est men\u00e9 conjointement par ses diff\u00e9rentes \u00e9quipes sp\u00e9cialis\u00e9es en Sciences du Langage, Didactique des langues \u00e9trang\u00e8res, Langues Appliqu\u00e9es et Litt\u00e9rature et fait l\u2019objet de conventions avec des laboratoires et des \u00e9tablissements locaux et \u00e9trangers.<\/td><\/tr><\/tbody><\/table><\/figure>\n","protected":false},"excerpt":{"rendered":"<p>Agr\u00e9\u00e9 par le Minist\u00e8re de l\u2019Enseignement Sup\u00e9rieur et de la Recherche Scientifique, le laboratoire de recherche Didactique, \u00c9nonciation, Corpus, Linguistique, Interaction Culturelle (D\u00c9CLIC)&nbsp; a \u00e9t\u00e9 cr\u00e9\u00e9 par l\u2019arr\u00eat\u00e9 n\u00b0 241 du 23 mai 2021, sous la direction du Dre BENTOUNSI Ikram Aya, d\u00e9sign\u00e9e par l\u2019arr\u00eat\u00e9 n\u00b0909 du 05 ao\u00fbt&nbsp; 2021. Rattach\u00e9 \u00e0 la Facult\u00e9 des &hellip;<\/p>\n","protected":false},"author":1,"featured_media":0,"parent":0,"menu_order":0,"comment_status":"closed","ping_status":"closed","template":"","meta":{"footnotes":""},"_links":{"self":[{"href":"https:\/\/www.univ-oeb.dz\/declic\/wp-json\/wp\/v2\/pages\/117"}],"collection":[{"href":"https:\/\/www.univ-oeb.dz\/declic\/wp-json\/wp\/v2\/pages"}],"about":[{"href":"https:\/\/www.univ-oeb.dz\/declic\/wp-json\/wp\/v2\/types\/page"}],"author":[{"embeddable":true,"href":"https:\/\/www.univ-oeb.dz\/declic\/wp-json\/wp\/v2\/users\/1"}],"replies":[{"embeddable":true,"href":"https:\/\/www.univ-oeb.dz\/declic\/wp-json\/wp\/v2\/comments?post=117"}],"version-history":[{"count":12,"href":"https:\/\/www.univ-oeb.dz\/declic\/wp-json\/wp\/v2\/pages\/117\/revisions"}],"predecessor-version":[{"id":510,"href":"https:\/\/www.univ-oeb.dz\/declic\/wp-json\/wp\/v2\/pages\/117\/revisions\/510"}],"wp:attachment":[{"href":"https:\/\/www.univ-oeb.dz\/declic\/wp-json\/wp\/v2\/media?parent=117"}],"curies":[{"name":"wp","href":"https:\/\/api.w.org\/{rel}","templated":true}]}}