{"id":3737,"date":"2023-06-10T23:22:30","date_gmt":"2023-06-10T21:22:30","guid":{"rendered":"http:\/\/www.univ-oeb.dz\/dacs\/?page_id=3737"},"modified":"2023-06-11T11:31:54","modified_gmt":"2023-06-11T09:31:54","slug":"union-generale-des-etudiants-libres","status":"publish","type":"page","link":"https:\/\/www.univ-oeb.dz\/dacs\/activites-des-clubs-de-sous-direction\/union-generale-des-etudiants-libres\/","title":{"rendered":"Union G\u00e9n\u00e9rale des \u00e9tudiants Libres"},"content":{"rendered":"","protected":false},"excerpt":{"rendered":"","protected":false},"author":1,"featured_media":0,"parent":3599,"menu_order":0,"comment_status":"closed","ping_status":"closed","template":"","meta":[],"_links":{"self":[{"href":"https:\/\/www.univ-oeb.dz\/dacs\/wp-json\/wp\/v2\/pages\/3737"}],"collection":[{"href":"https:\/\/www.univ-oeb.dz\/dacs\/wp-json\/wp\/v2\/pages"}],"about":[{"href":"https:\/\/www.univ-oeb.dz\/dacs\/wp-json\/wp\/v2\/types\/page"}],"author":[{"embeddable":true,"href":"https:\/\/www.univ-oeb.dz\/dacs\/wp-json\/wp\/v2\/users\/1"}],"replies":[{"embeddable":true,"href":"https:\/\/www.univ-oeb.dz\/dacs\/wp-json\/wp\/v2\/comments?post=3737"}],"version-history":[{"count":1,"href":"https:\/\/www.univ-oeb.dz\/dacs\/wp-json\/wp\/v2\/pages\/3737\/revisions"}],"predecessor-version":[{"id":3742,"href":"https:\/\/www.univ-oeb.dz\/dacs\/wp-json\/wp\/v2\/pages\/3737\/revisions\/3742"}],"up":[{"embeddable":true,"href":"https:\/\/www.univ-oeb.dz\/dacs\/wp-json\/wp\/v2\/pages\/3599"}],"wp:attachment":[{"href":"https:\/\/www.univ-oeb.dz\/dacs\/wp-json\/wp\/v2\/media?parent=3737"}],"curies":[{"name":"wp","href":"https:\/\/api.w.org\/{rel}","templated":true}]}}