{"id":3679,"date":"2023-06-10T22:48:21","date_gmt":"2023-06-10T20:48:21","guid":{"rendered":"http:\/\/www.univ-oeb.dz\/dacs\/?page_id=3679"},"modified":"2023-06-10T22:48:32","modified_gmt":"2023-06-10T20:48:32","slug":"union-generale-des-etudiants-algeriens","status":"publish","type":"page","link":"https:\/\/www.univ-oeb.dz\/dacs\/activites-des-organisations-etudiantes\/union-generale-des-etudiants-algeriens\/","title":{"rendered":"Union G\u00e9n\u00e9rale des \u00e9tudiants alg\u00e9riens"},"content":{"rendered":"\t\t<div class=\"elementor elementor-3679\">\n\t\t\t<div class=\"elementor-inner\">\n\t\t\t\t<div class=\"elementor-section-wrap\">\n\t\t\t\t\t\t\t<section data-id=\"5270cc2\" class=\"elementor-element elementor-element-5270cc2 elementor-section-boxed elementor-section-height-default elementor-section-height-default elementor-section elementor-top-section\" data-element_type=\"section\">\n\t\t\t\t\t\t<div class=\"elementor-container elementor-column-gap-default\">\n\t\t\t\t<div class=\"elementor-row\">\n\t\t\t\t<div data-id=\"ce7f2e3\" class=\"elementor-element elementor-element-ce7f2e3 elementor-column elementor-col-100 elementor-top-column\" data-element_type=\"column\">\n\t\t\t<div class=\"elementor-column-wrap elementor-element-populated\">\n\t\t\t\t\t<div class=\"elementor-widget-wrap\">\n\t\t\t\t<div data-id=\"3fa5619\" class=\"elementor-element elementor-element-3fa5619 elementor-widget elementor-widget-shortcode\" data-element_type=\"shortcode.default\">\n\t\t\t\t<div class=\"elementor-widget-container\">\n\t\t\t\t\t<div class=\"elementor-shortcode\"><style type=\"text\/css\">#post-grid-1934 .element_0{display: block;font-size: 21px;line-height: normal;padding: 5px 10px;text-align: center;}#post-grid-1934 .element_1{display: block;font-size: 12px;padding: 5px 10px;text-align: center;}#post-grid-1934 .element_2{display: block;font-size: 12px;font-weight: bold;padding: 0 10px;text-align: center;}#post-grid-1934 .element_3{font-size:12px;display:block;padding:10px;}#post-grid-1934 .element_0:hover{}#post-grid-1934 .element_1:hover{}#post-grid-1934 .element_2:hover{}#post-grid-1934 .element_3:hover{}#post-grid-1934 .item{\r\n\t\t\tbackground:#fff;\r\n\t\r\n\t\t\t}<\/style><style type=\"text\/css\">\/*Write your CSS code here*\/<\/style><style type=\"text\/css\">#post-grid-1934 {\r\n\t\t\tpadding:10px;\r\n\t\t\tbackground: #fff url() repeat scroll 0 0;\r\n\t\t}#post-grid-1934 .item .layer-media{overflow: hidden;\r\n\t\t}@media only screen and (min-width: 1024px ) {#post-grid-1934 .item .layer-media{height:auto;}}\r\n\t\t\r\n\t\t@media only screen and ( min-width: 768px ) and ( max-width: 1023px ) {#post-grid-1934 .item .layer-media{height:auto}}\r\n\t\t\r\n\t\t@media only screen and ( min-width: 320px ) and ( max-width: 767px ) {#post-grid-1934 .item .layer-media{height:auto}}#post-grid-1934 .item{\r\n\t\tmargin:10px;}@media only screen and (min-width: 1024px ) {#post-grid-1934 .item{height:auto;}}\r\n\t\r\n\t@media only screen and ( min-width: 768px ) and ( max-width: 1023px ) {#post-grid-1934 .item{height:auto}}\r\n\t\r\n\t@media only screen and ( min-width: 320px ) and ( max-width: 767px ) {#post-grid-1934 .item{height:auto}}\r\n\t@media only screen and (min-width: 1024px ) {\r\n\t#post-grid-1934 .item{width:280px}\r\n\t\r\n\t}\r\n\t\r\n\t@media only screen and ( min-width: 768px ) and ( max-width: 1023px ) {\r\n\t#post-grid-1934 .item{width:280px}\r\n\t}\r\n\t\r\n\t@media only screen and ( min-width: 320px ) and ( max-width: 767px ) {\r\n\t#post-grid-1934 .item{width:90%}\r\n\t}<\/style><div id=\"post-grid-1934\" class=\"post-grid grid\"><div class=\"grid-nav-top\"><\/div><div class=\"grid-items \" id=\"\"><div  class=\"item mix skin even flat ugea %d9%86%d8%b4%d8%a7%d8%b7%d8%a7%d8%aa-%d8%a7%d9%84%d9%85%d9%86%d8%b8%d9%85%d8%a7%d8%aa-%d8%a7%d9%84%d8%b7%d9%84%d8%a7%d8%a8%d9%8a%d8%a9 %d9%86%d8%b4%d8%a7%d8%b7%d8%a7%d8%aa-%d8%b9%d9%84%d9%85%d9%8a%d8%a9-%d8%ab%d9%82%d8%a7%d9%81%d9%8a%d8%a9 \"><div class=\"layer-media\"><a href=\"https:\/\/www.univ-oeb.dz\/dacs\/%d8%af%d9%88%d8%b1%d8%a9-%d8%aa%d9%83%d9%88%d9%8a%d9%86%d9%8a%d8%a9-%d8%ad%d9%88%d9%84-%d8%a7%d9%84%d8%a7%d8%b3%d8%b9%d8%a7%d9%81%d8%a7%d8%aa-%d8%a7%d9%84%d8%a3%d9%88%d9%84%d9%8a%d8%a9\/\"><img decoding=\"async\" alt=\"\" src=\"https:\/\/www.univ-oeb.dz\/dacs\/wp-content\/uploads\/2019\/02\/2-12-300x169.jpg\" \/><\/a><\/div><div class=\"layer-content\"><div class=\"element element_0 title\"  >\u062f\u0648\u0631\u0629 \u062a\u0643\u0648\u064a\u0646\u064a\u0629 \u062d\u0648\u0644 \u0627\u0644\u0627\u0633\u0639\u0627\u0641\u0627\u062a \u0627\u0644\u0623\u0648\u0644\u064a\u0629<\/div><div class=\"element element_1 excerpt\"  >\u0646\u0638\u0645 \u0627\u0644\u0627\u062a\u062d\u0627\u062f \u0627\u0644\u0639\u0627\u0645 \u0644\u0644\u0637\u0644\u0628\u0629 \u0627\u0644\u062c\u0632\u0627\u0626\u0631\u064a\u064a\u0646 UGEA \u0627\u0644\u0645\u0643\u062a\u0628 \u0627\u0644\u0648\u0644\u0627\u0626\u064a -\u0623\u0645 \u0627\u0644\u0628\u0648\u0627\u0642\u064a-<\/div><a target=\"\" class=\"element element_2 read_more\"  href=\"https:\/\/www.univ-oeb.dz\/dacs\/%d8%af%d9%88%d8%b1%d8%a9-%d8%aa%d9%83%d9%88%d9%8a%d9%86%d9%8a%d8%a9-%d8%ad%d9%88%d9%84-%d8%a7%d9%84%d8%a7%d8%b3%d8%b9%d8%a7%d9%81%d8%a7%d8%aa-%d8%a7%d9%84%d8%a3%d9%88%d9%84%d9%8a%d8%a9\/\">Read more.<\/a><div class=\"element element_3 share_button\"  >\r\n\t\t\t<span class=\"fb\">\r\n\t\t\t\t<a target=\"_blank\" href=\"https:\/\/www.facebook.com\/sharer\/sharer.php?u=https:\/\/www.univ-oeb.dz\/dacs\/%d8%af%d9%88%d8%b1%d8%a9-%d8%aa%d9%83%d9%88%d9%8a%d9%86%d9%8a%d8%a9-%d8%ad%d9%88%d9%84-%d8%a7%d9%84%d8%a7%d8%b3%d8%b9%d8%a7%d9%81%d8%a7%d8%aa-%d8%a7%d9%84%d8%a3%d9%88%d9%84%d9%8a%d8%a9\/\"> <\/a>\r\n\t\t\t<\/span>\r\n\t\t\t<span class=\"twitter\">\r\n\t\t\t\t<a target=\"_blank\" href=\"https:\/\/twitter.com\/intent\/tweet?url=https:\/\/www.univ-oeb.dz\/dacs\/%d8%af%d9%88%d8%b1%d8%a9-%d8%aa%d9%83%d9%88%d9%8a%d9%86%d9%8a%d8%a9-%d8%ad%d9%88%d9%84-%d8%a7%d9%84%d8%a7%d8%b3%d8%b9%d8%a7%d9%81%d8%a7%d8%aa-%d8%a7%d9%84%d8%a3%d9%88%d9%84%d9%8a%d8%a9\/&text=\u062f\u0648\u0631\u0629 \u062a\u0643\u0648\u064a\u0646\u064a\u0629 \u062d\u0648\u0644 \u0627\u0644\u0627\u0633\u0639\u0627\u0641\u0627\u062a \u0627\u0644\u0623\u0648\u0644\u064a\u0629\"><\/a>\r\n\t\t\t<\/span>\r\n\t\t\t<span class=\"gplus\">\r\n\t\t\t\t<a target=\"_blank\" href=\"https:\/\/plus.google.com\/share?url=https:\/\/www.univ-oeb.dz\/dacs\/%d8%af%d9%88%d8%b1%d8%a9-%d8%aa%d9%83%d9%88%d9%8a%d9%86%d9%8a%d8%a9-%d8%ad%d9%88%d9%84-%d8%a7%d9%84%d8%a7%d8%b3%d8%b9%d8%a7%d9%81%d8%a7%d8%aa-%d8%a7%d9%84%d8%a3%d9%88%d9%84%d9%8a%d8%a9\/\"><\/a>\r\n\t\t\t<\/span><\/div><\/div><\/div><div  class=\"item mix skin odd flat ugea %d9%86%d8%b4%d8%a7%d8%b7%d8%a7%d8%aa-%d8%a7%d9%84%d9%85%d9%86%d8%b8%d9%85%d8%a7%d8%aa-%d8%a7%d9%84%d8%b7%d9%84%d8%a7%d8%a8%d9%8a%d8%a9 %d9%86%d8%b4%d8%a7%d8%b7%d8%a7%d8%aa-%d8%b9%d9%84%d9%85%d9%8a%d8%a9-%d8%ab%d9%82%d8%a7%d9%81%d9%8a%d8%a9 \"><div class=\"layer-media\"><a href=\"https:\/\/www.univ-oeb.dz\/dacs\/%d8%af%d9%88%d8%b1%d8%a9-%d8%aa%d9%83%d9%88%d9%8a%d9%86%d9%8a%d8%a9-%d8%ad%d9%88%d9%84-%d8%b5%d8%ad%d8%a7%d9%81%d8%a9-%d8%a7%d9%84%d9%85%d9%88%d8%a8%d8%a7%d9%8a%d9%84\/\"><img decoding=\"async\" alt=\"\" src=\"https:\/\/www.univ-oeb.dz\/dacs\/wp-content\/uploads\/2019\/02\/24-3-300x200.jpg\" \/><\/a><\/div><div class=\"layer-content\"><div class=\"element element_0 title\"  >\u00ab\u00a0\u062f\u0648\u0631\u0629 \u062a\u0643\u0648\u064a\u0646\u064a\u0629 \u062d\u0648\u0644 \u00ab\u00a0\u0635\u062d\u0627\u0641\u0629 \u0627\u0644\u0645\u0648\u0628\u0627\u064a\u0644<\/div><div class=\"element element_1 excerpt\"  >\u0641\u064a \u0625\u0637\u0627\u0631 \u0627\u0644\u0646\u0634\u0627\u0637\u0627\u062a \u0627\u0644\u062a\u064a \u064a\u0642\u0648\u0645 \u0628\u0647\u0627 \u0627\u0644\u0645\u0643\u062a\u0628 \u0627\u0644\u062a\u0646\u0641\u064a\u0630\u064a \u0627\u0644\u0648\u0644\u0627\u0626\u064a -\u0623\u0645<\/div><a target=\"\" class=\"element element_2 read_more\"  href=\"https:\/\/www.univ-oeb.dz\/dacs\/%d8%af%d9%88%d8%b1%d8%a9-%d8%aa%d9%83%d9%88%d9%8a%d9%86%d9%8a%d8%a9-%d8%ad%d9%88%d9%84-%d8%b5%d8%ad%d8%a7%d9%81%d8%a9-%d8%a7%d9%84%d9%85%d9%88%d8%a8%d8%a7%d9%8a%d9%84\/\">Read more.<\/a><div class=\"element element_3 share_button\"  >\r\n\t\t\t<span class=\"fb\">\r\n\t\t\t\t<a target=\"_blank\" href=\"https:\/\/www.facebook.com\/sharer\/sharer.php?u=https:\/\/www.univ-oeb.dz\/dacs\/%d8%af%d9%88%d8%b1%d8%a9-%d8%aa%d9%83%d9%88%d9%8a%d9%86%d9%8a%d8%a9-%d8%ad%d9%88%d9%84-%d8%b5%d8%ad%d8%a7%d9%81%d8%a9-%d8%a7%d9%84%d9%85%d9%88%d8%a8%d8%a7%d9%8a%d9%84\/\"> <\/a>\r\n\t\t\t<\/span>\r\n\t\t\t<span class=\"twitter\">\r\n\t\t\t\t<a target=\"_blank\" href=\"https:\/\/twitter.com\/intent\/tweet?url=https:\/\/www.univ-oeb.dz\/dacs\/%d8%af%d9%88%d8%b1%d8%a9-%d8%aa%d9%83%d9%88%d9%8a%d9%86%d9%8a%d8%a9-%d8%ad%d9%88%d9%84-%d8%b5%d8%ad%d8%a7%d9%81%d8%a9-%d8%a7%d9%84%d9%85%d9%88%d8%a8%d8%a7%d9%8a%d9%84\/&text=\u00ab\u00a0\u062f\u0648\u0631\u0629 \u062a\u0643\u0648\u064a\u0646\u064a\u0629 \u062d\u0648\u0644 \u00ab\u00a0\u0635\u062d\u0627\u0641\u0629 \u0627\u0644\u0645\u0648\u0628\u0627\u064a\u0644\"><\/a>\r\n\t\t\t<\/span>\r\n\t\t\t<span class=\"gplus\">\r\n\t\t\t\t<a target=\"_blank\" href=\"https:\/\/plus.google.com\/share?url=https:\/\/www.univ-oeb.dz\/dacs\/%d8%af%d9%88%d8%b1%d8%a9-%d8%aa%d9%83%d9%88%d9%8a%d9%86%d9%8a%d8%a9-%d8%ad%d9%88%d9%84-%d8%b5%d8%ad%d8%a7%d9%81%d8%a9-%d8%a7%d9%84%d9%85%d9%88%d8%a8%d8%a7%d9%8a%d9%84\/\"><\/a>\r\n\t\t\t<\/span><\/div><\/div><\/div><\/div><div class=\"grid-nav-bottom\"><div class=\"pagination dark\"><div class=\"paginate\"><\/div ><\/div ><\/div><script>\r\n\t\tjQuery(document).ready(function($)\r\n\t\t{\r\n\t\t\t$(\"#post-grid-1934 .layer-media .gallery\").owlCarousel({\r\n\t\t\t\t\r\n\t\t\t\titems : 1,\r\n\r\n\t\t\t\tnavText : [\"\",\"\"],\r\n\t\t\t\tautoplay: true,\r\n\t\t\t\tloop: true,\r\n\t\t\t\tautoHeight : true,\t\r\n\t\t\t\tnav : false,\t\r\n\t\t\t\tdots : false,\t\t\t\t\t\r\n\t\t\t\t\t\t\t\t\t\t\t\r\n\t\t\t\t\t\t\t\t\r\n\t\t\t\t});\r\n\t\t\r\n\t\t});<\/script><\/div><\/div>\n\t\t\t\t<\/div>\n\t\t\t\t<\/div>\n\t\t\t\t\t\t<\/div>\n\t\t\t<\/div>\n\t\t<\/div>\n\t\t\t\t\t\t<\/div>\n\t\t\t<\/div>\n\t\t<\/section>\n\t\t\t\t\t\t<\/div>\n\t\t\t<\/div>\n\t\t<\/div>\n\t\t","protected":false},"excerpt":{"rendered":"","protected":false},"author":1,"featured_media":0,"parent":3597,"menu_order":0,"comment_status":"closed","ping_status":"closed","template":"","meta":[],"_links":{"self":[{"href":"https:\/\/www.univ-oeb.dz\/dacs\/wp-json\/wp\/v2\/pages\/3679"}],"collection":[{"href":"https:\/\/www.univ-oeb.dz\/dacs\/wp-json\/wp\/v2\/pages"}],"about":[{"href":"https:\/\/www.univ-oeb.dz\/dacs\/wp-json\/wp\/v2\/types\/page"}],"author":[{"embeddable":true,"href":"https:\/\/www.univ-oeb.dz\/dacs\/wp-json\/wp\/v2\/users\/1"}],"replies":[{"embeddable":true,"href":"https:\/\/www.univ-oeb.dz\/dacs\/wp-json\/wp\/v2\/comments?post=3679"}],"version-history":[{"count":1,"href":"https:\/\/www.univ-oeb.dz\/dacs\/wp-json\/wp\/v2\/pages\/3679\/revisions"}],"predecessor-version":[{"id":3680,"href":"https:\/\/www.univ-oeb.dz\/dacs\/wp-json\/wp\/v2\/pages\/3679\/revisions\/3680"}],"up":[{"embeddable":true,"href":"https:\/\/www.univ-oeb.dz\/dacs\/wp-json\/wp\/v2\/pages\/3597"}],"wp:attachment":[{"href":"https:\/\/www.univ-oeb.dz\/dacs\/wp-json\/wp\/v2\/media?parent=3679"}],"curies":[{"name":"wp","href":"https:\/\/api.w.org\/{rel}","templated":true}]}}