{"id":2370,"date":"2024-02-06T10:20:13","date_gmt":"2024-02-06T07:20:13","guid":{"rendered":"http:\/\/www.univ-oeb.dz\/VRPG\/?page_id=2370"},"modified":"2024-02-06T10:26:05","modified_gmt":"2024-02-06T07:26:05","slug":"predatrices-et-editeurs-predateurs","status":"publish","type":"page","link":"https:\/\/www.univ-oeb.dz\/VRPG\/en\/predatrices-et-editeurs-predateurs\/","title":{"rendered":"Pr\u00e9datrices et \u00e9diteurs pr\u00e9dateurs"},"content":{"rendered":"\n<div class=\"wp-block-buttons is-layout-flex wp-block-buttons-is-layout-flex\">\n<div class=\"wp-block-button\"><a class=\"wp-block-button__link wp-element-button\" href=\"http:\/\/www.dgrsdt.dz\/fr\/revues_predateur\" target=\"_blank\" rel=\"noreferrer noopener\">Pr\u00e9datrices et \u00e9diteurs pr\u00e9dateurs<\/a><\/div>\n<\/div>\n","protected":false},"excerpt":{"rendered":"<p>Pr\u00e9datrices et \u00e9diteurs pr\u00e9dateurs<\/p>\n","protected":false},"author":1,"featured_media":0,"parent":0,"menu_order":0,"comment_status":"closed","ping_status":"closed","template":"","meta":{"footnotes":""},"_links":{"self":[{"href":"https:\/\/www.univ-oeb.dz\/VRPG\/wp-json\/wp\/v2\/pages\/2370"}],"collection":[{"href":"https:\/\/www.univ-oeb.dz\/VRPG\/wp-json\/wp\/v2\/pages"}],"about":[{"href":"https:\/\/www.univ-oeb.dz\/VRPG\/wp-json\/wp\/v2\/types\/page"}],"author":[{"embeddable":true,"href":"https:\/\/www.univ-oeb.dz\/VRPG\/wp-json\/wp\/v2\/users\/1"}],"replies":[{"embeddable":true,"href":"https:\/\/www.univ-oeb.dz\/VRPG\/wp-json\/wp\/v2\/comments?post=2370"}],"version-history":[{"count":2,"href":"https:\/\/www.univ-oeb.dz\/VRPG\/wp-json\/wp\/v2\/pages\/2370\/revisions"}],"predecessor-version":[{"id":2383,"href":"https:\/\/www.univ-oeb.dz\/VRPG\/wp-json\/wp\/v2\/pages\/2370\/revisions\/2383"}],"wp:attachment":[{"href":"https:\/\/www.univ-oeb.dz\/VRPG\/wp-json\/wp\/v2\/media?parent=2370"}],"curies":[{"name":"wp","href":"https:\/\/api.w.org\/{rel}","templated":true}]}}