{"id":2154,"date":"2024-01-25T10:31:31","date_gmt":"2024-01-25T07:31:31","guid":{"rendered":"http:\/\/www.univ-oeb.dz\/VRPG\/?page_id=2154"},"modified":"2024-03-12T10:58:52","modified_gmt":"2024-03-12T07:58:52","slug":"missions","status":"publish","type":"page","link":"https:\/\/www.univ-oeb.dz\/VRPG\/fr\/missions\/","title":{"rendered":"Missions"},"content":{"rendered":"<p><\/p><p><strong>Le Vice-rectorat de l&#8217;Universit\u00e9 pour la Formation Sup\u00e9rieure Post-Graduation, la Qualification Universitaire et la Recherche Scientifique est responsable de :<br \/><\/strong><\/p><p><\/p><p><\/p><p>\u00a0<\/p><p><\/p><p><\/p><ul><li style=\"list-style-type: none;\"><ul><\/ul><\/li><\/ul><p>\u00a0<\/p><ul><li style=\"list-style-type: none;\"><ul><li><strong>Suivi des activit\u00e9s de recherche des unit\u00e9s et laboratoires de recherche et pr\u00e9paration du bilan en coordination avec les facult\u00e9s et les instituts.<\/strong><\/li><li><strong>Mise en \u0153uvre de toute activit\u00e9 susceptible de valoriser les r\u00e9sultats de la recherche.<\/strong><\/li><li><strong>Suivi des questions li\u00e9es au d\u00e9roulement de la formation post-graduation, post-graduation sp\u00e9cialis\u00e9e et qualification universitaire et veiller \u00e0 l&#8217;application de la r\u00e9glementation en vigueur dans ce domaine.<\/strong><\/li><li><strong>Assurer le bon fonctionnement du conseil scientifique de l&#8217;universit\u00e9 et conserver ses archives.<\/strong><\/li><li><strong>Collecte et diffusion des informations relatives aux activit\u00e9s de recherche r\u00e9alis\u00e9es par l&#8217;universit\u00e9.<\/strong><\/li><\/ul><\/li><\/ul><p><\/p><p><\/p>","protected":false},"excerpt":{"rendered":"<p>Le Vice-rectorat de l&#8217;Universit\u00e9 pour la Formation Sup\u00e9rieure Post-Graduation, la Qualification Universitaire et la Recherche Scientifique est responsable de :\u00a0\u00a0Suivi des activit\u00e9s de recherche des unit\u00e9s et laboratoires de recherche et pr\u00e9paration du bilan en coordination avec les facult\u00e9s et les instituts.Mise en \u0153uvre de toute activit\u00e9 susceptible de valoriser les r\u00e9sultats de la recherche.Suivi &hellip;<\/p>\n","protected":false},"author":1,"featured_media":0,"parent":0,"menu_order":0,"comment_status":"closed","ping_status":"closed","template":"","meta":{"footnotes":""},"_links":{"self":[{"href":"https:\/\/www.univ-oeb.dz\/VRPG\/wp-json\/wp\/v2\/pages\/2154"}],"collection":[{"href":"https:\/\/www.univ-oeb.dz\/VRPG\/wp-json\/wp\/v2\/pages"}],"about":[{"href":"https:\/\/www.univ-oeb.dz\/VRPG\/wp-json\/wp\/v2\/types\/page"}],"author":[{"embeddable":true,"href":"https:\/\/www.univ-oeb.dz\/VRPG\/wp-json\/wp\/v2\/users\/1"}],"replies":[{"embeddable":true,"href":"https:\/\/www.univ-oeb.dz\/VRPG\/wp-json\/wp\/v2\/comments?post=2154"}],"version-history":[{"count":4,"href":"https:\/\/www.univ-oeb.dz\/VRPG\/wp-json\/wp\/v2\/pages\/2154\/revisions"}],"predecessor-version":[{"id":2500,"href":"https:\/\/www.univ-oeb.dz\/VRPG\/wp-json\/wp\/v2\/pages\/2154\/revisions\/2500"}],"wp:attachment":[{"href":"https:\/\/www.univ-oeb.dz\/VRPG\/wp-json\/wp\/v2\/media?parent=2154"}],"curies":[{"name":"wp","href":"https:\/\/api.w.org\/{rel}","templated":true}]}}