{"id":1847,"date":"2024-01-11T16:21:08","date_gmt":"2024-01-11T13:21:08","guid":{"rendered":"http:\/\/www.univ-oeb.dz\/VRPG\/?page_id=1847"},"modified":"2024-01-23T11:40:34","modified_gmt":"2024-01-23T08:40:34","slug":"%d9%85%d8%ae%d8%a7%d8%a8%d8%b1-%d8%a7%d9%84%d8%a8%d8%ad%d8%ab-3","status":"publish","type":"page","link":"https:\/\/www.univ-oeb.dz\/VRPG\/%d9%85%d8%ae%d8%a7%d8%a8%d8%b1-%d8%a7%d9%84%d8%a8%d8%ad%d8%ab-3\/","title":{"rendered":"\u0645\u062e\u0627\u0628\u0631 \u0627\u0644\u0628\u062d\u062b"},"content":{"rendered":"\n<pre class=\"wp-block-preformatted\"><\/pre>\n\n\n\n<div class=\"wp-block-query is-layout-flow wp-block-query-is-layout-flow\"><\/div>\n\n\n\n<figure class=\"wp-block-table has-medium-font-size\"><table class=\"has-black-color has-white-background-color has-text-color has-background\"><thead><tr><th class=\"has-text-align-center\" data-align=\"center\"><\/th><th class=\"has-text-align-center\" data-align=\"center\">\u0627\u0644\u0645\u062e\u0628\u0631<\/th><th class=\"has-text-align-center\" data-align=\"center\">\u0627\u0644\u0645\u0648\u0642\u0639 \u0627\u0644\u0625\u0644\u0643\u062a\u0631\u0648\u0646\u064a<\/th><\/tr><\/thead><tbody><tr><td class=\"has-text-align-center\" data-align=\"center\">1<\/td><td class=\"has-text-align-center\" data-align=\"center\"><a>Artificial Intelligence and Autonomous Things Laboratory<\/a><\/td><td class=\"has-text-align-center\" data-align=\"center\"><a href=\"http:\/\/www.univ-oeb.dz\/LIAOA\/\" data-type=\"URL\" data-id=\"http:\/\/www.univ-oeb.dz\/LIAOA\/\">http:\/\/www.univ<\/a><a href=\"http:\/\/www.univ-oeb.dz\/LIAOA\/\" data-type=\"URL\" data-id=\"http:\/\/www.univ-oeb.dz\/LIAOA\/\" target=\"_blank\" rel=\"noreferrer noopener\">-oeb.dz\/LIA<\/a><a href=\"http:\/\/www.univ-oeb.dz\/LIAOA\/\" data-type=\"URL\" data-id=\"http:\/\/www.univ-oeb.dz\/LIAOA\/\">OA\/<\/a><\/td><\/tr><tr><td class=\"has-text-align-center\" data-align=\"center\">2<\/td><td class=\"has-text-align-center\" data-align=\"center\"><a>Laboratoire Probl\u00e8mes Sociaux dans la Soci\u00e9t\u00e9 Alg\u00e9rienne<\/a><\/td><td class=\"has-text-align-center\" data-align=\"center\"><a href=\"http:\/\/www.univ-oeb.dz\/LPSDSA\/\" data-type=\"URL\" data-id=\"http:\/\/www.univ-oeb.dz\/LPSDSA\/\" target=\"_blank\" rel=\"noreferrer noopener\">http:\/\/www.univ-oeb.dz\/LPSDSA\/<\/a><\/td><\/tr><tr><td class=\"has-text-align-center\" data-align=\"center\">3<\/td><td class=\"has-text-align-center\" data-align=\"center\"><a>Laboratoire \u00c9tudes Orientalistes et la Protection Linguistique et Sociale<\/a><\/td><td class=\"has-text-align-center\" data-align=\"center\"><a href=\"http:\/\/www.univ-oeb.dz\/LEOPLS\/\" data-type=\"URL\" data-id=\"http:\/\/www.univ-oeb.dz\/LEOPLS\/\" target=\"_blank\" rel=\"noreferrer noopener\">http:\/\/www.univ-oeb.dz\/LEOPLS\/<\/a><\/td><\/tr><tr><td class=\"has-text-align-center\" data-align=\"center\">4<\/td><td class=\"has-text-align-center\" data-align=\"center\"><a>Laboratoire Substances Naturelles, Biomol\u00e9cules et Applications Biotechnologiques<\/a><\/td><td class=\"has-text-align-center\" data-align=\"center\"><a href=\"http:\/\/www.univ-oeb.dz\/LSNBAB\/\" data-type=\"URL\" data-id=\"http:\/\/www.univ-oeb.dz\/LSNBAB\/\" target=\"_blank\" rel=\"noreferrer noopener\">http:\/\/www.univ-oeb.dz\/LSNBAB\/<\/a><\/td><\/tr><tr><td class=\"has-text-align-center\" data-align=\"center\">5<\/td><td class=\"has-text-align-center\" data-align=\"center\"><a>Laboratoire Media Studies and Digital Media<\/a><\/td><td class=\"has-text-align-center\" data-align=\"center\"><a href=\"http:\/\/www.univ-oeb.dz\/LMSDM\/\" data-type=\"URL\" data-id=\"http:\/\/www.univ-oeb.dz\/LMSDM\/\" target=\"_blank\" rel=\"noreferrer noopener\">http:\/\/www.univ-oeb.dz\/LMSDM\/<\/a><\/td><\/tr><tr><td class=\"has-text-align-center\" data-align=\"center\">6<\/td><td class=\"has-text-align-center\" data-align=\"center\"><a>Laboratoire \u00c9valuation de la Qualit\u00e9 d\u2019Usage dans l\u2019Architecture et l\u2019Environnement B\u00e2ti<\/a><\/td><td class=\"has-text-align-center\" data-align=\"center\"><a href=\"http:\/\/www.univ-oeb.dz\/LEQUAEB\/\" data-type=\"URL\" data-id=\"http:\/\/www.univ-oeb.dz\/LEQUAEB\/\" target=\"_blank\" rel=\"noreferrer noopener\">http:\/\/www.univ-oeb.dz\/LEQUAEB\/<\/a><\/td><\/tr><tr><td class=\"has-text-align-center\" data-align=\"center\">7<\/td><td class=\"has-text-align-center\" data-align=\"center\"><a>Laboratoire \u00c9tudes Juridiques et Politiques<\/a><\/td><td class=\"has-text-align-center\" data-align=\"center\"><a href=\"http:\/\/www.univ-oeb.dz\/LEJP\/\" data-type=\"URL\" data-id=\"http:\/\/www.univ-oeb.dz\/LEJP\/\" target=\"_blank\" rel=\"noreferrer noopener\">http:\/\/www.univ-oeb.dz\/LEJP\/<\/a><\/td><\/tr><tr><td class=\"has-text-align-center\" data-align=\"center\">8<\/td><td class=\"has-text-align-center\" data-align=\"center\"><a>Laboratoire Ergonomie et Recherche Appliqu\u00e9e en Psychologie et Science de L\u2019\u00e9ducation<\/a><\/td><td class=\"has-text-align-center\" data-align=\"center\"><a href=\"http:\/\/www.univ-oeb.dz\/LERAPSL\/\" data-type=\"URL\" data-id=\"http:\/\/www.univ-oeb.dz\/LERAPSL\/\" target=\"_blank\" rel=\"noreferrer noopener\">http:\/\/www.univ-oeb.dz\/LERAPSL\/<\/a><\/td><\/tr><tr><td class=\"has-text-align-center\" data-align=\"center\">9<\/td><td class=\"has-text-align-center\" data-align=\"center\"><a>Laboratoire \u00c9cologie fonctionnelle et environnement<\/a><\/td><td class=\"has-text-align-center\" data-align=\"center\"><a href=\"http:\/\/www.univ-oeb.dz\/LEFE\/\" data-type=\"URL\" data-id=\"http:\/\/www.univ-oeb.dz\/LEFE\/\" target=\"_blank\" rel=\"noreferrer noopener\">http:\/\/www.univ-oeb.dz\/LEFE\/<\/a><\/td><\/tr><tr><td class=\"has-text-align-center\" data-align=\"center\">10<\/td><td class=\"has-text-align-center\" data-align=\"center\"><a>Laboratoire d\u2019Innovation Et Ing\u00e9nierie Financi\u00e8res<\/a><\/td><td class=\"has-text-align-center\" data-align=\"center\"><a href=\"http:\/\/www.univ-oeb.dz\/LIIF\/\" data-type=\"URL\" data-id=\"http:\/\/www.univ-oeb.dz\/LIIF\/\" target=\"_blank\" rel=\"noreferrer noopener\">http:\/\/www.univ-oeb.dz\/LIIF\/<\/a><\/td><\/tr><tr><td class=\"has-text-align-center\" data-align=\"center\">11<\/td><td class=\"has-text-align-center\" data-align=\"center\"><a>Laboratoire Didactique, \u00c9nonciation, Corpus, Linguistique, Interaction Culturelle<\/a><\/td><td class=\"has-text-align-center\" data-align=\"center\"><a href=\"http:\/\/www.univ-oeb.dz\/declic\/\" data-type=\"URL\" data-id=\"http:\/\/www.univ-oeb.dz\/declic\/\" target=\"_blank\" rel=\"noreferrer noopener\">http:\/\/www.univ-oeb.dz\/declic\/<\/a><\/td><\/tr><tr><td class=\"has-text-align-center\" data-align=\"center\">12<\/td><td class=\"has-text-align-center\" data-align=\"center\"><a>Laboratoire D\u00e9veloppement durable et protection de l\u2019environnement<\/a><\/td><td class=\"has-text-align-center\" data-align=\"center\"><a href=\"http:\/\/www.univ-oeb.dz\/LDDPE\/\" data-type=\"URL\" data-id=\"http:\/\/www.univ-oeb.dz\/LDDPE\/\" target=\"_blank\" rel=\"noreferrer noopener\">http:\/\/www.univ-oeb.dz\/LDDPE\/<\/a><\/td><\/tr><tr><td class=\"has-text-align-center\" data-align=\"center\">13<\/td><td class=\"has-text-align-center\" data-align=\"center\"><a>Laboratoire des r\u00e9ponses biologiques et psychologiques \u00e0 l\u2019activit\u00e9 physique et sportive<\/a><\/td><td class=\"has-text-align-center\" data-align=\"center\"><a href=\"http:\/\/www.univ-oeb.dz\/LRBPAPS\/\" data-type=\"URL\" data-id=\"http:\/\/www.univ-oeb.dz\/LRBPAPS\/\" target=\"_blank\" rel=\"noreferrer noopener\">http:\/\/www.univ-oeb.dz\/LRBPAPS\/<\/a><\/td><\/tr><tr><td class=\"has-text-align-center\" data-align=\"center\">14<\/td><td class=\"has-text-align-center\" data-align=\"center\"><a>Laboratoire Conception et Mod\u00e9lisation Avanc\u00e9e des Syst\u00e8mes M\u00e9caniques et Thermo Fluides<\/a><\/td><td class=\"has-text-align-center\" data-align=\"center\"><a href=\"http:\/\/www.univ-oeb.dz\/LCMASMTF\/\" data-type=\"URL\" data-id=\"http:\/\/www.univ-oeb.dz\/LCMASMTF\/\" target=\"_blank\" rel=\"noreferrer noopener\">http:\/\/www.univ-oeb.dz\/LCMASMTF\/<\/a><\/td><\/tr><tr><td class=\"has-text-align-center\" data-align=\"center\">15<\/td><td class=\"has-text-align-center\" data-align=\"center\"><a>Laboratoire Biomol\u00e9cules v\u00e9g\u00e9tales et am\u00e9lioration des plantes<\/a><\/td><td class=\"has-text-align-center\" data-align=\"center\"><a href=\"http:\/\/www.univ-oeb.dz\/LBVAP\/\" data-type=\"URL\" data-id=\"http:\/\/www.univ-oeb.dz\/LBVAP\/\" target=\"_blank\" rel=\"noreferrer noopener\">http:\/\/www.univ-oeb.dz\/LBVAP\/<\/a><\/td><\/tr><tr><td class=\"has-text-align-center\" data-align=\"center\">16<\/td><td class=\"has-text-align-center\" data-align=\"center\"><a>\u0645\u062e\u0628\u0631 \u0627\u0644\u0625\u0644\u0643\u062a\u0631\u0648\u0646\u064a\u0643 \u0648\u0627\u0644\u062a\u0643\u0646\u0648\u0644\u0648\u062c\u064a\u0627\u062a \u0627\u0644\u062d\u062f\u064a\u062b\u0629<\/a><\/td><td class=\"has-text-align-center\" data-align=\"center\"><a href=\"http:\/\/www.univ-oeb.dz\/LENT\/\" data-type=\"URL\" data-id=\"http:\/\/www.univ-oeb.dz\/LENT\/\" target=\"_blank\" rel=\"noreferrer noopener\">http:\/\/www.univ-oeb.dz\/LENT\/<\/a><\/td><\/tr><tr><td class=\"has-text-align-center\" data-align=\"center\">17<\/td><td class=\"has-text-align-center\" data-align=\"center\"><a>Laboratoire des sciences analytiques mat\u00e9riaux et environnement<\/a><\/td><td class=\"has-text-align-center\" data-align=\"center\"><a href=\"http:\/\/www.univ-oeb.dz\/LSAME\/\" data-type=\"URL\" data-id=\"http:\/\/www.univ-oeb.dz\/LSAME\/\" target=\"_blank\" rel=\"noreferrer noopener\">http:\/\/www.univ-oeb.dz\/LSAME\/<\/a><\/td><\/tr><tr><td class=\"has-text-align-center\" data-align=\"center\">18<\/td><td class=\"has-text-align-center\" data-align=\"center\"><a>Laboratoire de g\u00e9nie \u00e9lectrique et automatique<\/a><\/td><td class=\"has-text-align-center\" data-align=\"center\"><a href=\"http:\/\/www.univ-oeb.dz\/LGEA\/\" data-type=\"URL\" data-id=\"http:\/\/www.univ-oeb.dz\/LGEA\/\" target=\"_blank\" rel=\"noreferrer noopener\">http:\/\/www.univ-oeb.dz\/LGEA\/<\/a><\/td><\/tr><tr><td class=\"has-text-align-center\" data-align=\"center\">19<\/td><td class=\"has-text-align-center\" data-align=\"center\"><a>Laboratoire de recherche dans les syst\u00e8mes complexes informatique<\/a><\/td><td class=\"has-text-align-center\" data-align=\"center\"><a href=\"http:\/\/www.univ-oeb.dz\/RELACS\/\" data-type=\"URL\" data-id=\"http:\/\/www.univ-oeb.dz\/RELACS\/\" target=\"_blank\" rel=\"noreferrer noopener\">http:\/\/www.univ-oeb.dz\/RELACS\/<\/a><\/td><\/tr><tr><td class=\"has-text-align-center\" data-align=\"center\">20<\/td><td class=\"has-text-align-center\" data-align=\"center\"><a>Laboratoire des composants actifs et mat\u00e9riaux<\/a><\/td><td class=\"has-text-align-center\" data-align=\"center\"><a href=\"http:\/\/www.univ-oeb.dz\/LCAM\/\" data-type=\"URL\" data-id=\"http:\/\/www.univ-oeb.dz\/LCAM\/\" target=\"_blank\" rel=\"noreferrer noopener\">http:\/\/www.univ-oeb.dz\/LCAM\/<\/a><\/td><\/tr><tr><td class=\"has-text-align-center\" data-align=\"center\">21<\/td><td class=\"has-text-align-center\" data-align=\"center\"><a>\u062a\u0639\u0644\u064a\u0645\u064a\u0629 \u0627\u0644\u0644\u063a\u0629 \u0627\u0644\u0639\u0631\u0628\u064a\u0629 \u0648 \u0627\u0644\u0646\u0635 \u0627\u0644\u0623\u062f\u0628\u064a \u0641\u064a \u0627\u0644\u0646\u0638\u0627\u0645 \u0627\u0644\u062a\u0639\u0644\u064a\u0645\u064a \u0627\u0644\u062c\u0632\u0627\u0626\u0631\u064a \u2013 \u0627\u0644\u0648\u0627\u0642\u0639 \u0648 \u0627\u0644\u0645\u0623\u0645\u0648\u0644<\/a><\/td><td class=\"has-text-align-center\" data-align=\"center\"><a href=\"http:\/\/www.univ-oeb.dz\/LDLATLSEA\/\" data-type=\"URL\" data-id=\"http:\/\/www.univ-oeb.dz\/LDLATLSEA\/\" target=\"_blank\" rel=\"noreferrer noopener\">http:\/\/www.univ-oeb.dz\/LDLATLSEA\/<\/a><\/td><\/tr><tr><td class=\"has-text-align-center\" data-align=\"center\">22<\/td><td class=\"has-text-align-center\" data-align=\"center\"><a>\u0645\u062e\u0628\u0631 \u0627\u0644\u0645\u062d\u0627\u0633\u0628\u0629\u060c \u0627\u0644\u0645\u0627\u0644\u064a\u0629\u060c \u0627\u0644\u062c\u0628\u0627\u064a\u0629 \u0648\u0627\u0644\u062a\u0623\u0645\u064a\u0646<\/a><\/td><td class=\"has-text-align-center\" data-align=\"center\"><a href=\"http:\/\/www.univ-oeb.dz\/labocofifas\/\" data-type=\"URL\" data-id=\"http:\/\/www.univ-oeb.dz\/labocofifas\/\" target=\"_blank\" rel=\"noreferrer noopener\">http:\/\/www.univ-oeb.dz\/labocofifas\/<\/a><\/td><\/tr><tr><td class=\"has-text-align-center\" data-align=\"center\">23<\/td><td class=\"has-text-align-center\" data-align=\"center\"><a>Laboratoire des ressources naturelles et am\u00e9nagement des milieux sensibles<\/a><\/td><td class=\"has-text-align-center\" data-align=\"center\"><a href=\"http:\/\/www.univ-oeb.dz\/LRNAMS\/\" data-type=\"URL\" data-id=\"http:\/\/www.univ-oeb.dz\/LRNAMS\/\" target=\"_blank\" rel=\"noreferrer noopener\">http:\/\/www.univ-oeb.dz\/LRNAMS\/<\/a><\/td><\/tr><tr><td class=\"has-text-align-center\" data-align=\"center\">24<\/td><td class=\"has-text-align-center\" data-align=\"center\"><a>Laboratoire des syst\u00e8mes dynamiques et contr\u00f4le<\/a><\/td><td class=\"has-text-align-center\" data-align=\"center\"><a href=\"http:\/\/www.univ-oeb.dz\/LSDC\/\" data-type=\"URL\" data-id=\"http:\/\/www.univ-oeb.dz\/LSDC\/\" target=\"_blank\" rel=\"noreferrer noopener\">http:\/\/www.univ-oeb.dz\/LSDC\/<\/a><\/td><\/tr><tr><td class=\"has-text-align-center\" data-align=\"center\">25<\/td><td class=\"has-text-align-center\" data-align=\"center\"><a>Laboratoire des mat\u00e9riaux et structure des syst\u00e8mes \u00e9lectrom\u00e9caniques et leur fiabilit\u00e9<\/a><\/td><td class=\"has-text-align-center\" data-align=\"center\"><a href=\"http:\/\/www.univ-oeb.dz\/LMSSEF\/\" data-type=\"URL\" data-id=\"http:\/\/www.univ-oeb.dz\/LMSSEF\/\" target=\"_blank\" rel=\"noreferrer noopener\">http:\/\/www.univ-oeb.dz\/LMSSEF\/<\/a><\/td><\/tr><tr><td class=\"has-text-align-center\" data-align=\"center\">26<\/td><td class=\"has-text-align-center\" data-align=\"center\"><a>laboratoire de chimie appliqu\u00e9e et technologie-des mat\u00e9riaux<\/a><\/td><td class=\"has-text-align-center\" data-align=\"center\"><a href=\"http:\/\/www.univ-oeb.dz\/LMSSEF\/\" data-type=\"URL\" data-id=\"http:\/\/www.univ-oeb.dz\/LMSSEF\/\" target=\"_blank\" rel=\"noreferrer noopener\">http:\/\/www.univ-oeb.dz\/LMSSEF\/<\/a><\/td><\/tr><\/tbody><\/table><\/figure>\n","protected":false},"excerpt":{"rendered":"<p>\u0627\u0644\u0645\u062e\u0628\u0631\u0627\u0644\u0645\u0648\u0642\u0639 \u0627\u0644\u0625\u0644\u0643\u062a\u0631\u0648\u0646\u064a1Artificial Intelligence and Autonomous Things Laboratoryhttp:\/\/www.univ-oeb.dz\/LIAOA\/2Laboratoire Probl\u00e8mes Sociaux dans la Soci\u00e9t\u00e9 Alg\u00e9riennehttp:\/\/www.univ-oeb.dz\/LPSDSA\/3Laboratoire \u00c9tudes Orientalistes et la Protection Linguistique et Socialehttp:\/\/www.univ-oeb.dz\/LEOPLS\/4Laboratoire Substances Naturelles, Biomol\u00e9cules et Applications Biotechnologiqueshttp:\/\/www.univ-oeb.dz\/LSNBAB\/5Laboratoire Media Studies and Digital Mediahttp:\/\/www.univ-oeb.dz\/LMSDM\/6Laboratoire \u00c9valuation de la Qualit\u00e9 d\u2019Usage dans l\u2019Architecture et l\u2019Environnement B\u00e2tihttp:\/\/www.univ-oeb.dz\/LEQUAEB\/7Laboratoire \u00c9tudes Juridiques et Politiqueshttp:\/\/www.univ-oeb.dz\/LEJP\/8Laboratoire Ergonomie et Recherche Appliqu\u00e9e en Psychologie et Science de &hellip;<\/p>\n","protected":false},"author":1,"featured_media":0,"parent":0,"menu_order":0,"comment_status":"closed","ping_status":"closed","template":"","meta":{"footnotes":""},"_links":{"self":[{"href":"https:\/\/www.univ-oeb.dz\/VRPG\/wp-json\/wp\/v2\/pages\/1847"}],"collection":[{"href":"https:\/\/www.univ-oeb.dz\/VRPG\/wp-json\/wp\/v2\/pages"}],"about":[{"href":"https:\/\/www.univ-oeb.dz\/VRPG\/wp-json\/wp\/v2\/types\/page"}],"author":[{"embeddable":true,"href":"https:\/\/www.univ-oeb.dz\/VRPG\/wp-json\/wp\/v2\/users\/1"}],"replies":[{"embeddable":true,"href":"https:\/\/www.univ-oeb.dz\/VRPG\/wp-json\/wp\/v2\/comments?post=1847"}],"version-history":[{"count":31,"href":"https:\/\/www.univ-oeb.dz\/VRPG\/wp-json\/wp\/v2\/pages\/1847\/revisions"}],"predecessor-version":[{"id":2045,"href":"https:\/\/www.univ-oeb.dz\/VRPG\/wp-json\/wp\/v2\/pages\/1847\/revisions\/2045"}],"wp:attachment":[{"href":"https:\/\/www.univ-oeb.dz\/VRPG\/wp-json\/wp\/v2\/media?parent=1847"}],"curies":[{"name":"wp","href":"https:\/\/api.w.org\/{rel}","templated":true}]}}