{"id":2,"date":"2022-09-29T11:59:36","date_gmt":"2022-09-29T09:59:36","guid":{"rendered":"http:\/\/www.univ-oeb.dz\/LPSDSA\/?page_id=2"},"modified":"2023-03-30T15:45:49","modified_gmt":"2023-03-30T13:45:49","slug":"a-propos-du-laboratoire","status":"publish","type":"page","link":"https:\/\/www.univ-oeb.dz\/LPSDSA\/a-propos-du-laboratoire\/","title":{"rendered":"A Propos Du Laboratoire"},"content":{"rendered":"<div class=\"pull-left\">\n<ul class=\"address-block\">\n<li>Laboratoire Probl\u00e8mes Sociaux dans la Soci\u00e9t\u00e9 Alg\u00e9rienne<\/li>\n<\/ul>\n<\/div>\n<div class=\"pull-right\"><\/div>\n","protected":false},"excerpt":{"rendered":"<p>Laboratoire Probl\u00e8mes Sociaux dans la Soci\u00e9t\u00e9 Alg\u00e9rienne<\/p>\n","protected":false},"author":1,"featured_media":1053,"parent":0,"menu_order":0,"comment_status":"closed","ping_status":"open","template":"","meta":{"footnotes":""},"_links":{"self":[{"href":"https:\/\/www.univ-oeb.dz\/LPSDSA\/wp-json\/wp\/v2\/pages\/2"}],"collection":[{"href":"https:\/\/www.univ-oeb.dz\/LPSDSA\/wp-json\/wp\/v2\/pages"}],"about":[{"href":"https:\/\/www.univ-oeb.dz\/LPSDSA\/wp-json\/wp\/v2\/types\/page"}],"author":[{"embeddable":true,"href":"https:\/\/www.univ-oeb.dz\/LPSDSA\/wp-json\/wp\/v2\/users\/1"}],"replies":[{"embeddable":true,"href":"https:\/\/www.univ-oeb.dz\/LPSDSA\/wp-json\/wp\/v2\/comments?post=2"}],"version-history":[{"count":4,"href":"https:\/\/www.univ-oeb.dz\/LPSDSA\/wp-json\/wp\/v2\/pages\/2\/revisions"}],"predecessor-version":[{"id":1156,"href":"https:\/\/www.univ-oeb.dz\/LPSDSA\/wp-json\/wp\/v2\/pages\/2\/revisions\/1156"}],"wp:featuredmedia":[{"embeddable":true,"href":"https:\/\/www.univ-oeb.dz\/LPSDSA\/wp-json\/wp\/v2\/media\/1053"}],"wp:attachment":[{"href":"https:\/\/www.univ-oeb.dz\/LPSDSA\/wp-json\/wp\/v2\/media?parent=2"}],"curies":[{"name":"wp","href":"https:\/\/api.w.org\/{rel}","templated":true}]}}