{"id":2,"date":"2022-09-29T11:59:36","date_gmt":"2022-09-29T09:59:36","guid":{"rendered":"http:\/\/www.univ-oeb.dz\/LEQUAEB\/?page_id=2"},"modified":"2023-10-03T19:13:40","modified_gmt":"2023-10-03T17:13:40","slug":"a-propos-du-laboratoire","status":"publish","type":"page","link":"https:\/\/www.univ-oeb.dz\/LEQUAEB\/a-propos-du-laboratoire\/","title":{"rendered":"A Propos Du Laboratoire"},"content":{"rendered":"<div class=\"pull-left\">\n<ul class=\"address-block\">\n<li>Laboratoire Evaluation de la Qualit\u00e9 d&rsquo;Usage dans l&rsquo;Architecture et l&rsquo;Environnement<\/li>\n<\/ul>\n<p><strong>Le Laboratoire d\u2019\u00c9valuation de la Qualit\u00e9 d\u2019Usage dans l\u2019Architecture et l\u2019Environnement b\u00e2ti (LEQUArEB)<\/strong>est un projet qui vise \u00e0 f\u00e9d\u00e9rer les chercheurs autour la question de la qualit\u00e9 de l\u2019environnement b\u00e2ti \u00e0 l\u2019\u00e9chelle architecturale et m\u00e9so-urbaine, c&rsquo;est-\u00e0-dire celles des quartiers, des petits groupements complexes et des \u00ab\u00a0master plans\u00a0\u00bb. Longtemps d\u00e9laiss\u00e9e au profit des \u00e9tudes sur la qualit\u00e9 au niveau de la ville ou \u00e0 une \u00e9chelle plus grande, celle de l\u2019armature urbaine ou encore celle de nature sociologique du cadre de vie, la qualit\u00e9 \u00e0 l\u2019\u00e9chelle du b\u00e2timent (\u00e9quipement, logement) ou du groupement (environnement imm\u00e9diat, master plan, etc..), tire sa l\u00e9gitimit\u00e9 du constat de m\u00e9diocrit\u00e9 de l&rsquo;environnement construit et plus particuli\u00e8rement dans sa dimension de qualit\u00e9 d\u2019usage. L\u2019absence de r\u00e9f\u00e9rentiel au niveau national permettant d\u2019aider \u00e0 l\u2019\u00e9valuation des projets r\u00e9alis\u00e9s et \u00e0 la proposition de cahiers des charges ad\u00e9quats pour les projets \u00e0 venir est un autre argument en faveur du lancement de ce laboratoire.<\/p>\n<p>Concept flou, les recherches sur la qualit\u00e9 d\u2019usage ont \u00e9merg\u00e9 \u00e0 la faveur des dysfonctionnements constat\u00e9s dans les projets r\u00e9ceptionn\u00e9s et dans l\u2019inadaptation globale de l\u2019environnement b\u00e2ti\u00a0; \u00e0 une \u00e9chelle plus grande, aux pratiques et usages. L\u2019enjeu est de taille pour l\u2019Alg\u00e9rie qui a fait un gros effort en mati\u00e8re de production de logements, d\u2019\u00e9quipements, de campus universitaires, de cit\u00e9s administratives et des quartiers entiers.<\/p>\n<p>Le laboratoire, \u00e0 travers la synergie des \u00e9quipes le composant et des doctorants et chercheurs affili\u00e9s, se fixe comme objectif d\u2019\u00e9valuer les qualit\u00e9s d\u2019usage \u00e0 deux niveaux\u00a0:<\/p>\n<ol>\n<li>Le premier concerne les b\u00e2timents construits et\/ou occup\u00e9s\u00a0: il s\u2019agira d\u2019y \u00e9valuer la qualit\u00e9 d\u2019usage dans ses multiples dimensions (accessibilit\u00e9, navigation, orientation, flexibilit\u00e9, adaptation fonctionnelle, et confort d\u2019ambiance et efficacit\u00e9 \u00e9nerg\u00e9tique)\u00a0; il s\u2019agira \u00e9galement de faire le lien avec le processus en amont (Maitrise d\u2019ouvrage et qualit\u00e9) et \u00e0 l\u2019\u00e9tude des r\u00e9f\u00e9rentiels de la qualit\u00e9 d\u2019usage.<\/li>\n<li>Le deuxi\u00e8me concerne l\u2019\u00e9chelle micro-urbaine, celle du quartier et du groupement de b\u00e2timents, des petits groupements complexes et des \u00ab\u00a0master plans\u00a0\u00bb. Il s\u2019agira d\u2019y caract\u00e9riser l\u2019ad\u00e9quation entre l\u2019espace con\u00e7u et r\u00e9alis\u00e9 et l\u2019espace mental des usagers ainsi que leurs attentes par rapport au cadre de vie qui leur a \u00e9t\u00e9 offert. Il est question d\u2019identifier les dysfonctionnements comme la s\u00e9gr\u00e9gation sociospatiale et fonctionnelle\u00a0; le manque de sociabilit\u00e9 et d\u2019urbanit\u00e9\u00a0; l\u2019absence d\u2019un v\u00e9ritable lieu\u00a0; l\u2019absence d\u2019un cadre de vie et des services de qualit\u00e9\u00a0; la structure effiloch\u00e9e et l\u2019absence d\u2019\u00e9l\u00e9ments urbains physiques structurants, etc.<\/li>\n<\/ol>\n<p>Cependant, dessiner les contours d\u2019une d\u00e9finition de la qualit\u00e9 d\u2019usage dans le contexte alg\u00e9rien urbaine et en d\u00e9finir un r\u00e9f\u00e9rentiel n\u2019est pas chose ais\u00e9e\u00a0: la qualit\u00e9 d\u00e9passe la simple prise en compte de normes techniques\u00a0pour essayer de faire la jonction entre la diversit\u00e9 des v\u00e9cus, des pr\u00e9occupations, des attentes des usagers et la forme(s) architecturale ou urbaine susceptible d\u2019am\u00e9liorer leur cadre de vie.\u00a0 Il s\u2019agira de s\u2019appuyer, dans un premier temps, sur les besoins fondamentaux partag\u00e9s par les \u00eatres humains (Besoins physiologiques, sociaux, s\u00e9curitaires tels que d\u00e9finis par Maslow (1954) en rapport avec un cadre b\u00e2ti et de rechercher, dans un deuxi\u00e8me temps, un cadre de r\u00e9f\u00e9rence contenant ce que les recherches les plus r\u00e9centes ont mis au jour en termes de crit\u00e8res de qualit\u00e9 d\u2019usage. Ces crit\u00e8res diff\u00e8rent d\u2019un r\u00e9f\u00e9rentiel \u00e0 l\u2019autre et les travaux sont nombreux \u00e0 ce sujet.<\/p>\n<p>Le Laboratoire d\u2019\u00c9valuation de la Qualit\u00e9 d\u2019Usage dans l\u2019Architecture et l\u2019Environnement b\u00e2ti (LEQUArEB) a aussi pour vocation d\u2019apporter une assise scientifique et logistique \u00e0 la formation des masters et des doctorats en architecture et urbanisme \u00e0 l\u2019universit\u00e9 d\u2019Oum El Bouaghi. Il a aussi pour objectif d\u2019encadrer et d\u2019encourager la recherche scientifique en mettant l\u2019accent sur les probl\u00e9matiques actuelles suscit\u00e9es par les efforts de l\u2019\u00e9tat en mati\u00e8re d\u2019habitat et d\u2019\u00e9quipements publics et de projets urbains. Le laboratoire se veut un vecteur d\u2019accompagnement de cette politique en tentant d\u2019apporter son expertise et ses propositions.<\/p>\n<p>Le laboratoire se veut aussi un espace d\u2019\u00e9change et de convivialit\u00e9, ouvert aux enseignants chercheurs et aux doctorants des d\u00e9partements d\u2019architecture, d\u2019am\u00e9nagement et d\u2019urbanisme de la facult\u00e9 des sciences de la Terre et d\u2019Architecture, mais aussi d\u2019autres facult\u00e9s de l\u2019universit\u00e9 Larbi Ben Mhidi d\u2019Oum El Bouaghi.<br \/>\nIl se donne \u00e9galement pour objectif de donner plus de visibilit\u00e9 aux activit\u00e9s scientifiques, acad\u00e9miques et appliqu\u00e9es, de ses membres, souvent fragment\u00e9es et m\u00e9connues.<\/p>\n<p>La proposition du laboratoire tourne autour de quatre \u00e9quipes de recherche compos\u00e9es d\u2019un m\u00e9lange de chercheurs confirm\u00e9s et de jeunes chercheurs\u00a0; l\u2019objectif \u00e9tant d\u2019amener progressivement ces derniers \u00e0 une autonomie par la maitrise des rudiments et des protocoles de base.<\/p>\n<\/div>\n","protected":false},"excerpt":{"rendered":"<p>Laboratoire Evaluation de la Qualit\u00e9 d&rsquo;Usage dans l&rsquo;Architecture et l&rsquo;Environnement Le Laboratoire d\u2019\u00c9valuation de la Qualit\u00e9 d\u2019Usage dans l\u2019Architecture et l\u2019Environnement b\u00e2ti (LEQUArEB)est un projet qui vise \u00e0 f\u00e9d\u00e9rer les chercheurs autour la question de la qualit\u00e9 de l\u2019environnement b\u00e2ti \u00e0 l\u2019\u00e9chelle architecturale et m\u00e9so-urbaine, c&rsquo;est-\u00e0-dire celles des quartiers, des&hellip;<\/p>\n","protected":false},"author":1,"featured_media":1053,"parent":0,"menu_order":0,"comment_status":"closed","ping_status":"open","template":"","meta":{"footnotes":""},"_links":{"self":[{"href":"https:\/\/www.univ-oeb.dz\/LEQUAEB\/wp-json\/wp\/v2\/pages\/2"}],"collection":[{"href":"https:\/\/www.univ-oeb.dz\/LEQUAEB\/wp-json\/wp\/v2\/pages"}],"about":[{"href":"https:\/\/www.univ-oeb.dz\/LEQUAEB\/wp-json\/wp\/v2\/types\/page"}],"author":[{"embeddable":true,"href":"https:\/\/www.univ-oeb.dz\/LEQUAEB\/wp-json\/wp\/v2\/users\/1"}],"replies":[{"embeddable":true,"href":"https:\/\/www.univ-oeb.dz\/LEQUAEB\/wp-json\/wp\/v2\/comments?post=2"}],"version-history":[{"count":6,"href":"https:\/\/www.univ-oeb.dz\/LEQUAEB\/wp-json\/wp\/v2\/pages\/2\/revisions"}],"predecessor-version":[{"id":1163,"href":"https:\/\/www.univ-oeb.dz\/LEQUAEB\/wp-json\/wp\/v2\/pages\/2\/revisions\/1163"}],"wp:featuredmedia":[{"embeddable":true,"href":"https:\/\/www.univ-oeb.dz\/LEQUAEB\/wp-json\/wp\/v2\/media\/1053"}],"wp:attachment":[{"href":"https:\/\/www.univ-oeb.dz\/LEQUAEB\/wp-json\/wp\/v2\/media?parent=2"}],"curies":[{"name":"wp","href":"https:\/\/api.w.org\/{rel}","templated":true}]}}